{"id":15996,"date":"2022-02-09T20:30:34","date_gmt":"2022-02-09T19:30:34","guid":{"rendered":"https:\/\/mamaterra.lt\/parduotuve\/uncategorized\/doterra-baltais-volo-difuzors\/"},"modified":"2022-02-09T20:30:34","modified_gmt":"2022-02-09T19:30:34","slug":"doterra-balts-rullitis-difuzors","status":"publish","type":"product","link":"https:\/\/mamaterra.lt\/lv\/parduotuve\/difuzori\/doterra-balts-rullitis-difuzors\/","title":{"rendered":"doTERRA Baltais VOLO difuzors"},"content":{"rendered":"<p><strong>doTERRA baltais rull\u012b\u0161u difuzors  <\/strong><\/p>\n<p>Da\u017ereiz m\u0113s j\u016btamies nom\u0101kti, jo m\u0113s nesam nastu, kas mums nepieder. Vai var\u0113tu b\u016bt, ka jums tr\u016bkst emocion\u0101l\u0101s ener\u0123ijas, jo j\u016bs uz\u0146ematies atbild\u012bbu par citiem? Padom\u0101jiet par to, kad m\u0113\u0123in\u0101t atv\u0113rt savu sirdi dzi\u013cas un ilgsto\u0161as emocion\u0101las atjauno\u0161an\u0101s iesp\u0113jai.<\/p>\n<p><strong>doTERRA rull\u012b\u0161u difuzors<\/strong><\/p>\n<p>Skaists doTERRA Roller\u2122 ultraska\u0146as difuzors. \u0160im unik\u0101lajam difuzoram ir regul\u0113jams tvaika intensit\u0101tes iestat\u012bjums ar vair\u0101kiem laika iestat\u012bjumiem, kas jums ir piem\u0113roti.<\/p>\n<p>Sp\u0113c\u012bgais un unik\u0101li rafin\u0113tais Volo ir lielisks papildin\u0101jums, kas uzlabo jebkuru vidi ar CPTG\u00ae \u0113terisko e\u013c\u013cu arom\u0101tiskaj\u0101m priek\u0161roc\u012bb\u0101m.<\/p>\n<p>&nbsp;<\/p>\n<p>Noskatieties video par doterra velt\u0146a difuzoru.<\/p>\n<p><iframe title=\"YouTube video atska\u0146ot\u0101js\" src=\"https:\/\/www.youtube-nocookie.com\/embed\/r8Qy24FYIkA\" width=\"560\" height=\"315\" frameborder=\"0\" allowfullscreen=\"allowfullscreen\" data-mce-fragment=\"1\"><\/iframe><\/p>\n<p>&nbsp;<\/p>\n<p><strong>doTERRA rull\u012b\u0161u difuzors Produkta apraksts:  <\/strong><\/p>\n<ul>\n<li>J\u016bs varat iestat\u012bt, lai darbotos stundu, tr\u012bs un se\u0161as stundas, pat ja tiek izstarots sp\u0113c\u012bg\u0101kais tvaiks.<\/li>\n<li>Darbojas l\u012bdz 14 stund\u0101m, izdalot v\u0101j\u0101ko tvaiku.<\/li>\n<li>Aptver l\u012bdz 28 kvadr\u0101tmetriem. m. Istaba.<\/li>\n<li>Laika indikators tiek autom\u0101tiski aptum\u0161ots.<\/li>\n<li>Apgaismojuma iestat\u012bjumi tiek izv\u0113l\u0113ti: bez apgaismojuma, siltas gaismas vai spilgtas dzintara gaismas.<\/li>\n<\/ul>\n","protected":false},"excerpt":{"rendered":"<ul>\n<li>J\u016bs varat iestat\u012bt, lai darbotos stundu, tr\u012bs un se\u0161as stundas, pat ja tiek izstarots sp\u0113c\u012bg\u0101kais tvaiks<\/li>\n<li>Darbojas l\u012bdz 14 stund\u0101m, izdalot v\u0101j\u0101ko tvaiku<\/li>\n<li>Aptver l\u012bdz 28 kvadr\u0101tmetriem. m. Istaba<\/li>\n<li>Autom\u0101tiski aptum\u0161ots taimera apgaismojums<\/li>\n<li>Papildu apgaismojuma iestat\u012bjumi: bez apgaismojuma, siltas gaismas vai spilgtas dzintara gaismas<\/li>\n<\/ul>\n","protected":false},"featured_media":11768,"template":"","meta":{"site-sidebar-layout":"default","site-content-layout":"default","ast-site-content-layout":"default","site-content-style":"default","site-sidebar-style":"default","ast-global-header-display":"","ast-banner-title-visibility":"","ast-main-header-display":"","ast-hfb-above-header-display":"","ast-hfb-below-header-display":"","ast-hfb-mobile-header-display":"","site-post-title":"","ast-breadcrumbs-content":"","ast-featured-img":"","footer-sml-layout":"","ast-disable-related-posts":"","theme-transparent-header-meta":"default","adv-header-id-meta":"","stick-header-meta":"","header-above-stick-meta":"","header-main-stick-meta":"","header-below-stick-meta":"","astra-migrate-meta-layouts":"default","ast-page-background-enabled":"default","ast-page-background-meta":{"desktop":{"background-color":"","background-image":"","background-repeat":"repeat","background-position":"center center","background-size":"auto","background-attachment":"scroll","background-type":"","background-media":"","overlay-type":"","overlay-color":"","overlay-opacity":"","overlay-gradient":""},"tablet":{"background-color":"","background-image":"","background-repeat":"repeat","background-position":"center center","background-size":"auto","background-attachment":"scroll","background-type":"","background-media":"","overlay-type":"","overlay-color":"","overlay-opacity":"","overlay-gradient":""},"mobile":{"background-color":"","background-image":"","background-repeat":"repeat","background-position":"center center","background-size":"auto","background-attachment":"scroll","background-type":"","background-media":"","overlay-type":"","overlay-color":"","overlay-opacity":"","overlay-gradient":""}},"ast-content-background-meta":{"desktop":{"background-color":"var(--ast-global-color-5)","background-image":"","background-repeat":"repeat","background-position":"center center","background-size":"auto","background-attachment":"scroll","background-type":"","background-media":"","overlay-type":"","overlay-color":"","overlay-opacity":"","overlay-gradient":""},"tablet":{"background-color":"var(--ast-global-color-5)","background-image":"","background-repeat":"repeat","background-position":"center center","background-size":"auto","background-attachment":"scroll","background-type":"","background-media":"","overlay-type":"","overlay-color":"","overlay-opacity":"","overlay-gradient":""},"mobile":{"background-color":"var(--ast-global-color-5)","background-image":"","background-repeat":"repeat","background-position":"center center","background-size":"auto","background-attachment":"scroll","background-type":"","background-media":"","overlay-type":"","overlay-color":"","overlay-opacity":"","overlay-gradient":""}}},"product_brand":[],"product_cat":[596],"product_tag":[629,877],"class_list":{"0":"post-15996","1":"product","2":"type-product","3":"status-publish","4":"has-post-thumbnail","6":"product_cat-difuzori","7":"product_tag-difuzors","8":"product_tag-volo-lv","9":"desktop-align-left","10":"tablet-align-left","11":"mobile-align-left","13":"first","14":"outofstock","15":"taxable","16":"shipping-taxable","17":"purchasable","18":"product-type-simple"},"_links":{"self":[{"href":"https:\/\/mamaterra.lt\/lv\/wp-json\/wp\/v2\/product\/15996","targetHints":{"allow":["GET"]}}],"collection":[{"href":"https:\/\/mamaterra.lt\/lv\/wp-json\/wp\/v2\/product"}],"about":[{"href":"https:\/\/mamaterra.lt\/lv\/wp-json\/wp\/v2\/types\/product"}],"wp:featuredmedia":[{"embeddable":true,"href":"https:\/\/mamaterra.lt\/lv\/wp-json\/wp\/v2\/media\/11768"}],"wp:attachment":[{"href":"https:\/\/mamaterra.lt\/lv\/wp-json\/wp\/v2\/media?parent=15996"}],"wp:term":[{"taxonomy":"product_brand","embeddable":true,"href":"https:\/\/mamaterra.lt\/lv\/wp-json\/wp\/v2\/product_brand?post=15996"},{"taxonomy":"product_cat","embeddable":true,"href":"https:\/\/mamaterra.lt\/lv\/wp-json\/wp\/v2\/product_cat?post=15996"},{"taxonomy":"product_tag","embeddable":true,"href":"https:\/\/mamaterra.lt\/lv\/wp-json\/wp\/v2\/product_tag?post=15996"}],"curies":[{"name":"wp","href":"https:\/\/api.w.org\/{rel}","templated":true}]}}