{"id":15988,"date":"2021-11-04T19:34:51","date_gmt":"2021-11-04T18:34:51","guid":{"rendered":"https:\/\/mamaterra.lt\/parduotuve\/uncategorized\/difuzors-lumo-un-doterra-serenity-eterisko-ellu-maisijums-15ml\/"},"modified":"2021-11-04T19:34:51","modified_gmt":"2021-11-04T18:34:51","slug":"lumo-difuzors-un-doterra-ramums-eteriskas-ellas-maisijums-15ml","status":"publish","type":"product","link":"https:\/\/mamaterra.lt\/lv\/parduotuve\/eteriskas-ellas\/eterisko-ellu-maisijumi\/lumo-difuzors-un-doterra-ramums-eteriskas-ellas-maisijums-15ml\/","title":{"rendered":"Difuzors Lumo un doTERRA Serenity\u2122 \u0113terisko e\u013c\u013cu mais\u012bjums 15ml"},"content":{"rendered":"<p><strong>doTERRA difuzors Lumo un doTERRA Serenity\u2122 \u0113terisko e\u013c\u013cu mais\u012bjums<\/strong><\/p>\n<p>15ml<\/p>\n<p>Ieguvis lielu popularit\u0101ti, br\u012bni\u0161\u0137\u012bgais Lumas difuzora duets un viens no m\u016bsu popul\u0101r\u0101kajiem \u0113terisko e\u013c\u013cu mais\u012bjumiem \u2013 doTERRA Serenity \u2013 atkal ir atgriezies!<\/p>\n<p>&nbsp;<\/p>\n<p><strong>doTERRA difuzors Lumo<\/strong><\/p>\n<p>Iedvesmojoties no dabas, Lumas difuzoram ir k\u013cavas koka pamatne un vair\u0101ki gaismas iestat\u012bjumi, ko iedvesmoju\u0161i dabas elementi. Tam ir 2 un 5 stundu nep\u0101rtraukti un 10 stundu periodiski re\u017e\u012bmi (5 min sitieni, 5 min\u016btes nep\u016b\u0161).<\/p>\n<p>T\u0101pat k\u0101 citi doTERRA difuzori, Lumo difuzors ir ultraska\u0146as difuzors. Ultraska\u0146as difuzori izmanto \u016bdeni un elektronisk\u0101s frekvences, lai rad\u012btu smalku miglu no \u0113terisk\u0101s e\u013c\u013cas un \u016bdens. Ultraska\u0146as vibr\u0101cijas rada neliels disks zem \u016bdens virsmas, k\u0101 rezult\u0101t\u0101 \u0113terisk\u0101 e\u013c\u013ca sadal\u0101s s\u012bk\u0101s mikroda\u013ci\u0146\u0101s, kuras \u0137ermenis viegl\u0101k absorb\u0113.<\/p>\n<ul>\n<li>Ide\u0101ls l\u012bdz 25 kv.m. telpas izm\u0113rs.<\/li>\n<li>doTERRA Serenity ir nomierino\u0161u \u0113terisko e\u013c\u013cu mais\u012bjums, kas pal\u012bdz aizmirst par raiz\u0113m un atp\u016bsties pirms gul\u0113tie\u0161anas.<\/li>\n<li>Abi produkti ir neaizst\u0101jami m\u016bsdienu m\u0101j\u0101s visu gadu.<\/li>\n<li>Serenity \u0113terisko e\u013c\u013cu mais\u012bjums veicina stresa, trauksmes un p\u0101rslodzes izdal\u012b\u0161anos.<\/li>\n<li>R\u0101mums var pal\u012bdz\u0113t tiem, kas cie\u0161 no hiperaktivit\u0101tes un kuriem ir gr\u016bti atp\u016bsties, k\u0101 ar\u012b pal\u012bdz nomierin\u0101t domas, uzbudin\u0101jumu un veicina miera saj\u016btu.<\/li>\n<\/ul>\n<p><strong>doTERRA Serenity\u2122 \u0113terisko e\u013c\u013cu mais\u012bjuma galvenie izmanto\u0161anas veidi:<\/strong><\/p>\n<ul>\n<li>Bezmiegs un miega probl\u0113mas &#8211; tvaiks, uzkl\u0101jiet zem deguna vai piliniet uz spilvena, b\u0113rnu rota\u013clietas, k\u0101 ar\u012b uzkl\u0101jiet uz k\u0101j\u0101m p\u0113c at\u0161\u0137aid\u012b\u0161anas ar augu e\u013c\u013cu.<\/li>\n<li>Stress &#8211; uzkl\u0101jiet zem deguna, ieelpojiet no plaukst\u0101m, uzkl\u0101jiet uz kakla un \/ vai tvaika.<\/li>\n<li>Nemier\u012bgi b\u0113rni un nenogursto\u0161i \/ nenogursto\u0161i b\u0113rni &#8211; tvaic\u0113ti, iee\u013c\u013coti mugurkauls un k\u0101jas.<\/li>\n<li>Spriedze un garast\u0101vok\u013ca sv\u0101rst\u012bbas &#8211; ieelpojiet no plaukst\u0101m, tvaic\u0113jiet dienas gait\u0101 un iee\u013c\u013cojiet kr\u016btis, kaklu ar plaukstas loc\u012btav\u0101m aiz aus\u012bm.<\/li>\n<li>Musku\u013cu sasprindzin\u0101jums &#8211; iee\u013c\u013cojiet problem\u0101tisko zonu.<\/li>\n<li>Nervozit\u0101tes un bai\u013cu mazin\u0101\u0161ana &#8211; iee\u013c\u013cojiet kaklu, aiz aus\u012bm, plaukstas loc\u012btav\u0101m, tvaiku, ieelpojiet no plaukst\u0101m.<\/li>\n<li>Nomierino\u0161a vanna pirms gul\u0113tie\u0161anas &#8211; piliniet vann\u0101, lietojiet kop\u0101 ar j\u016bru, epsom s\u0101\u013ciem, b\u0101zes e\u013c\u013c\u0101m, medu utt.<\/li>\n<li>Pirms uzkl\u0101\u0161anas uz \u0137erme\u0146a at\u0161\u0137aidiet ar b\u0101zes e\u013c\u013cu.<\/li>\n<li>Z\u012bdai\u0146iem izmantojiet vienu pilienu Serenity un \u0113damkaroti vai divas \u0113damkarotes b\u0101zes e\u013c\u013cas.<\/li>\n<li>Mazam b\u0113rnam 1 piliens Serenity un \u0113damkarote b\u0101zes e\u013c\u013cas<\/li>\n<\/ul>\n<p><strong>doTERRA Serenity \u0113terisko e\u013c\u013cu mais\u012bjums sast\u0101v no \u0161\u0101d\u0101m CPTG \u0113teriskaj\u0101m e\u013c\u013c\u0101m:<\/strong><\/p>\n<ul>\n<li>Lavanda<\/li>\n<li>Ciedra<\/li>\n<li>Kampara kan\u0113lis,<\/li>\n<li>Kanangs<\/li>\n<li>Major\u0101ns<\/li>\n<li>C\u0113l\u0101s \u017eaketes<\/li>\n<li>Vetiverian<\/li>\n<li>Vani\u013cas<\/li>\n<\/ul>\n<p>&nbsp;<\/p>\n<p>Pla\u0161\u0101ku inform\u0101ciju par <strong>Lumas difuzoru skatiet t\u0101l\u0101k redzamaj\u0101<\/strong> videoklip\u0101.<\/p>\n<p><iframe title=\"doTERRA Lumo difuzora apskats\" src=\"https:\/\/www.youtube.com\/embed\/huY5AIQFDlc\" width=\"946\" height=\"532\" frameborder=\"0\" allowfullscreen=\"allowfullscreen\"><\/iframe><\/p>\n","protected":false},"excerpt":{"rendered":"<ul>\n<li>doTERRA Lumo difuzors<\/li>\n<li>doTERRA Serenity ir nomierino\u0161u \u0113terisko e\u013c\u013cu mais\u012bjums, kas pal\u012bdz aizmirst par raiz\u0113m un atp\u016bsties pirms gul\u0113tie\u0161anas<\/li>\n<\/ul>\n","protected":false},"featured_media":11807,"template":"","meta":{"site-sidebar-layout":"default","site-content-layout":"default","ast-site-content-layout":"default","site-content-style":"default","site-sidebar-style":"default","ast-global-header-display":"","ast-banner-title-visibility":"","ast-main-header-display":"","ast-hfb-above-header-display":"","ast-hfb-below-header-display":"","ast-hfb-mobile-header-display":"","site-post-title":"","ast-breadcrumbs-content":"","ast-featured-img":"","footer-sml-layout":"","ast-disable-related-posts":"","theme-transparent-header-meta":"default","adv-header-id-meta":"","stick-header-meta":"","header-above-stick-meta":"","header-main-stick-meta":"","header-below-stick-meta":"","astra-migrate-meta-layouts":"default","ast-page-background-enabled":"default","ast-page-background-meta":{"desktop":{"background-color":"","background-image":"","background-repeat":"repeat","background-position":"center center","background-size":"auto","background-attachment":"scroll","background-type":"","background-media":"","overlay-type":"","overlay-color":"","overlay-opacity":"","overlay-gradient":""},"tablet":{"background-color":"","background-image":"","background-repeat":"repeat","background-position":"center center","background-size":"auto","background-attachment":"scroll","background-type":"","background-media":"","overlay-type":"","overlay-color":"","overlay-opacity":"","overlay-gradient":""},"mobile":{"background-color":"","background-image":"","background-repeat":"repeat","background-position":"center center","background-size":"auto","background-attachment":"scroll","background-type":"","background-media":"","overlay-type":"","overlay-color":"","overlay-opacity":"","overlay-gradient":""}},"ast-content-background-meta":{"desktop":{"background-color":"var(--ast-global-color-5)","background-image":"","background-repeat":"repeat","background-position":"center center","background-size":"auto","background-attachment":"scroll","background-type":"","background-media":"","overlay-type":"","overlay-color":"","overlay-opacity":"","overlay-gradient":""},"tablet":{"background-color":"var(--ast-global-color-5)","background-image":"","background-repeat":"repeat","background-position":"center center","background-size":"auto","background-attachment":"scroll","background-type":"","background-media":"","overlay-type":"","overlay-color":"","overlay-opacity":"","overlay-gradient":""},"mobile":{"background-color":"var(--ast-global-color-5)","background-image":"","background-repeat":"repeat","background-position":"center center","background-size":"auto","background-attachment":"scroll","background-type":"","background-media":"","overlay-type":"","overlay-color":"","overlay-opacity":"","overlay-gradient":""}}},"product_brand":[],"product_cat":[596,600,601,613],"product_tag":[683,629,632,1135],"class_list":{"0":"post-15988","1":"product","2":"type-product","3":"status-publish","4":"has-post-thumbnail","6":"product_cat-difuzori","7":"product_cat-eteriskas-ellas","8":"product_cat-eterisko-ellu-maisijumi","9":"product_cat-miegam","10":"product_tag-15ml-lv","11":"product_tag-difuzors","12":"product_tag-eterisko-ellu-maisijumi","13":"product_tag-lumo-lv","14":"desktop-align-left","15":"tablet-align-left","16":"mobile-align-left","18":"first","19":"instock","20":"taxable","21":"shipping-taxable","22":"purchasable","23":"product-type-simple"},"_links":{"self":[{"href":"https:\/\/mamaterra.lt\/lv\/wp-json\/wp\/v2\/product\/15988","targetHints":{"allow":["GET"]}}],"collection":[{"href":"https:\/\/mamaterra.lt\/lv\/wp-json\/wp\/v2\/product"}],"about":[{"href":"https:\/\/mamaterra.lt\/lv\/wp-json\/wp\/v2\/types\/product"}],"wp:featuredmedia":[{"embeddable":true,"href":"https:\/\/mamaterra.lt\/lv\/wp-json\/wp\/v2\/media\/11807"}],"wp:attachment":[{"href":"https:\/\/mamaterra.lt\/lv\/wp-json\/wp\/v2\/media?parent=15988"}],"wp:term":[{"taxonomy":"product_brand","embeddable":true,"href":"https:\/\/mamaterra.lt\/lv\/wp-json\/wp\/v2\/product_brand?post=15988"},{"taxonomy":"product_cat","embeddable":true,"href":"https:\/\/mamaterra.lt\/lv\/wp-json\/wp\/v2\/product_cat?post=15988"},{"taxonomy":"product_tag","embeddable":true,"href":"https:\/\/mamaterra.lt\/lv\/wp-json\/wp\/v2\/product_tag?post=15988"}],"curies":[{"name":"wp","href":"https:\/\/api.w.org\/{rel}","templated":true}]}}