{"id":15985,"date":"2022-03-06T21:39:43","date_gmt":"2022-03-06T20:39:43","guid":{"rendered":"https:\/\/mamaterra.lt\/parduotuve\/uncategorized\/doterra-air-x-eterisko-ellu-maisijums-15ml\/"},"modified":"2022-03-06T21:39:43","modified_gmt":"2022-03-06T20:39:43","slug":"doterra-air-x-essential-oil-blend-15ml","status":"publish","type":"product","link":"https:\/\/mamaterra.lt\/lv\/parduotuve\/eteriskas-ellas\/eterisko-ellu-maisijumi\/doterra-air-x-essential-oil-blend-15ml\/","title":{"rendered":"doTERRA AIR-X \u0113terisko e\u013c\u013cu mais\u012bjums 15ml"},"content":{"rendered":"<p><strong>doterra air-x \u0113terisko e\u013c\u013cu mais\u012bjums<\/strong><\/p>\n<p>15 ml<\/p>\n<p>&nbsp;<\/p>\n<p>Aizveriet acis. R\u012bts ir strauj\u0161 un skaidrs. Dzi\u013ci elpojiet. Ap jums s\u0101k izplat\u012bties svaigs, salds arom\u0101ts. Izelpot. Ir veids, k\u0101 rad\u012bt \u0161o saj\u016btu jebkur\u0101 laik\u0101, lai kur j\u016bs atrastos: AIR-X. Ar intens\u012bvu citrusaug\u013cu, koksnes un v\u0101ji augu arom\u0101tu AIR-X ir izstr\u0101d\u0101ts, lai pal\u012bdz\u0113tu atsvaidzin\u0101t gaisu, tvaic\u0113jot ar difuzoru.<\/p>\n<p>Eksperiment\u0101lie p\u0113t\u012bjumi liecina, ka litsea \u0113terisk\u0101 e\u013c\u013ca AIR-X sast\u0101v\u0101 nomierina un veicina atv\u0113rt\u012bbas saj\u016btu.<\/p>\n<p>Agr\u012bno p\u0113t\u012bjumu rezult\u0101ti liecina, ka limon\u0113ns, kas ir AIR-X galven\u0101 sast\u0101vda\u013ca, var b\u016bt noder\u012bgs t\u012br\u012b\u0161anai. Tas ir \u0113terisko e\u013c\u013cu mais\u012bjums ar att\u012bro\u0161u iedarb\u012bbu uz elpce\u013ciem, zarn\u0101m un iek\u0161\u0113jiem org\u0101niem<\/p>\n<p><strong>DOTERRA AIR-X \u0113terisko e\u013c\u013cu mais\u012bjuma sast\u0101vda\u013cas:<\/strong><\/p>\n<p>Air-X, dabisko doTERRA \u0113terisko e\u013c\u013cu mais\u012bjums, ietver litsiju, mandar\u012bnus, greipfr\u016btu, bosveliju un kardamonu.<\/p>\n<p><strong>DOTERRA AIR-X \u0113terisko e\u013c\u013cu mais\u012bjuma izmanto\u0161ana:<\/strong><\/p>\n<ol>\n<li dir=\"auto\">Lieto\u0161ana iek\u0161\u0113ji veicina pozit\u012bvu un att\u012bro\u0161u iedarb\u012bbu uz elpo\u0161anas un gremo\u0161anas sist\u0113m\u0101m, k\u0101 ar\u012b im\u016bnsist\u0113mu.<\/li>\n<li dir=\"auto\">Uzkl\u0101jot uz \u0101das, tas labv\u0113l\u012bgi ietekm\u0113 visu \u0137ermeni, dod sp\u0113ku, veic att\u012bro\u0161u un stiprino\u0161u efektu.<\/li>\n<li dir=\"auto\">Tvaic\u0113\u0161ana ar difuzoru, ieelpo\u0161ana no pudeles vai no plaukst\u0101m stimul\u0113 koncentr\u0113\u0161anos, pr\u0101ta skaidr\u012bbu, veicina priec\u012bgas emocijas, p\u0101rpiln\u012bbu un gaismu.<\/li>\n<\/ol>\n<p>&nbsp;<\/p>\n<p>Noskatieties video par \u0161o doTERRA \u0113terisko e\u013c\u013cu.<\/p>\n<p><iframe title=\"YouTube video atska\u0146ot\u0101js\" src=\"https:\/\/www.youtube-nocookie.com\/embed\/sYIw41CgCf0\" width=\"560\" height=\"315\" frameborder=\"0\" allowfullscreen=\"allowfullscreen\"><\/iframe><\/p>\n","protected":false},"excerpt":{"rendered":"<ul>\n<li>Ar intens\u012bvu citrusaug\u013cu, koksnes un v\u0101ji augu arom\u0101tu Air-X ir izstr\u0101d\u0101ts, lai pal\u012bdz\u0113tu atsvaidzin\u0101t gaisu, tvaic\u0113jot ar difuzoru.<\/li>\n<li>Dabisko doTERRA \u0113terisko e\u013c\u013cu gais\u0101-X mais\u012bjum\u0101 ietilpst litsija, mandar\u012bni, greipfr\u016bti, bosvelija un kardamons.<\/li>\n<\/ul>\n<p>&nbsp;<\/p>\n","protected":false},"featured_media":11779,"template":"","meta":{"site-sidebar-layout":"default","site-content-layout":"default","ast-site-content-layout":"default","site-content-style":"default","site-sidebar-style":"default","ast-global-header-display":"","ast-banner-title-visibility":"","ast-main-header-display":"","ast-hfb-above-header-display":"","ast-hfb-below-header-display":"","ast-hfb-mobile-header-display":"","site-post-title":"","ast-breadcrumbs-content":"","ast-featured-img":"","footer-sml-layout":"","ast-disable-related-posts":"","theme-transparent-header-meta":"default","adv-header-id-meta":"","stick-header-meta":"","header-above-stick-meta":"","header-main-stick-meta":"","header-below-stick-meta":"","astra-migrate-meta-layouts":"default","ast-page-background-enabled":"default","ast-page-background-meta":{"desktop":{"background-color":"","background-image":"","background-repeat":"repeat","background-position":"center center","background-size":"auto","background-attachment":"scroll","background-type":"","background-media":"","overlay-type":"","overlay-color":"","overlay-opacity":"","overlay-gradient":""},"tablet":{"background-color":"","background-image":"","background-repeat":"repeat","background-position":"center center","background-size":"auto","background-attachment":"scroll","background-type":"","background-media":"","overlay-type":"","overlay-color":"","overlay-opacity":"","overlay-gradient":""},"mobile":{"background-color":"","background-image":"","background-repeat":"repeat","background-position":"center center","background-size":"auto","background-attachment":"scroll","background-type":"","background-media":"","overlay-type":"","overlay-color":"","overlay-opacity":"","overlay-gradient":""}},"ast-content-background-meta":{"desktop":{"background-color":"var(--ast-global-color-5)","background-image":"","background-repeat":"repeat","background-position":"center center","background-size":"auto","background-attachment":"scroll","background-type":"","background-media":"","overlay-type":"","overlay-color":"","overlay-opacity":"","overlay-gradient":""},"tablet":{"background-color":"var(--ast-global-color-5)","background-image":"","background-repeat":"repeat","background-position":"center center","background-size":"auto","background-attachment":"scroll","background-type":"","background-media":"","overlay-type":"","overlay-color":"","overlay-opacity":"","overlay-gradient":""},"mobile":{"background-color":"var(--ast-global-color-5)","background-image":"","background-repeat":"repeat","background-position":"center center","background-size":"auto","background-attachment":"scroll","background-type":"","background-media":"","overlay-type":"","overlay-color":"","overlay-opacity":"","overlay-gradient":""}}},"product_brand":[],"product_cat":[600,601,612],"product_tag":[683,1358,632],"class_list":{"0":"post-15985","1":"product","2":"type-product","3":"status-publish","4":"has-post-thumbnail","6":"product_cat-eteriskas-ellas","7":"product_cat-eterisko-ellu-maisijumi","8":"product_cat-masazai","9":"product_tag-15ml-lv","10":"product_tag-air-x-lv","11":"product_tag-eterisko-ellu-maisijumi","12":"desktop-align-left","13":"tablet-align-left","14":"mobile-align-left","16":"first","17":"instock","18":"sale","19":"taxable","20":"shipping-taxable","21":"purchasable","22":"product-type-simple"},"_links":{"self":[{"href":"https:\/\/mamaterra.lt\/lv\/wp-json\/wp\/v2\/product\/15985","targetHints":{"allow":["GET"]}}],"collection":[{"href":"https:\/\/mamaterra.lt\/lv\/wp-json\/wp\/v2\/product"}],"about":[{"href":"https:\/\/mamaterra.lt\/lv\/wp-json\/wp\/v2\/types\/product"}],"wp:featuredmedia":[{"embeddable":true,"href":"https:\/\/mamaterra.lt\/lv\/wp-json\/wp\/v2\/media\/11779"}],"wp:attachment":[{"href":"https:\/\/mamaterra.lt\/lv\/wp-json\/wp\/v2\/media?parent=15985"}],"wp:term":[{"taxonomy":"product_brand","embeddable":true,"href":"https:\/\/mamaterra.lt\/lv\/wp-json\/wp\/v2\/product_brand?post=15985"},{"taxonomy":"product_cat","embeddable":true,"href":"https:\/\/mamaterra.lt\/lv\/wp-json\/wp\/v2\/product_cat?post=15985"},{"taxonomy":"product_tag","embeddable":true,"href":"https:\/\/mamaterra.lt\/lv\/wp-json\/wp\/v2\/product_tag?post=15985"}],"curies":[{"name":"wp","href":"https:\/\/api.w.org\/{rel}","templated":true}]}}