{"id":15981,"date":"2022-04-27T13:22:40","date_gmt":"2022-04-27T12:22:40","guid":{"rendered":"https:\/\/mamaterra.lt\/parduotuve\/uncategorized\/doterra-breathe-pastilas-elposanas-sistemai-doterra-air-drops-120g\/"},"modified":"2022-04-27T13:22:40","modified_gmt":"2022-04-27T12:22:40","slug":"doterra-elpa-pastilas-elposanai-gaiss-pilieni-120g","status":"publish","type":"product","link":"https:\/\/mamaterra.lt\/lv\/parduotuve\/eteriskas-ellas\/eterisko-ellu-maisijumi\/doterra-elpa-pastilas-elposanai-gaiss-pilieni-120g\/","title":{"rendered":"doTERRA Breathe Pastil\u0101s elpo\u0161anas sist\u0113mai (doTERRA Air Drops) 120g"},"content":{"rendered":"<p><strong>doTERRA Breathe Pastil\u0101s elpo\u0161anas sist\u0113mai (doTERRA Air Drops) 120g<\/strong><\/p>\n<p>Elpojiet pastilas &#8211; \u0113rtas pastilas ar lielisku gar\u0161u.<\/p>\n<p>doTERRA AIR ir \u0113terisko e\u013c\u013cu mais\u012bjums, kam jau sen uzticas. doTERRA Breath pastil\u0101s padara \u0161o izm\u0113\u0123in\u0101to un patieso \u0113terisko e\u013c\u013cu kombin\u0101ciju v\u0113l \u0113rt\u0101ku nek\u0101 jebkad agr\u0101k. Izbaudiet citrona, piparm\u0113tru, eikalipta, timi\u0101na, melisas un kardamona \u0113terisko e\u013c\u013cu priek\u0161roc\u012bbas, ko nodro\u0161ina pastilas ar lielisku gar\u0161u<\/p>\n<ul>\n<li>Atbalsta t\u012brus elpce\u013cus un veicina vieglu, skaidru elpo\u0161anu.<\/li>\n<li>Atbalsta visp\u0101r\u0113jo elpce\u013cu vesel\u012bbu.<\/li>\n<li>Piedz\u012bvo diskomfortu elpojot.<\/li>\n<\/ul>\n<p><strong>doTERRA Breathe Luzenges elpo\u0161anas sist\u0113mai (doTERRA Air Drops) Lieto\u0161ana:<\/strong><\/p>\n<ul>\n<li>Izmantojiet k\u0101 \u0101tru, \u0113rtu alternat\u012bvu DoTERRA AIR mais\u012bjumam.<\/li>\n<li>Turiet tos pa rokai somi\u0146\u0101 vai ce\u013cojuma som\u0101, lai ce\u013cojuma laik\u0101 var\u0113tu m\u0113r\u0137tiec\u012bgi uztur\u0113t savu labsaj\u016btu. Viegli kop\u012bgojiet doterra gaisu ar \u0123imeni un draugiem!<\/li>\n<li>Lai ieg\u016btu vislab\u0101kos rezult\u0101tus, lietojiet kop\u0101 ar citiem doterra gaisa produktiem.<\/li>\n<\/ul>\n<p><strong>doTERRA Breathe Pastil\u0101s elpo\u0161anas sist\u0113mai (doTERRA Air Drops) Lieto\u0161anas instrukcija:<\/strong><\/p>\n<p>Porcijas lielums: 1 piliens (4 g) dien\u0101.<\/p>\n<p><strong>doTERRA Breathe Pastilles elpo\u0161anas sist\u0113mai (doTERRA Air Drops) Sast\u0101v no:<\/strong><\/p>\n<p>Iepakojum\u0101 30 gabali\u0146i pastil\u0101s.<\/p>\n","protected":false},"excerpt":{"rendered":"<ul>\n<li>Izmantojiet k\u0101 \u0101tru un \u0113rtu alternat\u012bvu DoTERRA AIR mais\u012bjumam<\/li>\n<li>Turiet tos pa rokai somi\u0146\u0101 vai ce\u013cojuma som\u0101, lai j\u016bs var\u0113tu tos m\u0113r\u0137tiec\u012bgi atbalst\u012bt ce\u013cojuma laik\u0101. Vienk\u0101r\u0161a doTERRA AIR koplieto\u0161ana ar \u0123imeni un draugiem<\/li>\n<li>Izmantojiet kop\u0101 ar citiem doterra gaisa produktiem, lai ieg\u016btu lab\u0101kos rezult\u0101tus<\/li>\n<li>Iepakojums ar 30 gabalu pastil\u0101m<\/li>\n<\/ul>\n","protected":false},"featured_media":11787,"template":"","meta":{"site-sidebar-layout":"default","site-content-layout":"default","ast-site-content-layout":"default","site-content-style":"default","site-sidebar-style":"default","ast-global-header-display":"","ast-banner-title-visibility":"","ast-main-header-display":"","ast-hfb-above-header-display":"","ast-hfb-below-header-display":"","ast-hfb-mobile-header-display":"","site-post-title":"","ast-breadcrumbs-content":"","ast-featured-img":"","footer-sml-layout":"","ast-disable-related-posts":"","theme-transparent-header-meta":"default","adv-header-id-meta":"","stick-header-meta":"","header-above-stick-meta":"","header-main-stick-meta":"","header-below-stick-meta":"","astra-migrate-meta-layouts":"default","ast-page-background-enabled":"default","ast-page-background-meta":{"desktop":{"background-color":"","background-image":"","background-repeat":"repeat","background-position":"center center","background-size":"auto","background-attachment":"scroll","background-type":"","background-media":"","overlay-type":"","overlay-color":"","overlay-opacity":"","overlay-gradient":""},"tablet":{"background-color":"","background-image":"","background-repeat":"repeat","background-position":"center center","background-size":"auto","background-attachment":"scroll","background-type":"","background-media":"","overlay-type":"","overlay-color":"","overlay-opacity":"","overlay-gradient":""},"mobile":{"background-color":"","background-image":"","background-repeat":"repeat","background-position":"center center","background-size":"auto","background-attachment":"scroll","background-type":"","background-media":"","overlay-type":"","overlay-color":"","overlay-opacity":"","overlay-gradient":""}},"ast-content-background-meta":{"desktop":{"background-color":"var(--ast-global-color-5)","background-image":"","background-repeat":"repeat","background-position":"center center","background-size":"auto","background-attachment":"scroll","background-type":"","background-media":"","overlay-type":"","overlay-color":"","overlay-opacity":"","overlay-gradient":""},"tablet":{"background-color":"var(--ast-global-color-5)","background-image":"","background-repeat":"repeat","background-position":"center center","background-size":"auto","background-attachment":"scroll","background-type":"","background-media":"","overlay-type":"","overlay-color":"","overlay-opacity":"","overlay-gradient":""},"mobile":{"background-color":"var(--ast-global-color-5)","background-image":"","background-repeat":"repeat","background-position":"center center","background-size":"auto","background-attachment":"scroll","background-type":"","background-media":"","overlay-type":"","overlay-color":"","overlay-opacity":"","overlay-gradient":""}}},"product_brand":[],"product_cat":[600,601],"product_tag":[666,670],"class_list":{"0":"post-15981","1":"product","2":"type-product","3":"status-publish","4":"has-post-thumbnail","6":"product_cat-eteriskas-ellas","7":"product_cat-eterisko-ellu-maisijumi","8":"product_tag-pastilas","9":"product_tag-saldumi","10":"desktop-align-left","11":"tablet-align-left","12":"mobile-align-left","14":"first","15":"instock","16":"taxable","17":"shipping-taxable","18":"purchasable","19":"product-type-simple"},"_links":{"self":[{"href":"https:\/\/mamaterra.lt\/lv\/wp-json\/wp\/v2\/product\/15981","targetHints":{"allow":["GET"]}}],"collection":[{"href":"https:\/\/mamaterra.lt\/lv\/wp-json\/wp\/v2\/product"}],"about":[{"href":"https:\/\/mamaterra.lt\/lv\/wp-json\/wp\/v2\/types\/product"}],"wp:featuredmedia":[{"embeddable":true,"href":"https:\/\/mamaterra.lt\/lv\/wp-json\/wp\/v2\/media\/11787"}],"wp:attachment":[{"href":"https:\/\/mamaterra.lt\/lv\/wp-json\/wp\/v2\/media?parent=15981"}],"wp:term":[{"taxonomy":"product_brand","embeddable":true,"href":"https:\/\/mamaterra.lt\/lv\/wp-json\/wp\/v2\/product_brand?post=15981"},{"taxonomy":"product_cat","embeddable":true,"href":"https:\/\/mamaterra.lt\/lv\/wp-json\/wp\/v2\/product_cat?post=15981"},{"taxonomy":"product_tag","embeddable":true,"href":"https:\/\/mamaterra.lt\/lv\/wp-json\/wp\/v2\/product_tag?post=15981"}],"curies":[{"name":"wp","href":"https:\/\/api.w.org\/{rel}","templated":true}]}}