{"id":15975,"date":"2022-02-15T20:47:12","date_gmt":"2022-02-15T19:47:12","guid":{"rendered":"https:\/\/mamaterra.lt\/parduotuve\/uncategorized\/vanila-madagascar-vanilla-tira-doterra-eteriska-ella-5ml\/"},"modified":"2022-02-15T20:47:12","modified_gmt":"2022-02-15T19:47:12","slug":"vanile-madagaskara-vanila-doterra-essential-oil-5ml","status":"publish","type":"product","link":"https:\/\/mamaterra.lt\/lv\/parduotuve\/eteriskas-ellas\/tiras-eteriskas-ellas\/vanile-madagaskara-vanila-doterra-essential-oil-5ml\/","title":{"rendered":"Vani\u013ca (MADAGASCAR VANILLA) T\u012bra doTERRA \u0113terisk\u0101 e\u013c\u013ca 5ml"},"content":{"rendered":"<p><strong>Vani\u013ca (MADAGASCAR VANILLA) T\u012bra doTERRA \u0113terisk\u0101 e\u013c\u013ca<\/strong><\/p>\n<p>Vani\u013cas planifolia | 5ml<\/p>\n<p>&nbsp;<\/p>\n<p>Paz\u012bstams un nostal\u0123isks. Aizraujo\u0161i un romantiski. Sul\u012bga un silta, salda un m\u0101j\u012bga doTERRA vani\u013cas (MADAGASCAR VANILLA) \u0113terisk\u0101 e\u013c\u013ca.<\/p>\n<p>Kop\u0161 seno acteku laikiem, kas tiek nov\u0113rt\u0113ti un bie\u017ei izmantoti smar\u017e\u0101s, vani\u013ca ir viena no popul\u0101r\u0101kaj\u0101m smar\u017e\u0101m pasaul\u0113 un viena no t\u0101m, kuras ieguve ir d\u0101rga.<\/p>\n<p>Daudzgad\u012bgs k\u0101p\u0161anas augs, kas aug l\u012bdz 75 p\u0113d\u0101m, Vanilla planifolia augs pieder orhideju \u0123imenei ar dzeltenbaltiem ziediem, no kuriem aug bez smar\u017eas p\u0101kstis vai pupi\u0146as.<\/p>\n<p>Interesants fakts par vani\u013cu no Madagaskaras: Past\u0101v maz\u0101k nek\u0101 1% iesp\u0113ja, ka vani\u013cas zieds apputeksn\u0113s sevi, t\u0101p\u0113c lauksaimniekiem katrs zieds ir j\u0101apputeksn\u0113 ar rok\u0101m no r\u012bta, kad tas zied, un vani\u013cas zieds parasti zied tikai vien\u0101 gada dien\u0101!<\/p>\n<p>Vani\u013cas augam nepiecie\u0161ami tr\u012bs vai \u010detri gadi, lai s\u0101ktu audz\u0113t pupi\u0146as, kuru ra\u017ea ar\u012b j\u0101nov\u0101c ar rok\u0101m. Pupi\u0146as iziet laikietilp\u012bgu un darbietilp\u012bgu procesu, l\u012bdz ieg\u016bst savu arom\u0101tu un gar\u0161u. P\u0113c tam tos sama\u013c, un, lai saglab\u0101tu dabisko vani\u013cas arom\u0101tu, saspiestu CO2 izmanto divpak\u0101pju ekstrakcijas proces\u0101, kas sav\u0101c pupi\u0146u arom\u0101tisk\u0101s sast\u0101vda\u013cas, lai izveidotu absol\u016btu. Apvienojot \u0161o absol\u016bto ar frakcion\u0113tu kokosriekstu e\u013c\u013cu, rezult\u0101ts ir doTERRA Madagaskaras vani\u013ca.<\/p>\n<p><strong>Vani\u013cas (MADAGASCAR VANILLA) T\u012bra doTERRA \u0113terisk\u0101s e\u013c\u013cas izmanto\u0161ana:<\/strong><\/p>\n<ul>\n<li>Piepildiet savu m\u0101ju ar mierino\u0161u burv\u012bbu, pievienojot Madagaskaras vani\u013cu savam iecien\u012bt\u0101kajam difuzoru mais\u012bjumam.<\/li>\n<li>Uzd\u0101viniet savai r\u012bta kafijai, t\u0113jai, kokteilim pat\u012bkami maigu gar\u0161u tikai ar Madagaskaras vani\u013cas piesk\u0101rienu.<\/li>\n<li>Izmantojiet k\u0101 burv\u012bgu person\u012bgo arom\u0101tu vai pievienojiet da\u017eus pilienus vannas e\u013c\u013cai vai \u0137erme\u0146a losjonam, lai izbaud\u012btu grezno br\u012bdi, vienlaikus ieelpojot izsmalcin\u0101to Madagaskaras vani\u013cas arom\u0101tu.<\/li>\n<\/ul>\n<p><strong>Vani\u013ca (MADAGASCAR VANILLA) T\u012bras DoTERRA \u0113terisk\u0101s e\u013c\u013cas izmanto\u0161ana dabisku smar\u017eu pagatavo\u0161anai:<\/strong><\/p>\n<ol>\n<li>10 ml pudel\u0113 ar lod\u012b\u0161u aplikatoru pievieno\n<ul>\n<li>5 pilieni Madagaskaras vani\u013cas<\/li>\n<li>3 pilieni Lavandas<\/li>\n<li>3 pilieni Wild Orange<\/li>\n<li>2 pilieni Santalkoka<\/li>\n<\/ul>\n<\/li>\n<li>Piepildiet l\u012bdz aug\u0161ai ar frakcion\u0113tu kokosriekstu e\u013c\u013cu<\/li>\n<\/ol>\n<p>&nbsp;<\/p>\n<p>Noskatieties video par \u0161o doTERRA \u0113terisko e\u013c\u013cu.<\/p>\n<p><iframe title=\"YouTube video atska\u0146ot\u0101js\" src=\"https:\/\/www.youtube-nocookie.com\/embed\/53_ph9e7SbI\" width=\"560\" height=\"315\" frameborder=\"0\" allowfullscreen=\"allowfullscreen\"><\/iframe><\/p>\n","protected":false},"excerpt":{"rendered":"<ul>\n<li>Kop\u0161 seno acteku laikiem, kas tiek nov\u0113rt\u0113ti un bie\u017ei izmantoti smar\u017e\u0101s, vani\u013ca ir viena no popul\u0101r\u0101kaj\u0101m smar\u017e\u0101m pasaul\u0113 un viena no t\u0101m, kuras ieguve ir d\u0101rga.<\/li>\n<li>Paz\u012bstams un nostal\u0123isks. Aizraujo\u0161i un romantiski. Sul\u012bga un silta, salda un m\u0101j\u012bga doTERRA vani\u013cas (MADAGASCAR VANILLA) \u0113terisk\u0101 e\u013c\u013ca.<\/li>\n<\/ul>\n","protected":false},"featured_media":11769,"template":"","meta":{"site-sidebar-layout":"default","site-content-layout":"default","ast-site-content-layout":"default","site-content-style":"default","site-sidebar-style":"default","ast-global-header-display":"","ast-banner-title-visibility":"","ast-main-header-display":"","ast-hfb-above-header-display":"","ast-hfb-below-header-display":"","ast-hfb-mobile-header-display":"","site-post-title":"","ast-breadcrumbs-content":"","ast-featured-img":"","footer-sml-layout":"","ast-disable-related-posts":"","theme-transparent-header-meta":"default","adv-header-id-meta":"","stick-header-meta":"","header-above-stick-meta":"","header-main-stick-meta":"","header-below-stick-meta":"","astra-migrate-meta-layouts":"default","ast-page-background-enabled":"default","ast-page-background-meta":{"desktop":{"background-color":"","background-image":"","background-repeat":"repeat","background-position":"center center","background-size":"auto","background-attachment":"scroll","background-type":"","background-media":"","overlay-type":"","overlay-color":"","overlay-opacity":"","overlay-gradient":""},"tablet":{"background-color":"","background-image":"","background-repeat":"repeat","background-position":"center center","background-size":"auto","background-attachment":"scroll","background-type":"","background-media":"","overlay-type":"","overlay-color":"","overlay-opacity":"","overlay-gradient":""},"mobile":{"background-color":"","background-image":"","background-repeat":"repeat","background-position":"center center","background-size":"auto","background-attachment":"scroll","background-type":"","background-media":"","overlay-type":"","overlay-color":"","overlay-opacity":"","overlay-gradient":""}},"ast-content-background-meta":{"desktop":{"background-color":"var(--ast-global-color-5)","background-image":"","background-repeat":"repeat","background-position":"center center","background-size":"auto","background-attachment":"scroll","background-type":"","background-media":"","overlay-type":"","overlay-color":"","overlay-opacity":"","overlay-gradient":""},"tablet":{"background-color":"var(--ast-global-color-5)","background-image":"","background-repeat":"repeat","background-position":"center center","background-size":"auto","background-attachment":"scroll","background-type":"","background-media":"","overlay-type":"","overlay-color":"","overlay-opacity":"","overlay-gradient":""},"mobile":{"background-color":"var(--ast-global-color-5)","background-image":"","background-repeat":"repeat","background-position":"center center","background-size":"auto","background-attachment":"scroll","background-type":"","background-media":"","overlay-type":"","overlay-color":"","overlay-opacity":"","overlay-gradient":""}}},"product_brand":[],"product_cat":[600,602],"product_tag":[678,631,1078],"class_list":{"0":"post-15975","1":"product","2":"type-product","3":"status-publish","4":"has-post-thumbnail","6":"product_cat-eteriskas-ellas","7":"product_cat-tiras-eteriskas-ellas","8":"product_tag-5ml-lv","9":"product_tag-eteriskas-ellas","10":"product_tag-madagascar-vanilla-lv","11":"desktop-align-left","12":"tablet-align-left","13":"mobile-align-left","15":"first","16":"instock","17":"sale","18":"taxable","19":"shipping-taxable","20":"purchasable","21":"product-type-simple"},"_links":{"self":[{"href":"https:\/\/mamaterra.lt\/lv\/wp-json\/wp\/v2\/product\/15975","targetHints":{"allow":["GET"]}}],"collection":[{"href":"https:\/\/mamaterra.lt\/lv\/wp-json\/wp\/v2\/product"}],"about":[{"href":"https:\/\/mamaterra.lt\/lv\/wp-json\/wp\/v2\/types\/product"}],"wp:featuredmedia":[{"embeddable":true,"href":"https:\/\/mamaterra.lt\/lv\/wp-json\/wp\/v2\/media\/11769"}],"wp:attachment":[{"href":"https:\/\/mamaterra.lt\/lv\/wp-json\/wp\/v2\/media?parent=15975"}],"wp:term":[{"taxonomy":"product_brand","embeddable":true,"href":"https:\/\/mamaterra.lt\/lv\/wp-json\/wp\/v2\/product_brand?post=15975"},{"taxonomy":"product_cat","embeddable":true,"href":"https:\/\/mamaterra.lt\/lv\/wp-json\/wp\/v2\/product_cat?post=15975"},{"taxonomy":"product_tag","embeddable":true,"href":"https:\/\/mamaterra.lt\/lv\/wp-json\/wp\/v2\/product_tag?post=15975"}],"curies":[{"name":"wp","href":"https:\/\/api.w.org\/{rel}","templated":true}]}}