{"id":15974,"date":"2022-04-01T19:38:35","date_gmt":"2022-04-01T18:38:35","guid":{"rendered":"https:\/\/mamaterra.lt\/parduotuve\/uncategorized\/doterra-balance-bardas-eterisko-ellu-maisijums-30ml\/"},"modified":"2022-04-01T19:38:35","modified_gmt":"2022-04-01T18:38:35","slug":"doterra-lidzsvars-bardas-eteriskas-ellas-maisijums-30ml","status":"publish","type":"product","link":"https:\/\/mamaterra.lt\/lv\/parduotuve\/eteriskas-ellas\/eterisko-ellu-maisijumi\/doterra-lidzsvars-bardas-eteriskas-ellas-maisijums-30ml\/","title":{"rendered":"doTERRA Balance\u2122 b\u0101rdas \u0113terisko e\u013c\u013cu mais\u012bjums 30ml"},"content":{"rendered":"<p><strong>doTERRA Balance\u2122 b\u0101rdas \u0113terisko e\u013c\u013cu mais\u012bjums<\/strong><\/p>\n<p>30ml<\/p>\n<p>&nbsp;<\/p>\n<p>Atvadieties no rupjiem sejas matiem ar doTERRA Balance b\u0101rdas e\u013c\u013cu. No argana, jojobas, saulespu\u0137u un avokado e\u013c\u013c\u0101m, kas papildin\u0101tas ar \u0113teriskaj\u0101m e\u013c\u013c\u0101m, \u0101da un mati izskat\u0101s mitrin\u0101ti, kopti un baroti.<\/p>\n<p>Tikai da\u017ei pilieni katru dienu pal\u012bdz\u0113s saglab\u0101t sejas matus m\u012bkstus, m\u012bkstus un mitrin\u0101tus.<\/p>\n<p><strong>doTERRA Balance\u2122 b\u0101rdas \u0113terisko e\u013c\u013cu mais\u012bjuma sast\u0101vda\u013cas:<\/strong><\/p>\n<p>doTERRA Balance\u2122 b\u0101rdas e\u013c\u013ca (Beard Oil) satur patent\u0113tu egles, Ho Wood (kampara kan\u0113\u013ca), Blue Tansy (Tansy), Blue Chamomile (\u0101rstniecisk\u0101 kumel\u012bte) un frankincense (Boswellia) \u0113terisko e\u013c\u013cu mais\u012bjumu.<\/p>\n","protected":false},"excerpt":{"rendered":"<ul>\n<li>No argana, jojobas, saulespu\u0137u un avokado e\u013c\u013c\u0101m, kas papildin\u0101tas ar \u0113teriskaj\u0101m e\u013c\u013c\u0101m, \u0101da un mati izskat\u0101s mitrin\u0101ti, kopti un baroti.<\/li>\n<li>Tikai da\u017ei pilieni katru dienu pal\u012bdz\u0113s saglab\u0101t sejas matus m\u012bkstus, m\u012bkstus un mitrin\u0101tus.<\/li>\n<\/ul>\n","protected":false},"featured_media":11784,"template":"","meta":{"site-sidebar-layout":"default","site-content-layout":"default","ast-site-content-layout":"default","site-content-style":"default","site-sidebar-style":"default","ast-global-header-display":"","ast-banner-title-visibility":"","ast-main-header-display":"","ast-hfb-above-header-display":"","ast-hfb-below-header-display":"","ast-hfb-mobile-header-display":"","site-post-title":"","ast-breadcrumbs-content":"","ast-featured-img":"","footer-sml-layout":"","ast-disable-related-posts":"","theme-transparent-header-meta":"default","adv-header-id-meta":"","stick-header-meta":"","header-above-stick-meta":"","header-main-stick-meta":"","header-below-stick-meta":"","astra-migrate-meta-layouts":"default","ast-page-background-enabled":"default","ast-page-background-meta":{"desktop":{"background-color":"","background-image":"","background-repeat":"repeat","background-position":"center center","background-size":"auto","background-attachment":"scroll","background-type":"","background-media":"","overlay-type":"","overlay-color":"","overlay-opacity":"","overlay-gradient":""},"tablet":{"background-color":"","background-image":"","background-repeat":"repeat","background-position":"center center","background-size":"auto","background-attachment":"scroll","background-type":"","background-media":"","overlay-type":"","overlay-color":"","overlay-opacity":"","overlay-gradient":""},"mobile":{"background-color":"","background-image":"","background-repeat":"repeat","background-position":"center center","background-size":"auto","background-attachment":"scroll","background-type":"","background-media":"","overlay-type":"","overlay-color":"","overlay-opacity":"","overlay-gradient":""}},"ast-content-background-meta":{"desktop":{"background-color":"var(--ast-global-color-5)","background-image":"","background-repeat":"repeat","background-position":"center center","background-size":"auto","background-attachment":"scroll","background-type":"","background-media":"","overlay-type":"","overlay-color":"","overlay-opacity":"","overlay-gradient":""},"tablet":{"background-color":"var(--ast-global-color-5)","background-image":"","background-repeat":"repeat","background-position":"center center","background-size":"auto","background-attachment":"scroll","background-type":"","background-media":"","overlay-type":"","overlay-color":"","overlay-opacity":"","overlay-gradient":""},"mobile":{"background-color":"var(--ast-global-color-5)","background-image":"","background-repeat":"repeat","background-position":"center center","background-size":"auto","background-attachment":"scroll","background-type":"","background-media":"","overlay-type":"","overlay-color":"","overlay-opacity":"","overlay-gradient":""}}},"product_brand":[],"product_cat":[597,599,601,604],"product_tag":[688,1381,632],"class_list":{"0":"post-15974","1":"product","2":"type-product","3":"status-publish","4":"has-post-thumbnail","6":"product_cat-davanas","7":"product_cat-davanas-viriesiem","8":"product_cat-eterisko-ellu-maisijumi","9":"product_cat-higiena-un-adas-kopsana","10":"product_tag-30ml-lv","11":"product_tag-balance-lv","12":"product_tag-eterisko-ellu-maisijumi","13":"desktop-align-left","14":"tablet-align-left","15":"mobile-align-left","17":"first","18":"instock","19":"taxable","20":"shipping-taxable","21":"purchasable","22":"product-type-simple"},"_links":{"self":[{"href":"https:\/\/mamaterra.lt\/lv\/wp-json\/wp\/v2\/product\/15974","targetHints":{"allow":["GET"]}}],"collection":[{"href":"https:\/\/mamaterra.lt\/lv\/wp-json\/wp\/v2\/product"}],"about":[{"href":"https:\/\/mamaterra.lt\/lv\/wp-json\/wp\/v2\/types\/product"}],"wp:featuredmedia":[{"embeddable":true,"href":"https:\/\/mamaterra.lt\/lv\/wp-json\/wp\/v2\/media\/11784"}],"wp:attachment":[{"href":"https:\/\/mamaterra.lt\/lv\/wp-json\/wp\/v2\/media?parent=15974"}],"wp:term":[{"taxonomy":"product_brand","embeddable":true,"href":"https:\/\/mamaterra.lt\/lv\/wp-json\/wp\/v2\/product_brand?post=15974"},{"taxonomy":"product_cat","embeddable":true,"href":"https:\/\/mamaterra.lt\/lv\/wp-json\/wp\/v2\/product_cat?post=15974"},{"taxonomy":"product_tag","embeddable":true,"href":"https:\/\/mamaterra.lt\/lv\/wp-json\/wp\/v2\/product_tag?post=15974"}],"curies":[{"name":"wp","href":"https:\/\/api.w.org\/{rel}","templated":true}]}}