{"id":15971,"date":"2022-07-13T15:05:12","date_gmt":"2022-07-13T14:05:12","guid":{"rendered":"https:\/\/mamaterra.lt\/parduotuve\/uncategorized\/lemon-myrtle-pure-doterra-eteriska-ella-5ml\/"},"modified":"2022-07-13T15:05:12","modified_gmt":"2022-07-13T14:05:12","slug":"citrona-mirtes-tira-doterra-eteriska-ella-5ml","status":"publish","type":"product","link":"https:\/\/mamaterra.lt\/lv\/parduotuve\/eteriskas-ellas\/tiras-eteriskas-ellas\/citrona-mirtes-tira-doterra-eteriska-ella-5ml\/","title":{"rendered":"LEMON MYRTLE Pure doterra \u0113terisk\u0101 e\u013c\u013ca 5ml"},"content":{"rendered":"<p><strong>DOTERRA LEMON MYRTLE \u0112TERISK\u0100 E\u013b\u013bA<\/strong><\/p>\n<p>Citronu mirtes Backhousia citriodora | 5 ml<\/p>\n<p>&nbsp;<\/p>\n<p><strong>LEMON MYRTLE Pure doterra \u0113terisk\u0101 e\u013c\u013ca<\/strong><\/p>\n<p>Citronu mirte, kas s\u0101kotn\u0113ji bija no Austr\u0101lijas, jau sen tiek izmantota aborig\u0113nu un Torresa salu iedz\u012bvot\u0101ju uztur\u0101. Citronu mirtes \u0113terisk\u0101 e\u013c\u013ca tiek destil\u0113ta no citrusaug\u013cu smar\u017eojo\u0161o subtropu citronu mirtes augu lap\u0101m. Citronu mirtes \u0113teriskajai e\u013c\u013cai ir nomierino\u0161s un relaks\u0113jo\u0161s arom\u0101ts.<\/p>\n<p><strong>K\u0101das ir citronu mirtas priek\u0161roc\u012bbas?<\/strong><\/p>\n<p>Citralis, kam piem\u012bt t\u012br\u012b\u0161anas \u012bpa\u0161\u012bbas, ir galven\u0101 citronu mirtes \u0137\u012bmisk\u0101 sast\u0101vda\u013ca. Izmantojiet citronu mirti, lai att\u012br\u012btu \u0101du vai virsmas vai att\u012br\u012btu gaisu. Lai nejustu \u0101du, vienm\u0113r at\u0161\u0137aidiet citrona mirti ar e\u013c\u013cu.<\/p>\n<p>Salds, citrons un nedaudz augu arom\u0101ts &#8211; citrona mirtes smar\u017ea vienlaikus nomierina un pace\u013c garast\u0101vokli.<\/p>\n<p><strong>LEMON MYRTLE Pure Doterra \u0113terisko e\u013c\u013cu izmanto:<\/strong><\/p>\n<ul>\n<li>Izplatiet telp\u0101 ar ultraska\u0146as difuzoru, lai telpas arom\u0101ts nomierin\u0101tos un atp\u016bstos.<\/li>\n<li>Pievienojiet \u016bdenim pilienu citrona mirtes \u0113terisk\u0101s e\u013c\u013cas, sm\u016btiju, sm\u016btiju, lai sajustu svaigumu.<\/li>\n<li>Pievienojiet da\u017eus pilienus citrona mirtes un savva\u013cas apels\u012bna smidzin\u0101t\u0101jam ar \u016bdeni un balto eti\u0137i, un jums b\u016bs virsmas t\u012br\u012bt\u0101js ar br\u012bni\u0161\u0137\u012bgu smar\u017eu.<\/li>\n<li>Pievienojiet 1 pilienu sejas t\u012br\u012b\u0161anas vai mitrin\u0101t\u0101ja, lai uzlabotu t\u012br\u012b\u0161anas \u012bpa\u0161\u012bbas un smar\u017eotu gar\u0161\u012bgi.<\/li>\n<\/ul>\n<p><strong>LEMON MYRTLE Pure doTERRA \u0113terisk\u0101s e\u013c\u013cas lieto\u0161anas instrukcijas:<\/strong><\/p>\n<ul>\n<li><strong>P\u0113c dif\u016bzijas:<\/strong> Izmantojiet 3-4 pilienus izv\u0113l\u0113taj\u0101 difuzor\u0101.<\/li>\n<li><strong>Izmantojiet p\u0101rtikas arom\u0101tam:<\/strong> Pievienojiet 1-2 pilienus p\u0101rtikai.<\/li>\n<\/ul>\n","protected":false},"excerpt":{"rendered":"<ul>\n<li>Citronu mirtes \u0113teriskajai e\u013c\u013cai ir nomierino\u0161s un relaks\u0113jo\u0161s arom\u0101ts<\/li>\n<li>Citrona mirtes smar\u017ea kop\u0101 nomierina un pace\u013c garast\u0101vokli<\/li>\n<li>Izmantojiet citronu mirti, lai att\u012br\u012btu \u0101du vai virsmas vai att\u012br\u012btu gaisu<\/li>\n<\/ul>\n","protected":false},"featured_media":11862,"template":"","meta":{"site-sidebar-layout":"default","site-content-layout":"default","ast-site-content-layout":"default","site-content-style":"default","site-sidebar-style":"default","ast-global-header-display":"","ast-banner-title-visibility":"","ast-main-header-display":"","ast-hfb-above-header-display":"","ast-hfb-below-header-display":"","ast-hfb-mobile-header-display":"","site-post-title":"","ast-breadcrumbs-content":"","ast-featured-img":"","footer-sml-layout":"","ast-disable-related-posts":"","theme-transparent-header-meta":"default","adv-header-id-meta":"","stick-header-meta":"","header-above-stick-meta":"","header-main-stick-meta":"","header-below-stick-meta":"","astra-migrate-meta-layouts":"default","ast-page-background-enabled":"default","ast-page-background-meta":{"desktop":{"background-color":"","background-image":"","background-repeat":"repeat","background-position":"center center","background-size":"auto","background-attachment":"scroll","background-type":"","background-media":"","overlay-type":"","overlay-color":"","overlay-opacity":"","overlay-gradient":""},"tablet":{"background-color":"","background-image":"","background-repeat":"repeat","background-position":"center center","background-size":"auto","background-attachment":"scroll","background-type":"","background-media":"","overlay-type":"","overlay-color":"","overlay-opacity":"","overlay-gradient":""},"mobile":{"background-color":"","background-image":"","background-repeat":"repeat","background-position":"center center","background-size":"auto","background-attachment":"scroll","background-type":"","background-media":"","overlay-type":"","overlay-color":"","overlay-opacity":"","overlay-gradient":""}},"ast-content-background-meta":{"desktop":{"background-color":"var(--ast-global-color-5)","background-image":"","background-repeat":"repeat","background-position":"center center","background-size":"auto","background-attachment":"scroll","background-type":"","background-media":"","overlay-type":"","overlay-color":"","overlay-opacity":"","overlay-gradient":""},"tablet":{"background-color":"var(--ast-global-color-5)","background-image":"","background-repeat":"repeat","background-position":"center center","background-size":"auto","background-attachment":"scroll","background-type":"","background-media":"","overlay-type":"","overlay-color":"","overlay-opacity":"","overlay-gradient":""},"mobile":{"background-color":"var(--ast-global-color-5)","background-image":"","background-repeat":"repeat","background-position":"center center","background-size":"auto","background-attachment":"scroll","background-type":"","background-media":"","overlay-type":"","overlay-color":"","overlay-opacity":"","overlay-gradient":""}}},"product_brand":[],"product_cat":[600,602],"product_tag":[678,631,1459],"class_list":{"0":"post-15971","1":"product","2":"type-product","3":"status-publish","4":"has-post-thumbnail","6":"product_cat-eteriskas-ellas","7":"product_cat-tiras-eteriskas-ellas","8":"product_tag-5ml-lv","9":"product_tag-eteriskas-ellas","10":"product_tag-lemon-myrtle-lv","11":"desktop-align-left","12":"tablet-align-left","13":"mobile-align-left","15":"first","16":"outofstock","17":"sale","18":"taxable","19":"shipping-taxable","20":"purchasable","21":"product-type-simple"},"_links":{"self":[{"href":"https:\/\/mamaterra.lt\/lv\/wp-json\/wp\/v2\/product\/15971","targetHints":{"allow":["GET"]}}],"collection":[{"href":"https:\/\/mamaterra.lt\/lv\/wp-json\/wp\/v2\/product"}],"about":[{"href":"https:\/\/mamaterra.lt\/lv\/wp-json\/wp\/v2\/types\/product"}],"wp:featuredmedia":[{"embeddable":true,"href":"https:\/\/mamaterra.lt\/lv\/wp-json\/wp\/v2\/media\/11862"}],"wp:attachment":[{"href":"https:\/\/mamaterra.lt\/lv\/wp-json\/wp\/v2\/media?parent=15971"}],"wp:term":[{"taxonomy":"product_brand","embeddable":true,"href":"https:\/\/mamaterra.lt\/lv\/wp-json\/wp\/v2\/product_brand?post=15971"},{"taxonomy":"product_cat","embeddable":true,"href":"https:\/\/mamaterra.lt\/lv\/wp-json\/wp\/v2\/product_cat?post=15971"},{"taxonomy":"product_tag","embeddable":true,"href":"https:\/\/mamaterra.lt\/lv\/wp-json\/wp\/v2\/product_tag?post=15971"}],"curies":[{"name":"wp","href":"https:\/\/api.w.org\/{rel}","templated":true}]}}