{"id":15969,"date":"2022-06-23T10:33:59","date_gmt":"2022-06-23T09:33:59","guid":{"rendered":"https:\/\/mamaterra.lt\/parduotuve\/uncategorized\/doterra-volo-difuzors-ar-doterra-green-mandarin-eterisko-ellu-15ml\/"},"modified":"2022-06-23T10:33:59","modified_gmt":"2022-06-23T09:33:59","slug":"doterra-volo-difuzors-un-doterra-zals-mandarins-eteriska-ella-15ml","status":"publish","type":"product","link":"https:\/\/mamaterra.lt\/lv\/parduotuve\/eteriskas-ellas\/tiras-eteriskas-ellas\/doterra-volo-difuzors-un-doterra-zals-mandarins-eteriska-ella-15ml\/","title":{"rendered":"doTERRA Volo difuzors ar doTERRA GREEN MANDARIN \u0113terisko e\u013c\u013cu 15ml"},"content":{"rendered":"<p><strong>doTERRA Volo difuzors ar doTERRA GREEN MANDARIN \u0113terisko e\u013c\u013cu 15ml<\/strong><\/p>\n<p>Da\u017ereiz m\u0113s j\u016btamies nom\u0101kti, jo m\u0113s nesam nastu, kas mums nepieder. Vai var\u0113tu b\u016bt, ka jums tr\u016bkst emocion\u0101l\u0101s ener\u0123ijas, jo j\u016bs uz\u0146ematies atbild\u012bbu par citiem? Padom\u0101jiet par to, kad m\u0113\u0123in\u0101t atv\u0113rt savu sirdi dzi\u013cas un ilgsto\u0161as emocion\u0101las atjauno\u0161an\u0101s iesp\u0113jai.<\/p>\n<p>K\u0101 papildu bonusu Volo\u2122 difuzoru var ieg\u0101d\u0101ties kop\u0101 ar doTERRA za\u013co mandar\u012bnu \u0113terisko e\u013c\u013cu (15 ml). Jums patiks \u0161is fantastiskais duets!<\/p>\n<p>&nbsp;<\/p>\n<p>Noskatieties video par doterra velt\u0146a difuzoru.<\/p>\n<p><iframe title=\"YouTube video atska\u0146ot\u0101js\" src=\"https:\/\/www.youtube-nocookie.com\/embed\/r8Qy24FYIkA\" width=\"560\" height=\"315\" frameborder=\"0\" allowfullscreen=\"allowfullscreen\"><\/iframe><\/p>\n<p>&nbsp;<\/p>\n<p><strong>doTERRA rull\u012b\u0161u difuzors<\/strong><\/p>\n<p>Skaistais doterra velt\u0146a\u2122 ultraska\u0146as difuzors ir onikss ar marmora apdari, kas ir ide\u0101li piem\u0113rots jebkurai m\u0101jas vai biroja telpai. Rull\u012b\u0161u difuzoram ir ar rok\u0101m darin\u0101ta polies\u012bna akmens virsma ar piel\u0101gotu dimanta rakstu un izv\u0113les apgaismojuma funkcij\u0101m: bez gaismas, silts un spilgts dzintars. \u0160im unik\u0101lajam difuzoram ir regul\u0113jams tvaika intensit\u0101tes iestat\u012bjums ar vair\u0101kiem laika iestat\u012bjumiem, kas jums ir piem\u0113roti.<\/p>\n<p><strong>ddoTERRA rull\u012b\u0161u difuzora produkta apraksts:  <\/strong><\/p>\n<ul>\n<li>J\u016bs varat iestat\u012bt, lai darbotos stundu, tr\u012bs un se\u0161as stundas, pat ja tiek izstarots sp\u0113c\u012bg\u0101kais tvaiks.<\/li>\n<li>Darbojas l\u012bdz 14 stund\u0101m, izdalot v\u0101j\u0101ko tvaiku.<\/li>\n<li>Aptver l\u012bdz 28 kvadr\u0101tmetriem. m. Istaba.<\/li>\n<li>Laika indikators tiek autom\u0101tiski aptum\u0161ots.<\/li>\n<li>Apgaismojuma iestat\u012bjumi tiek izv\u0113l\u0113ti: bez apgaismojuma, siltas gaismas vai spilgtas dzintara gaismas.<\/li>\n<\/ul>\n<p>&nbsp;<\/p>\n<p><strong>GREEN MANDARIN Pure doTERRA \u0113terisk\u0101 e\u013c\u013ca 15ml<\/strong><\/p>\n<p>Izmantojiet \u0161o \u0113terisko e\u013c\u013cu 21 dienu p\u0113c k\u0101rtas visos 3 veidos, un j\u016bs piedz\u012bvosiet ne tikai emocion\u0101lu dziedin\u0101\u0161anu, bet ar\u012b citus ieguvumus fiziskajam \u0137ermenim.<\/p>\n<p><strong>Za\u013c\u0101s mandar\u012bnu doTERRA \u0113terisk\u0101s e\u013c\u013cas lietojumi:<\/strong><\/p>\n<ul>\n<li>\u0160\u012b e\u013c\u013ca ir \u012bpa\u0161i piem\u0113rota b\u0113rniem un \u012bpa\u0161i jut\u012bgiem cilv\u0113kiem. Lietojot kop\u0101 ar Lavandu, Vetiveru, Rozi un\/vai Nerolis, j\u016bs pal\u012bdz\u0113siet nomierin\u0101t negat\u012bv\u0101s emocijas un nodro\u0161in\u0101siet fizisku un emocion\u0101lu stabilit\u0101ti.<\/li>\n<li>Lai kontrol\u0113tu dusmas, nervozit\u0101ti un pamodin\u0101tu iek\u0161\u0113jo b\u0113rnu &#8211; tvaic\u0113jiet, piliniet vienu pilienu zem m\u0113les vai dzeriet ar \u016bdeni, k\u0101 ar\u012b uzkl\u0101jiet puls\u0113jo\u0161u zonu (svaid\u012bt\u0101s vietas nedr\u012bkst sa\u0146emt sauli vai citus ultravioletos starus pulksten 12).<\/li>\n<li>Ja da\u017ereiz j\u016btaties k\u0101 balons, uzkl\u0101jiet p\u0113c v\u0113dera at\u0161\u0137aid\u012b\u0161anas, dzeriet ar \u016bdeni.<\/li>\n<\/ul>\n","protected":false},"excerpt":{"rendered":"<ul>\n<li>Skaists doTERRA velt\u0146u\u2122 ultraska\u0146as difuzors<\/li>\n<li>doTERRA Roller difuzors ir oniksa kr\u0101sas marmora apdare, kas ir lieliski piem\u0113rota jebkurai m\u0101jas vai biroja telpai<\/li>\n<li>doTERRA Roller ir unik\u0101ls difuzors, kuram ir regul\u0113jams tvaika intensit\u0101tes iestat\u012bjums ar vair\u0101kiem laika iestat\u012bjumiem, kas jums ir piem\u0113roti<\/li>\n<li>Pievieno za\u013co mandar\u012bnu t\u012bru doTERRA \u0113terisko e\u013c\u013cu 15ml<\/li>\n<\/ul>\n","protected":false},"featured_media":11826,"template":"","meta":{"site-sidebar-layout":"default","site-content-layout":"default","ast-site-content-layout":"default","site-content-style":"default","site-sidebar-style":"default","ast-global-header-display":"","ast-banner-title-visibility":"","ast-main-header-display":"","ast-hfb-above-header-display":"","ast-hfb-below-header-display":"","ast-hfb-mobile-header-display":"","site-post-title":"","ast-breadcrumbs-content":"","ast-featured-img":"","footer-sml-layout":"","ast-disable-related-posts":"","theme-transparent-header-meta":"default","adv-header-id-meta":"","stick-header-meta":"","header-above-stick-meta":"","header-main-stick-meta":"","header-below-stick-meta":"","astra-migrate-meta-layouts":"default","ast-page-background-enabled":"default","ast-page-background-meta":{"desktop":{"background-color":"","background-image":"","background-repeat":"repeat","background-position":"center center","background-size":"auto","background-attachment":"scroll","background-type":"","background-media":"","overlay-type":"","overlay-color":"","overlay-opacity":"","overlay-gradient":""},"tablet":{"background-color":"","background-image":"","background-repeat":"repeat","background-position":"center center","background-size":"auto","background-attachment":"scroll","background-type":"","background-media":"","overlay-type":"","overlay-color":"","overlay-opacity":"","overlay-gradient":""},"mobile":{"background-color":"","background-image":"","background-repeat":"repeat","background-position":"center center","background-size":"auto","background-attachment":"scroll","background-type":"","background-media":"","overlay-type":"","overlay-color":"","overlay-opacity":"","overlay-gradient":""}},"ast-content-background-meta":{"desktop":{"background-color":"var(--ast-global-color-5)","background-image":"","background-repeat":"repeat","background-position":"center center","background-size":"auto","background-attachment":"scroll","background-type":"","background-media":"","overlay-type":"","overlay-color":"","overlay-opacity":"","overlay-gradient":""},"tablet":{"background-color":"var(--ast-global-color-5)","background-image":"","background-repeat":"repeat","background-position":"center center","background-size":"auto","background-attachment":"scroll","background-type":"","background-media":"","overlay-type":"","overlay-color":"","overlay-opacity":"","overlay-gradient":""},"mobile":{"background-color":"var(--ast-global-color-5)","background-image":"","background-repeat":"repeat","background-position":"center center","background-size":"auto","background-attachment":"scroll","background-type":"","background-media":"","overlay-type":"","overlay-color":"","overlay-opacity":"","overlay-gradient":""}}},"product_brand":[],"product_cat":[596,620,618,602],"product_tag":[683,629,1222,631,877],"class_list":{"0":"post-15969","1":"product","2":"type-product","3":"status-publish","4":"has-post-thumbnail","6":"product_cat-difuzori","7":"product_cat-gremosanai","8":"product_cat-nomierinosas","9":"product_cat-tiras-eteriskas-ellas","10":"product_tag-15ml-lv","11":"product_tag-difuzors","12":"product_tag-doterra-lv","13":"product_tag-eteriskas-ellas","14":"product_tag-volo-lv","15":"desktop-align-left","16":"tablet-align-left","17":"mobile-align-left","19":"first","20":"outofstock","21":"taxable","22":"shipping-taxable","23":"purchasable","24":"product-type-simple"},"_links":{"self":[{"href":"https:\/\/mamaterra.lt\/lv\/wp-json\/wp\/v2\/product\/15969","targetHints":{"allow":["GET"]}}],"collection":[{"href":"https:\/\/mamaterra.lt\/lv\/wp-json\/wp\/v2\/product"}],"about":[{"href":"https:\/\/mamaterra.lt\/lv\/wp-json\/wp\/v2\/types\/product"}],"wp:featuredmedia":[{"embeddable":true,"href":"https:\/\/mamaterra.lt\/lv\/wp-json\/wp\/v2\/media\/11826"}],"wp:attachment":[{"href":"https:\/\/mamaterra.lt\/lv\/wp-json\/wp\/v2\/media?parent=15969"}],"wp:term":[{"taxonomy":"product_brand","embeddable":true,"href":"https:\/\/mamaterra.lt\/lv\/wp-json\/wp\/v2\/product_brand?post=15969"},{"taxonomy":"product_cat","embeddable":true,"href":"https:\/\/mamaterra.lt\/lv\/wp-json\/wp\/v2\/product_cat?post=15969"},{"taxonomy":"product_tag","embeddable":true,"href":"https:\/\/mamaterra.lt\/lv\/wp-json\/wp\/v2\/product_tag?post=15969"}],"curies":[{"name":"wp","href":"https:\/\/api.w.org\/{rel}","templated":true}]}}