{"id":15957,"date":"2022-05-10T18:05:21","date_gmt":"2022-05-10T17:05:21","guid":{"rendered":"https:\/\/mamaterra.lt\/parduotuve\/uncategorized\/doterra-bagatinataju-ilgmuzibas-komplekss-llv-muza-vitalitates-komplekts-3-uztura-bagatinataju-kastites\/"},"modified":"2022-05-10T18:05:21","modified_gmt":"2022-05-10T17:05:21","slug":"doterra-bagatinataji-komplekss-llv-muzs-vitalitate-iepakojums-3-klaji","status":"publish","type":"product","link":"https:\/\/mamaterra.lt\/lv\/parduotuve\/vitamini-un-uztura-bagatinataji\/doterra-bagatinataji-komplekss-llv-muzs-vitalitate-iepakojums-3-klaji\/","title":{"rendered":"doTERRA bag\u0101tin\u0101t\u0101ju ilgm\u016b\u017e\u012bbas komplekss &#8211; LLV m\u016b\u017ea vitalit\u0101tes komplekts (3 uztura bag\u0101tin\u0101t\u0101ju kast\u012btes)"},"content":{"rendered":"<p><strong>doTERRA bag\u0101tin\u0101t\u0101ju ilgm\u016b\u017e\u012bbas komplekss &#8211; LLV m\u016b\u017ea vitalit\u0101tes komplekts (3 uztura bag\u0101tin\u0101t\u0101ju kast\u012btes)<\/strong><\/p>\n<p>doTERRA m\u016b\u017ea vitalit\u0101tes komplekts &#8211; ilgm\u016b\u017e\u012bbas komplekss &#8211; ir viens no popul\u0101r\u0101kajiem doTERRA produktiem, kas bag\u0101ts ar b\u016btisk\u0101m uzturviel\u0101m, vielmai\u0146ai noder\u012bg\u0101m viel\u0101m un sp\u0113c\u012bgiem antioksidantiem, lai veicin\u0101tu ener\u0123iju, vesel\u012bbu un vitalit\u0101ti visa m\u016b\u017ea garum\u0101.<\/p>\n<p><strong>doTERRA bag\u0101tin\u0101t\u0101ju ilgm\u016b\u017e\u012bbas komplekss \u2013 LLV m\u016b\u017ea vitalit\u0101tes komplekts (3 uztura bag\u0101tin\u0101t\u0101ju kastes) sast\u0101v no:<\/strong><\/p>\n<ol>\n<li>doTERRA \u0113terisko e\u013c\u013cu un Omega tauksk\u0101bju komplekss xEO MEGA\u2122 (120 kapsulas)<\/li>\n<li>doTERRA bag\u0101tin\u0101t\u0101ju komplekss \u0161\u016bnu dz\u012bvotsp\u0113jai Alfa CRS\u2122+<\/li>\n<li>doTERRA Uzturvielu komplekss mikroplekss VMz\u2122<\/li>\n<\/ol>\n<p>&nbsp;<\/p>\n<p>Apskatiet video par \u0161o apbr\u012bnojamo doterra piedevu kompleksu.<br \/>\n<iframe title=\"YouTube video atska\u0146ot\u0101js\" src=\"https:\/\/www.youtube-nocookie.com\/embed\/eC8j7UUpWN8\" width=\"560\" height=\"315\" frameborder=\"0\" allowfullscreen=\"allowfullscreen\"><\/iframe><\/p>\n<p>&nbsp;<\/p>\n<p><strong>doTERRA bag\u0101tin\u0101t\u0101ju ilgm\u016b\u017e\u012bbas komplekss \u2013 LLV m\u016b\u017ea vitalit\u0101tes komplekts Galvenie ieguvumi:<\/strong><\/p>\n<ul>\n<li>Visp\u0101r\u0113j\u0101 labkl\u0101j\u012bba un vitalit\u0101te<\/li>\n<li>Antioksidanti un DNS aizsardz\u012bba<\/li>\n<li>Ener\u0123ijas metabolisms<\/li>\n<li>Kaulu vesel\u012bba<\/li>\n<li>Im\u016bn\u0101 funkcija<\/li>\n<li>Stresa mened\u017ements<\/li>\n<li>Sirds un asinsvadu vesel\u012bba<\/li>\n<li>Vesel\u012bgi mati, \u0101da un nagi<\/li>\n<li>Acis, smadzenes, nervu sist\u0113ma<\/li>\n<li>Aknu darb\u012bba un gremo\u0161anas sist\u0113mas vesel\u012bba<\/li>\n<li>Plau\u0161u un elpce\u013cu vesel\u012bba<\/li>\n<li>Saudz\u012bgs pret v\u0113deru<\/li>\n<li>Nesatur \u0123en\u0113tiski modific\u0113tas vielas, bez piena produktiem<\/li>\n<\/ul>\n<p><strong>doTERRA bag\u0101tin\u0101t\u0101ji Ilgtermi\u0146a komplekss &#8211; LLV Lifelong Vitality Pack Long Apraksts:<\/strong><\/p>\n<p>doTERRA m\u016b\u017ea vitalit\u0101te &#8211; Ilgm\u016b\u017e\u012bbas programma \u013cauj spert pirmo soli pret\u012b vitalit\u0101tei un labkl\u0101j\u012bbai visa m\u016b\u017ea garum\u0101 &#8211; t\u0101 ir \u0113rta un l\u0113ta. M\u016bsu vesel\u012bba un vitalit\u0101te visa m\u016b\u017ea garum\u0101 ir atkar\u012bga no daudziem faktoriem, tostarp uztura, fizisk\u0101m aktivit\u0101t\u0113m, svara regul\u0113\u0161anas, atp\u016btas, stresa kontroles, toks\u012bnu iedarb\u012bbas un iedzimtas \u0123en\u0113tiskas noslieces uz slim\u012bb\u0101m vai atvese\u013co\u0161anos. Lai gan da\u017eus no \u0161iem main\u012bgajiem lielumiem m\u0113s absol\u016bti nekontrol\u0113jam, progres\u012bvie p\u0113t\u012bjumi atkl\u0101j daudzus veidus, k\u0101 m\u0113s varam ietekm\u0113t &#8211; un pat kontrol\u0113t &#8211; svar\u012bgos noveco\u0161an\u0101s un labkl\u0101j\u012bbas faktorus. Ilgs m\u016b\u017es, kas ir pilns ar vitalit\u0101ti un vesel\u012bgu noveco\u0161anos, s\u0101kas ar to, ka m\u0113s nodro\u0161in\u0101m \u0161\u016bnas ar nepiecie\u0161amaj\u0101m bar\u012bbas viel\u0101m un vielmai\u0146as faktoriem, kas pal\u012bdz t\u0101m optim\u0101li darboties. Ietaupiet iev\u0113rojamu summu, p\u0113rkot \u0161os tr\u012bs produktus kop\u0101 \u0113rt\u0101 iepakojum\u0101!<\/p>\n<p><strong>doTERRA bag\u0101tin\u0101t\u0101ju ilgm\u016b\u017e\u012bbas komplekss &#8211; LLV m\u016b\u017ea vitalit\u0101tes pakotnes lieto\u0161anas padomi:<\/strong><\/p>\n<p>Lietojiet katru formulu no r\u012bta un vakar\u0101 kop\u0101 ar \u0113dienu vai visu no tiem, k\u0101 nor\u0101d\u012bts uz pudeles. J\u016bs varat lietot l\u012bdz \u010detr\u0101m katra papildin\u0101juma dev\u0101m dien\u0101. Maksim\u0101l\u0101s piedevu devas lieto\u0161ana b\u016bs pietiekama m\u0113nesim.<\/p>\n<p>Lasiet vair\u0101k par \u0161o papildin\u0101jumu kompleksu <strong><br \/>\n  <a href=\"https:\/\/mamaterra.lt\/doterra-lifelong-vitality-pack-ilgaamziskumo-kompleksas-omega3-antioksidantai-vitaminai-mineralai-augalinesomega3\/\" target=\"_blank\" rel=\"noopener\">\u0161eit<\/a><br \/>\n<\/strong>.<\/p>\n","protected":false},"excerpt":{"rendered":"<ul>\n<li>doTERRA m\u016b\u017ea vitalit\u0101tes komplekts &#8211; ilgm\u016b\u017e\u012bbas komplekss &#8211; ir viens no popul\u0101r\u0101kajiem doTERRA produktiem, kas bag\u0101ts ar b\u016btisk\u0101m uzturviel\u0101m, vielmai\u0146u labv\u0113l\u012bg\u0101m viel\u0101m un sp\u0113c\u012bgiem antioksidantiem, lai veicin\u0101tu ener\u0123iju, vesel\u012bbu un vitalit\u0101ti visa m\u016b\u017ea garum\u0101<\/li>\n<li>Komplekss sast\u0101v no 3 da\u017e\u0101diem doTERRA papildin\u0101jumiem:<\/li>\n<\/ul>\n<ol>\n<li style=\"list-style-type: none;\">\n<ol>\n<li>doTERRA \u0113terisko e\u013c\u013cu un Omega tauksk\u0101bju komplekss xEO MEGA\u2122 (120 kapsulas)<\/li>\n<li>doTERRA bag\u0101tin\u0101t\u0101ju komplekss \u0161\u016bnu dz\u012bvotsp\u0113jai Alfa CRS\u2122+<\/li>\n<li>doTERRA bar\u012bbas vielu komplekss Microplex VMz\u2122<\/li>\n<\/ol>\n<\/li>\n<\/ol>\n","protected":false},"featured_media":11809,"template":"","meta":{"site-sidebar-layout":"default","site-content-layout":"default","ast-site-content-layout":"default","site-content-style":"default","site-sidebar-style":"default","ast-global-header-display":"","ast-banner-title-visibility":"","ast-main-header-display":"","ast-hfb-above-header-display":"","ast-hfb-below-header-display":"","ast-hfb-mobile-header-display":"","site-post-title":"","ast-breadcrumbs-content":"","ast-featured-img":"","footer-sml-layout":"","ast-disable-related-posts":"","theme-transparent-header-meta":"default","adv-header-id-meta":"","stick-header-meta":"","header-above-stick-meta":"","header-main-stick-meta":"","header-below-stick-meta":"","astra-migrate-meta-layouts":"default","ast-page-background-enabled":"default","ast-page-background-meta":{"desktop":{"background-color":"","background-image":"","background-repeat":"repeat","background-position":"center center","background-size":"auto","background-attachment":"scroll","background-type":"","background-media":"","overlay-type":"","overlay-color":"","overlay-opacity":"","overlay-gradient":""},"tablet":{"background-color":"","background-image":"","background-repeat":"repeat","background-position":"center center","background-size":"auto","background-attachment":"scroll","background-type":"","background-media":"","overlay-type":"","overlay-color":"","overlay-opacity":"","overlay-gradient":""},"mobile":{"background-color":"","background-image":"","background-repeat":"repeat","background-position":"center center","background-size":"auto","background-attachment":"scroll","background-type":"","background-media":"","overlay-type":"","overlay-color":"","overlay-opacity":"","overlay-gradient":""}},"ast-content-background-meta":{"desktop":{"background-color":"var(--ast-global-color-5)","background-image":"","background-repeat":"repeat","background-position":"center center","background-size":"auto","background-attachment":"scroll","background-type":"","background-media":"","overlay-type":"","overlay-color":"","overlay-opacity":"","overlay-gradient":""},"tablet":{"background-color":"var(--ast-global-color-5)","background-image":"","background-repeat":"repeat","background-position":"center center","background-size":"auto","background-attachment":"scroll","background-type":"","background-media":"","overlay-type":"","overlay-color":"","overlay-opacity":"","overlay-gradient":""},"mobile":{"background-color":"var(--ast-global-color-5)","background-image":"","background-repeat":"repeat","background-position":"center center","background-size":"auto","background-attachment":"scroll","background-type":"","background-media":"","overlay-type":"","overlay-color":"","overlay-opacity":"","overlay-gradient":""}}},"product_brand":[],"product_cat":[621],"product_tag":[1222,643],"class_list":{"0":"post-15957","1":"product","2":"type-product","3":"status-publish","4":"has-post-thumbnail","6":"product_cat-vitamini-un-uztura-bagatinataji","7":"product_tag-doterra-lv","8":"product_tag-populars","9":"desktop-align-left","10":"tablet-align-left","11":"mobile-align-left","13":"first","14":"instock","15":"taxable","16":"shipping-taxable","17":"purchasable","18":"product-type-simple"},"_links":{"self":[{"href":"https:\/\/mamaterra.lt\/lv\/wp-json\/wp\/v2\/product\/15957","targetHints":{"allow":["GET"]}}],"collection":[{"href":"https:\/\/mamaterra.lt\/lv\/wp-json\/wp\/v2\/product"}],"about":[{"href":"https:\/\/mamaterra.lt\/lv\/wp-json\/wp\/v2\/types\/product"}],"wp:featuredmedia":[{"embeddable":true,"href":"https:\/\/mamaterra.lt\/lv\/wp-json\/wp\/v2\/media\/11809"}],"wp:attachment":[{"href":"https:\/\/mamaterra.lt\/lv\/wp-json\/wp\/v2\/media?parent=15957"}],"wp:term":[{"taxonomy":"product_brand","embeddable":true,"href":"https:\/\/mamaterra.lt\/lv\/wp-json\/wp\/v2\/product_brand?post=15957"},{"taxonomy":"product_cat","embeddable":true,"href":"https:\/\/mamaterra.lt\/lv\/wp-json\/wp\/v2\/product_cat?post=15957"},{"taxonomy":"product_tag","embeddable":true,"href":"https:\/\/mamaterra.lt\/lv\/wp-json\/wp\/v2\/product_tag?post=15957"}],"curies":[{"name":"wp","href":"https:\/\/api.w.org\/{rel}","templated":true}]}}