{"id":15954,"date":"2022-07-01T09:40:24","date_gmt":"2022-07-01T08:40:24","guid":{"rendered":"https:\/\/mamaterra.lt\/parduotuve\/uncategorized\/doterra-amber-colours-dzirkstosais-roku-mazgasanas-dozators-amber-foaming-hand-wash-dispenser-236-5ml\/"},"modified":"2022-07-01T09:40:24","modified_gmt":"2022-07-01T08:40:24","slug":"doterra-dzintara-krasas-putosanas-tirisanas-dozators-dzintara-putosanas-roku-mazgasanas-dozators-236ml","status":"publish","type":"product","link":"https:\/\/mamaterra.lt\/lv\/parduotuve\/higiena-un-adas-kopsana\/doterra-dzintara-krasas-putosanas-tirisanas-dozators-dzintara-putosanas-roku-mazgasanas-dozators-236ml\/","title":{"rendered":"doTERRA Amber Colours Dzirksto\u0161ais roku mazg\u0101\u0161anas dozators (Amber Foaming Hand Wash Dispenser) 236.5ml"},"content":{"rendered":"<p><strong>doTERRA Amber Colours Dzirksto\u0161ais roku mazg\u0101\u0161anas dozators (Amber Foaming Hand Wash Dispenser) 236ml<\/strong><\/p>\n<ul>\n<li>Dzintara kr\u0101sas putojo\u0161ais roku mazg\u0101t\u0101js ir ide\u0101ls veids, k\u0101 izbaud\u012bt iecien\u012bt\u0101s doTERRA dzirksto\u0161\u0101s roku ziepes.<\/li>\n<li>Ar unik\u0101lu stil\u012bgu dizainu<b> 236,5 ml <\/b>dozators lieliski papildin\u0101s katru virtuvi vai vannas istabu: pateicoties vienk\u0101r\u0161am uzlabotam s\u016bknim, j\u016bs varat turpin\u0101t baud\u012bt iecien\u012bt\u0101kos arom\u0101tus m\u0101j\u0101s vai biroj\u0101!<\/li>\n<\/ul>\n<p>S\u0101kot ar \u0161odienu, j\u016bs paman\u012bsit, ka On Guard\u2122 roku mazg\u0101\u0161anas dozators tiks aizst\u0101ts ar \u0161o uzlaboto piederumu, kas iek\u013cauts atlas\u012btajos doTERRA komplektos. On Guard\u2122 roku mazg\u0101\u0161anas dozators vairs netiek ra\u017eots un no \u0161odienas vairs netiks iek\u013cauts komplektos. J\u016bs var\u0113siet ieg\u0101d\u0101ties \u0161o dozatoru atsevi\u0161\u0137i, l\u012bdz mums b\u016bs \u0161o pre\u010du atlikums.<\/p>\n<p>&nbsp;<\/p>\n","protected":false},"excerpt":{"rendered":"<ul>\n<li>Dzintara kr\u0101sas putojo\u0161ais roku mazg\u0101t\u0101js ir ide\u0101ls veids, k\u0101 izbaud\u012bt iecien\u012bt\u0101s doTERRA dzirksto\u0161\u0101s roku ziepes.<\/li>\n<li>Ar unik\u0101lu stil\u012bgu dizainu<b> 236,5 ml <\/b>dozators lieliski papildin\u0101s katru virtuvi vai vannas istabu: pateicoties vienk\u0101r\u0161am uzlabotam s\u016bknim, j\u016bs varat turpin\u0101t baud\u012bt iecien\u012bt\u0101kos arom\u0101tus m\u0101j\u0101s vai biroj\u0101!<\/li>\n<\/ul>\n","protected":false},"featured_media":11830,"template":"","meta":{"site-sidebar-layout":"default","site-content-layout":"default","ast-site-content-layout":"default","site-content-style":"default","site-sidebar-style":"default","ast-global-header-display":"","ast-banner-title-visibility":"","ast-main-header-display":"","ast-hfb-above-header-display":"","ast-hfb-below-header-display":"","ast-hfb-mobile-header-display":"","site-post-title":"","ast-breadcrumbs-content":"","ast-featured-img":"","footer-sml-layout":"","ast-disable-related-posts":"","theme-transparent-header-meta":"default","adv-header-id-meta":"","stick-header-meta":"","header-above-stick-meta":"","header-main-stick-meta":"","header-below-stick-meta":"","astra-migrate-meta-layouts":"default","ast-page-background-enabled":"default","ast-page-background-meta":{"desktop":{"background-color":"","background-image":"","background-repeat":"repeat","background-position":"center center","background-size":"auto","background-attachment":"scroll","background-type":"","background-media":"","overlay-type":"","overlay-color":"","overlay-opacity":"","overlay-gradient":""},"tablet":{"background-color":"","background-image":"","background-repeat":"repeat","background-position":"center center","background-size":"auto","background-attachment":"scroll","background-type":"","background-media":"","overlay-type":"","overlay-color":"","overlay-opacity":"","overlay-gradient":""},"mobile":{"background-color":"","background-image":"","background-repeat":"repeat","background-position":"center center","background-size":"auto","background-attachment":"scroll","background-type":"","background-media":"","overlay-type":"","overlay-color":"","overlay-opacity":"","overlay-gradient":""}},"ast-content-background-meta":{"desktop":{"background-color":"var(--ast-global-color-5)","background-image":"","background-repeat":"repeat","background-position":"center center","background-size":"auto","background-attachment":"scroll","background-type":"","background-media":"","overlay-type":"","overlay-color":"","overlay-opacity":"","overlay-gradient":""},"tablet":{"background-color":"var(--ast-global-color-5)","background-image":"","background-repeat":"repeat","background-position":"center center","background-size":"auto","background-attachment":"scroll","background-type":"","background-media":"","overlay-type":"","overlay-color":"","overlay-opacity":"","overlay-gradient":""},"mobile":{"background-color":"var(--ast-global-color-5)","background-image":"","background-repeat":"repeat","background-position":"center center","background-size":"auto","background-attachment":"scroll","background-type":"","background-media":"","overlay-type":"","overlay-color":"","overlay-opacity":"","overlay-gradient":""}}},"product_brand":[],"product_cat":[604],"product_tag":[825,678,657,658],"class_list":{"0":"post-15954","1":"product","2":"type-product","3":"status-publish","4":"has-post-thumbnail","6":"product_cat-higiena-un-adas-kopsana","7":"product_tag-236-lv","8":"product_tag-5ml-lv","9":"product_tag-dozators","10":"product_tag-dozators-lv","11":"desktop-align-left","12":"tablet-align-left","13":"mobile-align-left","15":"first","16":"instock","17":"taxable","18":"shipping-taxable","19":"purchasable","20":"product-type-simple"},"_links":{"self":[{"href":"https:\/\/mamaterra.lt\/lv\/wp-json\/wp\/v2\/product\/15954","targetHints":{"allow":["GET"]}}],"collection":[{"href":"https:\/\/mamaterra.lt\/lv\/wp-json\/wp\/v2\/product"}],"about":[{"href":"https:\/\/mamaterra.lt\/lv\/wp-json\/wp\/v2\/types\/product"}],"wp:featuredmedia":[{"embeddable":true,"href":"https:\/\/mamaterra.lt\/lv\/wp-json\/wp\/v2\/media\/11830"}],"wp:attachment":[{"href":"https:\/\/mamaterra.lt\/lv\/wp-json\/wp\/v2\/media?parent=15954"}],"wp:term":[{"taxonomy":"product_brand","embeddable":true,"href":"https:\/\/mamaterra.lt\/lv\/wp-json\/wp\/v2\/product_brand?post=15954"},{"taxonomy":"product_cat","embeddable":true,"href":"https:\/\/mamaterra.lt\/lv\/wp-json\/wp\/v2\/product_cat?post=15954"},{"taxonomy":"product_tag","embeddable":true,"href":"https:\/\/mamaterra.lt\/lv\/wp-json\/wp\/v2\/product_tag?post=15954"}],"curies":[{"name":"wp","href":"https:\/\/api.w.org\/{rel}","templated":true}]}}