{"id":15953,"date":"2022-08-26T07:09:13","date_gmt":"2022-08-26T06:09:13","guid":{"rendered":"https:\/\/mamaterra.lt\/parduotuve\/uncategorized\/doterra-difuzora-pilot-ar-doterra-peppermint-eterisko-ellu-15ml\/"},"modified":"2022-08-26T07:09:13","modified_gmt":"2022-08-26T06:09:13","slug":"doterra-difuzors-pilots-ar-doterra-piparmetru-essential-ellu-15ml","status":"publish","type":"product","link":"https:\/\/mamaterra.lt\/lv\/parduotuve\/davanas\/davanas-sievietem\/doterra-difuzors-pilots-ar-doterra-piparmetru-essential-ellu-15ml\/","title":{"rendered":"doTERRA difuzora PILOT ar doTERRA PEPPERMINT \u0113terisko e\u013c\u013cu 15ml"},"content":{"rendered":"<p><strong>doTERRA difuzora PILOT ar doTERRA PEPPERMINT \u0113terisko e\u013c\u013cu 15ml<\/strong><\/p>\n<p>Izm\u0113\u0123iniet \u0161o neticamo duetu no doTERRA.<\/p>\n<p>&nbsp;<\/p>\n<p><strong>doTERRA difuzors PILoT\u2122<\/strong><\/p>\n<p>Kompakts Pilot difuzors ar piparm\u0113tru \u0113terisko e\u013c\u013cu, kas ir oblig\u0101ta katr\u0101 m\u0101j\u0101. Ide\u0101li piem\u0113rots automa\u0161\u012bnai, vannas istabai vai darbagaldam.<\/p>\n<p>\u0112rts un bez jucek\u013ca Pilot ir lieliski piem\u0113rots maz\u0101k\u0101m telp\u0101m. Kompakts un neitr\u0101ls difuzors ieder\u0113sies jebkur\u0101 vid\u0113.<\/p>\n<ul>\n<li>Difuzors ar uzl\u0101d\u0113jamu akumulatoru. USB savienot\u0101js un 2.4A automa\u0161\u012bnas adapteris<\/li>\n<li>Difuzors Izstr\u0101d\u0101ts atbild\u012bgi, izmantojot videi draudz\u012bgus materi\u0101lus<\/li>\n<li>Regul\u0113jama iztvaiko\u0161anas stipr\u012bba: \u010detras stundas nep\u0101rtrauktas darb\u012bbas vai asto\u0146as stundas nep\u0101rtrauktas darb\u012bbas ar p\u0101rtraukumiem<\/li>\n<li>Rad\u012bts atbild\u012bgi, izmantojot videi draudz\u012bgus materi\u0101lus<\/li>\n<li>To p\u0101rdod ar \u0113rtu futr\u0101li p\u0101rvad\u0101\u0161anai<\/li>\n<\/ul>\n<p>Vair\u0101k par <a href=\"https:\/\/mamaterra.lt\/eteriniai-aliejai-ir-doterra-pilot-difuzorius\/\" target=\"_blank\" rel=\"noopener\"><br \/>\n<strong>doTERRA difuzoru PILoT\u2122<\/strong> lasi \u0161eit<br \/>\n  <\/a>.<\/p>\n<p>Noskatieties video par doTERRA Pilot difuzoru.<\/p>\n<p><iframe title=\"YouTube video atska\u0146ot\u0101js\" src=\"https:\/\/www.youtube-nocookie.com\/embed\/RwMpNnCxscU\" width=\"560\" height=\"315\" frameborder=\"0\" allowfullscreen=\"allowfullscreen\"><\/iframe><\/p>\n","protected":false},"excerpt":{"rendered":"<ul>\n<li>Difuzors ar uzl\u0101d\u0113jamu akumulatoru. USB savienot\u0101js un 2.4A automa\u0161\u012bnas adapteris<\/li>\n<li>Regul\u0113jama iztvaiko\u0161anas stipr\u012bba: \u010detras stundas nep\u0101rtrauktas darb\u012bbas vai asto\u0146as stundas nep\u0101rtrauktas darb\u012bbas ar p\u0101rtraukumiem<\/li>\n<li>Ide\u0101li piem\u0113rots automa\u0161\u012bnai, vannas istabai vai darbagaldam<\/li>\n<li>doTERRA PIPARM\u0112TRU \u0113terisk\u0101 e\u013c\u013ca 15 ml<\/li>\n<\/ul>\n","protected":false},"featured_media":11890,"template":"","meta":{"site-sidebar-layout":"default","site-content-layout":"default","ast-site-content-layout":"default","site-content-style":"default","site-sidebar-style":"default","ast-global-header-display":"","ast-banner-title-visibility":"","ast-main-header-display":"","ast-hfb-above-header-display":"","ast-hfb-below-header-display":"","ast-hfb-mobile-header-display":"","site-post-title":"","ast-breadcrumbs-content":"","ast-featured-img":"","footer-sml-layout":"","ast-disable-related-posts":"","theme-transparent-header-meta":"default","adv-header-id-meta":"","stick-header-meta":"","header-above-stick-meta":"","header-main-stick-meta":"","header-below-stick-meta":"","astra-migrate-meta-layouts":"default","ast-page-background-enabled":"default","ast-page-background-meta":{"desktop":{"background-color":"","background-image":"","background-repeat":"repeat","background-position":"center center","background-size":"auto","background-attachment":"scroll","background-type":"","background-media":"","overlay-type":"","overlay-color":"","overlay-opacity":"","overlay-gradient":""},"tablet":{"background-color":"","background-image":"","background-repeat":"repeat","background-position":"center center","background-size":"auto","background-attachment":"scroll","background-type":"","background-media":"","overlay-type":"","overlay-color":"","overlay-opacity":"","overlay-gradient":""},"mobile":{"background-color":"","background-image":"","background-repeat":"repeat","background-position":"center center","background-size":"auto","background-attachment":"scroll","background-type":"","background-media":"","overlay-type":"","overlay-color":"","overlay-opacity":"","overlay-gradient":""}},"ast-content-background-meta":{"desktop":{"background-color":"var(--ast-global-color-5)","background-image":"","background-repeat":"repeat","background-position":"center center","background-size":"auto","background-attachment":"scroll","background-type":"","background-media":"","overlay-type":"","overlay-color":"","overlay-opacity":"","overlay-gradient":""},"tablet":{"background-color":"var(--ast-global-color-5)","background-image":"","background-repeat":"repeat","background-position":"center center","background-size":"auto","background-attachment":"scroll","background-type":"","background-media":"","overlay-type":"","overlay-color":"","overlay-opacity":"","overlay-gradient":""},"mobile":{"background-color":"var(--ast-global-color-5)","background-image":"","background-repeat":"repeat","background-position":"center center","background-size":"auto","background-attachment":"scroll","background-type":"","background-media":"","overlay-type":"","overlay-color":"","overlay-opacity":"","overlay-gradient":""}}},"product_brand":[],"product_cat":[597,598,599,596,617,620,611,612,615],"product_tag":[629,1031,1013],"class_list":{"0":"post-15953","1":"product","2":"type-product","3":"status-publish","4":"has-post-thumbnail","6":"product_cat-davanas","7":"product_cat-davanas-sievietem","8":"product_cat-davanas-viriesiem","9":"product_cat-difuzori","10":"product_cat-gaisa-attirisana","11":"product_cat-gremosanai","12":"product_cat-koncentresanas","13":"product_cat-masazai","14":"product_cat-no-odiem-un-ercem","15":"product_tag-difuzors","16":"product_tag-peppermint-lv","17":"product_tag-pilot-lv","18":"desktop-align-left","19":"tablet-align-left","20":"mobile-align-left","22":"first","23":"outofstock","24":"taxable","25":"shipping-taxable","26":"purchasable","27":"product-type-simple"},"_links":{"self":[{"href":"https:\/\/mamaterra.lt\/lv\/wp-json\/wp\/v2\/product\/15953","targetHints":{"allow":["GET"]}}],"collection":[{"href":"https:\/\/mamaterra.lt\/lv\/wp-json\/wp\/v2\/product"}],"about":[{"href":"https:\/\/mamaterra.lt\/lv\/wp-json\/wp\/v2\/types\/product"}],"wp:featuredmedia":[{"embeddable":true,"href":"https:\/\/mamaterra.lt\/lv\/wp-json\/wp\/v2\/media\/11890"}],"wp:attachment":[{"href":"https:\/\/mamaterra.lt\/lv\/wp-json\/wp\/v2\/media?parent=15953"}],"wp:term":[{"taxonomy":"product_brand","embeddable":true,"href":"https:\/\/mamaterra.lt\/lv\/wp-json\/wp\/v2\/product_brand?post=15953"},{"taxonomy":"product_cat","embeddable":true,"href":"https:\/\/mamaterra.lt\/lv\/wp-json\/wp\/v2\/product_cat?post=15953"},{"taxonomy":"product_tag","embeddable":true,"href":"https:\/\/mamaterra.lt\/lv\/wp-json\/wp\/v2\/product_tag?post=15953"}],"curies":[{"name":"wp","href":"https:\/\/api.w.org\/{rel}","templated":true}]}}