{"id":15951,"date":"2022-06-09T20:11:14","date_gmt":"2022-06-09T19:11:14","guid":{"rendered":"https:\/\/mamaterra.lt\/parduotuve\/uncategorized\/doterra-eterisko-ellu-komplekta-majas-essentials-komplekts-ar-doterra-ziedlapinu-2-0-difuzoru\/"},"modified":"2022-06-09T20:11:14","modified_gmt":"2022-06-09T19:11:14","slug":"doterra-essential-oil-kit-home-essentials-kit-with-doterra-petal-2-0-diffuser","status":"publish","type":"product","link":"https:\/\/mamaterra.lt\/lv\/parduotuve\/eteriskas-ellas\/eterisko-ellu-maisijumi\/doterra-essential-oil-kit-home-essentials-kit-with-doterra-petal-2-0-diffuser\/","title":{"rendered":"doTERRA \u0113terisko e\u013c\u013cu komplekta m\u0101jas essentials komplekts ar DoTERRA ziedlapi\u0146u 2.0 difuzoru"},"content":{"rendered":"<p><strong>doTERRA \u0113terisko e\u013c\u013cu komplekta m\u0101jas essentials komplekts ar DoTERRA ziedlapi\u0146u 2.0 difuzoru<\/strong><\/p>\n<p>6 doTERRA \u0113terisk\u0101s e\u013c\u013cas pa 15ml un 4 doTERRA \u0113terisko e\u013c\u013cu mais\u012bjumi pa 5ml katrs<\/p>\n<p>&nbsp;<\/p>\n<p><strong>doTERRA \u0113terisko e\u013c\u013cu komplekta m\u0101jas essentials komplekta komplekts<\/strong><\/p>\n<p>\u0160is komplekts ir lieliska izv\u0113le, ja esat nol\u0113mis s\u0101kt lietot doTERRA sav\u0101s m\u0101j\u0101s.<\/p>\n<p>Tas sast\u0101v no 10 pamata, galvenok\u0101rt izmantot\u0101m \u0113teriskaj\u0101m e\u013c\u013c\u0101m un mais\u012bjumiem, k\u0101 ar\u012b 33 kv.m. Ziedlapu difuzors, kas piem\u0113rots telpai.<\/p>\n<p>Tie ir nepiecie\u0161amie ikdienas pamatprodukti, kas vec\u0101kiem ir nepiecie\u0161ami. Izm\u0113\u0123iniet neskait\u0101mos veidus, k\u0101 doTERRA CPTG\u2122 \u0113terisk\u0101s e\u013c\u013cas var pal\u012bdz\u0113t jums pal\u012bdz\u0113t j\u016bsu \u0123imenei. Kolekcij\u0101 atrad\u012bsiet ar\u012b doTERRA Essentials katalogu &#8211; bukletu.<\/p>\n<p><strong>doTERRA \u0113terisko e\u013c\u013cu komplekts Home Essentials Kit \u0113terisk\u0101s e\u013c\u013cas 15ml:<\/strong><\/p>\n<ul>\n<li>Bosvelija<\/li>\n<li>Lavanda<\/li>\n<li>Citrons<\/li>\n<li>T\u0113jas koks<\/li>\n<li>Oregano<\/li>\n<li>Piparm\u0113tru<\/li>\n<\/ul>\n<p><strong>DoTERRA \u0113terisko e\u013c\u013cu komplekts Home Essentials Kit Essentials Kit \u0113terisko e\u013c\u013cu mais\u012bjumi pa 15ml katrs (ja vien nav nor\u0101d\u012bts cit\u0101di):<\/strong><\/p>\n<ul>\n<li>doTERRA Gaiss\u2122<\/li>\n<li>Dzi\u013ci zils\u2122 (5 ml)<\/li>\n<li>ZenGest\u2122<\/li>\n<li>Sardz\u0113\u2122<\/li>\n<\/ul>\n<p>&nbsp;<\/p>\n<p><strong>doTERRA ziedlapi\u0146a 2.0 difuzors<\/strong><\/p>\n<p>Doterra ziedlapu difuzors ir mazs un viegli lietojams difuzors ar vair\u0101k\u0101m priek\u0161roc\u012bb\u0101m. \u0160is \u0113rtais difuzors ir stabils, viegls, viegli lietojams.<\/p>\n<ul>\n<li>Petal 2.0 Ultraska\u0146as difuzors<\/li>\n<li>Papildu LED apgaismojums<\/li>\n<li>2 un 6 stundas nep\u0101rtrauktas darb\u012bbas un 12 stundas periodiskas darb\u012bbas (5 min\u016btes iesl\u0113gtas, 5 min\u016btes izsl\u0113gtas) iztvaiko\u0161anas iestat\u012bjumi<\/li>\n<li>\u012apa\u0161i viegls tvaiks, kas aptver plat\u012bbu l\u012bdz 33 m2<\/li>\n<\/ul>\n<p>Noskatieties video par to, k\u0101 izmantot Petal 2.0 difuzoru.<\/p>\n<p><iframe title=\"YouTube video atska\u0146ot\u0101js\" src=\"https:\/\/www.youtube-nocookie.com\/embed\/OmkVmTKdqbc\" width=\"560\" height=\"315\" frameborder=\"0\" allowfullscreen=\"allowfullscreen\"><\/iframe><\/p>\n","protected":false},"excerpt":{"rendered":"<ul>\n<li>Komplekts sast\u0101v no 10 da\u017e\u0101d\u0101m doterra \u0113teriskaj\u0101m e\u013c\u013c\u0101m<\/li>\n<li>Komplekt\u0101 ietilpst doTERRA Petal 2.0 difuzors<\/li>\n<li>DoTERRA Essentials katalogs<\/li>\n<li>\u0160is komplekts ir lieliska izv\u0113le, ja esat nol\u0113mis s\u0101kt lietot doTERRA sav\u0101s m\u0101j\u0101s.<\/li>\n<\/ul>\n","protected":false},"featured_media":11823,"template":"","meta":{"site-sidebar-layout":"default","site-content-layout":"default","ast-site-content-layout":"default","site-content-style":"default","site-sidebar-style":"default","ast-global-header-display":"","ast-banner-title-visibility":"","ast-main-header-display":"","ast-hfb-above-header-display":"","ast-hfb-below-header-display":"","ast-hfb-mobile-header-display":"","site-post-title":"","ast-breadcrumbs-content":"","ast-featured-img":"","footer-sml-layout":"","ast-disable-related-posts":"","theme-transparent-header-meta":"default","adv-header-id-meta":"","stick-header-meta":"","header-above-stick-meta":"","header-main-stick-meta":"","header-below-stick-meta":"","astra-migrate-meta-layouts":"default","ast-page-background-enabled":"default","ast-page-background-meta":{"desktop":{"background-color":"","background-image":"","background-repeat":"repeat","background-position":"center center","background-size":"auto","background-attachment":"scroll","background-type":"","background-media":"","overlay-type":"","overlay-color":"","overlay-opacity":"","overlay-gradient":""},"tablet":{"background-color":"","background-image":"","background-repeat":"repeat","background-position":"center center","background-size":"auto","background-attachment":"scroll","background-type":"","background-media":"","overlay-type":"","overlay-color":"","overlay-opacity":"","overlay-gradient":""},"mobile":{"background-color":"","background-image":"","background-repeat":"repeat","background-position":"center center","background-size":"auto","background-attachment":"scroll","background-type":"","background-media":"","overlay-type":"","overlay-color":"","overlay-opacity":"","overlay-gradient":""}},"ast-content-background-meta":{"desktop":{"background-color":"var(--ast-global-color-5)","background-image":"","background-repeat":"repeat","background-position":"center center","background-size":"auto","background-attachment":"scroll","background-type":"","background-media":"","overlay-type":"","overlay-color":"","overlay-opacity":"","overlay-gradient":""},"tablet":{"background-color":"var(--ast-global-color-5)","background-image":"","background-repeat":"repeat","background-position":"center center","background-size":"auto","background-attachment":"scroll","background-type":"","background-media":"","overlay-type":"","overlay-color":"","overlay-opacity":"","overlay-gradient":""},"mobile":{"background-color":"var(--ast-global-color-5)","background-image":"","background-repeat":"repeat","background-position":"center center","background-size":"auto","background-attachment":"scroll","background-type":"","background-media":"","overlay-type":"","overlay-color":"","overlay-opacity":"","overlay-gradient":""}}},"product_brand":[],"product_cat":[596,600,601,603,602],"product_tag":[683,678,629,631,632,635,649],"class_list":{"0":"post-15951","1":"product","2":"type-product","3":"status-publish","4":"has-post-thumbnail","6":"product_cat-difuzori","7":"product_cat-eteriskas-ellas","8":"product_cat-eterisko-ellu-maisijumi","9":"product_cat-komplekti-un-kolekcijas","10":"product_cat-tiras-eteriskas-ellas","11":"product_tag-15ml-lv","12":"product_tag-5ml-lv","13":"product_tag-difuzors","14":"product_tag-eteriskas-ellas","15":"product_tag-eterisko-ellu-maisijumi","16":"product_tag-kolekcijas","17":"product_tag-komplekti","18":"desktop-align-left","19":"tablet-align-left","20":"mobile-align-left","22":"first","23":"instock","24":"sale","25":"taxable","26":"shipping-taxable","27":"purchasable","28":"product-type-simple"},"_links":{"self":[{"href":"https:\/\/mamaterra.lt\/lv\/wp-json\/wp\/v2\/product\/15951","targetHints":{"allow":["GET"]}}],"collection":[{"href":"https:\/\/mamaterra.lt\/lv\/wp-json\/wp\/v2\/product"}],"about":[{"href":"https:\/\/mamaterra.lt\/lv\/wp-json\/wp\/v2\/types\/product"}],"wp:featuredmedia":[{"embeddable":true,"href":"https:\/\/mamaterra.lt\/lv\/wp-json\/wp\/v2\/media\/11823"}],"wp:attachment":[{"href":"https:\/\/mamaterra.lt\/lv\/wp-json\/wp\/v2\/media?parent=15951"}],"wp:term":[{"taxonomy":"product_brand","embeddable":true,"href":"https:\/\/mamaterra.lt\/lv\/wp-json\/wp\/v2\/product_brand?post=15951"},{"taxonomy":"product_cat","embeddable":true,"href":"https:\/\/mamaterra.lt\/lv\/wp-json\/wp\/v2\/product_cat?post=15951"},{"taxonomy":"product_tag","embeddable":true,"href":"https:\/\/mamaterra.lt\/lv\/wp-json\/wp\/v2\/product_tag?post=15951"}],"curies":[{"name":"wp","href":"https:\/\/api.w.org\/{rel}","templated":true}]}}