{"id":15940,"date":"2022-07-01T08:14:11","date_gmt":"2022-07-01T07:14:11","guid":{"rendered":"https:\/\/mamaterra.lt\/parduotuve\/uncategorized\/doterra-laluz-difuzors-ar-doterra-citrus-bliss-eterisko-ellu-maisijums-15ml\/"},"modified":"2022-07-01T08:14:11","modified_gmt":"2022-07-01T07:14:11","slug":"doterra-laluz-difuzors-un-doterra-citrus-bliss-eterisko-ellu-maisijums-15ml","status":"publish","type":"product","link":"https:\/\/mamaterra.lt\/lv\/parduotuve\/eteriskas-ellas\/eterisko-ellu-maisijumi\/doterra-laluz-difuzors-un-doterra-citrus-bliss-eterisko-ellu-maisijums-15ml\/","title":{"rendered":"doTERRA Laluz difuzors ar doTERRA CITRUS BLISS \u0113terisko e\u013c\u013cu mais\u012bjums 15ml"},"content":{"rendered":"<p><strong>doTERRA Laluz difuzors ar doTERRA CITRUS BLISS \u0113terisko e\u013c\u013cu mais\u012bjums 15ml<\/strong><\/p>\n<p>Tagad j\u016bs varat pas\u016bt\u012bt jaunu doTERRA Laluz\u2122 difuzoru ar atsvaidzino\u0161u citrusaug\u013cu Bliss smar\u017eu\u2122 15 ml.<\/p>\n<p>&nbsp;<\/p>\n<p>Vair\u0101k par doTERRA Laluz difuzoru.<\/p>\n<p><iframe title=\"YouTube video atska\u0146ot\u0101js\" src=\"https:\/\/www.youtube-nocookie.com\/embed\/p64600tKCwg\" width=\"560\" height=\"315\" frameborder=\"0\" allowfullscreen=\"allowfullscreen\" data-mce-fragment=\"1\"><\/iframe><\/p>\n<p>&nbsp;<\/p>\n<p><strong>doTERRA Laluz difuzors  <\/strong><\/p>\n<p>\u0160is skulptur\u0101l\u0101s formas difuzors izstaro ultraska\u0146as vibr\u0101cijas, kas p\u0101rv\u0113r\u0161 \u016bdeni un \u0113terisk\u0101s e\u013c\u013cas arom\u0101tisk\u0101 migl\u0101. Difuzors darbojas l\u012bdz asto\u0146\u0101m stund\u0101m, t\u0101p\u0113c j\u016bs varat izplat\u012bt iecien\u012bt\u0101k\u0101s \u0113terisk\u0101s e\u013c\u013cas visas dienas vai nakts garum\u0101, un tam ir ar\u012b tr\u012bs apk\u0101rt\u0113j\u0101s gaismas iestat\u012bjumi, kas atbilst jebkuram no j\u016bsu noska\u0146ojumiem.<\/p>\n<p>Turkl\u0101t, pateicoties elegantajam, modernajam dizainam, tas noteikti papildin\u0101s jebkuras telpas est\u0113tiku j\u016bsu m\u0101j\u0101s.<\/p>\n<ul>\n<li>Iesl\u0113dziet to viesistab\u0101 un izplatiet citrusaug\u013cu sv\u0113tlaimi\u00ae aicino\u0161u, ener\u0123isku smar\u017eu.<\/li>\n<li>Izmantojiet vannas istab\u0101 ar doTERRA On Guard\u00ae, lai padar\u012btu gaisu svaig\u0101ku un t\u012br\u0101ku.<\/li>\n<li>Pirms gul\u0113tie\u0161anas novietojiet to uz naktsgaldi\u0146a un izkl\u0101jiet Serenity vai lavandas un ciedra koka smar\u017eu, lai atp\u016bstos un nomierin\u0101tos.<\/li>\n<\/ul>\n<p><strong>doTERRA Laluz difuzora specifik\u0101cijas un funkcijas:<\/strong><\/p>\n<ul>\n<li><strong>\u016adens tilpums:<\/strong> 120 ml \/ 4,06 \u0161\u0137idruma unces<\/li>\n<li><strong>Pied\u0101v\u0101tais telpas izm\u0113rs:<\/strong> 30 kvadr\u0101tmetri. m.<\/li>\n<li><strong>Nep\u0101rtraukta darb\u012bba:<\/strong> Augsta d\u016bmu veiktsp\u0113ja &#8211; l\u012bdz 4 stund\u0101m, zema miglas veiktsp\u0113ja &#8211; l\u012bdz 8 stund\u0101m<\/li>\n<li><strong>Taimeris:<\/strong> 1 stunda. \/ 2 stundas. \/ 4 stundas<\/li>\n<li>Tum\u0161s un spilgts silts un lavandas apgaismojums<\/li>\n<li>Autom\u0101tiska aizsarg\u0101jo\u0161a izsl\u0113g\u0161ana<\/li>\n<li><strong>Piederumi:<\/strong> AC 100-240V sienas spraudnis un lieto\u0161anas instrukcija<\/li>\n<li><strong>Jauda:<\/strong> DC24V 0,5A<\/li>\n<li><strong>Viela:<\/strong> Materi\u0101ls: Stikla aug\u0161\u0113jais v\u0101ks + polipropil\u0113ns<\/li>\n<\/ul>\n<p>&nbsp;<\/p>\n<p><strong>doTERRA CITRUS BLISS\u2122 \u0113terisko e\u013c\u013cu mais\u012bjums<\/strong><\/p>\n<p>15ml<\/p>\n<p>\u0160is atsvaidzino\u0161ais savva\u013cas apels\u012bnu, citronu, greipfr\u016btu, bergamotes, sarkano mandar\u012bnu, za\u013co mandar\u012bnu, za\u013co mandar\u012bnu, laima, litsea, tonka pupi\u0146u un vani\u013cas absol\u016bta mais\u012bjums ir prieks pudel\u0113. Izplatiet Citrus Bliss jebkur, lai rad\u012btu pozit\u012bvu atmosf\u0113ru, vai izmantojiet to k\u0101 iedvesmojo\u0161u person\u012bgo arom\u0101tu. Turkl\u0101t Citrus Bliss, kas bag\u0101ts ar limon\u0113nu, ir sp\u0113c\u012bgas t\u012br\u012b\u0161anas \u012bpa\u0161\u012bbas, un, sajaucot ar \u016bdeni, tas k\u013c\u016bst par sp\u0113c\u012bgu virsmas t\u012br\u012bt\u0101ju.<\/p>\n<p>Citrus Bliss, mais\u012bjumam, kas apvieno citrusaug\u013cu \u0113terisko e\u013c\u013cu galven\u0101s priek\u0161roc\u012bbas, piem\u012bt ener\u0123iju dodo\u0161as un atjaunojo\u0161as \u012bpa\u0161\u012bbas, kas var pacelt garast\u0101vokli.<\/p>\n<ul>\n<li>Citrus Bliss e\u013c\u013cu ar atsvaidzino\u0161\u0101m \u012bpa\u0161\u012bb\u0101m var tvaic\u0113t, ja v\u0113laties uzlabot garast\u0101vokli<\/li>\n<li>Mas\u0101\u017eas laik\u0101 izdala apburo\u0161u arom\u0101tu<\/li>\n<\/ul>\n<p>Vair\u0101k par doterra laluz difuzoru ar doterra citrus bliss \u0113terisko e\u013c\u013cu mais\u012bjumu <strong><br \/>\n  <a href=\"https:\/\/mamaterra.lt\/laluz-difuzorius-su-citrus-bliss-misiniu\/\" target=\"_blank\" rel=\"noopener\">lasi \u0161eit<\/a><br \/>\n<\/strong>.<\/p>\n","protected":false},"excerpt":{"rendered":"<ul>\n<li>doTERRA Laluz difuzors kop\u0101 ar doterra CITRUS BLISS\u2122 \u0113terisko e\u013c\u013cu mais\u012bjumu 15ml<\/li>\n<li>Izmantojot Laluz difuzoru, jebkura telpa var k\u013c\u016bt par greznu patv\u0113rumu<\/li>\n<li>\u0160is difuzors darbojas l\u012bdz asto\u0146\u0101m stund\u0101m, t\u0101p\u0113c tas var pal\u012bdz\u0113t rad\u012bt mier\u012bgu vidi, kas jums nepiecie\u0161ama katru nakti<\/li>\n<\/ul>\n","protected":false},"featured_media":11831,"template":"","meta":{"site-sidebar-layout":"default","site-content-layout":"default","ast-site-content-layout":"default","site-content-style":"default","site-sidebar-style":"default","ast-global-header-display":"","ast-banner-title-visibility":"","ast-main-header-display":"","ast-hfb-above-header-display":"","ast-hfb-below-header-display":"","ast-hfb-mobile-header-display":"","site-post-title":"","ast-breadcrumbs-content":"","ast-featured-img":"","footer-sml-layout":"","ast-disable-related-posts":"","theme-transparent-header-meta":"default","adv-header-id-meta":"","stick-header-meta":"","header-above-stick-meta":"","header-main-stick-meta":"","header-below-stick-meta":"","astra-migrate-meta-layouts":"default","ast-page-background-enabled":"default","ast-page-background-meta":{"desktop":{"background-color":"","background-image":"","background-repeat":"repeat","background-position":"center center","background-size":"auto","background-attachment":"scroll","background-type":"","background-media":"","overlay-type":"","overlay-color":"","overlay-opacity":"","overlay-gradient":""},"tablet":{"background-color":"","background-image":"","background-repeat":"repeat","background-position":"center center","background-size":"auto","background-attachment":"scroll","background-type":"","background-media":"","overlay-type":"","overlay-color":"","overlay-opacity":"","overlay-gradient":""},"mobile":{"background-color":"","background-image":"","background-repeat":"repeat","background-position":"center center","background-size":"auto","background-attachment":"scroll","background-type":"","background-media":"","overlay-type":"","overlay-color":"","overlay-opacity":"","overlay-gradient":""}},"ast-content-background-meta":{"desktop":{"background-color":"var(--ast-global-color-5)","background-image":"","background-repeat":"repeat","background-position":"center center","background-size":"auto","background-attachment":"scroll","background-type":"","background-media":"","overlay-type":"","overlay-color":"","overlay-opacity":"","overlay-gradient":""},"tablet":{"background-color":"var(--ast-global-color-5)","background-image":"","background-repeat":"repeat","background-position":"center center","background-size":"auto","background-attachment":"scroll","background-type":"","background-media":"","overlay-type":"","overlay-color":"","overlay-opacity":"","overlay-gradient":""},"mobile":{"background-color":"var(--ast-global-color-5)","background-image":"","background-repeat":"repeat","background-position":"center center","background-size":"auto","background-attachment":"scroll","background-type":"","background-media":"","overlay-type":"","overlay-color":"","overlay-opacity":"","overlay-gradient":""}}},"product_brand":[],"product_cat":[597,596,600,601,617,603,618],"product_tag":[683,1293,629,632,1112],"class_list":{"0":"post-15940","1":"product","2":"type-product","3":"status-publish","4":"has-post-thumbnail","6":"product_cat-davanas","7":"product_cat-difuzori","8":"product_cat-eteriskas-ellas","9":"product_cat-eterisko-ellu-maisijumi","10":"product_cat-gaisa-attirisana","11":"product_cat-komplekti-un-kolekcijas","12":"product_cat-nomierinosas","13":"product_tag-15ml-lv","14":"product_tag-citrus-bliss-lv","15":"product_tag-difuzors","16":"product_tag-eterisko-ellu-maisijumi","17":"product_tag-laluz-lv","18":"desktop-align-left","19":"tablet-align-left","20":"mobile-align-left","22":"first","23":"instock","24":"taxable","25":"shipping-taxable","26":"purchasable","27":"product-type-simple"},"_links":{"self":[{"href":"https:\/\/mamaterra.lt\/lv\/wp-json\/wp\/v2\/product\/15940","targetHints":{"allow":["GET"]}}],"collection":[{"href":"https:\/\/mamaterra.lt\/lv\/wp-json\/wp\/v2\/product"}],"about":[{"href":"https:\/\/mamaterra.lt\/lv\/wp-json\/wp\/v2\/types\/product"}],"wp:featuredmedia":[{"embeddable":true,"href":"https:\/\/mamaterra.lt\/lv\/wp-json\/wp\/v2\/media\/11831"}],"wp:attachment":[{"href":"https:\/\/mamaterra.lt\/lv\/wp-json\/wp\/v2\/media?parent=15940"}],"wp:term":[{"taxonomy":"product_brand","embeddable":true,"href":"https:\/\/mamaterra.lt\/lv\/wp-json\/wp\/v2\/product_brand?post=15940"},{"taxonomy":"product_cat","embeddable":true,"href":"https:\/\/mamaterra.lt\/lv\/wp-json\/wp\/v2\/product_cat?post=15940"},{"taxonomy":"product_tag","embeddable":true,"href":"https:\/\/mamaterra.lt\/lv\/wp-json\/wp\/v2\/product_tag?post=15940"}],"curies":[{"name":"wp","href":"https:\/\/api.w.org\/{rel}","templated":true}]}}