{"id":15930,"date":"2022-06-01T10:34:22","date_gmt":"2022-06-01T09:34:22","guid":{"rendered":"https:\/\/mamaterra.lt\/parduotuve\/uncategorized\/virtuves-garsvielu-kolekcija-doterra-virtuves-maisijumu-kolekcija-doterra-meksikanu-doterra-italu-un-doterra-eksotisko-eterisko-ellu-maisijumi-3-pudeles-pa-15ml-katra\/"},"modified":"2022-06-01T10:34:22","modified_gmt":"2022-06-01T09:34:22","slug":"virtuves-garsvielu-kolekcija-doterra-virtuve-maisijums-kolekcija-doterra-meksikanu-doterra-italu-un-doterra-eksotisks-eterisks-ellas-maisijums-3-pudeles-x-15ml","status":"publish","type":"product","link":"https:\/\/mamaterra.lt\/lv\/parduotuve\/eteriskas-ellas\/virtuves-garsvielu-kolekcija-doterra-virtuve-maisijums-kolekcija-doterra-meksikanu-doterra-italu-un-doterra-eksotisks-eterisks-ellas-maisijums-3-pudeles-x-15ml\/","title":{"rendered":"Virtuves gar\u0161vielu kolekcija &#8211; DoTERRA virtuves mais\u012bjumu kolekcija (doTERRA meksik\u0101\u0146u, doTERRA it\u0101\u013cu un doTERRA eksotisko \u0113terisko e\u013c\u013cu mais\u012bjumi) (3 pudeles pa 15ml katr\u0101)"},"content":{"rendered":"<p><strong>Virtuves gar\u0161vielu kolekcija &#8211; doTERRA meksik\u0101\u0146u, doTERRA it\u0101\u013cu un doTERRA eksotisko \u0113terisko e\u013c\u013cu mais\u012bjumi (3 pudeles pa 15ml katr\u0101)<\/strong><\/p>\n<p>3 \u0113terisk\u0101s e\u013c\u013cas pa 15 ml katra<\/p>\n<p>&nbsp;<\/p>\n<p><strong>doTERRA virtuves gar\u0161vielu kolekcija<\/strong><\/p>\n<p>Ide\u0101la \u0113damgalda izveide ir j\u016bsu bizness. Neatkar\u012bgi no t\u0101, vai tie ir zemnieciski Tosk\u0101nas sv\u0113tki \u0123imenei, meksik\u0101\u0146u fiesta ar tuviem draugiem vai tropiska tiki ball\u012bte visai \u0123imenei.<\/p>\n<p>doTERRA virtuves gar\u0161vielu kolekcija var pal\u012bdz\u0113t jums pievienot dinamisku arom\u0101tu iecien\u012bt\u0101kaj\u0101m recept\u0113m.<\/p>\n<p>&nbsp;<\/p>\n<p><strong>doTERRA virtuves gar\u0161vielu kolekcijas Apraksts:<\/strong><\/p>\n<p>\u0160\u012b kolekcija sast\u0101v no trim arom\u0101tu pl\u012bsto\u0161iem doTERRA b\u016btiskiem mais\u012bjumiem pa 15ml katr\u0101, kas izveidoti, izmantojot CPTG\u00ae \u0113terisk\u0101s e\u013c\u013cas.<\/p>\n<ul>\n<li>doTERRA meksik\u0101\u0146u<\/li>\n<li>it\u0101\u013cu doTERRA<\/li>\n<li>doTERRA eksotisks<\/li>\n<\/ul>\n<p>It\u0101\u013cu mais\u012bjums satur ol\u012bve\u013c\u013cu ar timi\u0101nu, rozmar\u012bnu, baziliku, major\u0101nu un oregano, kas ir ide\u0101li piem\u0113rots ga\u013cai, makaroniem vai sal\u0101tu m\u0113rc\u0113m.<\/p>\n<p>Za\u013cais citrons, \u0137imenes, melnie pipari, koriandrs un major\u0101ns avokado e\u013c\u013c\u0101 pie\u0161\u0137ir Lat\u012b\u0146amerikas iedvesmotu spilgtu Meksikas mais\u012bjuma gar\u0161u. Fajit, tacos, burritos vai nachos.<\/p>\n<p>Sagatavojiet vilino\u0161u salu \u0113dienu ar tropu mais\u012bjumu, kas sajaukts kokosriekstu e\u013c\u013ca ar apels\u012bniem, citroniem, laimiem, greipfr\u016btiem, za\u013cajiem mandar\u012bniem, bergamotu, yuzu un ylang ylang. Piem\u0113rots garnel\u0113m, gril\u0113t\u0101m ziv\u012bm vai j\u016bsu iecien\u012btajai koktei\u013ca receptei.<\/p>\n<p><strong>doTERRA virtuves gar\u0161vielu kolekcija <\/strong> ir jutek\u013cu sv\u0113tki.<\/p>\n<ul>\n<li>\u013baujiet savai izt\u0113lei un gar\u0161as k\u0101rpi\u0146\u0101m b\u016bt j\u016bsu ce\u013cvedim<\/li>\n<li>Lai ieg\u016btu vislab\u0101kos rezult\u0101tus, ielieciet p\u0113c gatavo\u0161anas procesa<\/li>\n<li>Izpildiet pied\u0101v\u0101tos nor\u0101d\u012bjumus, lai rad\u012btu br\u012bni\u0161\u0137\u012bgu iecien\u012bt\u0101ko \u0113dienu gar\u0161u<\/li>\n<\/ul>\n<p>Vair\u0101k par \u0161o \u012bpa\u0161o doterras virtuves <strong><br \/>\n kolekciju lasi <a href=\"https:\/\/mamaterra.lt\/cuisine-collection-virtuves-kolekcija\/\" target=\"_blank\" rel=\"noopener\">\u0161eit<\/a><br \/>\n  <\/strong>.<\/p>\n","protected":false},"excerpt":{"rendered":"<ul>\n<li>doTERRA virtuves gar\u0161vielu kolekcija var pal\u012bdz\u0113t jums pievienot dinamisku arom\u0101tu iecien\u012bt\u0101kaj\u0101m recept\u0113m<\/li>\n<li>\u0160\u012b kolekcija sast\u0101v no trim arom\u0101tiskiem mais\u012bjumiem, kas izveidoti, izmantojot CPTG\u00ae \u0113terisk\u0101s e\u013c\u013cas &#8211; doTERRA Mexican, doTERRA Italian un doTERRA Exotic \u0113terisko e\u013c\u013cu mais\u012bjumi pa 15ml katrs<\/li>\n<\/ul>\n","protected":false},"featured_media":11814,"template":"","meta":{"site-sidebar-layout":"default","site-content-layout":"default","ast-site-content-layout":"default","site-content-style":"default","site-sidebar-style":"default","ast-global-header-display":"","ast-banner-title-visibility":"","ast-main-header-display":"","ast-hfb-above-header-display":"","ast-hfb-below-header-display":"","ast-hfb-mobile-header-display":"","site-post-title":"","ast-breadcrumbs-content":"","ast-featured-img":"","footer-sml-layout":"","ast-disable-related-posts":"","theme-transparent-header-meta":"default","adv-header-id-meta":"","stick-header-meta":"","header-above-stick-meta":"","header-main-stick-meta":"","header-below-stick-meta":"","astra-migrate-meta-layouts":"default","ast-page-background-enabled":"default","ast-page-background-meta":{"desktop":{"background-color":"","background-image":"","background-repeat":"repeat","background-position":"center center","background-size":"auto","background-attachment":"scroll","background-type":"","background-media":"","overlay-type":"","overlay-color":"","overlay-opacity":"","overlay-gradient":""},"tablet":{"background-color":"","background-image":"","background-repeat":"repeat","background-position":"center center","background-size":"auto","background-attachment":"scroll","background-type":"","background-media":"","overlay-type":"","overlay-color":"","overlay-opacity":"","overlay-gradient":""},"mobile":{"background-color":"","background-image":"","background-repeat":"repeat","background-position":"center center","background-size":"auto","background-attachment":"scroll","background-type":"","background-media":"","overlay-type":"","overlay-color":"","overlay-opacity":"","overlay-gradient":""}},"ast-content-background-meta":{"desktop":{"background-color":"var(--ast-global-color-5)","background-image":"","background-repeat":"repeat","background-position":"center center","background-size":"auto","background-attachment":"scroll","background-type":"","background-media":"","overlay-type":"","overlay-color":"","overlay-opacity":"","overlay-gradient":""},"tablet":{"background-color":"var(--ast-global-color-5)","background-image":"","background-repeat":"repeat","background-position":"center center","background-size":"auto","background-attachment":"scroll","background-type":"","background-media":"","overlay-type":"","overlay-color":"","overlay-opacity":"","overlay-gradient":""},"mobile":{"background-color":"var(--ast-global-color-5)","background-image":"","background-repeat":"repeat","background-position":"center center","background-size":"auto","background-attachment":"scroll","background-type":"","background-media":"","overlay-type":"","overlay-color":"","overlay-opacity":"","overlay-gradient":""}}},"product_brand":[],"product_cat":[600],"product_tag":[683,632,1231,1163,635,1102,665],"class_list":{"0":"post-15930","1":"product","2":"type-product","3":"status-publish","4":"has-post-thumbnail","6":"product_cat-eteriskas-ellas","7":"product_tag-15ml-lv","8":"product_tag-eterisko-ellu-maisijumi","9":"product_tag-exotic-lv","10":"product_tag-italian-lv","11":"product_tag-kolekcijas","12":"product_tag-mexican-lv","13":"product_tag-partikai","14":"desktop-align-left","15":"tablet-align-left","16":"mobile-align-left","18":"first","19":"outofstock","20":"sale","21":"taxable","22":"shipping-taxable","23":"purchasable","24":"product-type-simple"},"_links":{"self":[{"href":"https:\/\/mamaterra.lt\/lv\/wp-json\/wp\/v2\/product\/15930","targetHints":{"allow":["GET"]}}],"collection":[{"href":"https:\/\/mamaterra.lt\/lv\/wp-json\/wp\/v2\/product"}],"about":[{"href":"https:\/\/mamaterra.lt\/lv\/wp-json\/wp\/v2\/types\/product"}],"wp:featuredmedia":[{"embeddable":true,"href":"https:\/\/mamaterra.lt\/lv\/wp-json\/wp\/v2\/media\/11814"}],"wp:attachment":[{"href":"https:\/\/mamaterra.lt\/lv\/wp-json\/wp\/v2\/media?parent=15930"}],"wp:term":[{"taxonomy":"product_brand","embeddable":true,"href":"https:\/\/mamaterra.lt\/lv\/wp-json\/wp\/v2\/product_brand?post=15930"},{"taxonomy":"product_cat","embeddable":true,"href":"https:\/\/mamaterra.lt\/lv\/wp-json\/wp\/v2\/product_cat?post=15930"},{"taxonomy":"product_tag","embeddable":true,"href":"https:\/\/mamaterra.lt\/lv\/wp-json\/wp\/v2\/product_tag?post=15930"}],"curies":[{"name":"wp","href":"https:\/\/api.w.org\/{rel}","templated":true}]}}