{"id":15926,"date":"2022-08-10T20:57:23","date_gmt":"2022-08-10T19:57:23","guid":{"rendered":"https:\/\/mamaterra.lt\/parduotuve\/uncategorized\/doterra-burbulu-difuzors-un-citrus-twist-doterra-eterisko-ellu-maisijums-15ml\/"},"modified":"2024-03-26T22:36:19","modified_gmt":"2024-03-26T21:36:19","slug":"doterra-burbulis-difuzors-un-malama-doterra-eterisko-ellu-maisijums-15ml","status":"publish","type":"product","link":"https:\/\/mamaterra.lt\/lv\/parduotuve\/eteriskas-ellas\/eterisko-ellu-maisijumi\/doterra-burbulis-difuzors-un-malama-doterra-eterisko-ellu-maisijums-15ml\/","title":{"rendered":"doTERRA burbu\u013cu difuzors un MALAMA doTERRA \u0113terisko e\u013c\u013cu mais\u012bjums 15ml"},"content":{"rendered":"<p><strong>doTERRA burbu\u013cu difuzors un MALAMA doTERRA \u0113terisko e\u013c\u013cu mais\u012bjums 15ml<\/strong><\/p>\n<p>Izbaudiet doTERRA burbu\u013cu difuzora un doTERRA MALAMA p\u0101rn\u0113s\u0101jamo jaudu (15ml).<\/p>\n<ul>\n<li>\u0160is \u012bpa\u0161ais duets sast\u0101v no diviem produktiem, kas tiek pied\u0101v\u0101ti ierobe\u017eotu laiku &#8211; Burbu\u013cu difuzors un doTERRA MALAMA \u0113terisko e\u013c\u013cu mais\u012bjums (15ml).<\/li>\n<li>Bubble difuzora mazais un diskr\u0113tais dizains pie\u0161\u0137ir tam labu izskatu.<\/li>\n<li>Difuzoram nav nepiecie\u0161ams izmantot \u016bdeni.<\/li>\n<li>Kad tiek iedarbin\u0101ts difuzora kust\u012bbas sensors, arom\u0101ti izplat\u0101s bez jebk\u0101d\u0101m p\u016bl\u0113m.<\/li>\n<\/ul>\n<p>Noskatieties video par to, k\u0101 izmantot burbu\u013cu difuzoru ar doTERRA MALAMA \u0113terisko e\u013c\u013cu mais\u012bjumu.<\/p>\n<p><iframe title=\"YouTube video atska\u0146ot\u0101js\" src=\"https:\/\/www.youtube-nocookie.com\/embed\/sbjYtKSPFGs\" width=\"560\" height=\"315\" frameborder=\"0\" allowfullscreen=\"allowfullscreen\"><\/iframe><\/p>\n","protected":false},"excerpt":{"rendered":"<ul>\n<li>\u0160is \u012bpa\u0161ais duets sast\u0101v no diviem produktiem, kas tiek pied\u0101v\u0101ti ierobe\u017eotu laiku &#8211; Bubble Diffuser un doTERRA MALAMA \u0113terisko e\u013c\u013cu mais\u012bjums<\/li>\n<li>Burbu\u013cu difuzora mazais un diskr\u0113tais dizains pie\u0161\u0137ir tam labu izskatu<\/li>\n<li>Difuzoram nav nepiecie\u0161ams izmantot \u016bdeni<\/li>\n<li>Kad tiek iedarbin\u0101ts difuzora kust\u012bbas sensors, arom\u0101ti izplat\u0101s bez jebk\u0101das piep\u016bles<\/li>\n<\/ul>\n","protected":false},"featured_media":11873,"template":"","meta":{"site-sidebar-layout":"default","site-content-layout":"default","ast-site-content-layout":"default","site-content-style":"default","site-sidebar-style":"default","ast-global-header-display":"","ast-banner-title-visibility":"","ast-main-header-display":"","ast-hfb-above-header-display":"","ast-hfb-below-header-display":"","ast-hfb-mobile-header-display":"","site-post-title":"","ast-breadcrumbs-content":"","ast-featured-img":"","footer-sml-layout":"","ast-disable-related-posts":"","theme-transparent-header-meta":"default","adv-header-id-meta":"","stick-header-meta":"","header-above-stick-meta":"","header-main-stick-meta":"","header-below-stick-meta":"","astra-migrate-meta-layouts":"set","ast-page-background-enabled":"default","ast-page-background-meta":{"desktop":{"background-color":"","background-image":"","background-repeat":"repeat","background-position":"center center","background-size":"auto","background-attachment":"scroll","background-type":"","background-media":"","overlay-type":"","overlay-color":"","overlay-opacity":"","overlay-gradient":""},"tablet":{"background-color":"","background-image":"","background-repeat":"repeat","background-position":"center center","background-size":"auto","background-attachment":"scroll","background-type":"","background-media":"","overlay-type":"","overlay-color":"","overlay-opacity":"","overlay-gradient":""},"mobile":{"background-color":"","background-image":"","background-repeat":"repeat","background-position":"center center","background-size":"auto","background-attachment":"scroll","background-type":"","background-media":"","overlay-type":"","overlay-color":"","overlay-opacity":"","overlay-gradient":""}},"ast-content-background-meta":{"desktop":{"background-color":"var(--ast-global-color-5)","background-image":"","background-repeat":"repeat","background-position":"center center","background-size":"auto","background-attachment":"scroll","background-type":"","background-media":"","overlay-type":"","overlay-color":"","overlay-opacity":"","overlay-gradient":""},"tablet":{"background-color":"var(--ast-global-color-5)","background-image":"","background-repeat":"repeat","background-position":"center center","background-size":"auto","background-attachment":"scroll","background-type":"","background-media":"","overlay-type":"","overlay-color":"","overlay-opacity":"","overlay-gradient":""},"mobile":{"background-color":"var(--ast-global-color-5)","background-image":"","background-repeat":"repeat","background-position":"center center","background-size":"auto","background-attachment":"scroll","background-type":"","background-media":"","overlay-type":"","overlay-color":"","overlay-opacity":"","overlay-gradient":""}}},"product_brand":[],"product_cat":[597,596,600,601,617],"product_tag":[683,1329,1300,629,632],"class_list":{"0":"post-15926","1":"product","2":"type-product","3":"status-publish","4":"has-post-thumbnail","6":"product_cat-davanas","7":"product_cat-difuzori","8":"product_cat-eteriskas-ellas","9":"product_cat-eterisko-ellu-maisijumi","10":"product_cat-gaisa-attirisana","11":"product_tag-15ml-lv","12":"product_tag-bubble-lv","13":"product_tag-citrus-twist-lv","14":"product_tag-difuzors","15":"product_tag-eterisko-ellu-maisijumi","16":"desktop-align-left","17":"tablet-align-left","18":"mobile-align-left","20":"first","21":"outofstock","22":"taxable","23":"shipping-taxable","24":"purchasable","25":"product-type-simple"},"_links":{"self":[{"href":"https:\/\/mamaterra.lt\/lv\/wp-json\/wp\/v2\/product\/15926","targetHints":{"allow":["GET"]}}],"collection":[{"href":"https:\/\/mamaterra.lt\/lv\/wp-json\/wp\/v2\/product"}],"about":[{"href":"https:\/\/mamaterra.lt\/lv\/wp-json\/wp\/v2\/types\/product"}],"wp:featuredmedia":[{"embeddable":true,"href":"https:\/\/mamaterra.lt\/lv\/wp-json\/wp\/v2\/media\/11873"}],"wp:attachment":[{"href":"https:\/\/mamaterra.lt\/lv\/wp-json\/wp\/v2\/media?parent=15926"}],"wp:term":[{"taxonomy":"product_brand","embeddable":true,"href":"https:\/\/mamaterra.lt\/lv\/wp-json\/wp\/v2\/product_brand?post=15926"},{"taxonomy":"product_cat","embeddable":true,"href":"https:\/\/mamaterra.lt\/lv\/wp-json\/wp\/v2\/product_cat?post=15926"},{"taxonomy":"product_tag","embeddable":true,"href":"https:\/\/mamaterra.lt\/lv\/wp-json\/wp\/v2\/product_tag?post=15926"}],"curies":[{"name":"wp","href":"https:\/\/api.w.org\/{rel}","templated":true}]}}