{"id":15924,"date":"2022-07-03T15:02:13","date_gmt":"2022-07-03T14:02:13","guid":{"rendered":"https:\/\/mamaterra.lt\/parduotuve\/uncategorized\/doterra-on-guard-mutes-skalosanas-lidzeklis-100-ml\/"},"modified":"2022-07-03T15:02:13","modified_gmt":"2022-07-03T14:02:13","slug":"doterra-on-guard-mutes-skalosana-skidrums-mutes-skalojamais-lidzeklis-100-ml","status":"publish","type":"product","link":"https:\/\/mamaterra.lt\/lv\/parduotuve\/eteriskas-ellas\/eterisko-ellu-maisijumi\/doterra-on-guard-mutes-skalosana-skidrums-mutes-skalojamais-lidzeklis-100-ml\/","title":{"rendered":"doTERRA On Guard\u2122 mutes skalo\u0161anas l\u012bdzeklis 100 ml"},"content":{"rendered":"<p><strong>doTERRA On Guard\u2122 mutes skalo\u0161anas l\u012bdzeklis 100 ml<\/strong><\/p>\n<p>Izbaudiet \u0161o nelielo ce\u013cojuma izm\u0113ra The Guard mutes skalojam\u0101 l\u012bdzek\u013ca versiju, kas ir lieliski piem\u0113rota lieto\u0161anai, kad esat \u0101rpus m\u0101jas!<\/p>\n<p>Pasaul\u0113, kas bag\u0101ta ar sp\u0113c\u012bg\u0101m \u0137\u012bmisk\u0101m viel\u0101m un m\u0101ksl\u012bg\u0101m smar\u017eviel\u0101m, m\u0113s bie\u017ei mekl\u0113jam dro\u0161us produktus, kurus varam izmantot sav\u0101s \u0123imen\u0113s. Popul\u0101ri komerci\u0101lie mutes dobuma kop\u0161anas l\u012bdzek\u013ci var no\u017e\u016bt un kairin\u0101t jut\u012bgus mutes dobuma audus.<\/p>\n<ul>\n<li>doTERRA On Guard\u2122 mutes skalojamais l\u012bdzeklis bez alkohola ir paredz\u0113ts zobu un smaganu t\u012br\u012b\u0161anai, aplikuma samazin\u0101\u0161anai un vesel\u012bga izskata smaida veicin\u0101\u0161anai, izmantojot to k\u0101 da\u013cu no ikdienas higi\u0113nas.<\/li>\n<li>Miswak koka ekstrakts (izmantots jau pirms 7000 gadiem zobu t\u012br\u012b\u0161anai) pal\u012bdz atdz\u012bvin\u0101t elpo\u0161anu un uztur\u0113t zobus t\u012brus, samazina aplikuma uzkr\u0101\u0161anos, un ksil\u012bts pal\u012bdz uztur\u0113t veselus un sp\u0113c\u012bgus zobus.<\/li>\n<li>Parastaj\u0101 mutes dobuma higi\u0113nas proced\u016br\u0101 blakus diegam un birstei iek\u013caujiet mutes skalojamo l\u012bdzekli doTERRA On Guard, lai saglab\u0101tu vesel\u012bgu mutes g\u013cot\u0101du un ilgsto\u0161u atsvaidzino\u0161u elpo\u0161anu.<\/li>\n<\/ul>\n","protected":false},"excerpt":{"rendered":"<ul>\n<li>doTERRA On Guard\u2122 bezalkohola mutes skalojamais l\u012bdzeklis ir paredz\u0113ts zobu un smaganu t\u012br\u012b\u0161anai, aplikuma samazin\u0101\u0161anai un vesel\u012bga izskata smaida veicin\u0101\u0161anai, izmantojot to k\u0101 da\u013cu no ikdienas higi\u0113nas<\/li>\n<li>Miswak koka ekstrakts (izmantots pirms 7000 gadiem zobu t\u012br\u012b\u0161anai) pal\u012bdz atdz\u012bvin\u0101t elpo\u0161anu un uztur\u0113t zobus t\u012brus, samazina aplikuma uzkr\u0101\u0161anos, un ksil\u012bts pal\u012bdz uztur\u0113t veselus un sp\u0113c\u012bgus zobus<\/li>\n<\/ul>\n","protected":false},"featured_media":11835,"template":"","meta":{"site-sidebar-layout":"default","site-content-layout":"default","ast-site-content-layout":"default","site-content-style":"default","site-sidebar-style":"default","ast-global-header-display":"","ast-banner-title-visibility":"","ast-main-header-display":"","ast-hfb-above-header-display":"","ast-hfb-below-header-display":"","ast-hfb-mobile-header-display":"","site-post-title":"","ast-breadcrumbs-content":"","ast-featured-img":"","footer-sml-layout":"","ast-disable-related-posts":"","theme-transparent-header-meta":"default","adv-header-id-meta":"","stick-header-meta":"","header-above-stick-meta":"","header-main-stick-meta":"","header-below-stick-meta":"","astra-migrate-meta-layouts":"default","ast-page-background-enabled":"default","ast-page-background-meta":{"desktop":{"background-color":"","background-image":"","background-repeat":"repeat","background-position":"center center","background-size":"auto","background-attachment":"scroll","background-type":"","background-media":"","overlay-type":"","overlay-color":"","overlay-opacity":"","overlay-gradient":""},"tablet":{"background-color":"","background-image":"","background-repeat":"repeat","background-position":"center center","background-size":"auto","background-attachment":"scroll","background-type":"","background-media":"","overlay-type":"","overlay-color":"","overlay-opacity":"","overlay-gradient":""},"mobile":{"background-color":"","background-image":"","background-repeat":"repeat","background-position":"center center","background-size":"auto","background-attachment":"scroll","background-type":"","background-media":"","overlay-type":"","overlay-color":"","overlay-opacity":"","overlay-gradient":""}},"ast-content-background-meta":{"desktop":{"background-color":"var(--ast-global-color-5)","background-image":"","background-repeat":"repeat","background-position":"center center","background-size":"auto","background-attachment":"scroll","background-type":"","background-media":"","overlay-type":"","overlay-color":"","overlay-opacity":"","overlay-gradient":""},"tablet":{"background-color":"var(--ast-global-color-5)","background-image":"","background-repeat":"repeat","background-position":"center center","background-size":"auto","background-attachment":"scroll","background-type":"","background-media":"","overlay-type":"","overlay-color":"","overlay-opacity":"","overlay-gradient":""},"mobile":{"background-color":"var(--ast-global-color-5)","background-image":"","background-repeat":"repeat","background-position":"center center","background-size":"auto","background-attachment":"scroll","background-type":"","background-media":"","overlay-type":"","overlay-color":"","overlay-opacity":"","overlay-gradient":""}}},"product_brand":[],"product_cat":[601,604,616],"product_tag":[737,626,1440],"class_list":{"0":"post-15924","1":"product","2":"type-product","3":"status-publish","4":"has-post-thumbnail","6":"product_cat-eterisko-ellu-maisijumi","7":"product_cat-higiena-un-adas-kopsana","8":"product_cat-on-guard-produktiem","9":"product_tag-100ml-lv","10":"product_tag-mutes-skalojamais-lidzeklis","11":"product_tag-on-guard-lv","12":"desktop-align-left","13":"tablet-align-left","14":"mobile-align-left","16":"first","17":"outofstock","18":"sale","19":"taxable","20":"shipping-taxable","21":"purchasable","22":"product-type-simple"},"_links":{"self":[{"href":"https:\/\/mamaterra.lt\/lv\/wp-json\/wp\/v2\/product\/15924","targetHints":{"allow":["GET"]}}],"collection":[{"href":"https:\/\/mamaterra.lt\/lv\/wp-json\/wp\/v2\/product"}],"about":[{"href":"https:\/\/mamaterra.lt\/lv\/wp-json\/wp\/v2\/types\/product"}],"wp:featuredmedia":[{"embeddable":true,"href":"https:\/\/mamaterra.lt\/lv\/wp-json\/wp\/v2\/media\/11835"}],"wp:attachment":[{"href":"https:\/\/mamaterra.lt\/lv\/wp-json\/wp\/v2\/media?parent=15924"}],"wp:term":[{"taxonomy":"product_brand","embeddable":true,"href":"https:\/\/mamaterra.lt\/lv\/wp-json\/wp\/v2\/product_brand?post=15924"},{"taxonomy":"product_cat","embeddable":true,"href":"https:\/\/mamaterra.lt\/lv\/wp-json\/wp\/v2\/product_cat?post=15924"},{"taxonomy":"product_tag","embeddable":true,"href":"https:\/\/mamaterra.lt\/lv\/wp-json\/wp\/v2\/product_tag?post=15924"}],"curies":[{"name":"wp","href":"https:\/\/api.w.org\/{rel}","templated":true}]}}