{"id":15914,"date":"2022-11-01T18:15:23","date_gmt":"2022-11-01T17:15:23","guid":{"rendered":"https:\/\/mamaterra.lt\/parduotuve\/uncategorized\/doterra-forest-breeze-kermena-tirisanas-lidzeklis-250ml-ar-leopard-amorphophallus-sukla-kuku\/"},"modified":"2023-12-14T20:41:29","modified_gmt":"2023-12-14T19:41:29","slug":"doterra-mezs-brize-kermenis-tirisanas-lidzeklis-250ml","status":"publish","type":"product","link":"https:\/\/mamaterra.lt\/lv\/parduotuve\/davanas\/davanas-viriesiem\/doterra-mezs-brize-kermenis-tirisanas-lidzeklis-250ml\/","title":{"rendered":"doTERRA Forest Breeze \u0137erme\u0146a t\u012br\u012b\u0161anas l\u012bdzeklis 250ml"},"content":{"rendered":"<p><strong>doTERRA Forest Breeze \u0137erme\u0146a t\u012br\u012b\u0161anas l\u012bdzeklis 250ml\u00a0<\/strong><\/p>\n<p>P\u0113c garas dienas atp\u016btieties ar \u0161o \u0101du att\u012bro\u0161o un atjaunojo\u0161o komplektu, kas sniedz atjauno\u0161an\u0101s un svaiguma saj\u016btu.<\/p>\n<p>\u0160is \u0137erme\u0146a t\u012br\u012b\u0161anas l\u012bdzeklis, kas satur \u0113terisk\u0101s e\u013c\u013cas no dabas mais\u012bjuma Forest Breeze, lai pal\u012bdz\u0113tu rad\u012bt atmosf\u0113ru, kas pie\u0161\u0137ir vitalit\u0101ti, satur virsmakt\u012bv\u0101s vielas, kas maigi att\u012bra un \u013cauj baud\u012bt atsvaidzino\u0161o dabas sv\u0113tlaimi m\u0101j\u0101s.<\/p>\n","protected":false},"excerpt":{"rendered":"<p>doTERRA Forest Breeze \u0137erme\u0146a t\u012br\u012b\u0161anas l\u012bdzeklis 250ml\u00a0 P\u0113c garas dienas atp\u016btieties ar \u0161o \u0101du att\u012bro\u0161o un atjaunojo\u0161o komplektu, kas sniedz atjauno\u0161an\u0101s un svaiguma saj\u016btu. \u0160is \u0137erme\u0146a t\u012br\u012b\u0161anas l\u012bdzeklis, kas satur \u0113terisk\u0101s e\u013c\u013cas no dabas mais\u012bjuma Forest Breeze, lai pal\u012bdz\u0113tu rad\u012bt atmosf\u0113ru, kas pie\u0161\u0137ir vitalit\u0101ti, satur virsmakt\u012bv\u0101s vielas, kas maigi att\u012bra un \u013cauj baud\u012bt atsvaidzino\u0161o dabas [&hellip;]<\/p>\n","protected":false},"featured_media":12154,"template":"","meta":{"site-sidebar-layout":"default","site-content-layout":"default","ast-site-content-layout":"default","site-content-style":"default","site-sidebar-style":"default","ast-global-header-display":"","ast-banner-title-visibility":"","ast-main-header-display":"","ast-hfb-above-header-display":"","ast-hfb-below-header-display":"","ast-hfb-mobile-header-display":"","site-post-title":"","ast-breadcrumbs-content":"","ast-featured-img":"","footer-sml-layout":"","ast-disable-related-posts":"","theme-transparent-header-meta":"default","adv-header-id-meta":"","stick-header-meta":"","header-above-stick-meta":"","header-main-stick-meta":"","header-below-stick-meta":"","astra-migrate-meta-layouts":"set","ast-page-background-enabled":"default","ast-page-background-meta":{"desktop":{"background-color":"","background-image":"","background-repeat":"repeat","background-position":"center center","background-size":"auto","background-attachment":"scroll","background-type":"","background-media":"","overlay-type":"","overlay-color":"","overlay-opacity":"","overlay-gradient":""},"tablet":{"background-color":"","background-image":"","background-repeat":"repeat","background-position":"center center","background-size":"auto","background-attachment":"scroll","background-type":"","background-media":"","overlay-type":"","overlay-color":"","overlay-opacity":"","overlay-gradient":""},"mobile":{"background-color":"","background-image":"","background-repeat":"repeat","background-position":"center center","background-size":"auto","background-attachment":"scroll","background-type":"","background-media":"","overlay-type":"","overlay-color":"","overlay-opacity":"","overlay-gradient":""}},"ast-content-background-meta":{"desktop":{"background-color":"var(--ast-global-color-5)","background-image":"","background-repeat":"repeat","background-position":"center center","background-size":"auto","background-attachment":"scroll","background-type":"","background-media":"","overlay-type":"","overlay-color":"","overlay-opacity":"","overlay-gradient":""},"tablet":{"background-color":"var(--ast-global-color-5)","background-image":"","background-repeat":"repeat","background-position":"center center","background-size":"auto","background-attachment":"scroll","background-type":"","background-media":"","overlay-type":"","overlay-color":"","overlay-opacity":"","overlay-gradient":""},"mobile":{"background-color":"var(--ast-global-color-5)","background-image":"","background-repeat":"repeat","background-position":"center center","background-size":"auto","background-attachment":"scroll","background-type":"","background-media":"","overlay-type":"","overlay-color":"","overlay-opacity":"","overlay-gradient":""}}},"product_brand":[],"product_cat":[597,599,604],"product_tag":[],"class_list":{"0":"post-15914","1":"product","2":"type-product","3":"status-publish","4":"has-post-thumbnail","6":"product_cat-davanas","7":"product_cat-davanas-viriesiem","8":"product_cat-higiena-un-adas-kopsana","9":"desktop-align-left","10":"tablet-align-left","11":"mobile-align-left","13":"first","14":"instock","15":"taxable","16":"shipping-taxable","17":"purchasable","18":"product-type-simple"},"_links":{"self":[{"href":"https:\/\/mamaterra.lt\/lv\/wp-json\/wp\/v2\/product\/15914","targetHints":{"allow":["GET"]}}],"collection":[{"href":"https:\/\/mamaterra.lt\/lv\/wp-json\/wp\/v2\/product"}],"about":[{"href":"https:\/\/mamaterra.lt\/lv\/wp-json\/wp\/v2\/types\/product"}],"wp:featuredmedia":[{"embeddable":true,"href":"https:\/\/mamaterra.lt\/lv\/wp-json\/wp\/v2\/media\/12154"}],"wp:attachment":[{"href":"https:\/\/mamaterra.lt\/lv\/wp-json\/wp\/v2\/media?parent=15914"}],"wp:term":[{"taxonomy":"product_brand","embeddable":true,"href":"https:\/\/mamaterra.lt\/lv\/wp-json\/wp\/v2\/product_brand?post=15914"},{"taxonomy":"product_cat","embeddable":true,"href":"https:\/\/mamaterra.lt\/lv\/wp-json\/wp\/v2\/product_cat?post=15914"},{"taxonomy":"product_tag","embeddable":true,"href":"https:\/\/mamaterra.lt\/lv\/wp-json\/wp\/v2\/product_tag?post=15914"}],"curies":[{"name":"wp","href":"https:\/\/api.w.org\/{rel}","templated":true}]}}