{"id":15910,"date":"2022-10-01T14:06:03","date_gmt":"2022-10-01T13:06:03","guid":{"rendered":"https:\/\/mamaterra.lt\/parduotuve\/uncategorized\/sol-nr3-doterra-smarzas-8ml\/"},"modified":"2022-10-01T14:06:03","modified_gmt":"2022-10-01T13:06:03","slug":"sol-n3-doterra-smarzas-8ml","status":"publish","type":"product","link":"https:\/\/mamaterra.lt\/lv\/parduotuve\/eteriskas-ellas\/eterisko-ellu-maisijumi\/sol-n3-doterra-smarzas-8ml\/","title":{"rendered":"Sol Nr\u00b03 doTERRA Smar\u017eas 8ml"},"content":{"rendered":"<p><strong>Sol N\u00b03 doTERRA smar\u017eas<\/strong><\/p>\n<p>8ml<\/p>\n<p>Saldie tropu citrusaug\u013ci un smar\u017e\u012bgie eksotiskie ziedi rada atsvaidzino\u0161u un dinamisku arom\u0101tu k\u0101 neviens cits. CPTG\u00ae mandar\u012bnu, sandalkoku un davansu \u0113terisk\u0101s e\u013c\u013cas, k\u0101 ar\u012b vani\u013cas absol\u016btais uzsver \u0161o apburo\u0161o mais\u012bjumu. <strong>Sol N\u00ba 3<\/strong> ir skaist\u0101 smidzin\u0101\u0161anas pudel\u0113, kas ir ide\u0101li piem\u0113rota jums vai \u012bpa\u0161ajai personai j\u016bsu d\u0101vanu sarakst\u0101.<\/p>\n<p><strong>Sol Nr. 3 doTERRA smar\u017eas Lieto\u0161ana:<\/strong><\/p>\n<ul>\n<li>Izsmidziniet uz kailas \u0101das.<\/li>\n<li>Izsmidziniet pulsa punktos, piem\u0113ram, plaukstas loc\u012btav\u0101s, elko\u0146a iek\u0161pus\u0113, kakl\u0101 vai aiz ce\u013cgaliem.<\/li>\n<li>Izsmidziniet uz \u0137erme\u0146a t\u016bl\u012bt p\u0113c du\u0161as. \u0100das mitrums pal\u012bdz\u0113s uztvert smar\u017eu.<\/li>\n<\/ul>\n<p><strong>Sol N\u00b03 doTERRA smar\u017eas Sast\u0101vda\u013cas:<\/strong><\/p>\n<p>Spirts, \u016bdens (Aqua), Citrus nobilis (mandar\u012bnu apels\u012bnu) mizas e\u013c\u013ca, Citrus bergamia aug\u013cu e\u013c\u013ca, Michelia champaca (champaca) ziedu ekstrakts, Santalum album (sandalkoka) e\u013c\u013ca, Cistus ladaniferus (Cystus) sve\u0137u ekstrakts, Styrax tonkinensis (Tonka Bean) sve\u0137u ekstrakts, Vani\u013cas planifolia (vani\u013cas) aug\u013cu ekstrakts, Artemisia pallens (Davana) ziedi, lapas un stubl\u0101ji.<\/p>\n","protected":false},"excerpt":{"rendered":"<ul>\n<li>doTERRA <strong>Sol N\u00b03<\/strong> person\u012bgais arom\u0101ts ir viegls un eksotisks mais\u012bjums, kas sast\u0101v no CPTG\u2122 sarkano mandar\u012bnu, sandalkoka un davana \u0113teriskaj\u0101m e\u013c\u013c\u0101m, k\u0101 ar\u012b vani\u013cas \u0113teriskaj\u0101m e\u013c\u013c\u0101m.<\/li>\n<li><strong>Sol N\u00ba 3<\/strong> ir skaist\u0101 smidzin\u0101\u0161anas pudel\u0113, kas ir ide\u0101li piem\u0113rota jums vai \u012bpa\u0161ajai personai j\u016bsu d\u0101vanu sarakst\u0101.<\/li>\n<li>Smar\u017eu ietilp\u012bba &#8211; 8 ml<\/li>\n<\/ul>\n","protected":false},"featured_media":12034,"template":"","meta":{"site-sidebar-layout":"default","site-content-layout":"default","ast-site-content-layout":"default","site-content-style":"default","site-sidebar-style":"default","ast-global-header-display":"","ast-banner-title-visibility":"","ast-main-header-display":"","ast-hfb-above-header-display":"","ast-hfb-below-header-display":"","ast-hfb-mobile-header-display":"","site-post-title":"","ast-breadcrumbs-content":"","ast-featured-img":"","footer-sml-layout":"","ast-disable-related-posts":"","theme-transparent-header-meta":"default","adv-header-id-meta":"","stick-header-meta":"","header-above-stick-meta":"","header-main-stick-meta":"","header-below-stick-meta":"","astra-migrate-meta-layouts":"default","ast-page-background-enabled":"default","ast-page-background-meta":{"desktop":{"background-color":"","background-image":"","background-repeat":"repeat","background-position":"center center","background-size":"auto","background-attachment":"scroll","background-type":"","background-media":"","overlay-type":"","overlay-color":"","overlay-opacity":"","overlay-gradient":""},"tablet":{"background-color":"","background-image":"","background-repeat":"repeat","background-position":"center center","background-size":"auto","background-attachment":"scroll","background-type":"","background-media":"","overlay-type":"","overlay-color":"","overlay-opacity":"","overlay-gradient":""},"mobile":{"background-color":"","background-image":"","background-repeat":"repeat","background-position":"center center","background-size":"auto","background-attachment":"scroll","background-type":"","background-media":"","overlay-type":"","overlay-color":"","overlay-opacity":"","overlay-gradient":""}},"ast-content-background-meta":{"desktop":{"background-color":"var(--ast-global-color-5)","background-image":"","background-repeat":"repeat","background-position":"center center","background-size":"auto","background-attachment":"scroll","background-type":"","background-media":"","overlay-type":"","overlay-color":"","overlay-opacity":"","overlay-gradient":""},"tablet":{"background-color":"var(--ast-global-color-5)","background-image":"","background-repeat":"repeat","background-position":"center center","background-size":"auto","background-attachment":"scroll","background-type":"","background-media":"","overlay-type":"","overlay-color":"","overlay-opacity":"","overlay-gradient":""},"mobile":{"background-color":"var(--ast-global-color-5)","background-image":"","background-repeat":"repeat","background-position":"center center","background-size":"auto","background-attachment":"scroll","background-type":"","background-media":"","overlay-type":"","overlay-color":"","overlay-opacity":"","overlay-gradient":""}}},"product_brand":[],"product_cat":[597,598,601,614],"product_tag":[679,663],"class_list":{"0":"post-15910","1":"product","2":"type-product","3":"status-publish","4":"has-post-thumbnail","6":"product_cat-davanas","7":"product_cat-davanas-sievietem","8":"product_cat-eterisko-ellu-maisijumi","9":"product_cat-sievietem","10":"product_tag-8ml-lv-2","11":"product_tag-smarzas","12":"desktop-align-left","13":"tablet-align-left","14":"mobile-align-left","16":"first","17":"outofstock","18":"sale","19":"taxable","20":"shipping-taxable","21":"purchasable","22":"product-type-simple"},"_links":{"self":[{"href":"https:\/\/mamaterra.lt\/lv\/wp-json\/wp\/v2\/product\/15910","targetHints":{"allow":["GET"]}}],"collection":[{"href":"https:\/\/mamaterra.lt\/lv\/wp-json\/wp\/v2\/product"}],"about":[{"href":"https:\/\/mamaterra.lt\/lv\/wp-json\/wp\/v2\/types\/product"}],"wp:featuredmedia":[{"embeddable":true,"href":"https:\/\/mamaterra.lt\/lv\/wp-json\/wp\/v2\/media\/12034"}],"wp:attachment":[{"href":"https:\/\/mamaterra.lt\/lv\/wp-json\/wp\/v2\/media?parent=15910"}],"wp:term":[{"taxonomy":"product_brand","embeddable":true,"href":"https:\/\/mamaterra.lt\/lv\/wp-json\/wp\/v2\/product_brand?post=15910"},{"taxonomy":"product_cat","embeddable":true,"href":"https:\/\/mamaterra.lt\/lv\/wp-json\/wp\/v2\/product_cat?post=15910"},{"taxonomy":"product_tag","embeddable":true,"href":"https:\/\/mamaterra.lt\/lv\/wp-json\/wp\/v2\/product_tag?post=15910"}],"curies":[{"name":"wp","href":"https:\/\/api.w.org\/{rel}","templated":true}]}}