{"id":15909,"date":"2022-11-01T17:33:18","date_gmt":"2022-11-01T16:33:18","guid":{"rendered":"https:\/\/mamaterra.lt\/parduotuve\/uncategorized\/doterra-amavi-mini-viriesu-smarzu-kolekcija\/"},"modified":"2022-11-01T17:33:18","modified_gmt":"2022-11-01T16:33:18","slug":"doterra-amavi-mini-man-smarzu-kolekcija","status":"publish","type":"product","link":"https:\/\/mamaterra.lt\/lv\/parduotuve\/eteriskas-ellas\/eterisko-ellu-maisijumi\/doterra-amavi-mini-man-smarzu-kolekcija\/","title":{"rendered":"doTERRA Amavi Mini v\u012brie\u0161u smar\u017eu kolekcija"},"content":{"rendered":"<p><strong>doTERRA Amavi Mini v\u012brie\u0161u smar\u017eu kolekcija<\/strong><\/p>\n<p>&nbsp;<\/p>\n<p>Am\u0101v\u012b Mini smar\u017eu kolekcija, kas paredz\u0113ta v\u012brie\u0161iem, kuri bauda dz\u012bvi, ce\u013co kop\u0101 ar lietot\u0101ju visur un ir ide\u0101la d\u0101vana \u012bpa\u0161ajam v\u012brietim j\u016bsu dz\u012bv\u0113.<\/p>\n<p>1 gab. Am\u0101v\u012b Roso, Am\u0101v\u012b Azul, Am\u0101v\u012b Noir (1,5 ml pudeles).<\/p>\n<p>doTERRA zina, ka j\u016bs v\u0113laties par\u0101d\u012bt svar\u012bgajiem v\u012brie\u0161iem sav\u0101 dz\u012bv\u0113, cik \u013coti j\u016bs vi\u0146us m\u012blat. Bet mekl\u0113t perfektu d\u0101vanu v\u012brie\u0161iem ir viegl\u0101k pateikt nek\u0101 izdar\u012bt! Da\u017eas d\u0101vanas ir patie\u0161\u0101m d\u0101rgas, un j\u016bs neesat p\u0101rliecin\u0101ts, vai vi\u0146am tas pat patiks vai izmantos to, ko vi\u0146\u0161 sa\u0146ems.<\/p>\n<p>Izm\u0113\u0123iniet Amavi\u00ae atkl\u0101\u0161anas komplektu. \u0160\u012b l\u0113t\u0101 izsmalcin\u0101to v\u012bri\u0161\u0137\u012bgo smar\u017eu kolekcija \u013cauj ieg\u0101d\u0101ties d\u0101vanu vienk\u0101r\u0161\u0101 un vienm\u0113r\u012bg\u0101 veid\u0101. J\u016bsu t\u0113tim vai v\u012bram noteikti patiks vismaz viena no trim jaunaj\u0101m, ierobe\u017eot\u0101 izdevuma smar\u017e\u0101m \u2013 ja ne visas tr\u012bs!<\/p>\n<p>Vi\u0146\u0161 var izmantot katru arom\u0101tu da\u017e\u0101d\u0101m noska\u0146\u0101m, gadalaikiem vai videi, jo tie visi ir da\u017e\u0101dos to\u0146os.<br \/>\nTurkl\u0101t j\u016bs varat b\u016bt p\u0101rliecin\u0101ti, ka \u0161ie person\u012bgie arom\u0101ti, kas izgatavoti, izmantojot doTERRA CPTG\u00ae \u0113terisk\u0101s e\u013c\u013cas, ir dro\u0161i un dabiski.<\/p>\n<p>&nbsp;<\/p>\n<p><strong>doTERRA Amavi Roso smar\u017eas Apraksts:<\/strong><\/p>\n<p>Am\u0101v\u012b Roso ir aizkustino\u0161a v\u012bri\u0161\u0137\u0101 sp\u0113ka un uztic\u012bbas izpausme. Citrusaug\u013ci un dinamiskais arom\u0101ts ir ener\u0123ijas un pan\u0101kumu b\u016bt\u012bba.<\/p>\n<p>Tas ir patent\u0113ts ciedra, bergamotes, amr, savva\u013cas apels\u012bnu, bergamotes piparm\u0113tru, Si\u010dua\u0146as piparu, koriandra, vetivery, labdanum, litsea, pa\u010d\u016blijas, tonkas pupi\u0146u, neroli, lavandas, \u0123er\u0101nijas, bazilika, oakmoss un petitgrain mais\u012bjums.<\/p>\n<p>&nbsp;<\/p>\n<p><strong>doTERRA Amavi Azul smar\u017eas Apraksts:<\/strong><\/p>\n<p>Am\u0101v\u012b Azul ir svaiga un spilgta br\u012bv\u012bbas un piedz\u012bvojumu smar\u017ea. Pamodiniet savas ma\u0146as un ieskrieniet zilajos vi\u013c\u0146os un bezgal\u012bgaj\u0101s baltaj\u0101s smilt\u012bs noma\u013c\u0101, saules pieliet\u0101 pludmal\u0113.<\/p>\n<p>Tas ir patent\u0113ts ciedra, lielo poci\u016bgi, za\u013c\u0101 citrona, mimozas, nootkas, bergamotes, labdanuma, amirisa, magnoliju, elemi, spearmi, kardamona, citronz\u0101les, palmarozes, ingvera, treemoss, vetiveri, pelargoniju, balto piparu, v\u012braka, kaf\u012bra laima un vijol\u012btes mais\u012bjums.<\/p>\n<p>&nbsp;<\/p>\n<p><strong>doTERRA Amavi Noir smar\u017eas Apraksts:<\/strong><\/p>\n<p>Amavi Noir ir burv\u012bgs, smalks individualit\u0101tes un nosl\u0113puma papla\u0161in\u0101jums. Attur\u012bgs, bet izsmalcin\u0101ts, \u0161is drosm\u012bgi tum\u0161ais, saldais arom\u0101ts rada neaizmirstama vakara noska\u0146u.<\/p>\n<p>Tas ir patent\u0113ts ciedru, bergamotes, amira, koriandra, cipriola, sarkano mandar\u012bnu, vetiverias, elemi, labdana, lavandas, Si\u010dua\u0146as piparu, Tonkas pupi\u0146u, v\u012braka, cistas, gvajavas, pa\u010d\u016blijas, sarkan\u0101s \u0161ampingas, \u0123er\u0101niju, Peru balzama un apels\u012bnu ziedu mais\u012bjums.<\/p>\n<p>&nbsp;<\/p>\n<p>&nbsp;<\/p>\n","protected":false},"excerpt":{"rendered":"<ul>\n<li>J\u016bsu t\u0113tim vai v\u012bram noteikti patiks vismaz viena no trim jaunaj\u0101m, ierobe\u017eot\u0101 izdevuma smar\u017e\u0101m \u2013 ja ne visas tr\u012bs!<\/li>\n<li>\u0160\u012b l\u0113t\u0101 izsmalcin\u0101to v\u012bri\u0161\u0137\u012bgo smar\u017eu kolekcija padara d\u0101vanas ieg\u0101di vienk\u0101r\u0161u un gludu<\/li>\n<li>1 gab. doTERRA smar\u017eas &#8211; Am\u0101v\u012b Roso, Am\u0101v\u012b Azul, Am\u0101v\u012b Noir (1,5 ml) pudel\u012btes<\/li>\n<\/ul>\n","protected":false},"featured_media":12155,"template":"","meta":{"site-sidebar-layout":"default","site-content-layout":"default","ast-site-content-layout":"default","site-content-style":"default","site-sidebar-style":"default","ast-global-header-display":"","ast-banner-title-visibility":"","ast-main-header-display":"","ast-hfb-above-header-display":"","ast-hfb-below-header-display":"","ast-hfb-mobile-header-display":"","site-post-title":"","ast-breadcrumbs-content":"","ast-featured-img":"","footer-sml-layout":"","ast-disable-related-posts":"","theme-transparent-header-meta":"default","adv-header-id-meta":"","stick-header-meta":"","header-above-stick-meta":"","header-main-stick-meta":"","header-below-stick-meta":"","astra-migrate-meta-layouts":"default","ast-page-background-enabled":"default","ast-page-background-meta":{"desktop":{"background-color":"","background-image":"","background-repeat":"repeat","background-position":"center center","background-size":"auto","background-attachment":"scroll","background-type":"","background-media":"","overlay-type":"","overlay-color":"","overlay-opacity":"","overlay-gradient":""},"tablet":{"background-color":"","background-image":"","background-repeat":"repeat","background-position":"center center","background-size":"auto","background-attachment":"scroll","background-type":"","background-media":"","overlay-type":"","overlay-color":"","overlay-opacity":"","overlay-gradient":""},"mobile":{"background-color":"","background-image":"","background-repeat":"repeat","background-position":"center center","background-size":"auto","background-attachment":"scroll","background-type":"","background-media":"","overlay-type":"","overlay-color":"","overlay-opacity":"","overlay-gradient":""}},"ast-content-background-meta":{"desktop":{"background-color":"var(--ast-global-color-5)","background-image":"","background-repeat":"repeat","background-position":"center center","background-size":"auto","background-attachment":"scroll","background-type":"","background-media":"","overlay-type":"","overlay-color":"","overlay-opacity":"","overlay-gradient":""},"tablet":{"background-color":"var(--ast-global-color-5)","background-image":"","background-repeat":"repeat","background-position":"center center","background-size":"auto","background-attachment":"scroll","background-type":"","background-media":"","overlay-type":"","overlay-color":"","overlay-opacity":"","overlay-gradient":""},"mobile":{"background-color":"var(--ast-global-color-5)","background-image":"","background-repeat":"repeat","background-position":"center center","background-size":"auto","background-attachment":"scroll","background-type":"","background-media":"","overlay-type":"","overlay-color":"","overlay-opacity":"","overlay-gradient":""}}},"product_brand":[],"product_cat":[597,599,600,601],"product_tag":[],"class_list":{"0":"post-15909","1":"product","2":"type-product","3":"status-publish","4":"has-post-thumbnail","6":"product_cat-davanas","7":"product_cat-davanas-viriesiem","8":"product_cat-eteriskas-ellas","9":"product_cat-eterisko-ellu-maisijumi","10":"desktop-align-left","11":"tablet-align-left","12":"mobile-align-left","14":"first","15":"instock","16":"sale","17":"taxable","18":"shipping-taxable","19":"purchasable","20":"product-type-simple"},"_links":{"self":[{"href":"https:\/\/mamaterra.lt\/lv\/wp-json\/wp\/v2\/product\/15909","targetHints":{"allow":["GET"]}}],"collection":[{"href":"https:\/\/mamaterra.lt\/lv\/wp-json\/wp\/v2\/product"}],"about":[{"href":"https:\/\/mamaterra.lt\/lv\/wp-json\/wp\/v2\/types\/product"}],"wp:featuredmedia":[{"embeddable":true,"href":"https:\/\/mamaterra.lt\/lv\/wp-json\/wp\/v2\/media\/12155"}],"wp:attachment":[{"href":"https:\/\/mamaterra.lt\/lv\/wp-json\/wp\/v2\/media?parent=15909"}],"wp:term":[{"taxonomy":"product_brand","embeddable":true,"href":"https:\/\/mamaterra.lt\/lv\/wp-json\/wp\/v2\/product_brand?post=15909"},{"taxonomy":"product_cat","embeddable":true,"href":"https:\/\/mamaterra.lt\/lv\/wp-json\/wp\/v2\/product_cat?post=15909"},{"taxonomy":"product_tag","embeddable":true,"href":"https:\/\/mamaterra.lt\/lv\/wp-json\/wp\/v2\/product_tag?post=15909"}],"curies":[{"name":"wp","href":"https:\/\/api.w.org\/{rel}","templated":true}]}}