{"id":15902,"date":"2022-11-01T18:47:58","date_gmt":"2022-11-01T17:47:58","guid":{"rendered":"https:\/\/mamaterra.lt\/parduotuve\/uncategorized\/doterra-burkanu-seklu-kermena-sviests-113g-un-majigas-zekes\/"},"modified":"2022-11-01T18:47:58","modified_gmt":"2022-11-01T17:47:58","slug":"doterra-burkanu-seklas-kermenis-sviests-113g-un-majigas-zekes","status":"publish","type":"product","link":"https:\/\/mamaterra.lt\/lv\/parduotuve\/davanas\/davanas-sievietem\/doterra-burkanu-seklas-kermenis-sviests-113g-un-majigas-zekes\/","title":{"rendered":"doTERRA burk\u0101nu s\u0113klu \u0137erme\u0146a sviests 113g un m\u0101j\u012bgas ze\u0137es"},"content":{"rendered":"<p><strong>doTERRA burk\u0101nu s\u0113klu \u0137erme\u0146a sviests un m\u0101j\u012bgas ze\u0137es<\/strong><\/p>\n<p>&nbsp;<\/p>\n<p>Palutiniet \u0101du ar bag\u0101t\u012bgu un atsvaidzino\u0161u doTERRA kr\u0113mveida \u0137erme\u0146a sviestu un m\u0101j\u012bg\u0101m sv\u0113tku ze\u0137\u0113m.<\/p>\n<p>1 x burk\u0101nu s\u0113klu \u0137erme\u0146a sviests (113 g) un m\u0101j\u012bgas ze\u0137es (viena izm\u0113ra).<\/p>\n<p>Biezs un kr\u0113m\u012bgs burk\u0101ns s<span style=\"font-size: 16px; font-style: normal; font-weight: 400;\"> <\/span><span style=\"font-size: 16px; font-style: normal; font-weight: 400;\">pie\u0161\u0137ir atsvaidzino\u0161u, sazem\u0113jo\u0161u arom\u0101tu un ilgsto\u0161i mitrina \u0101du. S<\/span><span style=\"font-size: 16px;\">j\u0113ra ga\u013cas sviests ir pies\u0101tin\u0101ts ar atjaunojo\u0161\u0101m burk\u0101nu s\u0113kl\u0101m, atsvaidzino\u0161\u0101m piparm\u0113tru un <\/span>rozmar\u012bna CPTG\u00ae \u0113teriskaj\u0101m e\u013c\u013c\u0101m.<\/p>\n<p>\u0160is greznais mitrin\u0101t\u0101js satur lieliskas ol\u012bvu, saldo mande\u013cu un jojobas e\u013c\u013cas un kakao sviestu, kas padara \u0137ermeni maigu un nej\u016btas taukains, jo tas \u0101tri uzs\u016bcas un pie\u0161\u0137ir \u0101dai bar\u012bbu, ko tas v\u0113las.<\/p>\n<ul>\n<li>Piem\u0113rots visiem \u0101das tipiem.<\/li>\n<li>Burk\u0101nu s\u0113klu \u0137erme\u0146a sviests ir lieliska d\u0101vana, ta\u010du noteikti paturiet sev burku vai divas.<\/li>\n<\/ul>\n","protected":false},"excerpt":{"rendered":"<ul>\n<li>1 x burk\u0101nu s\u0113klu \u0137erme\u0146a sviests (113 g) un m\u0101j\u012bgas ze\u0137es (viena izm\u0113ra)<\/li>\n<li>Piem\u0113rots visiem \u0101das tipiem<\/li>\n<li>Burk\u0101nu s\u0113klu \u0137erme\u0146a sviests ir lieliska d\u0101vana, ta\u010du noteikti paturiet sev burku vai divas<\/li>\n<\/ul>\n","protected":false},"featured_media":12158,"template":"","meta":{"site-sidebar-layout":"default","site-content-layout":"default","ast-site-content-layout":"default","site-content-style":"default","site-sidebar-style":"default","ast-global-header-display":"","ast-banner-title-visibility":"","ast-main-header-display":"","ast-hfb-above-header-display":"","ast-hfb-below-header-display":"","ast-hfb-mobile-header-display":"","site-post-title":"","ast-breadcrumbs-content":"","ast-featured-img":"","footer-sml-layout":"","ast-disable-related-posts":"","theme-transparent-header-meta":"default","adv-header-id-meta":"","stick-header-meta":"","header-above-stick-meta":"","header-main-stick-meta":"","header-below-stick-meta":"","astra-migrate-meta-layouts":"default","ast-page-background-enabled":"default","ast-page-background-meta":{"desktop":{"background-color":"","background-image":"","background-repeat":"repeat","background-position":"center center","background-size":"auto","background-attachment":"scroll","background-type":"","background-media":"","overlay-type":"","overlay-color":"","overlay-opacity":"","overlay-gradient":""},"tablet":{"background-color":"","background-image":"","background-repeat":"repeat","background-position":"center center","background-size":"auto","background-attachment":"scroll","background-type":"","background-media":"","overlay-type":"","overlay-color":"","overlay-opacity":"","overlay-gradient":""},"mobile":{"background-color":"","background-image":"","background-repeat":"repeat","background-position":"center center","background-size":"auto","background-attachment":"scroll","background-type":"","background-media":"","overlay-type":"","overlay-color":"","overlay-opacity":"","overlay-gradient":""}},"ast-content-background-meta":{"desktop":{"background-color":"var(--ast-global-color-5)","background-image":"","background-repeat":"repeat","background-position":"center center","background-size":"auto","background-attachment":"scroll","background-type":"","background-media":"","overlay-type":"","overlay-color":"","overlay-opacity":"","overlay-gradient":""},"tablet":{"background-color":"var(--ast-global-color-5)","background-image":"","background-repeat":"repeat","background-position":"center center","background-size":"auto","background-attachment":"scroll","background-type":"","background-media":"","overlay-type":"","overlay-color":"","overlay-opacity":"","overlay-gradient":""},"mobile":{"background-color":"var(--ast-global-color-5)","background-image":"","background-repeat":"repeat","background-position":"center center","background-size":"auto","background-attachment":"scroll","background-type":"","background-media":"","overlay-type":"","overlay-color":"","overlay-opacity":"","overlay-gradient":""}}},"product_brand":[],"product_cat":[597,598,599,604],"product_tag":[],"class_list":{"0":"post-15902","1":"product","2":"type-product","3":"status-publish","4":"has-post-thumbnail","6":"product_cat-davanas","7":"product_cat-davanas-sievietem","8":"product_cat-davanas-viriesiem","9":"product_cat-higiena-un-adas-kopsana","10":"desktop-align-left","11":"tablet-align-left","12":"mobile-align-left","14":"first","15":"outofstock","16":"taxable","17":"shipping-taxable","18":"purchasable","19":"product-type-simple"},"_links":{"self":[{"href":"https:\/\/mamaterra.lt\/lv\/wp-json\/wp\/v2\/product\/15902","targetHints":{"allow":["GET"]}}],"collection":[{"href":"https:\/\/mamaterra.lt\/lv\/wp-json\/wp\/v2\/product"}],"about":[{"href":"https:\/\/mamaterra.lt\/lv\/wp-json\/wp\/v2\/types\/product"}],"wp:featuredmedia":[{"embeddable":true,"href":"https:\/\/mamaterra.lt\/lv\/wp-json\/wp\/v2\/media\/12158"}],"wp:attachment":[{"href":"https:\/\/mamaterra.lt\/lv\/wp-json\/wp\/v2\/media?parent=15902"}],"wp:term":[{"taxonomy":"product_brand","embeddable":true,"href":"https:\/\/mamaterra.lt\/lv\/wp-json\/wp\/v2\/product_brand?post=15902"},{"taxonomy":"product_cat","embeddable":true,"href":"https:\/\/mamaterra.lt\/lv\/wp-json\/wp\/v2\/product_cat?post=15902"},{"taxonomy":"product_tag","embeddable":true,"href":"https:\/\/mamaterra.lt\/lv\/wp-json\/wp\/v2\/product_tag?post=15902"}],"curies":[{"name":"wp","href":"https:\/\/api.w.org\/{rel}","templated":true}]}}