{"id":15901,"date":"2022-09-17T11:46:44","date_gmt":"2022-09-17T10:46:44","guid":{"rendered":"https:\/\/mamaterra.lt\/parduotuve\/uncategorized\/doterra-losjons-pec-meza-brizes-skusanas-150ml\/"},"modified":"2022-09-17T11:46:44","modified_gmt":"2022-09-17T10:46:44","slug":"doterra-losjons-pec-skusanas-mezs-brize-150ml","status":"publish","type":"product","link":"https:\/\/mamaterra.lt\/lv\/parduotuve\/davanas\/davanas-viriesiem\/doterra-losjons-pec-skusanas-mezs-brize-150ml\/","title":{"rendered":"doTERRA losjons p\u0113c me\u017ea br\u012bzes sk\u016b\u0161an\u0101s 150ml"},"content":{"rendered":"<p><strong>doTERRA losjons p\u0113c sk\u016b\u0161an\u0101s FOREST BREEZE<\/strong><\/p>\n<p>150 ml<\/p>\n<p>\u0160is losjons p\u0113c sk\u016b\u0161an\u0101s ir bag\u0101tin\u0101ts ar Sib\u012brijas egles, cipreses, kadi\u0137ogu ogu, meln\u0101s egles, savva\u013cas apels\u012bnu, v\u012braka un \u0137imenes \u0113teriskaj\u0101m e\u013c\u013c\u0101m &#8211; tas ir viss, kas j\u016bsu \u0101dai nepiecie\u0161ams, lai justos svaiga un svaiga!<\/p>\n<ul>\n<li>Bag\u0101tin\u0101ts ar Forest Breeze Nature Blend mais\u012bjumu, kas tika rad\u012bts tikai Eiropai.<\/li>\n<li>Viegl\u0101, zema tauku satura formul\u0101 Forest Breeze losjons p\u0113c sk\u016b\u0161an\u0101s \u0101tri uzs\u016bcas \u0101d\u0101.<\/li>\n<\/ul>\n<p><strong>doTERRA losjons p\u0113c sk\u016b\u0161an\u0101s ME\u017dA BR\u0112ZES lieto\u0161ana:<\/strong><\/p>\n<ul>\n<li>Ide\u0101li piem\u0113rots ikdienas lieto\u0161anai, k\u0101 da\u013ca no \u0101das kop\u0161anas re\u017e\u012bma.<\/li>\n<li>Piem\u0113rots r\u012bta da\u017e\u0101do\u0161anai un ener\u0123ijas pie\u0161\u0137ir\u0161anai visai dienai.<\/li>\n<\/ul>\n<p><strong>doTERRA losjons p\u0113c sk\u016b\u0161an\u0101s FOREST BREEZE lieto\u0161anas instrukcijas:<\/strong><\/p>\n<ul>\n<li>Vienm\u0113r\u012bgi uzkl\u0101jiet uz svaigi nosk\u016btas sejas un kakla \u0101das.<\/li>\n<\/ul>\n<p><strong>doTERRA losjons p\u0113c sk\u016b\u0161an\u0101s FOREST BREEZE Sast\u0101vda\u013cas:<\/strong><\/p>\n<p>\u016adens (Aqua), kaprils un kapriskais triglicer\u012bds, pentil\u0113nglikols, cetilspirts, glicer\u012bna stear\u0101ts, cetilpalmit\u0101ts, cetiaryl spirts, glicer\u012bns, Butyrospermum Parkii (Shea) sviests, Abies Sibirica e\u013c\u013ca, Cupressus Sempervirens zari\/. lapu e\u013c\u013ca, kadi\u0137u (Juniperus Communis) aug\u013cu e\u013c\u013ca, parast\u0101s priedes (Picea Mariana) zaru un\/vai lapu e\u013c\u013ca, Pimenta Officinalis (Pimenta) lapu e\u013c\u013ca, Citrus Aurantium Dulcis lapu e\u013c\u013ca, Boswellia Serrata e\u013c\u013ca, Pimenta Officinalis (Pimenta Officinalis) aug\u013cu e\u013c\u013ca, Cistus Ladaniferus e\u013c\u013ca, Carum Carvi s\u0113klu e\u013c\u013ca, Cistus Ladaniferus lapu\/stubl\u0101ju ekstrakts, Persea Gratissima (avokado) e\u013c\u013ca,  Beta Vulgaris (bie\u0161u) sak\u0146u ekstrakts, Raphanus Sativus (red\u012bsu) s\u0113klu ekstrakts, n\u0101trija stearoilglut\u0101ts, stear\u012bnsk\u0101be, n\u0101trija lauroilglutam\u0101ts, hidroksiacetofenons, ksant\u0101na sve\u0137i, lecit\u012bns, hidroliz\u0113ti jojobas esteri, pulul\u0101ns, hidroliz\u0113ta kukur\u016bzas ciete, n\u0101trija fit\u0101ts, hidrogen\u0113ta augu e\u013c\u013ca, skval\u0101ns, fosfolip\u012bdi, tokoferilacet\u0101ts, glikonolaktons, biosahar\u012bds Gum-1, n\u0101trija levulin\u0101ts, glicer\u012bna kapril\u0101ts, n\u0101trija aniz\u0101ts, n\u0101trija aniz\u0101ts, p-aniz\u0113sk\u0101be, piensk\u0101be, sil\u012bcija dioks\u012bds, benzils  Alkohols, n\u0101trija benzo\u0101ts, eugenols, limon\u0113ns, linalols.<\/p>\n","protected":false},"excerpt":{"rendered":"<ul>\n<li>doTERRA losjons 150ml<\/li>\n<li>Bag\u0101tin\u0101ts ar Forest Breeze dabas mais\u012bjumu<\/li>\n<li>Forest Breeze losjons ar vieglu, zema tauku satura formulu p\u0113c sk\u016b\u0161an\u0101s \u0101tri uzs\u016bcas \u0101d\u0101<\/li>\n<\/ul>\n","protected":false},"featured_media":19277,"template":"","meta":{"site-sidebar-layout":"default","site-content-layout":"default","ast-site-content-layout":"default","site-content-style":"default","site-sidebar-style":"default","ast-global-header-display":"","ast-banner-title-visibility":"","ast-main-header-display":"","ast-hfb-above-header-display":"","ast-hfb-below-header-display":"","ast-hfb-mobile-header-display":"","site-post-title":"","ast-breadcrumbs-content":"","ast-featured-img":"","footer-sml-layout":"","ast-disable-related-posts":"","theme-transparent-header-meta":"default","adv-header-id-meta":"","stick-header-meta":"","header-above-stick-meta":"","header-main-stick-meta":"","header-below-stick-meta":"","astra-migrate-meta-layouts":"default","ast-page-background-enabled":"default","ast-page-background-meta":{"desktop":{"background-color":"","background-image":"","background-repeat":"repeat","background-position":"center center","background-size":"auto","background-attachment":"scroll","background-type":"","background-media":"","overlay-type":"","overlay-color":"","overlay-opacity":"","overlay-gradient":""},"tablet":{"background-color":"","background-image":"","background-repeat":"repeat","background-position":"center center","background-size":"auto","background-attachment":"scroll","background-type":"","background-media":"","overlay-type":"","overlay-color":"","overlay-opacity":"","overlay-gradient":""},"mobile":{"background-color":"","background-image":"","background-repeat":"repeat","background-position":"center center","background-size":"auto","background-attachment":"scroll","background-type":"","background-media":"","overlay-type":"","overlay-color":"","overlay-opacity":"","overlay-gradient":""}},"ast-content-background-meta":{"desktop":{"background-color":"var(--ast-global-color-5)","background-image":"","background-repeat":"repeat","background-position":"center center","background-size":"auto","background-attachment":"scroll","background-type":"","background-media":"","overlay-type":"","overlay-color":"","overlay-opacity":"","overlay-gradient":""},"tablet":{"background-color":"var(--ast-global-color-5)","background-image":"","background-repeat":"repeat","background-position":"center center","background-size":"auto","background-attachment":"scroll","background-type":"","background-media":"","overlay-type":"","overlay-color":"","overlay-opacity":"","overlay-gradient":""},"mobile":{"background-color":"var(--ast-global-color-5)","background-image":"","background-repeat":"repeat","background-position":"center center","background-size":"auto","background-attachment":"scroll","background-type":"","background-media":"","overlay-type":"","overlay-color":"","overlay-opacity":"","overlay-gradient":""}}},"product_brand":[],"product_cat":[597,599,600,604],"product_tag":[638],"class_list":{"0":"post-15901","1":"product","2":"type-product","3":"status-publish","4":"has-post-thumbnail","6":"product_cat-davanas","7":"product_cat-davanas-viriesiem","8":"product_cat-eteriskas-ellas","9":"product_cat-higiena-un-adas-kopsana","10":"product_tag-losjons","11":"desktop-align-left","12":"tablet-align-left","13":"mobile-align-left","15":"first","16":"outofstock","17":"taxable","18":"shipping-taxable","19":"purchasable","20":"product-type-simple"},"_links":{"self":[{"href":"https:\/\/mamaterra.lt\/lv\/wp-json\/wp\/v2\/product\/15901","targetHints":{"allow":["GET"]}}],"collection":[{"href":"https:\/\/mamaterra.lt\/lv\/wp-json\/wp\/v2\/product"}],"about":[{"href":"https:\/\/mamaterra.lt\/lv\/wp-json\/wp\/v2\/types\/product"}],"wp:featuredmedia":[{"embeddable":true,"href":"https:\/\/mamaterra.lt\/lv\/wp-json\/wp\/v2\/media\/19277"}],"wp:attachment":[{"href":"https:\/\/mamaterra.lt\/lv\/wp-json\/wp\/v2\/media?parent=15901"}],"wp:term":[{"taxonomy":"product_brand","embeddable":true,"href":"https:\/\/mamaterra.lt\/lv\/wp-json\/wp\/v2\/product_brand?post=15901"},{"taxonomy":"product_cat","embeddable":true,"href":"https:\/\/mamaterra.lt\/lv\/wp-json\/wp\/v2\/product_cat?post=15901"},{"taxonomy":"product_tag","embeddable":true,"href":"https:\/\/mamaterra.lt\/lv\/wp-json\/wp\/v2\/product_tag?post=15901"}],"curies":[{"name":"wp","href":"https:\/\/api.w.org\/{rel}","templated":true}]}}