{"id":15896,"date":"2022-10-01T20:38:26","date_gmt":"2022-10-01T19:38:26","guid":{"rendered":"https:\/\/mamaterra.lt\/parduotuve\/uncategorized\/doterra-komplekts-hygge-eterisko-ellu-maisijums-15ml-un-tase\/"},"modified":"2023-12-13T19:50:38","modified_gmt":"2023-12-13T18:50:38","slug":"doterrahygge-essential-oil-blend-15ml","status":"publish","type":"product","link":"https:\/\/mamaterra.lt\/lv\/parduotuve\/eteriskas-ellas\/eterisko-ellu-maisijumi\/doterrahygge-essential-oil-blend-15ml\/","title":{"rendered":"HYGGE \u0113terisko e\u013c\u013cu mais\u012bjums 15ml"},"content":{"rendered":"<p><strong>HYGGE \u0113terisko e\u013c\u013cu mais\u012bjums 15ml<\/strong><\/p>\n<p>Izbaudiet gandar\u012bjuma un labsaj\u016btas saj\u016btu ar mais\u012bjums, kuru iedvesmojusi D\u0101nijas Hygge koncepcija.<\/p>\n<p>T\u0101 ir silta gandar\u012bjuma saj\u016bta, ko j\u016btat, baudot dz\u012bvi m\u0101j\u0101s kop\u0101 ar savu d\u0101rgo \u0123imeni un draugiem. Zieme\u013cvalst\u012bs \u0161\u012b saj\u016bta ir paz\u012bstama k\u0101 Hygge (izrun\u0101 hoo-gah) &#8211; t\u0101 ir prakse atkl\u0101t prieku ikdienas mirk\u013cos. doTERRA nodod \u0161o m\u0101j\u012bgumu un paz\u012bstam\u012bbu pudel\u0113 ar HYGGE Cozy Blend. Ieskaujiet sevi ar svaigu, smar\u017e\u012bgu apels\u012bnu arom\u0101tu, siltiem un zemes kokiem un saldu vani\u013cu. \u013baujiet bag\u0101t\u012bgajam HYGGE arom\u0101tam aizvest j\u016bs uz vietu, kur g\u016bt gandar\u012bjumu. Priec\u0101jieties par s\u012bkumiem. Vienk\u0101r\u0161i prieki ir vislab\u0101kie!<\/p>\n<p><strong>doTERRA HYGGE \u0113terisko e\u013c\u013cu mais\u012bjuma sast\u0101vda\u013cas:<\/strong><\/p>\n<p>Savva\u013cas apels\u012bns, ciedrs, amirs, v\u012braks, mirres, cista, vetivers, tonkas pupi\u0146as un vani\u013ca.<\/p>\n<p><strong>doTERRA HYGGE \u0113terisko e\u013c\u013cu mais\u012bjuma izmanto\u0161ana:<\/strong><\/p>\n<ul>\n<li>Izklied\u0113jiet, lai rad\u012btu siltu un aicino\u0161u vidi.<\/li>\n<li>Sajauciet ar destil\u0113tu \u016bdeni un raganas zizli, lai pagatavotu istabas aerosolu &#8220;dari pats&#8221;<\/li>\n<\/ul>\n<p><strong>doTERRA HYGGE \u0113terisko e\u013c\u013cu mais\u012bjuma instrukcijas:<\/strong><br \/>\n<strong>P\u0113c dif\u016bzijas:<\/strong> Izmantojiet 3-4 pilienus izv\u0113l\u0113taj\u0101 difuzor\u0101.<\/p>\n","protected":false},"excerpt":{"rendered":"<p>Ieskaujiet sevi ar svaigu, smar\u017e\u012bgu apels\u012bnu arom\u0101tu, siltiem un zemes kokiem un saldu vani\u013cu. \u013baujiet bag\u0101t\u012bgajam HYGGE arom\u0101tam aizvest j\u016bs uz vietu, kur g\u016bt gandar\u012bjumu. Priec\u0101jieties par s\u012bkumiem. Vienk\u0101r\u0161i prieki ir vislab\u0101kie!<\/p>\n","protected":false},"featured_media":12038,"template":"","meta":{"site-sidebar-layout":"default","site-content-layout":"default","ast-site-content-layout":"default","site-content-style":"default","site-sidebar-style":"default","ast-global-header-display":"","ast-banner-title-visibility":"","ast-main-header-display":"","ast-hfb-above-header-display":"","ast-hfb-below-header-display":"","ast-hfb-mobile-header-display":"","site-post-title":"","ast-breadcrumbs-content":"","ast-featured-img":"","footer-sml-layout":"","ast-disable-related-posts":"","theme-transparent-header-meta":"default","adv-header-id-meta":"","stick-header-meta":"","header-above-stick-meta":"","header-main-stick-meta":"","header-below-stick-meta":"","astra-migrate-meta-layouts":"set","ast-page-background-enabled":"default","ast-page-background-meta":{"desktop":{"background-color":"","background-image":"","background-repeat":"repeat","background-position":"center center","background-size":"auto","background-attachment":"scroll","background-type":"","background-media":"","overlay-type":"","overlay-color":"","overlay-opacity":"","overlay-gradient":""},"tablet":{"background-color":"","background-image":"","background-repeat":"repeat","background-position":"center center","background-size":"auto","background-attachment":"scroll","background-type":"","background-media":"","overlay-type":"","overlay-color":"","overlay-opacity":"","overlay-gradient":""},"mobile":{"background-color":"","background-image":"","background-repeat":"repeat","background-position":"center center","background-size":"auto","background-attachment":"scroll","background-type":"","background-media":"","overlay-type":"","overlay-color":"","overlay-opacity":"","overlay-gradient":""}},"ast-content-background-meta":{"desktop":{"background-color":"var(--ast-global-color-5)","background-image":"","background-repeat":"repeat","background-position":"center center","background-size":"auto","background-attachment":"scroll","background-type":"","background-media":"","overlay-type":"","overlay-color":"","overlay-opacity":"","overlay-gradient":""},"tablet":{"background-color":"var(--ast-global-color-5)","background-image":"","background-repeat":"repeat","background-position":"center center","background-size":"auto","background-attachment":"scroll","background-type":"","background-media":"","overlay-type":"","overlay-color":"","overlay-opacity":"","overlay-gradient":""},"mobile":{"background-color":"var(--ast-global-color-5)","background-image":"","background-repeat":"repeat","background-position":"center center","background-size":"auto","background-attachment":"scroll","background-type":"","background-media":"","overlay-type":"","overlay-color":"","overlay-opacity":"","overlay-gradient":""}}},"product_brand":[],"product_cat":[601,610,613,618],"product_tag":[683,631,1144,649],"class_list":{"0":"post-15896","1":"product","2":"type-product","3":"status-publish","4":"has-post-thumbnail","6":"product_cat-eterisko-ellu-maisijumi","7":"product_cat-imunitates-stiprinasanai","8":"product_cat-miegam","9":"product_cat-nomierinosas","10":"product_tag-15ml-lv","11":"product_tag-eteriskas-ellas","12":"product_tag-hygge-lv","13":"product_tag-komplekti","14":"desktop-align-left","15":"tablet-align-left","16":"mobile-align-left","18":"first","19":"instock","20":"taxable","21":"shipping-taxable","22":"purchasable","23":"product-type-simple"},"_links":{"self":[{"href":"https:\/\/mamaterra.lt\/lv\/wp-json\/wp\/v2\/product\/15896","targetHints":{"allow":["GET"]}}],"collection":[{"href":"https:\/\/mamaterra.lt\/lv\/wp-json\/wp\/v2\/product"}],"about":[{"href":"https:\/\/mamaterra.lt\/lv\/wp-json\/wp\/v2\/types\/product"}],"wp:featuredmedia":[{"embeddable":true,"href":"https:\/\/mamaterra.lt\/lv\/wp-json\/wp\/v2\/media\/12038"}],"wp:attachment":[{"href":"https:\/\/mamaterra.lt\/lv\/wp-json\/wp\/v2\/media?parent=15896"}],"wp:term":[{"taxonomy":"product_brand","embeddable":true,"href":"https:\/\/mamaterra.lt\/lv\/wp-json\/wp\/v2\/product_brand?post=15896"},{"taxonomy":"product_cat","embeddable":true,"href":"https:\/\/mamaterra.lt\/lv\/wp-json\/wp\/v2\/product_cat?post=15896"},{"taxonomy":"product_tag","embeddable":true,"href":"https:\/\/mamaterra.lt\/lv\/wp-json\/wp\/v2\/product_tag?post=15896"}],"curies":[{"name":"wp","href":"https:\/\/api.w.org\/{rel}","templated":true}]}}