{"id":15892,"date":"2022-11-01T18:11:19","date_gmt":"2022-11-01T17:11:19","guid":{"rendered":"https:\/\/mamaterra.lt\/parduotuve\/uncategorized\/velura-apsildama-miksta-rotallieta-trusis-un-lavender-pure-dottera-eteriska-ella-15ml\/"},"modified":"2022-11-01T18:11:19","modified_gmt":"2022-11-01T17:11:19","slug":"velurs-karsets-micisana-trusis-un-lavanda-pure-doterra-essential-oil-15ml","status":"publish","type":"product","link":"https:\/\/mamaterra.lt\/lv\/parduotuve\/eteriskas-ellas\/tiras-eteriskas-ellas\/velurs-karsets-micisana-trusis-un-lavanda-pure-doterra-essential-oil-15ml\/","title":{"rendered":"Vel\u016bra apsild\u0101ma m\u012bksta rota\u013clieta Trusis un LAVENDER Pure doTTERA \u0113terisk\u0101 e\u013c\u013ca 15ml"},"content":{"rendered":"<p><strong>Vel\u016bra apsild\u0101ma m\u012bksta rota\u013clieta Trusis un LAVENDER Pure doTTERA \u0113terisk\u0101 e\u013c\u013ca 15ml<\/strong><\/p>\n<p>&nbsp;<\/p>\n<p>\u0160\u012b ide\u0101l\u0101 kombin\u0101cija, kas izveidota, dom\u0101jot par m\u016bsu mazajiem, \u013caus jums justies \u0113rti un m\u0101j\u012bgi ziem\u0101.<\/p>\n<ul>\n<li>1 vel\u016bra apsild\u0101ma m\u012bksta rota\u013clieta trusis un Lavandas \u0113terisk\u0101 e\u013c\u013ca (15 ml)<\/li>\n<li>\u0160im m\u012bkstajam rota\u013clietu tru\u0161am ir no\u0146emams spilvens, ko var sild\u012bt mikrovi\u013c\u0146u kr\u0101sn\u012b. P\u0113c spilvena uzsild\u012b\u0161anas uz t\u0101 ir iesp\u0113jams uzkl\u0101t \u0113terisko e\u013c\u013cu!<\/li>\n<li>Vel\u016bra apsild\u0101mi m\u012bksto rota\u013cu tru\u0161u izm\u0113ri: 26 x 24 x 12 cm<\/li>\n<\/ul>\n<p>&nbsp;<\/p>\n<p><strong>LAVENDER Pure doTTERA \u0113terisk\u0101 e\u013c\u013ca 15ml<\/strong><\/p>\n<p>Lavandula angustifolia | 15ml<\/p>\n<p>&nbsp;<\/p>\n<p><strong>LAVENDER Pure doTTERA \u0113terisk\u0101s e\u013c\u013cas apraksts:<\/strong><\/p>\n<p>Lavanda jau t\u016bksto\u0161iem gadu tiek nov\u0113rt\u0113ta par t\u0101s \u012bpa\u0161o arom\u0101tu un vesel\u012bbai labv\u0113l\u012bgaj\u0101m \u012bpa\u0161\u012bb\u0101m.<\/p>\n<ul>\n<li>Pla\u0161i izmanto t\u0101 nomierino\u0161\u0101s un relaks\u0113jo\u0161\u0101s iedarb\u012bbas d\u0113\u013c<\/li>\n<li>Samazina \u0101das kairin\u0101jumu<\/li>\n<li>Ir relaks\u0113jo\u0161a iedarb\u012bba, kas pal\u012bdz rad\u012bt atmosf\u0113ru, kas uzmundrina p\u0101r\u0113jos<\/li>\n<\/ul>\n<p>&nbsp;<\/p>\n<p>Vair\u0101k par <strong>lavandas <\/strong><strong>doTERRA<\/strong><strong> <\/strong><strong>\u0112terisko e\u013c\u013cu <\/strong>atrad\u012bsit t\u0101l\u0101k redzamaj\u0101 videoklip\u0101.<\/p>\n<p><iframe title=\"doTERRA\u00ae lavandas e\u013c\u013cas izmanto\u0161ana un priek\u0161roc\u012bbas\" src=\"https:\/\/www.youtube.com\/embed\/wjbHnTrTeKc\" width=\"853\" height=\"480\" frameborder=\"0\" allowfullscreen=\"allowfullscreen\"><\/iframe><\/p>\n","protected":false},"excerpt":{"rendered":"<ul>\n<li>1 vel\u016bra apsild\u0101ma m\u012bksta rota\u013clieta trusis un Lavandas \u0113terisk\u0101 e\u013c\u013ca (15 ml)<\/li>\n<li>Lavandas \u0113terisk\u0101 aleja mazina \u0101das kairin\u0101jumu<\/li>\n<li>Ir relaks\u0113jo\u0161a iedarb\u012bba, kas pal\u012bdz rad\u012bt atmosf\u0113ru, kas uzmundrina p\u0101r\u0113jos<\/li>\n<li>\n<\/li>\n<\/ul>\n","protected":false},"featured_media":12153,"template":"","meta":{"site-sidebar-layout":"default","site-content-layout":"default","ast-site-content-layout":"default","site-content-style":"default","site-sidebar-style":"default","ast-global-header-display":"","ast-banner-title-visibility":"","ast-main-header-display":"","ast-hfb-above-header-display":"","ast-hfb-below-header-display":"","ast-hfb-mobile-header-display":"","site-post-title":"","ast-breadcrumbs-content":"","ast-featured-img":"","footer-sml-layout":"","ast-disable-related-posts":"","theme-transparent-header-meta":"default","adv-header-id-meta":"","stick-header-meta":"","header-above-stick-meta":"","header-main-stick-meta":"","header-below-stick-meta":"","astra-migrate-meta-layouts":"default","ast-page-background-enabled":"default","ast-page-background-meta":{"desktop":{"background-color":"","background-image":"","background-repeat":"repeat","background-position":"center center","background-size":"auto","background-attachment":"scroll","background-type":"","background-media":"","overlay-type":"","overlay-color":"","overlay-opacity":"","overlay-gradient":""},"tablet":{"background-color":"","background-image":"","background-repeat":"repeat","background-position":"center center","background-size":"auto","background-attachment":"scroll","background-type":"","background-media":"","overlay-type":"","overlay-color":"","overlay-opacity":"","overlay-gradient":""},"mobile":{"background-color":"","background-image":"","background-repeat":"repeat","background-position":"center center","background-size":"auto","background-attachment":"scroll","background-type":"","background-media":"","overlay-type":"","overlay-color":"","overlay-opacity":"","overlay-gradient":""}},"ast-content-background-meta":{"desktop":{"background-color":"var(--ast-global-color-5)","background-image":"","background-repeat":"repeat","background-position":"center center","background-size":"auto","background-attachment":"scroll","background-type":"","background-media":"","overlay-type":"","overlay-color":"","overlay-opacity":"","overlay-gradient":""},"tablet":{"background-color":"var(--ast-global-color-5)","background-image":"","background-repeat":"repeat","background-position":"center center","background-size":"auto","background-attachment":"scroll","background-type":"","background-media":"","overlay-type":"","overlay-color":"","overlay-opacity":"","overlay-gradient":""},"mobile":{"background-color":"var(--ast-global-color-5)","background-image":"","background-repeat":"repeat","background-position":"center center","background-size":"auto","background-attachment":"scroll","background-type":"","background-media":"","overlay-type":"","overlay-color":"","overlay-opacity":"","overlay-gradient":""}}},"product_brand":[],"product_cat":[619,597,598,599,613,618,602],"product_tag":[683,631,1119],"class_list":{"0":"post-15892","1":"product","2":"type-product","3":"status-publish","4":"has-post-thumbnail","6":"product_cat-berniem","7":"product_cat-davanas","8":"product_cat-davanas-sievietem","9":"product_cat-davanas-viriesiem","10":"product_cat-miegam","11":"product_cat-nomierinosas","12":"product_cat-tiras-eteriskas-ellas","13":"product_tag-15ml-lv","14":"product_tag-eteriskas-ellas","15":"product_tag-lavender-lv","16":"desktop-align-left","17":"tablet-align-left","18":"mobile-align-left","20":"first","21":"instock","22":"taxable","23":"shipping-taxable","24":"purchasable","25":"product-type-simple"},"_links":{"self":[{"href":"https:\/\/mamaterra.lt\/lv\/wp-json\/wp\/v2\/product\/15892","targetHints":{"allow":["GET"]}}],"collection":[{"href":"https:\/\/mamaterra.lt\/lv\/wp-json\/wp\/v2\/product"}],"about":[{"href":"https:\/\/mamaterra.lt\/lv\/wp-json\/wp\/v2\/types\/product"}],"wp:featuredmedia":[{"embeddable":true,"href":"https:\/\/mamaterra.lt\/lv\/wp-json\/wp\/v2\/media\/12153"}],"wp:attachment":[{"href":"https:\/\/mamaterra.lt\/lv\/wp-json\/wp\/v2\/media?parent=15892"}],"wp:term":[{"taxonomy":"product_brand","embeddable":true,"href":"https:\/\/mamaterra.lt\/lv\/wp-json\/wp\/v2\/product_brand?post=15892"},{"taxonomy":"product_cat","embeddable":true,"href":"https:\/\/mamaterra.lt\/lv\/wp-json\/wp\/v2\/product_cat?post=15892"},{"taxonomy":"product_tag","embeddable":true,"href":"https:\/\/mamaterra.lt\/lv\/wp-json\/wp\/v2\/product_tag?post=15892"}],"curies":[{"name":"wp","href":"https:\/\/api.w.org\/{rel}","templated":true}]}}