{"id":15888,"date":"2022-09-26T19:40:02","date_gmt":"2022-09-26T18:40:02","guid":{"rendered":"https:\/\/mamaterra.lt\/parduotuve\/uncategorized\/dabigais-doterra-dezodorants-ar-douglas-fir-un-grieku-orange-doterra-eteriskajam-ellam-75g\/"},"modified":"2023-02-12T15:06:25","modified_gmt":"2023-02-12T14:06:25","slug":"dabigais-doterra-dezodorants-douglas-egles-un-grieku-apelsinu-doterra-eteriskas-ellas","status":"publish","type":"product","link":"https:\/\/mamaterra.lt\/lv\/parduotuve\/eteriskas-ellas\/eterisko-ellu-maisijumi\/dabigais-doterra-dezodorants-douglas-egles-un-grieku-apelsinu-doterra-eteriskas-ellas\/","title":{"rendered":"Dab\u012bgais doterra dezodorants ar Douglas FIR un GRIE\u0136U ORANGE doTERRA \u0113teriskaj\u0101m e\u013c\u013c\u0101m 75g"},"content":{"rendered":"<p><strong>Dab\u012bgs dezodorants jut\u012bgiem cilv\u0113kiem ar doTERRA Douglas egli un grie\u0137u apels\u012bnu<\/strong><\/p>\n<p>75 g<\/p>\n<p>Dab\u012bgs dezodorants ar DOUGLAS FIR un GRIE\u0136U ORANGE doTERRA \u0113teriskaj\u0101m e\u013c\u013c\u0101m ir dezodorants, kuram varat uztic\u0113ties. J\u016bs varat atteikties no alum\u012bnija, parab\u0113niem, ftal\u0101tiem un talka un joproj\u0101m smar\u017eot p\u0101rsteidzo\u0161i. Izmantojiet doTERRA dabisko dezodorantu un saj\u016btiet t\u012br\u012bbas sp\u0113ku.<\/p>\n<p>\u0160is dab\u012bgais dezodorants akt\u012bvi aizsarg\u0101 pret nepat\u012bkam\u0101m smak\u0101m un nodro\u0161ina ilgsto\u0161u svaigumu.<\/p>\n<p><strong>Dab\u012bg\u0101 doTERRA Deodoranto sast\u0101vda\u013cas ar doTERRA DOUGLAS FIR un GRIE\u0136U ORANGE doTERRA \u0113teriskaj\u0101m e\u013c\u013c\u0101m:<\/strong><\/p>\n<ul>\n<li>Tapiokas ciete: Iek\u013cauts: absorb\u0113 mitrumu padus\u0113s, liekot jums justies svaigam un sausam visas dienas garum\u0101<\/li>\n<li>kaprillijs un kaprila triglicer\u012bds: dabiska okl\u016bzija, kas b\u016bt\u012bb\u0101 ir k\u0101 \u0101das kondicionieris<\/li>\n<li>Stearilspirts: augu izcelsmes stabilizators<\/li>\n<li>Magnijs: Pal\u012bdz neitraliz\u0113t smakas un ir absorb\u0113jo\u0161s pH regulators<\/li>\n<li>Butyrospermum parkii: Paz\u012bstams ar\u012b k\u0101 \u0161\u012b sviests<\/li>\n<li>Cocos nucifera: paz\u012bstams ar\u012b k\u0101 kokosriekstu e\u013c\u013ca<\/li>\n<li>Helianthus annuus: Paz\u012bstams ar\u012b k\u0101 saulespu\u0137u s\u0113klu e\u013c\u013ca<\/li>\n<li>Simmondsia chinensis: Paz\u012bstams ar\u012b k\u0101 jojobas s\u0113klu e\u013c\u013ca<\/li>\n<li>jojobas esteri: Dabisks m\u012bkstino\u0161s l\u012bdzeklis, kas pal\u012bdz uztur\u0113t maigu, gludu un elast\u012bgu \u0101du.<\/li>\n<li>Poligliceril-3 bi\u0161u vasks: No bi\u0161u vaska ieg\u016bst emulgatoru<\/li>\n<li>hidrogen\u0113ta r\u012bcine\u013c\u013ca: V\u0113l viens okluz\u012bvs vai dab\u012bgs \u0101das kondicionieris<\/li>\n<li>Trietilcitr\u0101ts: augu enz\u012bms un der\u012bgs dezodorants<\/li>\n<li>Grie\u0137u apels\u012bna (Citrus aurantium dulcis) \u0113terisk\u0101 e\u013c\u013ca: tai ir izteikts, ener\u0123isks citrusaug\u013cu arom\u0101ts.<\/li>\n<li>Douglas egles (Pseudotsuga menziesii) \u0113terisk\u0101 e\u013c\u013ca: tai ir svaigs, svaigs arom\u0101ts un t\u0101 var att\u012br\u012bt \u0101du, ja to lieto lok\u0101li<\/li>\n<li>tokoferols: dabisks savienojums, kas saist\u012bts ar E vitam\u012bnu ar antioksidantu \u012bpa\u0161\u012bb\u0101m.<\/li>\n<\/ul>\n","protected":false},"excerpt":{"rendered":"<ul>\n<li>Dab\u012bgais dezodorants ar DOUGLAS FIR un GRIE\u0136U ORANGE doTERRA \u0113teriskaj\u0101m e\u013c\u013c\u0101m<\/li>\n<li>Dezodorants 75g<\/li>\n<li>\u0160is dab\u012bgais dezodorants akt\u012bvi aizsarg\u0101 pret nepat\u012bkam\u0101m smak\u0101m un nodro\u0161ina ilgsto\u0161u svaigumu<\/li>\n<\/ul>\n","protected":false},"featured_media":12042,"template":"","meta":{"site-sidebar-layout":"default","site-content-layout":"default","ast-site-content-layout":"default","site-content-style":"default","site-sidebar-style":"default","ast-global-header-display":"","ast-banner-title-visibility":"","ast-main-header-display":"","ast-hfb-above-header-display":"","ast-hfb-below-header-display":"","ast-hfb-mobile-header-display":"","site-post-title":"","ast-breadcrumbs-content":"","ast-featured-img":"","footer-sml-layout":"","ast-disable-related-posts":"","theme-transparent-header-meta":"default","adv-header-id-meta":"","stick-header-meta":"","header-above-stick-meta":"","header-main-stick-meta":"","header-below-stick-meta":"","astra-migrate-meta-layouts":"default","ast-page-background-enabled":"default","ast-page-background-meta":{"desktop":{"background-color":"","background-image":"","background-repeat":"repeat","background-position":"center center","background-size":"auto","background-attachment":"scroll","background-type":"","background-media":"","overlay-type":"","overlay-color":"","overlay-opacity":"","overlay-gradient":""},"tablet":{"background-color":"","background-image":"","background-repeat":"repeat","background-position":"center center","background-size":"auto","background-attachment":"scroll","background-type":"","background-media":"","overlay-type":"","overlay-color":"","overlay-opacity":"","overlay-gradient":""},"mobile":{"background-color":"","background-image":"","background-repeat":"repeat","background-position":"center center","background-size":"auto","background-attachment":"scroll","background-type":"","background-media":"","overlay-type":"","overlay-color":"","overlay-opacity":"","overlay-gradient":""}},"ast-content-background-meta":{"desktop":{"background-color":"var(--ast-global-color-5)","background-image":"","background-repeat":"repeat","background-position":"center center","background-size":"auto","background-attachment":"scroll","background-type":"","background-media":"","overlay-type":"","overlay-color":"","overlay-opacity":"","overlay-gradient":""},"tablet":{"background-color":"var(--ast-global-color-5)","background-image":"","background-repeat":"repeat","background-position":"center center","background-size":"auto","background-attachment":"scroll","background-type":"","background-media":"","overlay-type":"","overlay-color":"","overlay-opacity":"","overlay-gradient":""},"mobile":{"background-color":"var(--ast-global-color-5)","background-image":"","background-repeat":"repeat","background-position":"center center","background-size":"auto","background-attachment":"scroll","background-type":"","background-media":"","overlay-type":"","overlay-color":"","overlay-opacity":"","overlay-gradient":""}}},"product_brand":[],"product_cat":[601,604],"product_tag":[798,656,1227,1189],"class_list":{"0":"post-15888","1":"product","2":"type-product","3":"status-publish","4":"has-post-thumbnail","6":"product_cat-eterisko-ellu-maisijumi","7":"product_cat-higiena-un-adas-kopsana","8":"product_tag-75g-lv","9":"product_tag-dezodorants","10":"product_tag-douglas-fir-lv","11":"product_tag-greek-orange-lv","12":"desktop-align-left","13":"tablet-align-left","14":"mobile-align-left","16":"first","17":"instock","18":"taxable","19":"shipping-taxable","20":"purchasable","21":"product-type-simple"},"_links":{"self":[{"href":"https:\/\/mamaterra.lt\/lv\/wp-json\/wp\/v2\/product\/15888","targetHints":{"allow":["GET"]}}],"collection":[{"href":"https:\/\/mamaterra.lt\/lv\/wp-json\/wp\/v2\/product"}],"about":[{"href":"https:\/\/mamaterra.lt\/lv\/wp-json\/wp\/v2\/types\/product"}],"wp:featuredmedia":[{"embeddable":true,"href":"https:\/\/mamaterra.lt\/lv\/wp-json\/wp\/v2\/media\/12042"}],"wp:attachment":[{"href":"https:\/\/mamaterra.lt\/lv\/wp-json\/wp\/v2\/media?parent=15888"}],"wp:term":[{"taxonomy":"product_brand","embeddable":true,"href":"https:\/\/mamaterra.lt\/lv\/wp-json\/wp\/v2\/product_brand?post=15888"},{"taxonomy":"product_cat","embeddable":true,"href":"https:\/\/mamaterra.lt\/lv\/wp-json\/wp\/v2\/product_cat?post=15888"},{"taxonomy":"product_tag","embeddable":true,"href":"https:\/\/mamaterra.lt\/lv\/wp-json\/wp\/v2\/product_tag?post=15888"}],"curies":[{"name":"wp","href":"https:\/\/api.w.org\/{rel}","templated":true}]}}