{"id":15887,"date":"2022-10-20T20:01:51","date_gmt":"2022-10-20T19:01:51","guid":{"rendered":"https:\/\/mamaterra.lt\/parduotuve\/uncategorized\/doterra-dzili-zilas-ziedes-maizites-10-gab-pa-2ml-katra\/"},"modified":"2022-10-20T20:01:51","modified_gmt":"2022-10-20T19:01:51","slug":"doterra-deep-blue-ziede-maizites-10-gab-x-2ml","status":"publish","type":"product","link":"https:\/\/mamaterra.lt\/lv\/parduotuve\/eteriskas-ellas\/doterra-deep-blue-ziede-maizites-10-gab-x-2ml\/","title":{"rendered":"doTERRA dzi\u013ci zilas ziedes maiz\u012btes (10 gab. pa 2ml katr\u0101)"},"content":{"rendered":"<p><strong>10 maiz\u012btes ar 2 ml <span style=\"font-size: 16px; font-style: normal;\">Deep Blue\u00ae Rub Paraugi nomierino\u0161s kr\u0113ms<\/span><\/strong><\/p>\n<p><span style=\"font-size: 16px; font-style: normal; font-weight: 400;\">Izm\u0113\u0123iniet doTERRA Deep Blue Rub nomierino\u0161\u0101s ziedes m\u0113r\u0137a komfortu \u0113rt\u0101 10 iepakojumu kast\u0113. Izbaudiet t\u0101 nomierino\u0161o sp\u0113ku sporta sacens\u012bb\u0101s, sporta z\u0101l\u0113 vai ce\u013c\u0101.<\/span><\/p>\n<p>Sast\u0101v no patent\u0113ta dab\u012bgo augu ekstraktu un citu sp\u0113c\u012bgu sast\u0101vda\u013cu mais\u012bjuma, Deep Blue Rub nodro\u0161ina nomierino\u0161u v\u0113suma un siltuma saj\u016btu problem\u0101tiskaj\u0101s zon\u0101s. Izgatavots no popul\u0101r\u0101k\u0101 doTERRA Deep Blue \u0113terisko e\u013c\u013cu mais\u012bjuma, kas sast\u0101v no br\u016bklen\u0113m, kampara, piparm\u0113tras, zil\u0101 di\u017esk\u0101bar\u017ea, matricarijas (v\u0101cu kumel\u012btes), \u0137emm\u012b\u0161gliemen\u0113m, ylang ylang un taht\u0101m, dzi\u013ci zils Rub ir neaizst\u0101jams papildin\u0101jums vannas istabas skapim un sporta somai. Deep Blue Rub ir sajaukts ar mitrino\u0161iem m\u012bkstino\u0161iem l\u012bdzek\u013ciem, kas pie\u0161\u0137ir \u0101dai maiguma un taukain\u012bbas saj\u016btu. To izv\u0113las mas\u0101\u017eas terapeiti un sporta speci\u0101listi, kuri \u0161obr\u012bd sav\u0101 praks\u0113 izmanto doTERRA Deep Blue \u0113terisko e\u013c\u013cu mais\u012bjumu.<\/p>\n<p><strong>Lieto\u0161anas instrukcija<\/strong><br \/>\nIemas\u0113jiet kr\u0113mu s\u0101po\u0161aj\u0101s<span style=\"font-size: 16px;\"> viet\u0101s. <\/span>  <\/p>\n<p><span style=\"font-size: 16px;\">Ja v\u0113laties intens\u012bv\u0101ku proced\u016bru, pirms kr\u0113ma uzkl\u0101\u0161anas uz \u0101das uzkl\u0101jiet dzi\u013ci zilu \u0113terisko e\u013c\u013cu mais\u012bjumu.<\/span><\/p>\n<p><strong>Br\u012bdin\u0101jumi<\/strong><br \/>\nTikai \u0101r\u012bgai lieto\u0161anai. Iesp\u0113jama \u0101das jut\u012bba. Izvairieties no nok\u013c\u016b\u0161anas ac\u012bs. Nelietot uz br\u016bc\u0113m vai boj\u0101tas \u0101das. P\u0113c uzkl\u0101\u0161anas nelietojiet stingru p\u0101rs\u0113ju vai nelietojiet to ar sasil\u0161anas spilventi\u0146u. Uzglab\u0101t b\u0113rniem nepieejam\u0101 viet\u0101, lai izvair\u012btos no nejau\u0161as nor\u012b\u0161anas. Ja nor\u012bts, nekav\u0113joties j\u0101mekl\u0113 medic\u012bnisk\u0101 pal\u012bdz\u012bba vai Indes kontroles centrs.<\/p>\n<p>Komponenti<br \/>\n\u016adens (Aqua), Gaultheria procumbens (Wintergreen) lapu e\u013c\u013ca, Cinnamomum camphora (kampara) e\u013c\u013ca, mentols, cetearilspirts, Prunus amygdalus dulcis (Saldo mande\u013cu) e\u013c\u013ca, stear\u012bnsk\u0101be, glicer\u012bna stear\u0101ts, PEG-100 stear\u0101ts, Mentha piperita (piparm\u0113tru) e\u013c\u013ca, Eucalyptus globulus (Eucalyptus) lapu e\u013c\u013ca, kaprillija un kaprila triglicer\u012bds, butil\u0113nglikols, ziedu e\u013c\u013ca Cananga odorata (Ylang Ylang), Capsicum frutescens aug\u013cu ekstrakts, Chamomilla recutita (Matricaria) e\u013c\u013ca, Tanacetum annuum (Blue Tansy) zieds,  lapu un stubl\u0101ju e\u013c\u013ca, Helichrysum italicum (Helichrysum) ziedu, lapu un stubl\u0101ju e\u013c\u013ca, Alantoin, Gardenia florida aug\u013cu ekstrakts, Osmanthus fragrans (Osmanthus) ziedu ekstrakts, Aloe barbadensis lapu sulas pulveris, Chlorella vulgaris ekstrakts, retinilpalmit\u0101ts, skval\u0101ns, Ceteareth-20, hidroksietilakril\u0101ts un n\u0101trija akriltildimetiltaur\u0101ta kopolim\u0113rs, dimetikons, fenoksietanols, kaprilglikols, akril\u0101ts \/ C10-30 alkilakril\u0101ta krukolipolim\u0113rs, ksant\u0101na sve\u0137i, etilheksilglicer\u012bns, heksalenga glikols,  polisorb\u0101ts 60, maltodekstr\u012bns, n\u0101trija PCA, tetra n\u0101trija glutam\u0101ta diacet\u0101ts, sorbit\u0101na izostear\u0101ts, n\u0101trija hidroks\u012bds<\/p>\n<p>&nbsp;<\/p>\n<p>&nbsp;<\/p>\n","protected":false},"excerpt":{"rendered":"<p>10 maiz\u012btes ar 2 ml <span style=\"font-size: 16px; font-style: normal; font-weight: 400;\">Deep Blue\u00ae Rub Paraugi nomierino\u0161s kr\u0113ms<\/span><\/p>\n<p><span style=\"font-size: 16px; font-style: normal; font-weight: 400;\">Izm\u0113\u0123iniet doTERRA Deep Blue Rub nomierino\u0161\u0101s ziedes m\u0113r\u0137a komfortu \u0113rt\u0101 10 iepakojumu kast\u0113. Izbaudiet t\u0101 nomierino\u0161o sp\u0113ku sporta sacens\u012bb\u0101s, sporta z\u0101l\u0113 vai ce\u013c\u0101.<\/span><\/p>\n","protected":false},"featured_media":12114,"template":"","meta":{"site-sidebar-layout":"default","site-content-layout":"default","ast-site-content-layout":"default","site-content-style":"default","site-sidebar-style":"default","ast-global-header-display":"","ast-banner-title-visibility":"","ast-main-header-display":"","ast-hfb-above-header-display":"","ast-hfb-below-header-display":"","ast-hfb-mobile-header-display":"","site-post-title":"","ast-breadcrumbs-content":"","ast-featured-img":"","footer-sml-layout":"","ast-disable-related-posts":"","theme-transparent-header-meta":"default","adv-header-id-meta":"","stick-header-meta":"","header-above-stick-meta":"","header-main-stick-meta":"","header-below-stick-meta":"","astra-migrate-meta-layouts":"default","ast-page-background-enabled":"default","ast-page-background-meta":{"desktop":{"background-color":"","background-image":"","background-repeat":"repeat","background-position":"center center","background-size":"auto","background-attachment":"scroll","background-type":"","background-media":"","overlay-type":"","overlay-color":"","overlay-opacity":"","overlay-gradient":""},"tablet":{"background-color":"","background-image":"","background-repeat":"repeat","background-position":"center center","background-size":"auto","background-attachment":"scroll","background-type":"","background-media":"","overlay-type":"","overlay-color":"","overlay-opacity":"","overlay-gradient":""},"mobile":{"background-color":"","background-image":"","background-repeat":"repeat","background-position":"center center","background-size":"auto","background-attachment":"scroll","background-type":"","background-media":"","overlay-type":"","overlay-color":"","overlay-opacity":"","overlay-gradient":""}},"ast-content-background-meta":{"desktop":{"background-color":"var(--ast-global-color-5)","background-image":"","background-repeat":"repeat","background-position":"center center","background-size":"auto","background-attachment":"scroll","background-type":"","background-media":"","overlay-type":"","overlay-color":"","overlay-opacity":"","overlay-gradient":""},"tablet":{"background-color":"var(--ast-global-color-5)","background-image":"","background-repeat":"repeat","background-position":"center center","background-size":"auto","background-attachment":"scroll","background-type":"","background-media":"","overlay-type":"","overlay-color":"","overlay-opacity":"","overlay-gradient":""},"mobile":{"background-color":"var(--ast-global-color-5)","background-image":"","background-repeat":"repeat","background-position":"center center","background-size":"auto","background-attachment":"scroll","background-type":"","background-media":"","overlay-type":"","overlay-color":"","overlay-opacity":"","overlay-gradient":""}}},"product_brand":[],"product_cat":[600],"product_tag":[1506],"class_list":{"0":"post-15887","1":"product","2":"type-product","3":"status-publish","4":"has-post-thumbnail","6":"product_cat-eteriskas-ellas","7":"product_tag-deep-blue-lv","8":"desktop-align-left","9":"tablet-align-left","10":"mobile-align-left","12":"first","13":"instock","14":"taxable","15":"shipping-taxable","16":"purchasable","17":"product-type-simple"},"_links":{"self":[{"href":"https:\/\/mamaterra.lt\/lv\/wp-json\/wp\/v2\/product\/15887","targetHints":{"allow":["GET"]}}],"collection":[{"href":"https:\/\/mamaterra.lt\/lv\/wp-json\/wp\/v2\/product"}],"about":[{"href":"https:\/\/mamaterra.lt\/lv\/wp-json\/wp\/v2\/types\/product"}],"wp:featuredmedia":[{"embeddable":true,"href":"https:\/\/mamaterra.lt\/lv\/wp-json\/wp\/v2\/media\/12114"}],"wp:attachment":[{"href":"https:\/\/mamaterra.lt\/lv\/wp-json\/wp\/v2\/media?parent=15887"}],"wp:term":[{"taxonomy":"product_brand","embeddable":true,"href":"https:\/\/mamaterra.lt\/lv\/wp-json\/wp\/v2\/product_brand?post=15887"},{"taxonomy":"product_cat","embeddable":true,"href":"https:\/\/mamaterra.lt\/lv\/wp-json\/wp\/v2\/product_cat?post=15887"},{"taxonomy":"product_tag","embeddable":true,"href":"https:\/\/mamaterra.lt\/lv\/wp-json\/wp\/v2\/product_tag?post=15887"}],"curies":[{"name":"wp","href":"https:\/\/api.w.org\/{rel}","templated":true}]}}