{"id":15868,"date":"2021-04-19T09:21:55","date_gmt":"2021-04-19T08:21:55","guid":{"rendered":"https:\/\/mamaterra.lt\/parduotuve\/uncategorized\/doterra-pelaski-pom-kermeni-atjaunojoss-serums-100ml\/"},"modified":"2021-04-19T09:21:55","modified_gmt":"2021-04-19T08:21:55","slug":"doterra-pelaski-pom-kermenis-atjaunojoss-serums-100ml","status":"publish","type":"product","link":"https:\/\/mamaterra.lt\/lv\/parduotuve\/higiena-un-adas-kopsana\/yarrow-pom-produktiem\/doterra-pelaski-pom-kermenis-atjaunojoss-serums-100ml\/","title":{"rendered":"doTERRA pela\u0161\u0137i| Pom \u0137ermeni atjaunojo\u0161s serums 100ml"},"content":{"rendered":"<p><strong>doTERRA pela\u0161\u0137i | Pom \u0137ermeni atjaunojo\u0161s serums  <\/strong><\/p>\n<p>100 ml<\/p>\n<p>&nbsp;<\/p>\n<p><strong>doTERRA pela\u0161\u0137i | Pom \u0137erme\u0146a atjaunojo\u0161\u0101 seruma galven\u0101s \u012bpa\u0161\u012bbas:<\/strong><\/p>\n<p>Pela\u0161\u0137i | Pom \u0137ermeni atjaunojo\u0161ais serums ir grezns z\u012bdainas tekst\u016bras serums, kas bag\u0101ts ar biolo\u0123iski akt\u012bv\u0101m viel\u0101m un \u0101du aizsarg\u0101jo\u0161iem prote\u012bniem, kas nodro\u0161ina j\u016bsu \u0101dai visr\u016bp\u012bg\u0101ko kop\u0161anu un nodro\u0161ina t\u0101s skaistumu. Parast\u0101s pela\u0161\u0137u \u0113teriskajai e\u013c\u013cai un auksti spiestai gran\u0101t\u0101bolu s\u0113klu e\u013c\u013cai ir siner\u0123iska iedarb\u012bba un t\u0101 pal\u012bdz \u0101dai izskat\u012bties jaunai.<\/p>\n<p>Citas CPTG\u2122 rom\u0101nikas kumel\u012b\u0161u, mandar\u012bnu arom\u0101tisk\u0101s, piparm\u0113tru un kanangas \u0113terisk\u0101s e\u013c\u013cas nomierina \u0101du un rada pozit\u012bvu un relaks\u0113jo\u0161u noska\u0146u. Jojobas, saulespu\u0137u, v\u012bnogu un argana kodolu e\u013c\u013cas dzi\u013ci baro \u0101du. Kafijas pupi\u0146u ekstrakts un gran\u0101t\u0101bolu esteri var pie\u0161\u0137irt \u0101dai mirdzumu un uzlabot t\u0101s izskatu, lai spo\u017ei sp\u012bd\u0113tu no galvas l\u012bdz k\u0101ju pirkstu galiem.<\/p>\n<ul>\n<li>Pela\u0161\u0137u \u0113terisk\u0101 e\u013c\u013ca pie\u0161\u0137ir \u0101dai vesel\u012bgu un jaunekl\u012bgu izskatu<\/li>\n<li>Jojobas, saulespu\u0137u, avokado, v\u012bnogu kauli\u0146u un argana kauli\u0146u e\u013c\u013cas mitrina \u0101du<\/li>\n<li>Kafijas pupi\u0146u ekstrakts baro \u0101du un pie\u0161\u0137ir tai gludumu<\/li>\n<li>Pela\u0161\u0137i| Pom \u0137ermeni atjaunojo\u0161ais serums ir bag\u0101ts ar sp\u0113c\u012bg\u0101m biolo\u0123iski akt\u012bv\u0101m viel\u0101m un \u0101du aizsarg\u0101jo\u0161iem prote\u012bniem<\/li>\n<\/ul>\n<p>&nbsp;<\/p>\n<p>Vair\u0101k par <strong>doTERRA pela\u0161\u0137i | Noskatieties Pom \u0137ermeni atjaunojo\u0161o serumu video apak\u0161\u0101<\/strong> .<\/p>\n<p><iframe title=\"Visi JAUNIE doTERRA pela\u0161\u0137i | Pom \u0113terisk\u0101 e\u013c\u013ca\" src=\"https:\/\/www.youtube.com\/embed\/WHBZla3s_gM\" width=\"946\" height=\"532\" frameborder=\"0\" allowfullscreen=\"allowfullscreen\"><\/iframe><\/p>\n","protected":false},"excerpt":{"rendered":"<ul>\n<li>Pela\u0161\u0137u \u0113terisk\u0101 e\u013c\u013ca pie\u0161\u0137ir \u0101dai vesel\u012bgu un jaunekl\u012bgu izskatu<\/li>\n<li>Jojobas, saulespu\u0137u, avokado, v\u012bnogu kauli\u0146u un argana kauli\u0146u e\u013c\u013cas mitrina \u0101du<\/li>\n<li>Kafijas pupi\u0146u ekstrakts baro \u0101du un pie\u0161\u0137ir tai gludumu<\/li>\n<li>Pela\u0161\u0137i| Pom \u0137ermeni atjaunojo\u0161ais serums ir bag\u0101ts ar sp\u0113c\u012bg\u0101m biolo\u0123iski akt\u012bv\u0101m viel\u0101m un \u0101du aizsarg\u0101jo\u0161iem prote\u012bniem<\/li>\n<\/ul>\n","protected":false},"featured_media":11456,"template":"","meta":{"site-sidebar-layout":"default","site-content-layout":"default","ast-site-content-layout":"default","site-content-style":"default","site-sidebar-style":"default","ast-global-header-display":"","ast-banner-title-visibility":"","ast-main-header-display":"","ast-hfb-above-header-display":"","ast-hfb-below-header-display":"","ast-hfb-mobile-header-display":"","site-post-title":"","ast-breadcrumbs-content":"","ast-featured-img":"","footer-sml-layout":"","ast-disable-related-posts":"","theme-transparent-header-meta":"default","adv-header-id-meta":"","stick-header-meta":"","header-above-stick-meta":"","header-main-stick-meta":"","header-below-stick-meta":"","astra-migrate-meta-layouts":"default","ast-page-background-enabled":"default","ast-page-background-meta":{"desktop":{"background-color":"","background-image":"","background-repeat":"repeat","background-position":"center center","background-size":"auto","background-attachment":"scroll","background-type":"","background-media":"","overlay-type":"","overlay-color":"","overlay-opacity":"","overlay-gradient":""},"tablet":{"background-color":"","background-image":"","background-repeat":"repeat","background-position":"center center","background-size":"auto","background-attachment":"scroll","background-type":"","background-media":"","overlay-type":"","overlay-color":"","overlay-opacity":"","overlay-gradient":""},"mobile":{"background-color":"","background-image":"","background-repeat":"repeat","background-position":"center center","background-size":"auto","background-attachment":"scroll","background-type":"","background-media":"","overlay-type":"","overlay-color":"","overlay-opacity":"","overlay-gradient":""}},"ast-content-background-meta":{"desktop":{"background-color":"var(--ast-global-color-5)","background-image":"","background-repeat":"repeat","background-position":"center center","background-size":"auto","background-attachment":"scroll","background-type":"","background-media":"","overlay-type":"","overlay-color":"","overlay-opacity":"","overlay-gradient":""},"tablet":{"background-color":"var(--ast-global-color-5)","background-image":"","background-repeat":"repeat","background-position":"center center","background-size":"auto","background-attachment":"scroll","background-type":"","background-media":"","overlay-type":"","overlay-color":"","overlay-opacity":"","overlay-gradient":""},"mobile":{"background-color":"var(--ast-global-color-5)","background-image":"","background-repeat":"repeat","background-position":"center center","background-size":"auto","background-attachment":"scroll","background-type":"","background-media":"","overlay-type":"","overlay-color":"","overlay-opacity":"","overlay-gradient":""}}},"product_brand":[],"product_cat":[604,606],"product_tag":[737,650,1409],"class_list":{"0":"post-15868","1":"product","2":"type-product","3":"status-publish","4":"has-post-thumbnail","6":"product_cat-higiena-un-adas-kopsana","7":"product_cat-yarrow-pom-produktiem","8":"product_tag-100ml-lv","9":"product_tag-serums","10":"product_tag-yarrow-pom-lv","11":"desktop-align-left","12":"tablet-align-left","13":"mobile-align-left","15":"first","16":"instock","17":"taxable","18":"shipping-taxable","19":"purchasable","20":"product-type-simple"},"_links":{"self":[{"href":"https:\/\/mamaterra.lt\/lv\/wp-json\/wp\/v2\/product\/15868","targetHints":{"allow":["GET"]}}],"collection":[{"href":"https:\/\/mamaterra.lt\/lv\/wp-json\/wp\/v2\/product"}],"about":[{"href":"https:\/\/mamaterra.lt\/lv\/wp-json\/wp\/v2\/types\/product"}],"wp:featuredmedia":[{"embeddable":true,"href":"https:\/\/mamaterra.lt\/lv\/wp-json\/wp\/v2\/media\/11456"}],"wp:attachment":[{"href":"https:\/\/mamaterra.lt\/lv\/wp-json\/wp\/v2\/media?parent=15868"}],"wp:term":[{"taxonomy":"product_brand","embeddable":true,"href":"https:\/\/mamaterra.lt\/lv\/wp-json\/wp\/v2\/product_brand?post=15868"},{"taxonomy":"product_cat","embeddable":true,"href":"https:\/\/mamaterra.lt\/lv\/wp-json\/wp\/v2\/product_cat?post=15868"},{"taxonomy":"product_tag","embeddable":true,"href":"https:\/\/mamaterra.lt\/lv\/wp-json\/wp\/v2\/product_tag?post=15868"}],"curies":[{"name":"wp","href":"https:\/\/api.w.org\/{rel}","templated":true}]}}