{"id":15865,"date":"2021-04-19T09:08:49","date_gmt":"2021-04-19T08:08:49","guid":{"rendered":"https:\/\/mamaterra.lt\/parduotuve\/uncategorized\/mitrinoss-serums-doterra-verage-immortelle-15-ml\/"},"modified":"2021-04-19T09:08:49","modified_gmt":"2021-04-19T08:08:49","slug":"drooping-serum-doterra-verage-immortelle-15-ml","status":"publish","type":"product","link":"https:\/\/mamaterra.lt\/lv\/parduotuve\/higiena-un-adas-kopsana\/doterra-verage-lv\/drooping-serum-doterra-verage-immortelle-15-ml\/","title":{"rendered":"Mitrino\u0161s serums doTERRA VERAGE\u2122 IMMORTELLE 15 ml"},"content":{"rendered":"<p><strong>Mitrino\u0161s serums doTERRA VERAGE\u2122 IMMORTELLE<\/strong><\/p>\n<p>15 ml<\/p>\n<p>&nbsp;<\/p>\n<p><strong>Mitrino\u0161s serums doTERRA VERAGE\u2122 IMMORTELLE Galven\u0101s priek\u0161roc\u012bbas:<\/strong><\/p>\n<p>Izbaudiet mitrino\u0161\u0101 seruma Verage Immortelle anti-noveco\u0161an\u0101s efektu. \u0160is efekt\u012bvais l\u012bdzeklis apvieno CPTG \u0113terisk\u0101s e\u013c\u013cas ar augu ekstraktiem, lai padar\u012btu \u0101du glud\u0101ku un izskat\u012btos jaun\u0101ka.<\/p>\n<ul>\n<li>Ar CPTG \u0113teriskaj\u0101m e\u013c\u013c\u0101m, kas veido popul\u0101ro doterra salubelle mais\u012bjumu un pie\u0161\u0137ir \u0101dai mirdzumu<\/li>\n<li>Uztur optim\u0101lu lip\u012bdu l\u012bdzsvaru, lai padar\u012btu \u0101du glud\u0101ku un izskat\u012btos jaun\u0101ka<\/li>\n<\/ul>\n<p><strong>\u0100das kop\u0161anas doTERRA Verage sast\u0101vda\u013cu priek\u0161roc\u012bbas, ko pier\u0101da kl\u012bniskie p\u0113t\u012bjumi:<\/strong><\/p>\n<ul>\n<li>Pie\u0161\u0137ir \u0101dai gludumu<\/li>\n<li>Pal\u012bdz samazin\u0101t \u0101das aps\u0101rtumu<\/li>\n<li>\u0100da izskat\u0101s jaunekl\u012bg\u0101ka<\/li>\n<li>Samazina poras<\/li>\n<li>Pie\u0161\u0137ir vienm\u0113r\u012bgu \u0101das kr\u0101su<\/li>\n<\/ul>\n<p>&nbsp;<\/p>\n<p>Lai ieg\u016btu papildinform\u0101ciju par <strong>doTERRA VERAGE\u2122 IMMORTELLE<\/strong> , skatiet t\u0101l\u0101k redzamo videoklipu.<\/p>\n<p><iframe title=\"Atjaunojo\u0161s, izdai\u013cojo\u0161s, pretnoveco\u0161an\u0101s - nemirst\u012bgs pretnoveco\u0161an\u0101s mais\u012bjums\" src=\"https:\/\/www.youtube.com\/embed\/enNzMOYA3I8\" width=\"946\" height=\"532\" frameborder=\"0\" allowfullscreen=\"allowfullscreen\"><\/iframe><\/p>\n","protected":false},"excerpt":{"rendered":"<ul>\n<li>Ar CPTG \u0113teriskaj\u0101m e\u013c\u013c\u0101m, kas veido popul\u0101ro doterra salubelle mais\u012bjumu un pie\u0161\u0137ir \u0101dai mirdzumu<\/li>\n<li>Uztur optim\u0101lu lip\u012bdu l\u012bdzsvaru, lai padar\u012btu \u0101du glud\u0101ku un izskat\u012btos jaun\u0101ka<\/li>\n<\/ul>\n","protected":false},"featured_media":11536,"template":"","meta":{"site-sidebar-layout":"default","site-content-layout":"default","ast-site-content-layout":"default","site-content-style":"default","site-sidebar-style":"default","ast-global-header-display":"","ast-banner-title-visibility":"","ast-main-header-display":"","ast-hfb-above-header-display":"","ast-hfb-below-header-display":"","ast-hfb-mobile-header-display":"","site-post-title":"","ast-breadcrumbs-content":"","ast-featured-img":"","footer-sml-layout":"","ast-disable-related-posts":"","theme-transparent-header-meta":"default","adv-header-id-meta":"","stick-header-meta":"","header-above-stick-meta":"","header-main-stick-meta":"","header-below-stick-meta":"","astra-migrate-meta-layouts":"default","ast-page-background-enabled":"default","ast-page-background-meta":{"desktop":{"background-color":"","background-image":"","background-repeat":"repeat","background-position":"center center","background-size":"auto","background-attachment":"scroll","background-type":"","background-media":"","overlay-type":"","overlay-color":"","overlay-opacity":"","overlay-gradient":""},"tablet":{"background-color":"","background-image":"","background-repeat":"repeat","background-position":"center center","background-size":"auto","background-attachment":"scroll","background-type":"","background-media":"","overlay-type":"","overlay-color":"","overlay-opacity":"","overlay-gradient":""},"mobile":{"background-color":"","background-image":"","background-repeat":"repeat","background-position":"center center","background-size":"auto","background-attachment":"scroll","background-type":"","background-media":"","overlay-type":"","overlay-color":"","overlay-opacity":"","overlay-gradient":""}},"ast-content-background-meta":{"desktop":{"background-color":"var(--ast-global-color-5)","background-image":"","background-repeat":"repeat","background-position":"center center","background-size":"auto","background-attachment":"scroll","background-type":"","background-media":"","overlay-type":"","overlay-color":"","overlay-opacity":"","overlay-gradient":""},"tablet":{"background-color":"var(--ast-global-color-5)","background-image":"","background-repeat":"repeat","background-position":"center center","background-size":"auto","background-attachment":"scroll","background-type":"","background-media":"","overlay-type":"","overlay-color":"","overlay-opacity":"","overlay-gradient":""},"mobile":{"background-color":"var(--ast-global-color-5)","background-image":"","background-repeat":"repeat","background-position":"center center","background-size":"auto","background-attachment":"scroll","background-type":"","background-media":"","overlay-type":"","overlay-color":"","overlay-opacity":"","overlay-gradient":""}}},"product_brand":[],"product_cat":[608,604],"product_tag":[683,1151,650,1405],"class_list":{"0":"post-15865","1":"product","2":"type-product","3":"status-publish","4":"has-post-thumbnail","6":"product_cat-doterra-verage-lv","7":"product_cat-higiena-un-adas-kopsana","8":"product_tag-15ml-lv","9":"product_tag-immortelle-lv","10":"product_tag-serums","11":"product_tag-verage-lv","12":"desktop-align-left","13":"tablet-align-left","14":"mobile-align-left","16":"first","17":"instock","18":"taxable","19":"shipping-taxable","20":"purchasable","21":"product-type-simple"},"_links":{"self":[{"href":"https:\/\/mamaterra.lt\/lv\/wp-json\/wp\/v2\/product\/15865","targetHints":{"allow":["GET"]}}],"collection":[{"href":"https:\/\/mamaterra.lt\/lv\/wp-json\/wp\/v2\/product"}],"about":[{"href":"https:\/\/mamaterra.lt\/lv\/wp-json\/wp\/v2\/types\/product"}],"wp:featuredmedia":[{"embeddable":true,"href":"https:\/\/mamaterra.lt\/lv\/wp-json\/wp\/v2\/media\/11536"}],"wp:attachment":[{"href":"https:\/\/mamaterra.lt\/lv\/wp-json\/wp\/v2\/media?parent=15865"}],"wp:term":[{"taxonomy":"product_brand","embeddable":true,"href":"https:\/\/mamaterra.lt\/lv\/wp-json\/wp\/v2\/product_brand?post=15865"},{"taxonomy":"product_cat","embeddable":true,"href":"https:\/\/mamaterra.lt\/lv\/wp-json\/wp\/v2\/product_cat?post=15865"},{"taxonomy":"product_tag","embeddable":true,"href":"https:\/\/mamaterra.lt\/lv\/wp-json\/wp\/v2\/product_tag?post=15865"}],"curies":[{"name":"wp","href":"https:\/\/api.w.org\/{rel}","templated":true}]}}