{"id":15862,"date":"2021-04-19T09:31:28","date_gmt":"2021-04-19T08:31:28","guid":{"rendered":"https:\/\/mamaterra.lt\/parduotuve\/uncategorized\/matu-aizsardzibas-sampuns-doterra-salon-essentials-250ml\/"},"modified":"2021-04-19T09:31:28","modified_gmt":"2021-04-19T08:31:28","slug":"matu-aizsargajoss-sampuns-doterra-salons-essentials-250ml","status":"publish","type":"product","link":"https:\/\/mamaterra.lt\/lv\/parduotuve\/higiena-un-adas-kopsana\/salon-essentials-matu-kopsanas-lidzekli\/matu-aizsargajoss-sampuns-doterra-salons-essentials-250ml\/","title":{"rendered":"Matu aizsardz\u012bbas \u0161amp\u016bns doTERRA SALON ESSENTIALS\u2122 250ml"},"content":{"rendered":"<p><strong>Matu aizsardz\u012bbas \u0161amp\u016bns doTERRA SALON ESSENTIALS\u2122<\/strong><\/p>\n<p>250 ml<\/p>\n<p>&nbsp;<\/p>\n<p><strong>Matu aizsargu \u0161amp\u016bns doterra SALON ESSENTIALS\u2122 Galven\u0101s priek\u0161roc\u012bbas:<\/strong><\/p>\n<p>Izbaudiet profesion\u0101lu produktu, kas sast\u0101v no CPTG\u2122 \u0113teriskaj\u0101m e\u013c\u013c\u0101m, maigiem t\u012br\u012b\u0161anas l\u012bdzek\u013ciem un augu ekstraktiem, izmantojot doterra Salon Essentials \u0161amp\u016bnu.<\/p>\n<ul>\n<li>Tas maigi puto, un \u0113terisk\u0101s e\u013c\u013cas un savva\u013cas apels\u012bnu un laima augu ekstrakti efekt\u012bvi att\u012bra<\/li>\n<li>Maigi no\u0146em net\u012brumus, kas uzkr\u0101ju\u0161ies uz galvas \u0101das un matiem<\/li>\n<li>Maigi mitrina matus, tie k\u013c\u016bst m\u012bksti un pat\u012bkami pieskarties, it k\u0101 tikai no friziera<\/li>\n<\/ul>\n<p class=\"p1\"><strong>Matu kop\u0161anas l\u012bdzek\u013cu b\u016btisk\u0101s priek\u0161roc\u012bbas:<\/strong><\/p>\n<ul>\n<li>Pal\u012bdz aizsarg\u0101t kr\u0101sotus matus<\/li>\n<li>Mati izskat\u0101s m\u012bksti, sp\u012bd\u012bgi un pat\u012bkami pieskarties, t\u0101pat k\u0101 tikai no friziera<\/li>\n<li>Samazina matu boj\u0101jumus to veido\u0161an\u0101s laik\u0101<\/li>\n<li>Uztur galvas \u0101du t\u012bru un vesel\u012bgu<\/li>\n<li>Sp\u0113c\u012bgi un gludi mati<\/li>\n<li>Nov\u0113r\u0161 matu l\u016b\u0161anu<\/li>\n<li>Patent\u0113ti \u0113terisko e\u013c\u013cu mais\u012bjumi pie\u0161\u0137ir matiem un galvas \u0101dai vesel\u012bgu izskatu<\/li>\n<\/ul>\n<p>Pla\u0161\u0101ku inform\u0101ciju par Lumas difuzoru skatiet t\u0101l\u0101k redzamaj\u0101 videoklip\u0101.<\/p>\n<p><iframe title=\"doTERRA salons Essentials\u00ae Aizsarg\u0101jo\u0161s \u0161amp\u016bns un izl\u012bdzino\u0161s kondicionieris\" src=\"https:\/\/www.youtube.com\/embed\/OKhgVdzJXAo\" width=\"946\" height=\"532\" frameborder=\"0\" allowfullscreen=\"allowfullscreen\"><\/iframe><\/p>\n","protected":false},"excerpt":{"rendered":"<ul>\n<li>Tas maigi puto, un \u0113terisk\u0101s e\u013c\u013cas un savva\u013cas apels\u012bnu un laima augu ekstrakti efekt\u012bvi att\u012bra<\/li>\n<li>Maigi no\u0146em net\u012brumus, kas uzkr\u0101ju\u0161ies uz galvas \u0101das un matiem<\/li>\n<li>Maigi mitrina matus, tie k\u013c\u016bst m\u012bksti un pat\u012bkami pieskarties, it k\u0101 tikai no friziera<\/li>\n<\/ul>\n","protected":false},"featured_media":11587,"template":"","meta":{"site-sidebar-layout":"default","site-content-layout":"default","ast-site-content-layout":"default","site-content-style":"default","site-sidebar-style":"default","ast-global-header-display":"","ast-banner-title-visibility":"","ast-main-header-display":"","ast-hfb-above-header-display":"","ast-hfb-below-header-display":"","ast-hfb-mobile-header-display":"","site-post-title":"","ast-breadcrumbs-content":"","ast-featured-img":"","footer-sml-layout":"","ast-disable-related-posts":"","theme-transparent-header-meta":"default","adv-header-id-meta":"","stick-header-meta":"","header-above-stick-meta":"","header-main-stick-meta":"","header-below-stick-meta":"","astra-migrate-meta-layouts":"default","ast-page-background-enabled":"default","ast-page-background-meta":{"desktop":{"background-color":"","background-image":"","background-repeat":"repeat","background-position":"center center","background-size":"auto","background-attachment":"scroll","background-type":"","background-media":"","overlay-type":"","overlay-color":"","overlay-opacity":"","overlay-gradient":""},"tablet":{"background-color":"","background-image":"","background-repeat":"repeat","background-position":"center center","background-size":"auto","background-attachment":"scroll","background-type":"","background-media":"","overlay-type":"","overlay-color":"","overlay-opacity":"","overlay-gradient":""},"mobile":{"background-color":"","background-image":"","background-repeat":"repeat","background-position":"center center","background-size":"auto","background-attachment":"scroll","background-type":"","background-media":"","overlay-type":"","overlay-color":"","overlay-opacity":"","overlay-gradient":""}},"ast-content-background-meta":{"desktop":{"background-color":"var(--ast-global-color-5)","background-image":"","background-repeat":"repeat","background-position":"center center","background-size":"auto","background-attachment":"scroll","background-type":"","background-media":"","overlay-type":"","overlay-color":"","overlay-opacity":"","overlay-gradient":""},"tablet":{"background-color":"var(--ast-global-color-5)","background-image":"","background-repeat":"repeat","background-position":"center center","background-size":"auto","background-attachment":"scroll","background-type":"","background-media":"","overlay-type":"","overlay-color":"","overlay-opacity":"","overlay-gradient":""},"mobile":{"background-color":"var(--ast-global-color-5)","background-image":"","background-repeat":"repeat","background-position":"center center","background-size":"auto","background-attachment":"scroll","background-type":"","background-media":"","overlay-type":"","overlay-color":"","overlay-opacity":"","overlay-gradient":""}}},"product_brand":[],"product_cat":[604,605],"product_tag":[833,1424,673],"class_list":{"0":"post-15862","1":"product","2":"type-product","3":"status-publish","4":"has-post-thumbnail","6":"product_cat-higiena-un-adas-kopsana","7":"product_cat-salon-essentials-matu-kopsanas-lidzekli","8":"product_tag-250-ml-lv","9":"product_tag-salon-essentials-lv","10":"product_tag-sampuns","11":"desktop-align-left","12":"tablet-align-left","13":"mobile-align-left","15":"first","16":"outofstock","17":"taxable","18":"shipping-taxable","19":"purchasable","20":"product-type-simple"},"_links":{"self":[{"href":"https:\/\/mamaterra.lt\/lv\/wp-json\/wp\/v2\/product\/15862","targetHints":{"allow":["GET"]}}],"collection":[{"href":"https:\/\/mamaterra.lt\/lv\/wp-json\/wp\/v2\/product"}],"about":[{"href":"https:\/\/mamaterra.lt\/lv\/wp-json\/wp\/v2\/types\/product"}],"wp:featuredmedia":[{"embeddable":true,"href":"https:\/\/mamaterra.lt\/lv\/wp-json\/wp\/v2\/media\/11587"}],"wp:attachment":[{"href":"https:\/\/mamaterra.lt\/lv\/wp-json\/wp\/v2\/media?parent=15862"}],"wp:term":[{"taxonomy":"product_brand","embeddable":true,"href":"https:\/\/mamaterra.lt\/lv\/wp-json\/wp\/v2\/product_brand?post=15862"},{"taxonomy":"product_cat","embeddable":true,"href":"https:\/\/mamaterra.lt\/lv\/wp-json\/wp\/v2\/product_cat?post=15862"},{"taxonomy":"product_tag","embeddable":true,"href":"https:\/\/mamaterra.lt\/lv\/wp-json\/wp\/v2\/product_tag?post=15862"}],"curies":[{"name":"wp","href":"https:\/\/api.w.org\/{rel}","templated":true}]}}