{"id":15853,"date":"2021-04-19T09:32:59","date_gmt":"2021-04-19T08:32:59","guid":{"rendered":"https:\/\/mamaterra.lt\/parduotuve\/uncategorized\/serums-matiem-no-roots-lidz-tips-doterra-salon-essentials-30ml\/"},"modified":"2021-04-19T09:32:59","modified_gmt":"2021-04-19T08:32:59","slug":"serums-matiem-no-saknem-galiem-doterra-salons-essentials-30ml","status":"publish","type":"product","link":"https:\/\/mamaterra.lt\/lv\/parduotuve\/higiena-un-adas-kopsana\/salon-essentials-matu-kopsanas-lidzekli\/serums-matiem-no-saknem-galiem-doterra-salons-essentials-30ml\/","title":{"rendered":"Serums matiem no Roots l\u012bdz Tips doTERRA SALON ESSENTIALS\u2122 30ml"},"content":{"rendered":"<p><strong>Serums matiem no saknes l\u012bdz galam doTERRA SALON ESSENTIALS\u2122  <\/strong><\/p>\n<p>30 ml<\/p>\n<p>&nbsp;<\/p>\n<p><strong>Serums matiem no saknes l\u012bdz galam doTERRA SALON ESSENTIALS\u2122 Galven\u0101s priek\u0161roc\u012bbas:<\/strong><\/p>\n<p>Serums matiem no sakn\u0113m l\u012bdz galiem labv\u0113l\u012bgi ietekm\u0113 galvas \u0101du un pie\u0161\u0137ir matiem maksim\u0101lu iztur\u012bbu un mirdzumu.<\/p>\n<ul>\n<li>Ar lavandas, piparm\u0113tru, major\u0101na, ciedra, lavandas, rozmar\u012bna, niaouli un eikalipta \u0113teriskaj\u0101m e\u013c\u013c\u0101m<\/li>\n<li>Mitrina galvas \u0101du un matus<\/li>\n<\/ul>\n<p class=\"p1\"><strong>Matu kop\u0161anas l\u012bdzek\u013cu b\u016btisk\u0101s priek\u0161roc\u012bbas:<\/strong><\/p>\n<ul>\n<li>Pal\u012bdz aizsarg\u0101t kr\u0101sotus matus<\/li>\n<li>Mati izskat\u0101s m\u012bksti, sp\u012bd\u012bgi un pat\u012bkami pieskarties, t\u0101pat k\u0101 tikai no friziera<\/li>\n<li>Samazina matu boj\u0101jumus to veido\u0161an\u0101s laik\u0101<\/li>\n<li>Uztur galvas \u0101du t\u012bru un vesel\u012bgu<\/li>\n<li>Sp\u0113c\u012bgi un gludi mati<\/li>\n<li>Nov\u0113r\u0161 matu l\u016b\u0161anu<\/li>\n<li>Patent\u0113ti \u0113terisko e\u013c\u013cu mais\u012bjumi pie\u0161\u0137ir matiem un galvas \u0101dai vesel\u012bgu izskatu<\/li>\n<\/ul>\n<p>&nbsp;<\/p>\n<p>Vair\u0101k par <strong>doTERRA SALLON ESSENTALS serumu.<\/strong><\/p>\n<p><iframe title=\"Lab\u0101kais veids, k\u0101 izmantot doTERRA saknes, lai ieg\u016btu serumu\" src=\"https:\/\/www.youtube.com\/embed\/HOqdQkLrTV0\" width=\"946\" height=\"532\" frameborder=\"0\" allowfullscreen=\"allowfullscreen\"><\/iframe><\/p>\n","protected":false},"excerpt":{"rendered":"<ul>\n<li>Ar lavandas, piparm\u0113tru, major\u0101na, ciedra, lavandas, rozmar\u012bna, niaouli un eikalipta \u0113teriskaj\u0101m e\u013c\u013c\u0101m<\/li>\n<li>Mitrina galvas \u0101du un matus<\/li>\n<\/ul>\n","protected":false},"featured_media":11466,"template":"","meta":{"site-sidebar-layout":"default","site-content-layout":"default","ast-site-content-layout":"default","site-content-style":"default","site-sidebar-style":"default","ast-global-header-display":"","ast-banner-title-visibility":"","ast-main-header-display":"","ast-hfb-above-header-display":"","ast-hfb-below-header-display":"","ast-hfb-mobile-header-display":"","site-post-title":"","ast-breadcrumbs-content":"","ast-featured-img":"","footer-sml-layout":"","ast-disable-related-posts":"","theme-transparent-header-meta":"default","adv-header-id-meta":"","stick-header-meta":"","header-above-stick-meta":"","header-main-stick-meta":"","header-below-stick-meta":"","astra-migrate-meta-layouts":"default","ast-page-background-enabled":"default","ast-page-background-meta":{"desktop":{"background-color":"","background-image":"","background-repeat":"repeat","background-position":"center center","background-size":"auto","background-attachment":"scroll","background-type":"","background-media":"","overlay-type":"","overlay-color":"","overlay-opacity":"","overlay-gradient":""},"tablet":{"background-color":"","background-image":"","background-repeat":"repeat","background-position":"center center","background-size":"auto","background-attachment":"scroll","background-type":"","background-media":"","overlay-type":"","overlay-color":"","overlay-opacity":"","overlay-gradient":""},"mobile":{"background-color":"","background-image":"","background-repeat":"repeat","background-position":"center center","background-size":"auto","background-attachment":"scroll","background-type":"","background-media":"","overlay-type":"","overlay-color":"","overlay-opacity":"","overlay-gradient":""}},"ast-content-background-meta":{"desktop":{"background-color":"var(--ast-global-color-5)","background-image":"","background-repeat":"repeat","background-position":"center center","background-size":"auto","background-attachment":"scroll","background-type":"","background-media":"","overlay-type":"","overlay-color":"","overlay-opacity":"","overlay-gradient":""},"tablet":{"background-color":"var(--ast-global-color-5)","background-image":"","background-repeat":"repeat","background-position":"center center","background-size":"auto","background-attachment":"scroll","background-type":"","background-media":"","overlay-type":"","overlay-color":"","overlay-opacity":"","overlay-gradient":""},"mobile":{"background-color":"var(--ast-global-color-5)","background-image":"","background-repeat":"repeat","background-position":"center center","background-size":"auto","background-attachment":"scroll","background-type":"","background-media":"","overlay-type":"","overlay-color":"","overlay-opacity":"","overlay-gradient":""}}},"product_brand":[],"product_cat":[604,605],"product_tag":[689,1424,650],"class_list":{"0":"post-15853","1":"product","2":"type-product","3":"status-publish","4":"has-post-thumbnail","6":"product_cat-higiena-un-adas-kopsana","7":"product_cat-salon-essentials-matu-kopsanas-lidzekli","8":"product_tag-30-ml-lv","9":"product_tag-salon-essentials-lv","10":"product_tag-serums","11":"desktop-align-left","12":"tablet-align-left","13":"mobile-align-left","15":"first","16":"instock","17":"sale","18":"taxable","19":"shipping-taxable","20":"purchasable","21":"product-type-simple"},"_links":{"self":[{"href":"https:\/\/mamaterra.lt\/lv\/wp-json\/wp\/v2\/product\/15853","targetHints":{"allow":["GET"]}}],"collection":[{"href":"https:\/\/mamaterra.lt\/lv\/wp-json\/wp\/v2\/product"}],"about":[{"href":"https:\/\/mamaterra.lt\/lv\/wp-json\/wp\/v2\/types\/product"}],"wp:featuredmedia":[{"embeddable":true,"href":"https:\/\/mamaterra.lt\/lv\/wp-json\/wp\/v2\/media\/11466"}],"wp:attachment":[{"href":"https:\/\/mamaterra.lt\/lv\/wp-json\/wp\/v2\/media?parent=15853"}],"wp:term":[{"taxonomy":"product_brand","embeddable":true,"href":"https:\/\/mamaterra.lt\/lv\/wp-json\/wp\/v2\/product_brand?post=15853"},{"taxonomy":"product_cat","embeddable":true,"href":"https:\/\/mamaterra.lt\/lv\/wp-json\/wp\/v2\/product_cat?post=15853"},{"taxonomy":"product_tag","embeddable":true,"href":"https:\/\/mamaterra.lt\/lv\/wp-json\/wp\/v2\/product_tag?post=15853"}],"curies":[{"name":"wp","href":"https:\/\/api.w.org\/{rel}","templated":true}]}}