{"id":15852,"date":"2022-11-01T19:41:08","date_gmt":"2022-11-01T18:41:08","guid":{"rendered":"https:\/\/mamaterra.lt\/parduotuve\/uncategorized\/svecu-pagatavosanas-komplekts-un-madagascar-vanilla-pure-eteriska-ella-doterra-5ml\/"},"modified":"2022-11-01T19:41:08","modified_gmt":"2022-11-01T18:41:08","slug":"svecu-gatavosana-komplekts-un-madagaskara-vanila-tira-doterra-essential-ella-5ml","status":"publish","type":"product","link":"https:\/\/mamaterra.lt\/lv\/parduotuve\/eteriskas-ellas\/tiras-eteriskas-ellas\/svecu-gatavosana-komplekts-un-madagaskara-vanila-tira-doterra-essential-ella-5ml\/","title":{"rendered":"Sve\u010du pagatavo\u0161anas komplekts un MADAGASCAR VANILLA Pure \u0113terisk\u0101 e\u013c\u013ca doTERRA 5ml"},"content":{"rendered":"<p><strong>Sve\u010du pagatavo\u0161anas komplekts un MADAGASCAR VANILLA Pure \u0113terisk\u0101 e\u013c\u013ca doTERRA 5ml<\/strong><\/p>\n<p>&nbsp;<\/p>\n<p>\u0160\u012b sv\u0113tku d\u0101vana izgaismos ziemas naktis! Noska\u0146ojieties rado\u0161umam \u2013 \u0161aj\u0101 komplekt\u0101 j\u016bs atrad\u012bsiet visu nepiecie\u0161amo sve\u010du izgatavo\u0161anai un apburo\u0161u MADAGASCAR VANI\u013bAS smar\u017eu.<\/p>\n<p>1 plastmasas m\u0113rgl\u0101ze un rokdarbu soma ar 600 g sojas vaska, lai izgatavotu tr\u012bs sveces | 3 stikla burkas ar koka v\u0101kiem, kur\u0101s var ievietot apm\u0113ram 200 g sojas vaska, dab\u012bgas daktis, eti\u0137etes, koka galdus un koka n\u016bjas | Pieg\u0101d\u0101ts d\u0101vanu kast\u0113<\/p>\n<p>K\u0101 padar\u012bt sveces, skatiet t\u0101l\u0101k redzamo video<\/p>\n<p><a href=\"https:\/\/www.youtube.com\/watch?v=05bu_zqe7M4&amp;t=74s\">(30) DIY doTERRA \u2014 sv\u0113tku sveces \u2014 YouTube<\/a><\/p>\n<p><strong>MADAGASCAR VANILLA Pure doTERRA \u0113terisk\u0101 e\u013c\u013ca<\/strong><\/p>\n<p>Vani\u013cas planifolia | 5ml<\/p>\n<p>&nbsp;<\/p>\n<p><strong>Vani\u013cas (MADAGASCAR VANILLA) Pure doTERRA \u0113terisk\u0101s e\u013c\u013cas apraksts:<\/strong><\/p>\n<p>Paz\u012bstams un nostal\u0123isks. Aizraujo\u0161i un romantiski. Sul\u012bga un silta, salda un m\u0101j\u012bga doTERRA vani\u013cas (MADAGASCAR VANILLA) \u0113terisk\u0101 e\u013c\u013ca.<\/p>\n<p>Kop\u0161 seno acteku laikiem, kas tiek nov\u0113rt\u0113ti un bie\u017ei izmantoti smar\u017e\u0101s, vani\u013ca ir viena no popul\u0101r\u0101kaj\u0101m smar\u017e\u0101m pasaul\u0113 un viena no t\u0101m, kuras ieguve ir d\u0101rga.<\/p>\n<p>Daudzgad\u012bgs k\u0101p\u0161anas augs, kas aug l\u012bdz 75 p\u0113d\u0101m, Vanilla planifolia augs pieder orhideju \u0123imenei ar dzeltenbaltiem ziediem, no kuriem aug bez smar\u017eas p\u0101kstis vai pupi\u0146as.<\/p>\n<p>Interesants fakts par vani\u013cu no Madagaskaras: Past\u0101v maz\u0101k nek\u0101 1% iesp\u0113ja, ka vani\u013cas zieds apputeksn\u0113s sevi, t\u0101p\u0113c lauksaimniekiem katrs zieds ir j\u0101apputeksn\u0113 ar rok\u0101m no r\u012bta, kad tas zied, un vani\u013cas zieds parasti zied tikai vien\u0101 gada dien\u0101!<\/p>\n<p>Vani\u013cas augam nepiecie\u0161ami tr\u012bs vai \u010detri gadi, lai s\u0101ktu audz\u0113t pupi\u0146as, kuru ra\u017ea ar\u012b j\u0101nov\u0101c ar rok\u0101m. Pupi\u0146as iziet laikietilp\u012bgu un darbietilp\u012bgu procesu, l\u012bdz ieg\u016bst savu arom\u0101tu un gar\u0161u. P\u0113c tam tos sama\u013c, un, lai saglab\u0101tu dabisko vani\u013cas arom\u0101tu, saspiestu CO2 izmanto divpak\u0101pju ekstrakcijas proces\u0101, kas sav\u0101c pupi\u0146u arom\u0101tisk\u0101s sast\u0101vda\u013cas, lai izveidotu absol\u016btu. Apvienojot \u0161o absol\u016bto ar frakcion\u0113tu kokosriekstu e\u013c\u013cu, rezult\u0101ts ir doTERRA Madagaskaras vani\u013ca.<\/p>\n<p><strong>Vani\u013cas (MADAGASCAR VANILLA) T\u012bra doTERRA \u0113terisk\u0101s e\u013c\u013cas izmanto\u0161ana:<\/strong><\/p>\n<ul>\n<li>Piepildiet savu m\u0101ju ar mierino\u0161u burv\u012bbu, pievienojot Madagaskaras vani\u013cu savam iecien\u012bt\u0101kajam difuzoru mais\u012bjumam.<\/li>\n<li>Uzd\u0101viniet savai r\u012bta kafijai, t\u0113jai, kokteilim pat\u012bkami maigu gar\u0161u tikai ar Madagaskaras vani\u013cas piesk\u0101rienu.<\/li>\n<li>Izmantojiet k\u0101 burv\u012bgu person\u012bgo arom\u0101tu vai pievienojiet da\u017eus pilienus vannas e\u013c\u013cai vai \u0137erme\u0146a losjonam, lai izbaud\u012btu grezno br\u012bdi, vienlaikus ieelpojot izsmalcin\u0101to Madagaskaras vani\u013cas arom\u0101tu.<\/li>\n<\/ul>\n<p><strong>Vani\u013ca (MADAGASCAR VANILLA) T\u012bras doTERRA \u0113terisk\u0101s e\u013c\u013cas izmanto\u0161ana dabisku smar\u017eu pagatavo\u0161anai:<\/strong><\/p>\n<ol>\n<li>10 ml pudel\u0113 ar lod\u012b\u0161u aplikatoru pievieno\n<ul>\n<li>5 pilieni Madagaskaras vani\u013cas<\/li>\n<li>3 pilieni Lavandas<\/li>\n<li>3 pilieni Wild Orange<\/li>\n<li>2 pilieni Santalkoka<\/li>\n<\/ul>\n<\/li>\n<li>Piepildiet l\u012bdz aug\u0161ai ar frakcion\u0113tu kokosriekstu e\u013c\u013cu<\/li>\n<\/ol>\n<p>&nbsp;<\/p>\n<p>&nbsp;<\/p>\n<p>Noskatieties video par \u0161o doTERRA \u0113terisko e\u013c\u013cu.<\/p>\n<p><iframe title=\"YouTube video atska\u0146ot\u0101js\" src=\"https:\/\/www.youtube-nocookie.com\/embed\/53_ph9e7SbI\" width=\"560\" height=\"315\" frameborder=\"0\" allowfullscreen=\"allowfullscreen\"><\/iframe><\/p>\n","protected":false},"excerpt":{"rendered":"<ul>\n<li>\u0160\u012b sv\u0113tku d\u0101vana izgaismos ziemas naktis! Noska\u0146ojieties rado\u0161umam \u2013 \u0161aj\u0101 komplekt\u0101 j\u016bs atrad\u012bsiet visu nepiecie\u0161amo sve\u010du izgatavo\u0161anai un burv\u012bgu Madagaskaras (MADAGASKARA VANILLA) smar\u017eu.<\/li>\n<li>Piepildiet savu m\u0101ju ar mierino\u0161u burv\u012bbu, pievienojot MADAGASCAR VANILLA savam iecien\u012bt\u0101kajam difuzoru mais\u012bjumam<\/li>\n<li>Pie\u0161\u0137iriet savai r\u012bta kafijai, t\u0113jai, kokteilim pat\u012bkami maigu gar\u0161u, tikl\u012bdz pieskaraties Madagaskaras vani\u013cai<\/li>\n<li>Izmantojiet k\u0101 burv\u012bgu person\u012bgo arom\u0101tu vai pievienojiet da\u017eus pilienus vannas e\u013c\u013cai vai \u0137erme\u0146a losjonam, lai izbaud\u012btu greznu br\u012bdi, vienlaikus ieelpojot izsmalcin\u0101to Madagaskaras vani\u013cas arom\u0101tu<\/li>\n<\/ul>\n","protected":false},"featured_media":12159,"template":"","meta":{"site-sidebar-layout":"default","site-content-layout":"default","ast-site-content-layout":"default","site-content-style":"default","site-sidebar-style":"default","ast-global-header-display":"","ast-banner-title-visibility":"","ast-main-header-display":"","ast-hfb-above-header-display":"","ast-hfb-below-header-display":"","ast-hfb-mobile-header-display":"","site-post-title":"","ast-breadcrumbs-content":"","ast-featured-img":"","footer-sml-layout":"","ast-disable-related-posts":"","theme-transparent-header-meta":"default","adv-header-id-meta":"","stick-header-meta":"","header-above-stick-meta":"","header-main-stick-meta":"","header-below-stick-meta":"","astra-migrate-meta-layouts":"default","ast-page-background-enabled":"default","ast-page-background-meta":{"desktop":{"background-color":"","background-image":"","background-repeat":"repeat","background-position":"center center","background-size":"auto","background-attachment":"scroll","background-type":"","background-media":"","overlay-type":"","overlay-color":"","overlay-opacity":"","overlay-gradient":""},"tablet":{"background-color":"","background-image":"","background-repeat":"repeat","background-position":"center center","background-size":"auto","background-attachment":"scroll","background-type":"","background-media":"","overlay-type":"","overlay-color":"","overlay-opacity":"","overlay-gradient":""},"mobile":{"background-color":"","background-image":"","background-repeat":"repeat","background-position":"center center","background-size":"auto","background-attachment":"scroll","background-type":"","background-media":"","overlay-type":"","overlay-color":"","overlay-opacity":"","overlay-gradient":""}},"ast-content-background-meta":{"desktop":{"background-color":"var(--ast-global-color-5)","background-image":"","background-repeat":"repeat","background-position":"center center","background-size":"auto","background-attachment":"scroll","background-type":"","background-media":"","overlay-type":"","overlay-color":"","overlay-opacity":"","overlay-gradient":""},"tablet":{"background-color":"var(--ast-global-color-5)","background-image":"","background-repeat":"repeat","background-position":"center center","background-size":"auto","background-attachment":"scroll","background-type":"","background-media":"","overlay-type":"","overlay-color":"","overlay-opacity":"","overlay-gradient":""},"mobile":{"background-color":"var(--ast-global-color-5)","background-image":"","background-repeat":"repeat","background-position":"center center","background-size":"auto","background-attachment":"scroll","background-type":"","background-media":"","overlay-type":"","overlay-color":"","overlay-opacity":"","overlay-gradient":""}}},"product_brand":[],"product_cat":[597,598,599,602],"product_tag":[678,631,1078],"class_list":{"0":"post-15852","1":"product","2":"type-product","3":"status-publish","4":"has-post-thumbnail","6":"product_cat-davanas","7":"product_cat-davanas-sievietem","8":"product_cat-davanas-viriesiem","9":"product_cat-tiras-eteriskas-ellas","10":"product_tag-5ml-lv","11":"product_tag-eteriskas-ellas","12":"product_tag-madagascar-vanilla-lv","13":"desktop-align-left","14":"tablet-align-left","15":"mobile-align-left","17":"first","18":"instock","19":"taxable","20":"shipping-taxable","21":"purchasable","22":"product-type-simple"},"_links":{"self":[{"href":"https:\/\/mamaterra.lt\/lv\/wp-json\/wp\/v2\/product\/15852","targetHints":{"allow":["GET"]}}],"collection":[{"href":"https:\/\/mamaterra.lt\/lv\/wp-json\/wp\/v2\/product"}],"about":[{"href":"https:\/\/mamaterra.lt\/lv\/wp-json\/wp\/v2\/types\/product"}],"wp:featuredmedia":[{"embeddable":true,"href":"https:\/\/mamaterra.lt\/lv\/wp-json\/wp\/v2\/media\/12159"}],"wp:attachment":[{"href":"https:\/\/mamaterra.lt\/lv\/wp-json\/wp\/v2\/media?parent=15852"}],"wp:term":[{"taxonomy":"product_brand","embeddable":true,"href":"https:\/\/mamaterra.lt\/lv\/wp-json\/wp\/v2\/product_brand?post=15852"},{"taxonomy":"product_cat","embeddable":true,"href":"https:\/\/mamaterra.lt\/lv\/wp-json\/wp\/v2\/product_cat?post=15852"},{"taxonomy":"product_tag","embeddable":true,"href":"https:\/\/mamaterra.lt\/lv\/wp-json\/wp\/v2\/product_tag?post=15852"}],"curies":[{"name":"wp","href":"https:\/\/api.w.org\/{rel}","templated":true}]}}