{"id":15846,"date":"2022-12-22T12:47:42","date_gmt":"2022-12-22T11:47:42","guid":{"rendered":"https:\/\/mamaterra.lt\/parduotuve\/uncategorized\/doterra-guaiacwood-eteriska-ella-15ml\/"},"modified":"2024-03-10T16:54:58","modified_gmt":"2024-03-10T15:54:58","slug":"doterra-guaiacwood-eteriska-ella-15ml","status":"publish","type":"product","link":"https:\/\/mamaterra.lt\/lv\/parduotuve\/eteriskas-ellas\/tiras-eteriskas-ellas\/doterra-guaiacwood-eteriska-ella-15ml\/","title":{"rendered":"doTERRA GUAIACWOOD \u0113terisk\u0101 e\u013c\u013ca 15ml"},"content":{"rendered":"<p><strong>doTERRA GUAIACWOOD \u0113terisk\u0101 e\u013c\u013ca<\/strong><\/p>\n<p>15ml<\/p>\n<p>&nbsp;<\/p>\n<p>doTERRA pieg\u0101d\u0101 GUAIACWOOD \u0113terisko e\u013c\u013cu no Paragvajas ilgtsp\u0113j\u012bg\u0101 un \u0113tisk\u0101 veid\u0101. Sadarbojoties ar m\u016bsu pieg\u0101des partneriem, m\u0113s main\u0101m apdraud\u0113to Gran Chaco me\u017eu n\u0101kotni, kas ir viena no liel\u0101kaj\u0101m biolo\u0123isk\u0101s daudzveid\u012bbas bag\u0101taj\u0101m viet\u0101m pasaul\u0113.<\/p>\n<p>\u0112terisk\u0101 e\u013c\u013ca tiek destil\u0113ta ar tvaiku no Bulnesia sarmientoi kodola un sajaukta ar frakcion\u0113tu kokosriekstu e\u013c\u013cu (frakcion\u0113tu kokosriekstu e\u013c\u013cu), t\u0101d\u0113j\u0101di ieg\u016bstot GUAIACWOOD doTERRA \u0113terisko e\u013c\u013cu. Pateicoties zemes zemes koksnes arom\u0101tam ar maigu saldumu, labi zin\u0101m\u0101 e\u013c\u013ca var pal\u012bdz\u0113t rad\u012bt nomierino\u0161u un klusu atmosf\u0113ru.<\/p>\n<p>&nbsp;<\/p>\n<p><strong>doTERRA GUAIACWOOD \u0113terisk\u0101s e\u013c\u013cas galven\u0101s priek\u0161roc\u012bbas<\/strong><\/p>\n<ul>\n<li>Tradicion\u0101li izmanto viet\u0113j\u0101s amerik\u0101\u0146u praks\u0113s, piem\u0113ram, medit\u0101cij\u0101 vai labsaj\u016btu veicino\u0161\u0101s ceremonij\u0101s.<\/li>\n<li>Izmanto smar\u017eu un \u0101das kop\u0161anas l\u012bdzek\u013cos, pateicoties vieglajam saldajam zemes arom\u0101tam.<\/li>\n<li>Sajaukts ar frakcion\u0113tu kokosriekstu e\u013c\u013cu (frakcion\u0113tu kokosriekstu e\u013c\u013cu) var pal\u012bdz\u0113t nomierin\u0101t nelielus \u0101das kairin\u0101jumus un uztur\u0113t \u0101das dabisko mitruma l\u012bmeni.<\/li>\n<li>Koka smar\u017eu var raksturot ar zemisku, nomierino\u0161u, klusu arom\u0101tu.<\/li>\n<\/ul>\n<p>&nbsp;<\/p>\n<p>Lasiet vair\u0101k par \u0161o mais\u012bjumu <strong><br \/>\n<a href=\"https:\/\/mamaterra.lt\/doterra-metapwr-eteriniu-alieju-misinys\/\" target=\"_blank\" rel=\"noopener\">\u0161eit<\/a><br \/>\n<\/strong> (lietuvie\u0161u)<\/p>\n","protected":false},"excerpt":{"rendered":"<ul>\n<li>Tradicion\u0101li izmanto viet\u0113j\u0101s amerik\u0101\u0146u praks\u0113s, piem\u0113ram, medit\u0101cij\u0101 vai labsaj\u016btu veicino\u0161\u0101s ceremonij\u0101s.<\/li>\n<li>Izmanto smar\u017eu un \u0101das kop\u0161anas l\u012bdzek\u013cos, pateicoties vieglajam saldajam zemes arom\u0101tam.<\/li>\n<li>Sajaukts ar frakcion\u0113tu kokosriekstu e\u013c\u013cu (frakcion\u0113tu kokosriekstu e\u013c\u013cu) var pal\u012bdz\u0113t nomierin\u0101t nelielus \u0101das kairin\u0101jumus un uztur\u0113t \u0101das dabisko mitruma l\u012bmeni.<\/li>\n<li>Koka smar\u017eu var raksturot ar zemisku, nomierino\u0161u, klusu arom\u0101tu.<\/li>\n<\/ul>\n","protected":false},"featured_media":0,"template":"","meta":{"site-sidebar-layout":"default","site-content-layout":"default","ast-site-content-layout":"default","site-content-style":"default","site-sidebar-style":"default","ast-global-header-display":"","ast-banner-title-visibility":"","ast-main-header-display":"","ast-hfb-above-header-display":"","ast-hfb-below-header-display":"","ast-hfb-mobile-header-display":"","site-post-title":"","ast-breadcrumbs-content":"","ast-featured-img":"","footer-sml-layout":"","ast-disable-related-posts":"","theme-transparent-header-meta":"default","adv-header-id-meta":"","stick-header-meta":"","header-above-stick-meta":"","header-main-stick-meta":"","header-below-stick-meta":"","astra-migrate-meta-layouts":"set","ast-page-background-enabled":"default","ast-page-background-meta":{"desktop":{"background-color":"","background-image":"","background-repeat":"repeat","background-position":"center center","background-size":"auto","background-attachment":"scroll","background-type":"","background-media":"","overlay-type":"","overlay-color":"","overlay-opacity":"","overlay-gradient":""},"tablet":{"background-color":"","background-image":"","background-repeat":"repeat","background-position":"center center","background-size":"auto","background-attachment":"scroll","background-type":"","background-media":"","overlay-type":"","overlay-color":"","overlay-opacity":"","overlay-gradient":""},"mobile":{"background-color":"","background-image":"","background-repeat":"repeat","background-position":"center center","background-size":"auto","background-attachment":"scroll","background-type":"","background-media":"","overlay-type":"","overlay-color":"","overlay-opacity":"","overlay-gradient":""}},"ast-content-background-meta":{"desktop":{"background-color":"var(--ast-global-color-5)","background-image":"","background-repeat":"repeat","background-position":"center center","background-size":"auto","background-attachment":"scroll","background-type":"","background-media":"","overlay-type":"","overlay-color":"","overlay-opacity":"","overlay-gradient":""},"tablet":{"background-color":"var(--ast-global-color-5)","background-image":"","background-repeat":"repeat","background-position":"center center","background-size":"auto","background-attachment":"scroll","background-type":"","background-media":"","overlay-type":"","overlay-color":"","overlay-opacity":"","overlay-gradient":""},"mobile":{"background-color":"var(--ast-global-color-5)","background-image":"","background-repeat":"repeat","background-position":"center center","background-size":"auto","background-attachment":"scroll","background-type":"","background-media":"","overlay-type":"","overlay-color":"","overlay-opacity":"","overlay-gradient":""}}},"product_brand":[],"product_cat":[600,617,604,610,612,613,618,602],"product_tag":[1801,631,1497,1806,663,1809],"class_list":{"0":"post-15846","1":"product","2":"type-product","3":"status-publish","5":"product_cat-eteriskas-ellas","6":"product_cat-gaisa-attirisana","7":"product_cat-higiena-un-adas-kopsana","8":"product_cat-imunitates-stiprinasanai","9":"product_cat-masazai","10":"product_cat-miegam","11":"product_cat-nomierinosas","12":"product_cat-tiras-eteriskas-ellas","13":"product_tag-ada","14":"product_tag-eteriskas-ellas","15":"product_tag-guaiacwood-lv","16":"product_tag-nomierinosas","17":"product_tag-smarzas","18":"product_tag-smarzu-razosana","19":"desktop-align-left","20":"tablet-align-left","21":"mobile-align-left","23":"first","24":"instock","25":"taxable","26":"shipping-taxable","27":"purchasable","28":"product-type-simple"},"_links":{"self":[{"href":"https:\/\/mamaterra.lt\/lv\/wp-json\/wp\/v2\/product\/15846","targetHints":{"allow":["GET"]}}],"collection":[{"href":"https:\/\/mamaterra.lt\/lv\/wp-json\/wp\/v2\/product"}],"about":[{"href":"https:\/\/mamaterra.lt\/lv\/wp-json\/wp\/v2\/types\/product"}],"wp:attachment":[{"href":"https:\/\/mamaterra.lt\/lv\/wp-json\/wp\/v2\/media?parent=15846"}],"wp:term":[{"taxonomy":"product_brand","embeddable":true,"href":"https:\/\/mamaterra.lt\/lv\/wp-json\/wp\/v2\/product_brand?post=15846"},{"taxonomy":"product_cat","embeddable":true,"href":"https:\/\/mamaterra.lt\/lv\/wp-json\/wp\/v2\/product_cat?post=15846"},{"taxonomy":"product_tag","embeddable":true,"href":"https:\/\/mamaterra.lt\/lv\/wp-json\/wp\/v2\/product_tag?post=15846"}],"curies":[{"name":"wp","href":"https:\/\/api.w.org\/{rel}","templated":true}]}}