{"id":15844,"date":"2022-11-12T19:02:37","date_gmt":"2022-11-12T18:02:37","guid":{"rendered":"https:\/\/mamaterra.lt\/parduotuve\/uncategorized\/doterra-terragreens-auglu-un-darzenu-pulvera-papildinajums-300g\/"},"modified":"2022-11-12T19:02:37","modified_gmt":"2022-11-12T18:02:37","slug":"doterra-terragreens-augli-un-darzeni-pulveris-papildinajums-300g","status":"publish","type":"product","link":"https:\/\/mamaterra.lt\/lv\/parduotuve\/gremosanai\/doterra-terragreens-augli-un-darzeni-pulveris-papildinajums-300g\/","title":{"rendered":"doTERRA TerraGreens aug\u013cu un d\u0101rze\u0146u pulvera papildin\u0101jums 300g"},"content":{"rendered":"<p><strong>doTERRA TerraGreens aug\u013cu un d\u0101rze\u0146u papildin\u0101jums &#8211; pulveris<\/strong><br \/>\n300g<\/p>\n<p>&nbsp;<\/p>\n<p><strong>doTERRA TerraGreens aug\u013cu un d\u0101rze\u0146u piedevas apraksts:<\/strong><br \/>\nVarb\u016bt esat ieguvis da\u017eus kilogramus? Vai varb\u016bt trauc\u0113ta gremo\u0161ana? Varb\u016bt j\u016bs \u0113dat pietiekami daudz aug\u013cu un d\u0101rze\u0146u, lai nodro\u0161in\u0101tu organismu ar nepiecie\u0161amaj\u0101m viel\u0101m?<br \/>\ndoTERRA TerraGreens papildin\u0101jums tie\u0161i jums!<\/p>\n<p>&nbsp;<\/p>\n<p><strong>doTERRA TerraGreens aug\u013cu un d\u0101rze\u0146u piedevu sast\u0101vda\u013cas:<\/strong><\/p>\n<ul>\n<li>K\u0101posti, pienenes, spin\u0101ti, p\u0113ters\u012b\u013ci, p\u012bl\u0101d\u017ei, broko\u013ci, kvie\u0161i, lucerna, mie\u017ei, auzas, anan\u0101si, gvajava , mango, god\u017ei ogu un acerolas pulveris.<\/li>\n<li>doTERRA TeraGreens sast\u0101v no div\u0101m t\u012br\u0101m doTERRA \u0113teriskaj\u0101m e\u013c\u013c\u0101m: citrona, ingvera.<\/li>\n<li>Pal\u012bgkomponenti: saulespu\u0137u lecit\u012bns (bez \u0122MO), citronsk\u0101be, gu\u0101ra sve\u0137i, ar\u0101bu sve\u0137i, stevijas ekstrakts, ksant\u0101na sve\u0137i.<\/li>\n<\/ul>\n<p><strong>doTERRA TerraGreens aug\u013cu un d\u0101rze\u0146u piedevu lietojumi:<\/strong><\/p>\n<ul>\n<li>Pievienojiet 1 \u0113damkaroti \u0161\u012b pulvera pani\u0146\u0101m, jogurtam, sulai, j\u016bs varat pievienot \u0113dieniem, lai j\u016bs sa\u0146emtu za\u013cumu dienas likmi.<\/li>\n<li>Lietojiet tikai vienu reizi dien\u0101.<\/li>\n<\/ul>\n","protected":false},"excerpt":{"rendered":"<ul>\n<li>TerraGreens &#8211; d\u0101rze\u0146i, aug\u013ci, \u017eeleja&#8230;<\/li>\n<li>doTERRA TeraGreens sast\u0101v no div\u0101m t\u012br\u0101m doterra \u0113teriskaj\u0101m e\u013c\u013c\u0101m: citrona, ingvera<\/li>\n<li>Lielisks &#8220;svara zudums&#8221;<\/li>\n<li>\n<\/li>\n<\/ul>\n","protected":false},"featured_media":12178,"template":"","meta":{"site-sidebar-layout":"default","site-content-layout":"default","ast-site-content-layout":"default","site-content-style":"default","site-sidebar-style":"default","ast-global-header-display":"","ast-banner-title-visibility":"","ast-main-header-display":"","ast-hfb-above-header-display":"","ast-hfb-below-header-display":"","ast-hfb-mobile-header-display":"","site-post-title":"","ast-breadcrumbs-content":"","ast-featured-img":"","footer-sml-layout":"","ast-disable-related-posts":"","theme-transparent-header-meta":"default","adv-header-id-meta":"","stick-header-meta":"","header-above-stick-meta":"","header-main-stick-meta":"","header-below-stick-meta":"","astra-migrate-meta-layouts":"default","ast-page-background-enabled":"default","ast-page-background-meta":{"desktop":{"background-color":"","background-image":"","background-repeat":"repeat","background-position":"center center","background-size":"auto","background-attachment":"scroll","background-type":"","background-media":"","overlay-type":"","overlay-color":"","overlay-opacity":"","overlay-gradient":""},"tablet":{"background-color":"","background-image":"","background-repeat":"repeat","background-position":"center center","background-size":"auto","background-attachment":"scroll","background-type":"","background-media":"","overlay-type":"","overlay-color":"","overlay-opacity":"","overlay-gradient":""},"mobile":{"background-color":"","background-image":"","background-repeat":"repeat","background-position":"center center","background-size":"auto","background-attachment":"scroll","background-type":"","background-media":"","overlay-type":"","overlay-color":"","overlay-opacity":"","overlay-gradient":""}},"ast-content-background-meta":{"desktop":{"background-color":"var(--ast-global-color-5)","background-image":"","background-repeat":"repeat","background-position":"center center","background-size":"auto","background-attachment":"scroll","background-type":"","background-media":"","overlay-type":"","overlay-color":"","overlay-opacity":"","overlay-gradient":""},"tablet":{"background-color":"var(--ast-global-color-5)","background-image":"","background-repeat":"repeat","background-position":"center center","background-size":"auto","background-attachment":"scroll","background-type":"","background-media":"","overlay-type":"","overlay-color":"","overlay-opacity":"","overlay-gradient":""},"mobile":{"background-color":"var(--ast-global-color-5)","background-image":"","background-repeat":"repeat","background-position":"center center","background-size":"auto","background-attachment":"scroll","background-type":"","background-media":"","overlay-type":"","overlay-color":"","overlay-opacity":"","overlay-gradient":""}}},"product_brand":[],"product_cat":[620],"product_tag":[841,642,1396],"class_list":{"0":"post-15844","1":"product","2":"type-product","3":"status-publish","4":"has-post-thumbnail","6":"product_cat-gremosanai","7":"product_tag-300g-lv","8":"product_tag-papildinajumi","9":"product_tag-teragreens-lv","10":"desktop-align-left","11":"tablet-align-left","12":"mobile-align-left","14":"first","15":"instock","16":"sale","17":"taxable","18":"shipping-taxable","19":"purchasable","20":"product-type-simple"},"_links":{"self":[{"href":"https:\/\/mamaterra.lt\/lv\/wp-json\/wp\/v2\/product\/15844","targetHints":{"allow":["GET"]}}],"collection":[{"href":"https:\/\/mamaterra.lt\/lv\/wp-json\/wp\/v2\/product"}],"about":[{"href":"https:\/\/mamaterra.lt\/lv\/wp-json\/wp\/v2\/types\/product"}],"wp:featuredmedia":[{"embeddable":true,"href":"https:\/\/mamaterra.lt\/lv\/wp-json\/wp\/v2\/media\/12178"}],"wp:attachment":[{"href":"https:\/\/mamaterra.lt\/lv\/wp-json\/wp\/v2\/media?parent=15844"}],"wp:term":[{"taxonomy":"product_brand","embeddable":true,"href":"https:\/\/mamaterra.lt\/lv\/wp-json\/wp\/v2\/product_brand?post=15844"},{"taxonomy":"product_cat","embeddable":true,"href":"https:\/\/mamaterra.lt\/lv\/wp-json\/wp\/v2\/product_cat?post=15844"},{"taxonomy":"product_tag","embeddable":true,"href":"https:\/\/mamaterra.lt\/lv\/wp-json\/wp\/v2\/product_tag?post=15844"}],"curies":[{"name":"wp","href":"https:\/\/api.w.org\/{rel}","templated":true}]}}