{"id":15838,"date":"2022-12-03T22:07:16","date_gmt":"2022-12-03T21:07:16","guid":{"rendered":"https:\/\/mamaterra.lt\/parduotuve\/uncategorized\/anti-aging-doterra-eteriskas-ellas-krems-adai-acis-krems-pret-novecosanos-15ml\/"},"modified":"2022-12-03T22:07:16","modified_gmt":"2022-12-03T21:07:16","slug":"senejima-retardant-doterra-essential-oil-eye-eye-cream-anti-aging-eye-cream-15ml","status":"publish","type":"product","link":"https:\/\/mamaterra.lt\/lv\/parduotuve\/eteriskas-ellas\/eterisko-ellu-maisijumi\/senejima-retardant-doterra-essential-oil-eye-eye-cream-anti-aging-eye-cream-15ml\/","title":{"rendered":"Anti-aging doTERRA \u0113terisk\u0101s e\u013c\u013cas kr\u0113ms \u0101dai ac\u012bs (kr\u0113ms pret noveco\u0161anos) 15ml"},"content":{"rendered":"<p><strong>Kr\u0113ms pret novecojo\u0161\u0101m ac\u012bm (kr\u0113ms pret noveco\u0161anos)<\/strong><\/p>\n<p>15ml<\/p>\n<p>&nbsp;<\/p>\n<p><strong>Galvenie ieguvumi un visp\u0101r\u012bgs apraksts pretnoveco\u0161an\u0101s acu kr\u0113mam no pretnoveco\u0161an\u0101s acu kr\u0113ma doTERRA \u0113teriskaj\u0101m e\u013c\u013c\u0101m, kas p\u0101rtrauc noveco\u0161anos:<\/strong><\/p>\n<p><span style=\"font-size: 16px;\">kr\u0113ms pret noveco\u0161anos doTERRA apvieno CPTG \u0113terisk\u0101s e\u013c\u013cas no boswellia, smar\u017e\u012bg\u0101 kanang (Ylang Ylang) un bi\u0161u stropu, lai c\u012bn\u012btos pret noveco\u0161an\u0101s paz\u012bm\u0113m ap jut\u012bgo acu zonu, pal\u012bdzot samazin\u0101t \u0101das nepiln\u012bbas, kas laika gait\u0101 ir par\u0101d\u012bju\u0161\u0101s.<\/span><\/p>\n<p>\u0160\u012b novatorisk\u0101 formula, kas ir da\u013ca no ikdienas \u0101das kop\u0161anas l\u012bdzek\u013cu l\u012bnijas, mitrina, samazina tum\u0161o loku izskatu un uzlabo \u0101das tvirtumu un tonusu.<\/p>\n<p>Unik\u0101lais t\u0113rauda lod\u012b\u0161u aplikators atdzes\u0113 un nomierina acu \u0101du, pal\u012bdz samazin\u0101t piet\u016bkumu un tum\u0161o loku veido\u0161anos, un kr\u0113ms tiek maigi uzkl\u0101ts uz m\u0113r\u0137a zon\u0101m.<\/p>\n<ul>\n<li>Bakuchiol pal\u012bdz toniz\u0113t un savilkt \u0101du<\/li>\n<li>Balt\u0101 putu s\u0113klu e\u013c\u013ca dzi\u013ci mitrina \u0101du ar t\u0101s mitrino\u0161aj\u0101m \u012bpa\u0161\u012bb\u0101m<\/li>\n<li>Unik\u0101lais t\u0113rauda lod\u012b\u0161u aplikators \u013cauj optim\u0101li lietot kr\u0113mu katru reizi<\/li>\n<\/ul>\n<p>&nbsp;<\/p>\n<p>&nbsp;<\/p>\n","protected":false},"excerpt":{"rendered":"<ul>\n<li>Bakuchiol pal\u012bdz toniz\u0113t un savilkt \u0101du<\/li>\n<li>Balt\u0101 putu s\u0113klu e\u013c\u013ca dzi\u013ci mitrina \u0101du ar t\u0101s mitrino\u0161aj\u0101m \u012bpa\u0161\u012bb\u0101m<\/li>\n<li>Unik\u0101lais t\u0113rauda lod\u012b\u0161u aplikators \u013cauj optim\u0101li lietot kr\u0113mu katru reizi<\/li>\n<\/ul>\n","protected":false},"featured_media":12207,"template":"","meta":{"site-sidebar-layout":"default","site-content-layout":"default","ast-site-content-layout":"default","site-content-style":"default","site-sidebar-style":"default","ast-global-header-display":"","ast-banner-title-visibility":"","ast-main-header-display":"","ast-hfb-above-header-display":"","ast-hfb-below-header-display":"","ast-hfb-mobile-header-display":"","site-post-title":"","ast-breadcrumbs-content":"","ast-featured-img":"","footer-sml-layout":"","ast-disable-related-posts":"","theme-transparent-header-meta":"default","adv-header-id-meta":"","stick-header-meta":"","header-above-stick-meta":"","header-main-stick-meta":"","header-below-stick-meta":"","astra-migrate-meta-layouts":"default","ast-page-background-enabled":"default","ast-page-background-meta":{"desktop":{"background-color":"","background-image":"","background-repeat":"repeat","background-position":"center center","background-size":"auto","background-attachment":"scroll","background-type":"","background-media":"","overlay-type":"","overlay-color":"","overlay-opacity":"","overlay-gradient":""},"tablet":{"background-color":"","background-image":"","background-repeat":"repeat","background-position":"center center","background-size":"auto","background-attachment":"scroll","background-type":"","background-media":"","overlay-type":"","overlay-color":"","overlay-opacity":"","overlay-gradient":""},"mobile":{"background-color":"","background-image":"","background-repeat":"repeat","background-position":"center center","background-size":"auto","background-attachment":"scroll","background-type":"","background-media":"","overlay-type":"","overlay-color":"","overlay-opacity":"","overlay-gradient":""}},"ast-content-background-meta":{"desktop":{"background-color":"var(--ast-global-color-5)","background-image":"","background-repeat":"repeat","background-position":"center center","background-size":"auto","background-attachment":"scroll","background-type":"","background-media":"","overlay-type":"","overlay-color":"","overlay-opacity":"","overlay-gradient":""},"tablet":{"background-color":"var(--ast-global-color-5)","background-image":"","background-repeat":"repeat","background-position":"center center","background-size":"auto","background-attachment":"scroll","background-type":"","background-media":"","overlay-type":"","overlay-color":"","overlay-opacity":"","overlay-gradient":""},"mobile":{"background-color":"var(--ast-global-color-5)","background-image":"","background-repeat":"repeat","background-position":"center center","background-size":"auto","background-attachment":"scroll","background-type":"","background-media":"","overlay-type":"","overlay-color":"","overlay-opacity":"","overlay-gradient":""}}},"product_brand":[],"product_cat":[597,598,601,604],"product_tag":[],"class_list":{"0":"post-15838","1":"product","2":"type-product","3":"status-publish","4":"has-post-thumbnail","6":"product_cat-davanas","7":"product_cat-davanas-sievietem","8":"product_cat-eterisko-ellu-maisijumi","9":"product_cat-higiena-un-adas-kopsana","10":"desktop-align-left","11":"tablet-align-left","12":"mobile-align-left","14":"first","15":"instock","16":"sale","17":"taxable","18":"shipping-taxable","19":"purchasable","20":"product-type-simple"},"_links":{"self":[{"href":"https:\/\/mamaterra.lt\/lv\/wp-json\/wp\/v2\/product\/15838","targetHints":{"allow":["GET"]}}],"collection":[{"href":"https:\/\/mamaterra.lt\/lv\/wp-json\/wp\/v2\/product"}],"about":[{"href":"https:\/\/mamaterra.lt\/lv\/wp-json\/wp\/v2\/types\/product"}],"wp:featuredmedia":[{"embeddable":true,"href":"https:\/\/mamaterra.lt\/lv\/wp-json\/wp\/v2\/media\/12207"}],"wp:attachment":[{"href":"https:\/\/mamaterra.lt\/lv\/wp-json\/wp\/v2\/media?parent=15838"}],"wp:term":[{"taxonomy":"product_brand","embeddable":true,"href":"https:\/\/mamaterra.lt\/lv\/wp-json\/wp\/v2\/product_brand?post=15838"},{"taxonomy":"product_cat","embeddable":true,"href":"https:\/\/mamaterra.lt\/lv\/wp-json\/wp\/v2\/product_cat?post=15838"},{"taxonomy":"product_tag","embeddable":true,"href":"https:\/\/mamaterra.lt\/lv\/wp-json\/wp\/v2\/product_tag?post=15838"}],"curies":[{"name":"wp","href":"https:\/\/api.w.org\/{rel}","templated":true}]}}