{"id":15835,"date":"2022-12-01T12:56:13","date_gmt":"2022-12-01T11:56:13","guid":{"rendered":"https:\/\/mamaterra.lt\/parduotuve\/uncategorized\/doterra-rose-hydrolat-spray-100ml\/"},"modified":"2024-06-01T13:49:10","modified_gmt":"2024-06-01T12:49:10","slug":"doterra-roze-hidrosols-migla-smidzinatajs-100ml","status":"publish","type":"product","link":"https:\/\/mamaterra.lt\/lv\/parduotuve\/davanas\/davanas-sievietem\/doterra-roze-hidrosols-migla-smidzinatajs-100ml\/","title":{"rendered":"doTERRA Rose Hydrolat Spray 100ml"},"content":{"rendered":"<p><b>doTERRA Rose Hydrolat Spray (Ro\u017eu hidrosola migla) <\/b><\/p>\n<p>100 ml<\/p>\n<p>&nbsp;<\/p>\n<p><b>doTERRA Rose Hydrolat Spray (Rose Hydrosol Mist) Visp\u0101r\u012bgs apraksts:<\/b><\/p>\n<p><b>doTERRA Rose Hydrosol Mist (Rose Hydrosol Mist), kas no Eiropas tiek pieg\u0101d\u0101ts ar br\u012bni\u0161\u0137\u012bgu smar\u017eu<\/b> , ir patiesi ekstravagants produkts, kas tiek pied\u0101v\u0101ts ierobe\u017eotu laiku un kuru j\u016bs nev\u0113laties palaist gar\u0101m. M\u016bsu \u0123imenes locek\u013ci Eirop\u0101 var b\u016bt <b>vieni no pirmajiem doTERRA kopienas locek\u013ciem, kas<\/b> izj\u016bt t\u0101s iespaid\u012bg\u0101s priek\u0161roc\u012bbas!<\/p>\n<div><\/div>\n<div>\n<p>\u0160is<b> vieglais, \u0101tri \u017e\u016bsto\u0161ais aerosols <\/b>att\u012bra, mitrina un toniz\u0113 \u2013 izmantojot to, j\u016bsu \u0101das kop\u0161anas rut\u012bna sasniegs jaunu l\u012bmeni. Iepakots br\u012bni\u0161\u0137\u012bg\u0101 mat\u0113ta stikla pudel\u0113 un daudz\u0101s m\u016bsu iecien\u012bt\u0101k\u0101s ro\u017eu (rozes) \u0113terisk\u0101s e\u013c\u013cas <b>labv\u0113l\u012bgaj\u0101s \u012bpa\u0161\u012bb\u0101s<\/b> , <b>doTERRA Rose Hydrosol Mist (Rose Hydrosol Spray) <\/b>satur 100 ml t\u012bras sv\u0113tlaimes.<\/p>\n<p>\u0160is br\u012bni\u0161\u0137\u012bgais produkts iemieso sevis lutin\u0101\u0161anas b\u016bt\u012bbu. Vai ar\u012b t\u0101 var k\u013c\u016bt par lab\u0101ko \u0161ogad pasniegto d\u0101vanu!<\/p>\n<\/div>\n<p>&nbsp;<\/p>\n<p>&nbsp;<\/p>\n","protected":false},"excerpt":{"rendered":"<ul>\n<li>Skaisti smar\u017eojo\u0161s aerosols, kas atsvaidzina \u0101du un uzlabo garast\u0101vokli visas dienas garum\u0101.<\/li>\n<li>Izsmidzin\u0101m\u0101 sast\u0101v\u0101 ir Rosa damascena ziedu \u016bdens, kas pie\u0161\u0137ir paz\u012bstamo ro\u017eu ziedu smar\u017eu.<\/li>\n<li>Grezns papildin\u0101jums ikdienas \u0101das kop\u0161anas rut\u012bnai.<\/li>\n<\/ul>\n","protected":false},"featured_media":12202,"template":"","meta":{"site-sidebar-layout":"default","site-content-layout":"default","ast-site-content-layout":"default","site-content-style":"default","site-sidebar-style":"default","ast-global-header-display":"","ast-banner-title-visibility":"","ast-main-header-display":"","ast-hfb-above-header-display":"","ast-hfb-below-header-display":"","ast-hfb-mobile-header-display":"","site-post-title":"","ast-breadcrumbs-content":"","ast-featured-img":"","footer-sml-layout":"","ast-disable-related-posts":"","theme-transparent-header-meta":"default","adv-header-id-meta":"","stick-header-meta":"","header-above-stick-meta":"","header-main-stick-meta":"","header-below-stick-meta":"","astra-migrate-meta-layouts":"set","ast-page-background-enabled":"default","ast-page-background-meta":{"desktop":{"background-color":"","background-image":"","background-repeat":"repeat","background-position":"center center","background-size":"auto","background-attachment":"scroll","background-type":"","background-media":"","overlay-type":"","overlay-color":"","overlay-opacity":"","overlay-gradient":""},"tablet":{"background-color":"","background-image":"","background-repeat":"repeat","background-position":"center center","background-size":"auto","background-attachment":"scroll","background-type":"","background-media":"","overlay-type":"","overlay-color":"","overlay-opacity":"","overlay-gradient":""},"mobile":{"background-color":"","background-image":"","background-repeat":"repeat","background-position":"center center","background-size":"auto","background-attachment":"scroll","background-type":"","background-media":"","overlay-type":"","overlay-color":"","overlay-opacity":"","overlay-gradient":""}},"ast-content-background-meta":{"desktop":{"background-color":"var(--ast-global-color-5)","background-image":"","background-repeat":"repeat","background-position":"center center","background-size":"auto","background-attachment":"scroll","background-type":"","background-media":"","overlay-type":"","overlay-color":"","overlay-opacity":"","overlay-gradient":""},"tablet":{"background-color":"var(--ast-global-color-5)","background-image":"","background-repeat":"repeat","background-position":"center center","background-size":"auto","background-attachment":"scroll","background-type":"","background-media":"","overlay-type":"","overlay-color":"","overlay-opacity":"","overlay-gradient":""},"mobile":{"background-color":"var(--ast-global-color-5)","background-image":"","background-repeat":"repeat","background-position":"center center","background-size":"auto","background-attachment":"scroll","background-type":"","background-media":"","overlay-type":"","overlay-color":"","overlay-opacity":"","overlay-gradient":""}}},"product_brand":[],"product_cat":[597,598,604,614],"product_tag":[],"class_list":{"0":"post-15835","1":"product","2":"type-product","3":"status-publish","4":"has-post-thumbnail","6":"product_cat-davanas","7":"product_cat-davanas-sievietem","8":"product_cat-higiena-un-adas-kopsana","9":"product_cat-sievietem","10":"desktop-align-left","11":"tablet-align-left","12":"mobile-align-left","14":"first","15":"instock","16":"taxable","17":"shipping-taxable","18":"purchasable","19":"product-type-simple"},"_links":{"self":[{"href":"https:\/\/mamaterra.lt\/lv\/wp-json\/wp\/v2\/product\/15835","targetHints":{"allow":["GET"]}}],"collection":[{"href":"https:\/\/mamaterra.lt\/lv\/wp-json\/wp\/v2\/product"}],"about":[{"href":"https:\/\/mamaterra.lt\/lv\/wp-json\/wp\/v2\/types\/product"}],"wp:featuredmedia":[{"embeddable":true,"href":"https:\/\/mamaterra.lt\/lv\/wp-json\/wp\/v2\/media\/12202"}],"wp:attachment":[{"href":"https:\/\/mamaterra.lt\/lv\/wp-json\/wp\/v2\/media?parent=15835"}],"wp:term":[{"taxonomy":"product_brand","embeddable":true,"href":"https:\/\/mamaterra.lt\/lv\/wp-json\/wp\/v2\/product_brand?post=15835"},{"taxonomy":"product_cat","embeddable":true,"href":"https:\/\/mamaterra.lt\/lv\/wp-json\/wp\/v2\/product_cat?post=15835"},{"taxonomy":"product_tag","embeddable":true,"href":"https:\/\/mamaterra.lt\/lv\/wp-json\/wp\/v2\/product_tag?post=15835"}],"curies":[{"name":"wp","href":"https:\/\/api.w.org\/{rel}","templated":true}]}}