{"id":15473,"date":"2022-12-15T13:36:17","date_gmt":"2022-12-15T12:36:17","guid":{"rendered":"https:\/\/mamaterra.lt\/parduotuve\/uncategorized\/doterra-taju-virtuve-thai-eterisko-ellu-maisijums-15ml\/"},"modified":"2022-12-22T18:20:08","modified_gmt":"2022-12-22T17:20:08","slug":"doterra-taju-virtuves-thai-eterisko-ellu-maisijuma-sastavdalas","status":"publish","type":"product","link":"https:\/\/mamaterra.lt\/lv\/parduotuve\/eteriskas-ellas\/eterisko-ellu-maisijumi\/doterra-taju-virtuves-thai-eterisko-ellu-maisijuma-sastavdalas\/","title":{"rendered":"doTERRA Taju Virtuve (THAI) \u0112terisko E\u013c\u013cu Mais\u012bjums 15ml"},"content":{"rendered":"<p><strong>doTERRA Taju Virtuve (THAI) \u0112terisko E\u013c\u013cu Mais\u012bjums<\/strong><\/p>\n<p>15ml<\/p>\n<p>&nbsp;<\/p>\n<p><strong>doTERRA THAI \u0112terisko E\u013c\u013cu Mais\u012bjums Visp\u0101r\u012bgs Apraksts:<\/strong><\/p>\n<p>Taizemes virtuves mais\u012bjums aizved\u012bs j\u016bs uz smar\u017e\u012bgu Taizemes tirgu un klusiem r\u012bsu laukiem. Izveidojiet \u0113dienus, kas aromatiz\u0113ti ar smaidu valsts gar\u0161\u0101m, izmantojot \u0161o Koriandra (koriandra s\u0113klu), Galangal (alp\u012bnista), \u0137imenes (Cumin), citronz\u0101les (citronz\u0101les), spearmint (coldmen), kaf\u012bra laima (v\u0113lu citronkoka), ingvera (ingvera), bazilika (bazilika) un roz\u0101 piparu (roz\u0101 piparu) frakcion\u0113tas kokosriekstu e\u013c\u013cas (frakcion\u0113t\u0101 kokosriekstu e\u013c\u013c\u0101) mais\u012bjumu. Taizemes virtuves mais\u012bjums apvieno s\u0101\u013cumu, saldumu, sk\u0101bumu un pikantumu, pie\u0161\u0137irot taizemes virtuvei unik\u0101lu gar\u0161u.<\/p>\n<p>&nbsp;<\/p>\n<p><strong>doTERRA Taizemes virtuves (THAI) \u0113terisko e\u013c\u013cu mais\u012bjuma galven\u0101s priek\u0161roc\u012bbas:<\/strong><\/p>\n<ul>\n<li>Ide\u0101li piem\u0113rots makaronu, r\u012bsu, zupu un ga\u013cas aromatiz\u0113\u0161anai.<\/li>\n<li>Viegli pie\u0161\u0137iriet smar\u017e\u012bgu gar\u0161u jebkuram pikantam vai saldam \u0113dienam.<\/li>\n<li>Uzglab\u0101t virtuves skap\u012b \u0113rtai lieto\u0161anai!<\/li>\n<li>Lai ieg\u016btu vislab\u0101kos rezult\u0101tus, dekor\u0113jiet jau pagatavotu \u0113dienu.<\/li>\n<\/ul>\n<p>&nbsp;<\/p>\n<p><strong>doTERRA taju \u0113terisko e\u013c\u013cu mais\u012bjuma (THAI) sast\u0101vda\u013cas:<\/strong><\/p>\n<p>Frakcion\u0113ta kokosriekstu e\u013c\u013ca (frakcion\u0113ta kokosriekstu e\u013c\u013ca), koriandra (koriandra s\u0113klu) e\u013c\u013ca, galang\u0101la (alp\u012bnistu) e\u013c\u013ca, \u0137imenes (\u0137imenes) e\u013c\u013ca, citronz\u0101les (citronz\u0101les) e\u013c\u013ca, \u0161\u0137\u0113pu (\u0161\u0137\u0113pu) e\u013c\u013ca, kaf\u012bra laima (v\u0113l\u0101 citronkoka) lapu e\u013c\u013ca, ingvera (ingvera) e\u013c\u013ca, bazilika (bazilika) e\u013c\u013ca, roz\u0101 piparu (roz\u0101 piparu) e\u013c\u013ca.<\/p>\n<p>&nbsp;<\/p>\n<p>&nbsp;<\/p>\n","protected":false},"excerpt":{"rendered":"<ul>\n<li>Ide\u0101li piem\u0113rots makaronu, r\u012bsu, zupu un ga\u013cas aromatiz\u0113\u0161anai.<\/li>\n<li>Viegli pie\u0161\u0137iriet smar\u017e\u012bgu gar\u0161u jebkuram pikantam vai saldam \u0113dienam.<\/li>\n<li>Uzglab\u0101t virtuves skap\u012b \u0113rtai lieto\u0161anai!<\/li>\n<\/ul>\n","protected":false},"featured_media":12227,"template":"","meta":{"site-sidebar-layout":"default","site-content-layout":"default","ast-site-content-layout":"default","site-content-style":"default","site-sidebar-style":"default","ast-global-header-display":"","ast-banner-title-visibility":"","ast-main-header-display":"","ast-hfb-above-header-display":"","ast-hfb-below-header-display":"","ast-hfb-mobile-header-display":"","site-post-title":"","ast-breadcrumbs-content":"","ast-featured-img":"","footer-sml-layout":"","ast-disable-related-posts":"","theme-transparent-header-meta":"default","adv-header-id-meta":"","stick-header-meta":"","header-above-stick-meta":"","header-main-stick-meta":"","header-below-stick-meta":"","astra-migrate-meta-layouts":"default","ast-page-background-enabled":"default","ast-page-background-meta":{"desktop":{"background-color":"","background-image":"","background-repeat":"repeat","background-position":"center center","background-size":"auto","background-attachment":"scroll","background-type":"","background-media":"","overlay-type":"","overlay-color":"","overlay-opacity":"","overlay-gradient":""},"tablet":{"background-color":"","background-image":"","background-repeat":"repeat","background-position":"center center","background-size":"auto","background-attachment":"scroll","background-type":"","background-media":"","overlay-type":"","overlay-color":"","overlay-opacity":"","overlay-gradient":""},"mobile":{"background-color":"","background-image":"","background-repeat":"repeat","background-position":"center center","background-size":"auto","background-attachment":"scroll","background-type":"","background-media":"","overlay-type":"","overlay-color":"","overlay-opacity":"","overlay-gradient":""}},"ast-content-background-meta":{"desktop":{"background-color":"var(--ast-global-color-5)","background-image":"","background-repeat":"repeat","background-position":"center center","background-size":"auto","background-attachment":"scroll","background-type":"","background-media":"","overlay-type":"","overlay-color":"","overlay-opacity":"","overlay-gradient":""},"tablet":{"background-color":"var(--ast-global-color-5)","background-image":"","background-repeat":"repeat","background-position":"center center","background-size":"auto","background-attachment":"scroll","background-type":"","background-media":"","overlay-type":"","overlay-color":"","overlay-opacity":"","overlay-gradient":""},"mobile":{"background-color":"var(--ast-global-color-5)","background-image":"","background-repeat":"repeat","background-position":"center center","background-size":"auto","background-attachment":"scroll","background-type":"","background-media":"","overlay-type":"","overlay-color":"","overlay-opacity":"","overlay-gradient":""}}},"product_brand":[],"product_cat":[598,601],"product_tag":[],"class_list":{"0":"post-15473","1":"product","2":"type-product","3":"status-publish","4":"has-post-thumbnail","6":"product_cat-davanas-sievietem","7":"product_cat-eterisko-ellu-maisijumi","8":"desktop-align-left","9":"tablet-align-left","10":"mobile-align-left","12":"first","13":"outofstock","14":"taxable","15":"shipping-taxable","16":"purchasable","17":"product-type-simple"},"_links":{"self":[{"href":"https:\/\/mamaterra.lt\/lv\/wp-json\/wp\/v2\/product\/15473","targetHints":{"allow":["GET"]}}],"collection":[{"href":"https:\/\/mamaterra.lt\/lv\/wp-json\/wp\/v2\/product"}],"about":[{"href":"https:\/\/mamaterra.lt\/lv\/wp-json\/wp\/v2\/types\/product"}],"wp:featuredmedia":[{"embeddable":true,"href":"https:\/\/mamaterra.lt\/lv\/wp-json\/wp\/v2\/media\/12227"}],"wp:attachment":[{"href":"https:\/\/mamaterra.lt\/lv\/wp-json\/wp\/v2\/media?parent=15473"}],"wp:term":[{"taxonomy":"product_brand","embeddable":true,"href":"https:\/\/mamaterra.lt\/lv\/wp-json\/wp\/v2\/product_brand?post=15473"},{"taxonomy":"product_cat","embeddable":true,"href":"https:\/\/mamaterra.lt\/lv\/wp-json\/wp\/v2\/product_cat?post=15473"},{"taxonomy":"product_tag","embeddable":true,"href":"https:\/\/mamaterra.lt\/lv\/wp-json\/wp\/v2\/product_tag?post=15473"}],"curies":[{"name":"wp","href":"https:\/\/api.w.org\/{rel}","templated":true}]}}