{"id":12270,"date":"2021-09-03T10:27:35","date_gmt":"2021-09-03T09:27:35","guid":{"rendered":"https:\/\/mamaterra.lt\/prezentaciju\/"},"modified":"2024-03-01T20:02:40","modified_gmt":"2024-03-01T19:02:40","slug":"prezentaciju","status":"publish","type":"page","link":"https:\/\/mamaterra.lt\/lv\/prezentaciju\/","title":{"rendered":"Pieg\u0101de"},"content":{"rendered":"\t\t<div data-elementor-type=\"wp-post\" data-elementor-id=\"12270\" class=\"elementor elementor-12270 elementor-2042\" data-elementor-post-type=\"page\">\n\t\t\t\t\t\t<section class=\"elementor-section elementor-top-section elementor-element elementor-element-93db574 elementor-section-content-middle elementor-section-height-min-height elementor-section-boxed elementor-section-height-default elementor-section-items-middle\" data-id=\"93db574\" data-element_type=\"section\" data-e-type=\"section\" data-settings=\"{&quot;background_background&quot;:&quot;classic&quot;}\">\n\t\t\t\t\t\t\t<div class=\"elementor-background-overlay\"><\/div>\n\t\t\t\t\t\t\t<div class=\"elementor-container elementor-column-gap-no\">\n\t\t\t\t\t<div class=\"elementor-column elementor-col-100 elementor-top-column elementor-element elementor-element-3eac73d\" data-id=\"3eac73d\" data-element_type=\"column\" data-e-type=\"column\" data-settings=\"{&quot;background_background&quot;:&quot;classic&quot;}\">\n\t\t\t<div class=\"elementor-widget-wrap elementor-element-populated\">\n\t\t\t\t\t\t<section class=\"elementor-section elementor-inner-section elementor-element elementor-element-635c4d9 elementor-section-height-min-height elementor-section-boxed elementor-section-height-default\" data-id=\"635c4d9\" data-element_type=\"section\" data-e-type=\"section\">\n\t\t\t\t\t\t\t<div class=\"elementor-background-overlay\"><\/div>\n\t\t\t\t\t\t\t<div class=\"elementor-container elementor-column-gap-default\">\n\t\t\t\t\t<div class=\"elementor-column elementor-col-100 elementor-inner-column elementor-element elementor-element-4a97dc2\" data-id=\"4a97dc2\" data-element_type=\"column\" data-e-type=\"column\" data-settings=\"{&quot;background_background&quot;:&quot;classic&quot;}\">\n\t\t\t<div class=\"elementor-widget-wrap elementor-element-populated\">\n\t\t\t\t\t\t<div class=\"elementor-element elementor-element-6ff91c8 elementor-widget elementor-widget-heading\" data-id=\"6ff91c8\" data-element_type=\"widget\" data-e-type=\"widget\" data-widget_type=\"heading.default\">\n\t\t\t\t<div class=\"elementor-widget-container\">\n\t\t\t\t\t<h1 class=\"elementor-heading-title elementor-size-default\">Pieg\u0101de<\/h1>\t\t\t\t<\/div>\n\t\t\t\t<\/div>\n\t\t\t\t<div class=\"elementor-element elementor-element-8c48a75 elementor-align-center elementor-widget elementor-widget-breadcrumbs\" data-id=\"8c48a75\" data-element_type=\"widget\" data-e-type=\"widget\" data-widget_type=\"breadcrumbs.default\">\n\t\t\t\t<div class=\"elementor-widget-container\">\n\t\t\t\t\t<p id=\"breadcrumbs\"><span><span><a href=\"https:\/\/mamaterra.lt\/lv\/\">M\u0101jas lapas<\/a><\/span><\/span><\/p>\t\t\t\t<\/div>\n\t\t\t\t<\/div>\n\t\t\t\t\t<\/div>\n\t\t<\/div>\n\t\t\t\t\t<\/div>\n\t\t<\/section>\n\t\t\t\t\t<\/div>\n\t\t<\/div>\n\t\t\t\t\t<\/div>\n\t\t<\/section>\n\t\t\t\t<section class=\"elementor-section elementor-top-section elementor-element elementor-element-1e251947 elementor-section-boxed elementor-section-height-default elementor-section-height-default\" data-id=\"1e251947\" data-element_type=\"section\" data-e-type=\"section\" data-settings=\"{&quot;background_background&quot;:&quot;classic&quot;}\">\n\t\t\t\t\t\t\t<div class=\"elementor-background-overlay\"><\/div>\n\t\t\t\t\t\t\t<div class=\"elementor-container elementor-column-gap-default\">\n\t\t\t\t\t<div class=\"elementor-column elementor-col-100 elementor-top-column elementor-element elementor-element-4901124c\" data-id=\"4901124c\" data-element_type=\"column\" data-e-type=\"column\" data-settings=\"{&quot;background_background&quot;:&quot;classic&quot;}\">\n\t\t\t<div class=\"elementor-widget-wrap elementor-element-populated\">\n\t\t\t\t\t\t<div class=\"elementor-element elementor-element-2594e508 elementor-widget elementor-widget-heading\" data-id=\"2594e508\" data-element_type=\"widget\" data-e-type=\"widget\" data-widget_type=\"heading.default\">\n\t\t\t\t<div class=\"elementor-widget-container\">\n\t\t\t\t\t<h1 class=\"elementor-heading-title elementor-size-default\">Pieg\u0101de un Atgrie\u0161ana<\/h1>\t\t\t\t<\/div>\n\t\t\t\t<\/div>\n\t\t\t\t<div class=\"elementor-element elementor-element-2ae61bea elementor-widget elementor-widget-text-editor\" data-id=\"2ae61bea\" data-element_type=\"widget\" data-e-type=\"widget\" data-widget_type=\"text-editor.default\">\n\t\t\t\t<div class=\"elementor-widget-container\">\n\t\t\t\t\t\t\t\t\t<p>1.<strong>&nbsp;&nbsp;&nbsp; PRE\u010cU PIEG\u0100DE\/SA\u0145EM\u0160ANA<\/strong><\/p>\n<ol>\n<li style=\"list-style-type: none;\">\n<ol>\n<li>Pas\u016btot Preces, j\u016bs varat izv\u0113l\u0113ties Pre\u010du pieg\u0101des veidu, t.i., y. izmantot kurjera (tre\u0161\u0101s personas) sniegto pieg\u0101des pakalpojumu.<\/li>\n<li>Preces tiek pieg\u0101d\u0101tas vis\u0101 Lietuv\u0101 3-7 dienu laik\u0101. d.p\u0113c&nbsp; pas\u016bt\u012bjuma apstiprin\u0101\u0161anas. Par prec\u0113m \u0101rzem\u0113s tiek piem\u0113rota pieg\u0101des maksa ~&nbsp; 10.5 EUR. Nav iesp\u0113jas izv\u0113l\u0113ties laiku.<\/li>\n<li>Pas\u016bt\u012bjuma veik\u0161anas br\u012bd\u012b izv\u0113loties Pieg\u0101des pakalpojumu, J\u016bs ap\u0146ematies nor\u0101d\u012bt prec\u012bzu Pre\u010du pieg\u0101des vietu.<\/li>\n<li>J\u016bs ap\u0146ematies pie\u0146emt Preces pats vai pas\u016bt\u012bjuma br\u012bd\u012b nor\u0101d\u012bt personu, kas sa\u0146ems Preces. Gad\u012bjum\u0101, ja j\u016bs (vai nor\u0101d\u012bt\u0101 cita persona) nevarat pie\u0146emt Preces, un Preces tiek pieg\u0101d\u0101tas uz nor\u0101d\u012bto adresi un pamatojoties uz citiem Pirc\u0113ja sniegtajiem datiem, jums nav ties\u012bbu izteikt pretenzijas Uz\u0146\u0113mumam par Pre\u010du pieg\u0101di nepareizajam subjektam.<\/li>\n<li>Pieg\u0101des maksa tiek apr\u0113\u0137in\u0101ta atkar\u012bb\u0101 no j\u016bsu veikt\u0101 pas\u016bt\u012bjuma lieluma un pieg\u0101des vietas:\n<ol>\n<li>Par pre\u010du pieg\u0101di uz vis\u0101m Lietuvas pils\u0113t\u0101m tiek iekas\u0113ta papildu transporta maksa l\u012bdz 6 EUR (ieskaitot VAT). Cena ir 4,5 eiro par nos\u016bt\u012b\u0161anu ar paku skap\u012bti un 6 eur par nos\u016bt\u012b\u0161anu ar kurjeru.<\/li>\n<li>Par pre\u010du pieg\u0101di Kur\u0161u k\u0101pai tiek iekas\u0113ta atsevi\u0161\u0137a papildu transporta maksa.<\/li>\n<\/ol>\n<\/li>\n<li>Ja v\u0113laties, lai Preces tiktu pieg\u0101d\u0101tas \u0101rpus Lietuvas, pas\u016bt\u012bjuma pieg\u0101des noteikumi tiek saska\u0146oti ar atsevi\u0161\u0137u l\u012bgumu.<\/li>\n<li>Ja j\u016bs veicat pas\u016bt\u012bjumu uz cit\u0101m Lietuvas pils\u0113t\u0101m (nevis Vi\u013c\u0146u un Kau\u0146u), Uz\u0146\u0113mums vai tre\u0161\u0101 persona pieg\u0101d\u0101 Preces 1-3 darba dienu laik\u0101. Jebk\u0101du probl\u0113mu vai pre\u010du tr\u016bkuma gad\u012bjum\u0101 Uz\u0146\u0113mums nekav\u0113joties inform\u0113s j\u016bs par iesp\u0113jamo pre\u010du pieg\u0101des termi\u0146u ilg\u0101k, un, ja j\u016bs tas apmierin\u0101s, Uz\u0146\u0113mums turpin\u0101s veikt pas\u016bt\u012bjuma pieg\u0101di. Gad\u012bjum\u0101, ja Uz\u0146\u0113muma nodro\u0161in\u0101tais ilg\u0101kais Pre\u010du pieg\u0101des termi\u0146\u0161 J\u016bs neapmierina, iesniegtais pas\u016bt\u012bjums tiek atcelts un J\u016bsu samaks\u0101t\u0101 naudas summa tiek atmaks\u0101ta \u0161ajos Noteikumos noteiktaj\u0101 k\u0101rt\u012bb\u0101.<\/li>\n<li>Visos gad\u012bjumos Uz\u0146\u0113mums ir atbr\u012bvots no atbild\u012bbas par Pre\u010du pieg\u0101des noteikumu p\u0101rk\u0101p\u0161anu, ja Preces jums netiek pieg\u0101d\u0101tas vai netiek pieg\u0101d\u0101tas laik\u0101 J\u016bsu vainas d\u0113\u013c vai no Uz\u0146\u0113muma neatkar\u012bgu apst\u0101k\u013cu d\u0113\u013c.<\/li>\n<li>Uz\u0146\u0113mums nav atbild\u012bgs par jebk\u0101d\u0101m darb\u012bb\u0101m, bezdarb\u012bbu vai notikumiem no br\u012b\u017ea, kad Preces tika nodotas uz\u0146\u0113mumam, kas sniedz pieg\u0101des pakalpojumus (kurjers). Gad\u012bjum\u0101, ja sa\u0146emtajai pakai ir \u0101r\u0113ji defekti, Jums par to ir j\u0101inform\u0113 kurjers Pre\u010du pieg\u0101des br\u012bd\u012b.<\/li>\n<li>Pre\u010du pieg\u0101des laik\u0101 jums vai j\u016bsu pilnvarotajai personai jums (vai j\u016bsu pilnvarotajai personai) kop\u0101 ar P\u0101rdev\u0113ju vai kurjeru, kur\u0161 jums pieg\u0101d\u0101ja Preces, ir j\u0101p\u0101rbauda s\u016bt\u012bjuma un Produkta(-u) st\u0101voklis un j\u0101paraksta s\u016bt\u012bjuma nodo\u0161anas un pie\u0146em\u0161anas dokuments (p\u0113c karant\u012bnas re\u017e\u012bma ievie\u0161anas valst\u012b P\u0101rdev\u0113js var piel\u0101got \u0161aj\u0101 punkt\u0101 aprakst\u012bto proced\u016bru). P\u0113c tam, kad esat parakst\u012bjis s\u016bt\u012bjuma nodo\u0161anas-pie\u0146em\u0161anas dokumentu, tiek uzskat\u012bts, ka s\u016bt\u012bjums un Preces tiek nodotas pien\u0101c\u012bg\u0101 kvalit\u0101t\u0113, nav Pre\u010du p\u0101rk\u0101pumu, kuru pamat\u0101 ir ar r\u016bpn\u012bcu nesaist\u012bts defekts, un nav neatbilst\u012bbas Preces (-u) mont\u0101\u017e\u0101.<\/li>\n<li>Ja paman\u0101t, ka iesniegt\u0101 s\u016bt\u012bjuma iepakojums ir boj\u0101ts, Prece(-es) ir boj\u0101ta(-as) un \/ vai Prece(-es) ir nepareiz\u0101 konfigur\u0101cij\u0101, jums tas ir j\u0101atz\u012bm\u0113 s\u016bt\u012bjuma nodo\u0161anas-pie\u0146em\u0161anas dokument\u0101 un P\u0101rdev\u0113ja vai vi\u0146a kurjera (tre\u0161\u0101s personas) kl\u0101tb\u016btn\u0113 j\u0101sagatavo br\u012bvas formas s\u016bt\u012bjuma un\/vai Preces (-u) p\u0101rk\u0101puma \/ neatbilst\u012bbas akts. Ja \u0161\u0101das darb\u012bbas netiek veiktas, Uz\u0146\u0113mums ir atbr\u012bvots no atbild\u012bbas pret Jums par Preces, kvalit\u0101tes, mont\u0101\u017eas, iepakojuma p\u0101rk\u0101pumiem, kurus J\u016bs neesat atz\u012bm\u0113jis Preces pieg\u0101des dokument\u0101.<\/li>\n<\/ol>\n<\/li>\n<\/ol>\n<p>2.&nbsp;&nbsp;&nbsp; <strong>PRE\u010cU ATGRIE\u0160ANA UN NOMAI\u0145A<\/strong><\/p>\n<ol>\n<li style=\"list-style-type: none;\">\n<ol>\n<li style=\"list-style-type: none;\">\n<ol>\n<li>Boj\u0101tu Pre\u010du atgrie\u0161anas gad\u012bjum\u0101 Uz\u0146\u0113mums ap\u0146emas pa\u0146emt preces ar tr\u016bkumiem un aizst\u0101t t\u0101s ar analog\u0101m prec\u0113m. Gad\u012bjum\u0101, ja Uz\u0146\u0113mumam nav analogu Pre\u010du, Uz\u0146\u0113mums ap\u0146emas atgriezt Jums par prec\u0113m samaks\u0101to naudu.<\/li>\n<li>Par prec\u0113m ar tr\u016bkumiem vai k\u013c\u016bdu, kas radusies, ir j\u0101inform\u0113 pa e-pastu. pa pastu <a href=\"mailto:info@mamaterra.lt\" target=\"_blank\" rel=\"noopener\">info@mamaterra.lt<\/a>&nbsp;taj\u0101 pa\u0161\u0101 kalend\u0101raj\u0101 dien\u0101, kad Preces tiek pieg\u0101d\u0101tas.<\/li>\n<li>Atgrie\u017eot vai nomainot e-Veikal\u0101 ieg\u0101d\u0101t\u0101s Preces, m\u0113s l\u016bgsim J\u016bs aizpild\u012bt iesniegto Pre\u010du atgrie\u0161anas vai apmai\u0146as v\u0113stuli.<\/li>\n<li>Atkar\u012bb\u0101 no Uz\u0146\u0113muma pied\u0101v\u0101t\u0101 Pre\u010du veida, Jums ir ties\u012bbas iesniegt pras\u012bbu Uz\u0146\u0113mumam taj\u0101 pa\u0161\u0101 kalend\u0101raj\u0101 dien\u0101 no Pre\u010du pieg\u0101des dienas taj\u0101 pa\u0161\u0101 kalend\u0101raj\u0101 dien\u0101 no Pre\u010du pieg\u0101des dienas sakar\u0101 ar neatbilst\u012bb\u0101m, kas v\u0113l\u0101k paman\u012btas un re\u0123istr\u0113tas ar aktiem. \u0160aj\u0101 gad\u012bjum\u0101 Uz\u0146\u0113mums ap\u0146emas izskat\u012bt pretenziju 1 (vienas) darba dienas laik\u0101 un pamatotas pretenzijas gad\u012bjum\u0101 aizst\u0101t to ar prec\u0113m, kas atbilst kvalit\u0101tes pras\u012bb\u0101m, vai atgriezt par Prec\u0113m samaks\u0101to naudu.<\/li>\n<li>Visos gad\u012bjumos nauda par atgrieztaj\u0101m Prec\u0113m tiek p\u0101rskait\u012bta ar maks\u0101juma uzdevumu un tikai uz maks\u0101t\u0101ja bankas kontu.<\/li>\n<li>Pre\u010du atgrie\u0161anas nosac\u012bjumi neattiecas uz:\n<ol>\n<li>Ja prece ir boj\u0101ta;<\/li>\n<li>Ja iepakot\u0101s preces p\u0113c pieg\u0101des ir izsai\u0146otas un nav der\u012bgas atgrie\u0161anai.<\/li>\n<\/ol>\n<\/li>\n<\/ol>\n<\/li>\n<\/ol>\n<\/li>\n<\/ol>\t\t\t\t\t\t\t\t<\/div>\n\t\t\t\t<\/div>\n\t\t\t\t\t<\/div>\n\t\t<\/div>\n\t\t\t\t\t<\/div>\n\t\t<\/section>\n\t\t\t\t<\/div>\n\t\t","protected":false},"excerpt":{"rendered":"<p>Pieg\u0101de Pieg\u0101de un Atgrie\u0161ana 1.&nbsp;&nbsp;&nbsp; PRE\u010cU PIEG\u0100DE\/SA\u0145EM\u0160ANA Pas\u016btot Preces, j\u016bs varat izv\u0113l\u0113ties Pre\u010du pieg\u0101des veidu, t.i., y. izmantot kurjera (tre\u0161\u0101s personas) sniegto pieg\u0101des pakalpojumu. Preces tiek pieg\u0101d\u0101tas vis\u0101 Lietuv\u0101 3-7 dienu laik\u0101. d.p\u0113c&nbsp; pas\u016bt\u012bjuma apstiprin\u0101\u0161anas. Par prec\u0113m \u0101rzem\u0113s tiek piem\u0113rota pieg\u0101des maksa ~&nbsp; 10.5 EUR. Nav iesp\u0113jas izv\u0113l\u0113ties laiku. Pas\u016bt\u012bjuma veik\u0161anas br\u012bd\u012b izv\u0113loties Pieg\u0101des pakalpojumu, [&hellip;]<\/p>\n","protected":false},"author":1,"featured_media":0,"parent":0,"menu_order":0,"comment_status":"closed","ping_status":"closed","template":"","meta":{"site-sidebar-layout":"no-sidebar","site-content-layout":"page-builder","ast-site-content-layout":"default","site-content-style":"default","site-sidebar-style":"default","ast-global-header-display":"","ast-banner-title-visibility":"","ast-main-header-display":"","ast-hfb-above-header-display":"","ast-hfb-below-header-display":"","ast-hfb-mobile-header-display":"","site-post-title":"disabled","ast-breadcrumbs-content":"","ast-featured-img":"disabled","footer-sml-layout":"","ast-disable-related-posts":"","theme-transparent-header-meta":"enabled","adv-header-id-meta":"","stick-header-meta":"","header-above-stick-meta":"","header-main-stick-meta":"","header-below-stick-meta":"","astra-migrate-meta-layouts":"default","ast-page-background-enabled":"default","ast-page-background-meta":{"desktop":{"background-color":"","background-image":"","background-repeat":"repeat","background-position":"center center","background-size":"auto","background-attachment":"scroll","background-type":"","background-media":"","overlay-type":"","overlay-color":"","overlay-opacity":"","overlay-gradient":""},"tablet":{"background-color":"","background-image":"","background-repeat":"repeat","background-position":"center center","background-size":"auto","background-attachment":"scroll","background-type":"","background-media":"","overlay-type":"","overlay-color":"","overlay-opacity":"","overlay-gradient":""},"mobile":{"background-color":"","background-image":"","background-repeat":"repeat","background-position":"center center","background-size":"auto","background-attachment":"scroll","background-type":"","background-media":"","overlay-type":"","overlay-color":"","overlay-opacity":"","overlay-gradient":""}},"ast-content-background-meta":{"desktop":{"background-color":"var(--ast-global-color-5)","background-image":"","background-repeat":"repeat","background-position":"center center","background-size":"auto","background-attachment":"scroll","background-type":"","background-media":"","overlay-type":"","overlay-color":"","overlay-opacity":"","overlay-gradient":""},"tablet":{"background-color":"var(--ast-global-color-5)","background-image":"","background-repeat":"repeat","background-position":"center center","background-size":"auto","background-attachment":"scroll","background-type":"","background-media":"","overlay-type":"","overlay-color":"","overlay-opacity":"","overlay-gradient":""},"mobile":{"background-color":"var(--ast-global-color-5)","background-image":"","background-repeat":"repeat","background-position":"center center","background-size":"auto","background-attachment":"scroll","background-type":"","background-media":"","overlay-type":"","overlay-color":"","overlay-opacity":"","overlay-gradient":""}},"footnotes":""},"class_list":["post-12270","page","type-page","status-publish","hentry"],"_links":{"self":[{"href":"https:\/\/mamaterra.lt\/lv\/wp-json\/wp\/v2\/pages\/12270","targetHints":{"allow":["GET"]}}],"collection":[{"href":"https:\/\/mamaterra.lt\/lv\/wp-json\/wp\/v2\/pages"}],"about":[{"href":"https:\/\/mamaterra.lt\/lv\/wp-json\/wp\/v2\/types\/page"}],"author":[{"embeddable":true,"href":"https:\/\/mamaterra.lt\/lv\/wp-json\/wp\/v2\/users\/1"}],"replies":[{"embeddable":true,"href":"https:\/\/mamaterra.lt\/lv\/wp-json\/wp\/v2\/comments?post=12270"}],"version-history":[{"count":0,"href":"https:\/\/mamaterra.lt\/lv\/wp-json\/wp\/v2\/pages\/12270\/revisions"}],"wp:attachment":[{"href":"https:\/\/mamaterra.lt\/lv\/wp-json\/wp\/v2\/media?parent=12270"}],"curies":[{"name":"wp","href":"https:\/\/api.w.org\/{rel}","templated":true}]}}