{"id":12268,"date":"2021-09-03T10:27:20","date_gmt":"2021-09-03T09:27:20","guid":{"rendered":"https:\/\/mamaterra.lt\/privatuma-politika\/"},"modified":"2024-03-02T17:12:13","modified_gmt":"2024-03-02T16:12:13","slug":"privatuma-politika","status":"publish","type":"page","link":"https:\/\/mamaterra.lt\/lv\/privatuma-politika\/","title":{"rendered":"Priv\u0101tuma politika"},"content":{"rendered":"\t\t<div data-elementor-type=\"wp-post\" data-elementor-id=\"12268\" class=\"elementor elementor-12268 elementor-2040\" data-elementor-post-type=\"page\">\n\t\t\t\t\t\t<section class=\"elementor-section elementor-top-section elementor-element elementor-element-e1a8f78 elementor-section-content-middle elementor-section-height-min-height elementor-section-boxed elementor-section-height-default elementor-section-items-middle\" data-id=\"e1a8f78\" data-element_type=\"section\" data-e-type=\"section\" data-settings=\"{&quot;background_background&quot;:&quot;classic&quot;}\">\n\t\t\t\t\t\t\t<div class=\"elementor-background-overlay\"><\/div>\n\t\t\t\t\t\t\t<div class=\"elementor-container elementor-column-gap-no\">\n\t\t\t\t\t<div class=\"elementor-column elementor-col-100 elementor-top-column elementor-element elementor-element-f204210\" data-id=\"f204210\" data-element_type=\"column\" data-e-type=\"column\" data-settings=\"{&quot;background_background&quot;:&quot;classic&quot;}\">\n\t\t\t<div class=\"elementor-widget-wrap elementor-element-populated\">\n\t\t\t\t\t\t<section class=\"elementor-section elementor-inner-section elementor-element elementor-element-c7c639a elementor-section-height-min-height elementor-section-boxed elementor-section-height-default\" data-id=\"c7c639a\" data-element_type=\"section\" data-e-type=\"section\">\n\t\t\t\t\t\t\t<div class=\"elementor-background-overlay\"><\/div>\n\t\t\t\t\t\t\t<div class=\"elementor-container elementor-column-gap-default\">\n\t\t\t\t\t<div class=\"elementor-column elementor-col-100 elementor-inner-column elementor-element elementor-element-4e18b6f\" data-id=\"4e18b6f\" data-element_type=\"column\" data-e-type=\"column\" data-settings=\"{&quot;background_background&quot;:&quot;classic&quot;}\">\n\t\t\t<div class=\"elementor-widget-wrap elementor-element-populated\">\n\t\t\t\t\t\t<div class=\"elementor-element elementor-element-626ce7d elementor-widget elementor-widget-heading\" data-id=\"626ce7d\" data-element_type=\"widget\" data-e-type=\"widget\" data-widget_type=\"heading.default\">\n\t\t\t\t<div class=\"elementor-widget-container\">\n\t\t\t\t\t<h1 class=\"elementor-heading-title elementor-size-default\">Priv\u0101tuma politika<\/h1>\t\t\t\t<\/div>\n\t\t\t\t<\/div>\n\t\t\t\t<div class=\"elementor-element elementor-element-e2ae439 elementor-align-center elementor-widget elementor-widget-breadcrumbs\" data-id=\"e2ae439\" data-element_type=\"widget\" data-e-type=\"widget\" data-widget_type=\"breadcrumbs.default\">\n\t\t\t\t<div class=\"elementor-widget-container\">\n\t\t\t\t\t<p id=\"breadcrumbs\"><span><span><a href=\"https:\/\/mamaterra.lt\/lv\/\">M\u0101jas lapas<\/a><\/span><\/span><\/p>\t\t\t\t<\/div>\n\t\t\t\t<\/div>\n\t\t\t\t\t<\/div>\n\t\t<\/div>\n\t\t\t\t\t<\/div>\n\t\t<\/section>\n\t\t\t\t\t<\/div>\n\t\t<\/div>\n\t\t\t\t\t<\/div>\n\t\t<\/section>\n\t\t\t\t<section class=\"elementor-section elementor-top-section elementor-element elementor-element-7d139c00 elementor-section-boxed elementor-section-height-default elementor-section-height-default\" data-id=\"7d139c00\" data-element_type=\"section\" data-e-type=\"section\" data-settings=\"{&quot;background_background&quot;:&quot;classic&quot;}\">\n\t\t\t\t\t\t\t<div class=\"elementor-background-overlay\"><\/div>\n\t\t\t\t\t\t\t<div class=\"elementor-container elementor-column-gap-default\">\n\t\t\t\t\t<div class=\"elementor-column elementor-col-100 elementor-top-column elementor-element elementor-element-5f9ac8ab\" data-id=\"5f9ac8ab\" data-element_type=\"column\" data-e-type=\"column\" data-settings=\"{&quot;background_background&quot;:&quot;classic&quot;}\">\n\t\t\t<div class=\"elementor-widget-wrap elementor-element-populated\">\n\t\t\t\t\t\t<div class=\"elementor-element elementor-element-50d2f331 elementor-widget elementor-widget-heading\" data-id=\"50d2f331\" data-element_type=\"widget\" data-e-type=\"widget\" data-widget_type=\"heading.default\">\n\t\t\t\t<div class=\"elementor-widget-container\">\n\t\t\t\t\t<h1 class=\"elementor-heading-title elementor-size-default\">Priv\u0101tuma politika<\/h1>\t\t\t\t<\/div>\n\t\t\t\t<\/div>\n\t\t\t\t<div class=\"elementor-element elementor-element-566e357 elementor-widget elementor-widget-text-editor\" data-id=\"566e357\" data-element_type=\"widget\" data-e-type=\"widget\" data-widget_type=\"text-editor.default\">\n\t\t\t\t<div class=\"elementor-widget-container\">\n\t\t\t\t\t\t\t\t\t<p>P\u0113d\u0113j\u0101s atjaunin\u0101\u0161anas datums 01\/01\/2022<\/p>\n\t\t\t\t\t\t\t\t<\/div>\n\t\t\t\t<\/div>\n\t\t\t\t<div class=\"elementor-element elementor-element-2d248356 elementor-widget elementor-widget-text-editor\" data-id=\"2d248356\" data-element_type=\"widget\" data-e-type=\"widget\" data-widget_type=\"text-editor.default\">\n\t\t\t\t<div class=\"elementor-widget-container\">\n\t\t\t\t\t\t\t\t\t<ol>\n<li><strong>K\u0100P\u0112C M\u0112S APKOPOJAM INFORM\u0100CIJU PAR JUMS?<\/strong>\n<ol>\n<li>P\u0101rzinis pilda savus pien\u0101kumus saska\u0146\u0101 ar Visp\u0101r\u012bgo datu aizsardz\u012bbas regulu (turpm\u0101k \u2013 VDAR), v\u0101cot un apstr\u0101d\u0101jot J\u016bsu personas datus tikai skaidri defin\u0113tiem m\u0113r\u0137iem un le\u0123it\u012bmu iemeslu d\u0113\u013c, atjauninot personas datus, dro\u0161i tos glab\u0101jot un izn\u012bcinot, nev\u0101cot un neuzglab\u0101jot p\u0101r\u0101k daudz datu un nodro\u0161inot, ka personas datu aizsardz\u012bbai tiek piem\u0113roti atbilsto\u0161i tehniskie un organizatoriskie pas\u0101kumi.<\/li>\n<li>Sk. E-pasts. J\u016bs varat ar\u012b p\u0101rdot preces veikal\u0101, neizveidojot kontu. \u0160aj\u0101 gad\u012bjum\u0101 P\u0101rzinis apkopo j\u016bsu tehniskos datus par izmantoto apr\u012bkojumu (piem\u0113ram, iek\u0101rtas modeli, ID).<\/li>\n<li>Lai nopirktu kontrolieri E. J\u016bs varat izveidot kontu veikal\u0101 pied\u0101v\u0101taj\u0101m prec\u0113m vai katru reizi, kad veicat jaunu pirkumu, sniegt nepiecie\u0161amos datus pirkumam, t.i., v\u0101rdu, uzv\u0101rdu, e-pastu. pre\u010du pasta adrese, pieg\u0101des adrese un t\u0101lru\u0146a numurs.<\/li>\n<li>Piekr\u012btot \u0161ai konfidencialit\u0101tes politikai un sniedzot savu personisko inform\u0101ciju, j\u016bs apstiprin\u0101t, ka sniedzat mums at\u013cauju apstr\u0101d\u0101t j\u016bsu personas datus, lai sniegtu jums e-pastu. veikal\u0101 pied\u0101v\u0101t\u0101s preces un pakalpojumi.<\/li>\n<li>M\u0113s varam ar\u012b apstr\u0101d\u0101t j\u016bsu datus, tostarp e-pastu. e-pasta adrese, v\u0101rds, uzv\u0101rds, e-pasts. veikala tirdzniec\u012bbas nol\u016bk\u0101. M\u0113s jums nos\u016bt\u012bsim bi\u013cetenus tikai tad, ja re\u0123istr\u0101cijas br\u012bd\u012b b\u016bsiet nor\u0101d\u012bjis, ka v\u0113laties sa\u0146emt bi\u013cetenu. J\u016bs jebkur\u0101 laik\u0101 varat atteikties no bi\u013cetena abon\u0113\u0161anas, noklik\u0161\u0137inot uz <strong>saites &#8220;atteikties no abon\u0113\u0161anas&#8221;, <\/strong>kas atrodas katras ien\u0101ko\u0161\u0101s v\u0113stules apak\u0161\u0101.<\/li>\n<li>J\u016bsu personas datu v\u0101k\u0161anas un apstr\u0101des tiesiskais pamats P\u0101rzi\u0146u darb\u012bb\u0101 ir ar Jums nosl\u0113gtais l\u012bgums par e-pasta izmanto\u0161anu un ieg\u0101di. Veikal\u0101 un\/vai J\u016bsu br\u012bvi sniegta, konkr\u0113ta, skaidra un nep\u0101rprotama piekri\u0161ana \u0161\u0101dai datu v\u0101k\u0161anai un apstr\u0101dei.\n<\/li>\n<\/ol>\n<\/li>\n<li><strong style=\"font-style: inherit;\"><strong>VECUMA IEROBE\u017dOJUMS<\/strong><\/strong>\n<ol>\n<li>Izmantojiet un ieg\u0101d\u0101jieties e-pastu. Veikal\u0101 var jebkura vecuma cilv\u0113ki, kas var veikt dar\u012bjumus \u0161\u0101dam pirkumam.<\/li>\n<li>Gad\u012bjum\u0101, ja esat jaun\u0101ks par 16 gadiem, pre\u010du ieg\u0101des gad\u012bjum\u0101 iesak\u0101m konsult\u0113ties ar vec\u0101kiem un \/ vai aizbild\u0146iem.\n<\/li>\n<\/ol>\n<\/li>\n<li><strong style=\"font-style: inherit;\"><strong>S\u012aKDAT\u0145U IZMANTO\u0160ANA<\/strong><\/strong>\n<ol>\n<li>Izmantojot s\u012bkfailus, m\u0113s cen\u0161amies nodro\u0161in\u0101t jums \u0113rtu p\u0101rl\u016bko\u0161anas pieredzi. Da\u017ei no tiem ir nepiecie\u0161ami da\u017eu t\u012bmek\u013ca vietnes sada\u013cu darb\u012bbai, citi ir paredz\u0113ti, lai apkopotu inform\u0101ciju un izmantotu statistiku, lai m\u0113s n\u0101kotn\u0113 var\u0113tu uzlabot vietni. Sesijas s\u012bkdatnes tiek dz\u0113stas uzreiz p\u0113c p\u0101rl\u016bkprogrammas aizv\u0113r\u0161anas, past\u0101v\u012bg\u0101s s\u012bkdatnes tiek saglab\u0101tas dator\u0101, l\u012bdz t\u0101s tiek izdz\u0113stas vai beidzas.<\/li>\n<li>S\u012bkdatnes ir vair\u0101ku veidu, da\u017eas no t\u0101m ir nepiecie\u0161amas, lai nodro\u0161in\u0101tu pareizu t\u012bmek\u013ca vietnes darb\u012bbu, citu m\u0113r\u0137is ir uzlabot t\u012bmek\u013ca vietnes darb\u012bbu:\n<ol>\n<li>S\u012bkdatnes ir nepiecie\u0161amas t\u012bmek\u013ca vietnes darb\u012bbai:\n<ul>\n<li>Paredz\u0113ts, lai atcer\u0113tos, kas tika ievietots iepirkumu groz\u0101.<\/li>\n<\/ul>\n<\/li>\n<li>Funkcion\u0101l\u0101s s\u012bkdatnes:\n<ul>\n<li>Lai atcer\u0113tos j\u016bsu pieteik\u0161an\u0101s inform\u0101ciju.<\/li>\n<li>Izstr\u0101d\u0101ts, lai nodro\u0161in\u0101tu j\u016bsu datu un pieteik\u0161an\u0101s dro\u0161\u012bbu.<\/li>\n<li>Izstr\u0101d\u0101ts, lai nodro\u0161in\u0101tu konsekventu t\u012bmek\u013ca vietnes darb\u012bbu.<\/li>\n<li>Lai uzlabotu t\u012bmek\u013ca vietnes veiktsp\u0113ju.<\/li>\n<\/ul>\n<\/li>\n<li>S\u012bkdatnes tiek izmantotas \u0161\u0101diem m\u0113r\u0137iem:\n<ul>\n<li>Atpaz\u012bstiet j\u016bs k\u0101 lietot\u0101ju, lai jums turpm\u0101k neb\u016btu j\u0101apkopo dubl\u0113ta inform\u0101cija.<\/li>\n<li>Atpaz\u012bstot, cik daudz unik\u0101lu lietot\u0101ju p\u0101rl\u016bko vietni, tas pal\u012bdz nodro\u0161in\u0101t t\u0101s vienm\u0113r\u012bgu un \u0101tru darb\u012bbu.<\/li>\n<li>Lai analiz\u0113tu sav\u0101kto inform\u0101ciju par unik\u0101lo lietot\u0101ju p\u0101rl\u016bko\u0161anu, tas pal\u012bdz piel\u0101got vietnes darb\u012bbu j\u016bsu vajadz\u012bb\u0101m.<\/li>\n<\/ul>\n<\/li>\n<li>\u0160aj\u0101 vietn\u0113 tiek izmantotas ar\u012b Google Analytics s\u012bkdatnes. \u0160\u012bs s\u012bkdatnes \u013cauj analiz\u0113t, k\u0101 j\u016bs izmantojat vietni. Parasti visa \u0161o s\u012bkfailu apkopot\u0101 inform\u0101cija tiek p\u0101rs\u016bt\u012bta un glab\u0101ta Google server\u012b, kas atrodas ASV. Pateicoties Google Analytics s\u012bkdatn\u0113m, m\u0113s var\u0113sim nov\u0113rt\u0113t, k\u0101 vietne tiek izmantota, noteikt vietnes darb\u012bbu un uzlabot t\u0101s veiktsp\u0113ju, pamatojoties uz sav\u0101ktajiem datiem. Ja v\u0113laties, lai j\u016bsu apmekl\u0113juma laik\u0101 netiktu izmantoti Google Analytics s\u012bkfaili, varat lejupiel\u0101d\u0113t un instal\u0113t p\u0101rl\u016bkprogrammas spraudni, kuru varat atrast <a href=\"https:\/\/tools.google.com\/dlpage\/gaoptout?hl=en\"><br \/>\n  <strong>\u0161eit<\/strong><br \/>\n<\/a>.<\/li>\n<\/ol>\n<\/li>\n<li>Ja j\u016bs nolemjat atteikties no s\u012bkdatn\u0113m, izmantojot vietni, mums ir j\u0101br\u012bdina, ka da\u017eas vietnes sada\u013cas var nedarboties. Piem\u0113ram, iepirkumu groza pakalpojums var nedarboties nevainojami.<\/li>\n<li>Ja v\u0113laties dz\u0113st s\u012bkfailus, kas dator\u0101 instal\u0113ti iepriek\u0161\u0113j\u0101 apmekl\u0113juma laik\u0101, p\u0101rl\u016bkprogramm\u0101 mekl\u0113jiet sada\u013cu &#8220;Pal\u012bdz\u012bba&#8221;, kur atrad\u012bsiet nepiecie\u0161amo inform\u0101ciju.<\/li>\n<li>Visa inform\u0101cija par s\u012bkdatn\u0113m, k\u0101dam nol\u016bkam t\u0101s tiek izmantotas, k\u0101 t\u0101s p\u0101rvald\u012bt un izdz\u0113st, ir <a href=\"http:\/\/www.aboutcookies.org\/\">atrodama t\u012bmek\u013ca vietn\u0113 www.aboutcookies.org<\/a>\n<\/li>\n<\/ol>\n<\/li>\n<li><strong><strong>CIK ILGI J\u016aSU INFORM\u0100CIJA TIKS GLAB\u0100TA?  <\/strong><\/strong>\n<ol>\n<li>Personas datus, kurus m\u0113s apstr\u0101d\u0101jam jebkuram m\u0113r\u0137im vai nol\u016bkam, nedr\u012bkst glab\u0101t ilg\u0101k, nek\u0101 tas ir nepiecie\u0161ams \u0161im nol\u016bkam vai nol\u016bkiem.<\/li>\n<li>Lai nodro\u0161in\u0101tu e-pastu. uzglab\u0101t pakalpojumus, j\u016bsu sniegtie dati tiks glab\u0101ti 3 (tr\u012bs) gadus no br\u012b\u017ea, kad sniedz\u0101t mums nepiecie\u0161amo inform\u0101ciju, vai no p\u0113d\u0113j\u0101s reizes, kad izmantoj\u0101t m\u016bsu pakalpojumus.<\/li>\n<li>M\u0101rketinga nol\u016bkos j\u016bsu sniegtie dati tiks glab\u0101ti 2 (divus) gadus no br\u012b\u017ea, kad sniedz\u0101t mums nepiecie\u0161amo inform\u0101ciju, vai no p\u0113d\u0113j\u0101s reizes, kad izmantojat m\u016bsu pakalpojumus, vai l\u012bdz br\u012bdim, kad esat atteicies apstr\u0101d\u0101t savus datus m\u0101rketinga nol\u016bkos.<\/li>\n<li>Iepriek\u0161 min\u0113t\u0101s s\u012bkdatnes tiks glab\u0101tas l\u012bdz 2 gadiem no p\u0113d\u0113j\u0101 t\u012bmek\u013ca vietnes apmekl\u0113juma br\u012b\u017ea.<\/li>\n<li>M\u0113s pieliekam sapr\u0101t\u012bgas p\u016bles, lai nodro\u0161in\u0101tu j\u016bsu personisk\u0101s inform\u0101cijas dro\u0161\u012bbu. P\u0113c tam, kad ir pag\u0101jis attiec\u012bgais datu glab\u0101\u0161anas periods, m\u0113s ap\u0146emamies izn\u012bcin\u0101t j\u016bsu sniegto inform\u0101ciju.\n<\/li>\n<\/ol>\n<\/li>\n<li><strong><strong>J\u016aSU TIES\u012aBAS  <\/strong><\/strong>\n<ol>\n<li>Iz\u0146emot gad\u012bjumus, kad VDAR vai attiec\u012bgajos ties\u012bbu aktos ir paredz\u0113ti iz\u0146\u0113mumi, jums ir \u0161\u0101das ties\u012bbas attiec\u012bb\u0101 uz j\u016bsu personas datiem:\n<ol>\n<li>Ties\u012bbas piek\u013c\u016bt saviem personas datiem. Jums ir ties\u012bbas sazin\u0101ties ar P\u0101rzini ar br\u012bvas formas piepras\u012bjumu piek\u013c\u016bt saviem personas datiem. P\u0113c \u0161\u012b piepras\u012bjuma sa\u0146em\u0161anas p\u0101rzinis jums izsniegs ar jums saist\u012bt\u0101s inform\u0101cijas kopiju, k\u0101 ar\u012b paskaidros, k\u0101p\u0113c un k\u0101 tas apstr\u0101d\u0101 \u0161o inform\u0101ciju.<\/li>\n<li>Ties\u012bbas piepras\u012bt P\u0101rzinim labot, papildin\u0101t vai dz\u0113st jebkurus J\u016bsu personas datus, ja tie ir neprec\u012bzi vai nepiln\u012bgi.<\/li>\n<li>Ties\u012bbas piepras\u012bt, lai j\u016bsu personas dati tiktu dz\u0113sti, kad P\u0101rzinim vairs nav nepiecie\u0161ams glab\u0101t \u0161\u0101dus datus (&#8220;ties\u012bbas tikt aizmirstam&#8221;).<\/li>\n<li>Ties\u012bbas ierobe\u017eot datu apstr\u0101di, ja j\u016bs apstr\u012bdat datu precizit\u0101ti, apstr\u0101de ir nelikum\u012bga un j\u016bs nepiekr\u012btat datu dz\u0113\u0161anai, mums vairs nav nepiecie\u0161ami dati to apstr\u0101des nol\u016bkos, bet mums tie ir nepiecie\u0161ami, lai izveidotu vai izpild\u012btu likum\u012bgas pras\u012bbas, vai, ja j\u016bs iebilstat pret apstr\u0101di, ir nepiecie\u0161ams laiks, lai p\u0101rbaud\u012btu, vai likum\u012bgie apstr\u0101des iemesli ir svar\u012bg\u0101ki par j\u016bsu nor\u0101d\u012btajiem iemesliem.<\/li>\n<li>Ties\u012bbas piepras\u012bt sniegt jums savus personas datus un, ja iesp\u0113jams, p\u0101rs\u016bt\u012bt \u0161os datus tie\u0161i citam datu p\u0101rzinim.<\/li>\n<li>Ties\u012bbas atsaukt savu piekri\u0161anu personas datu apstr\u0101dei jebkur\u0101 laik\u0101, kad datu apstr\u0101de ir balst\u012bta uz J\u016bsu piekri\u0161anu vai le\u0123it\u012bmas intereses esam\u012bbu.<\/li>\n<li>Ties\u012bbas iebilst pret j\u016bsu personas datu apstr\u0101di.<\/li>\n<li>Ties\u012bbas iesniegt s\u016bdz\u012bbu attiec\u012bgajai datu aizsardz\u012bbas iest\u0101dei atbilsto\u0161i J\u016bsu dz\u012bvesvietas vai darba vietas adresei, k\u0101 ar\u012b atbilsto\u0161i P\u0101rzi\u0146a datu apstr\u0101des vietai, kas ir Lietuvas Republika, vai notiku\u0161\u0101 p\u0101rk\u0101puma vietai. Lietuv\u0101 \u0161is pakalpojums ir Valsts personas datu aizsardz\u012bbas inspekcija.<\/li>\n<li>Jums ir ties\u012bbas jebkur\u0101 laik\u0101 likt mums p\u0101rtraukt izmantot j\u016bsu personisko inform\u0101ciju m\u0101rketinga nol\u016bkos.<\/li>\n<li>Jums ir ties\u012bbas iebilst pret l\u0113mumu, kura pamat\u0101 ir tikai automatiz\u0113ta apstr\u0101de, tostarp profil\u0113\u0161ana, kas jums rad\u012btu juridiskas sekas vai b\u016btiski ietekm\u0113tu j\u016bs.<\/li>\n<\/ol>\n<\/li>\n<li>Attiec\u012bg\u0101s darb\u012bbas tiks veiktas ne v\u0113l\u0101k k\u0101 tr\u012bsdesmit (30) kalend\u0101ro dienu laik\u0101 no p\u0101rs\u016bdz\u012bbas dienas. Inform\u0101cijas snieg\u0161anu bez maksas var veikt ne bie\u017e\u0101k k\u0101 vienu reizi kalend\u0101raj\u0101 gad\u0101.<\/li>\n<li>Ja v\u0113laties izmantot savas ties\u012bbas, varat sazin\u0101ties ar mums pa e-pastu <a href=\"mailto:info@mamaterra.lt\" target=\"_blank\" rel=\"noopener\">info@mamaterra.lt<\/a>\n<\/li>\n<\/ol>\n<\/li>\n<li><strong><strong>TRE\u0160O PU\u0160U PAKALPOJUMI  <\/strong><\/strong>\n<ol>\n<li>J\u016bsu personas dati tiks uzskat\u012bti par stingri konfidenci\u0101liem un b\u016bs pieejami tikai tiem pakalpojumu sniedz\u0113jiem, kuri ir nosl\u0113gu\u0161i l\u012bgumus ar P\u0101rzini. Inform\u0101cija, ko m\u0113s izpau\u017eam t\u0101l\u0101k uzskait\u012btaj\u0101m tre\u0161aj\u0101m pus\u0113m, nav p\u0101rm\u0113r\u012bga attiec\u012bb\u0101 uz pakalpojumiem, ko sniedz \u0161\u0101das tre\u0161\u0101s puses:\n<ol>\n<li>Lai P\u0101rzinis var\u0113tu pieg\u0101d\u0101t J\u016bsu pas\u016bt\u012bt\u0101s preces, P\u0101rzinis izmanto tre\u0161\u0101s personas \u2013 kurjerus, kas sniedz pieg\u0101des pakalpojumus. Pre\u010du pieg\u0101des nol\u016bk\u0101 P\u0101rzinis nos\u016bta kurjeriem \u0161\u0101dus J\u016bsu personas datus: v\u0101rds, uzv\u0101rds, t\u0101lru\u0146a numurs, e-pasts. pre\u010du pasta adrese un pieg\u0101des adrese.<\/li>\n<li>Lai veiktu maks\u0101jumus par j\u016bsu veiktajiem pas\u016bt\u012bjumiem, j\u016bs izmantojat tre\u0161o personu sniegtos maks\u0101jumu pakalpojumus un sniedzat datus attiec\u012bgajiem maks\u0101jumu pakalpojumu sniedz\u0113jiem. P\u0113c maks\u0101jumu veik\u0161anas P\u0101rzinis sa\u0146em tikai inform\u0101ciju, kas apliecina J\u016bsu maks\u0101juma izpildi.<\/li>\n<li>Lai nos\u016bt\u012btu jums bi\u013cetenus, m\u0113s izmantojam tre\u0161\u0101s puses profesion\u0101lu bi\u013cetenu s\u016bt\u012b\u0161anas platformu.<\/li>\n<\/ol>\n<\/li>\n<li>M\u016bsu Priv\u0101tuma politika ir sp\u0113k\u0101 tikai tad, ja j\u016bs darbojaties un izmantojat e-veikalu. Ja j\u016bs pametat e-veikalu vai tiekat novirz\u012bts uz tre\u0161o pu\u0161u pakalpojumiem, piem\u0113ram, maks\u0101jumu sada\u013cu, m\u016bsu konfidencialit\u0101tes politika uz jums vairs neattieksies un neattieksies uz jums.<\/li>\n<li>M\u0113s nek\u0101d\u0101 veid\u0101 neesam atbild\u012bgi par t\u012bmek\u013ca lapu vai lietot\u0146u saturu cit\u0101s valst\u012bs.\n<\/li>\n<\/ol>\n<\/li>\n<li><strong><strong>ATKL\u0100\u0160ANA  <\/strong><\/strong>\n<ol>\n<li>M\u0113s cen\u0161amies nodro\u0161in\u0101t, lai mums sniegt\u0101 inform\u0101cija b\u016btu konfidenci\u0101la, t\u0101p\u0113c parast\u0101 e-pasta gad\u012bjum\u0101 m\u0113s to nevaram izdar\u012bt. veikala izmanto\u0161anai mums nav ties\u012bbu izpaust J\u016bsu personas datus citiem Datu sa\u0146\u0113m\u0113jiem, ja tas nav nepiecie\u0161ams, lai pareizi \u012bstenotu P\u0101rzi\u0146a pakalpojumus vai aizsarg\u0101tu le\u0123it\u012bm\u0101s intereses.<\/li>\n<li>Ja j\u016bs p\u0101rk\u0101pjat e-pastu. Veikala lieto\u0161anas noteikumi vai, ja to pieprasa likums, mums ir ties\u012bbas izpaust inform\u0101ciju par jums kompetentaj\u0101m iest\u0101d\u0113m. M\u0113s varam izpaust j\u016bsu personas datus profesion\u0101liem konsultantiem, kuri ir pamatoti nepiecie\u0161ami, lai sa\u0146emtu profesion\u0101lu padomu, atrisin\u0101tu vai aizst\u0101v\u0113tu juridiskus str\u012bdus gan tiesved\u012bb\u0101, gan administrat\u012bvaj\u0101 vai \u0101rpustiesas proces\u0101.\n<\/li>\n<\/ol>\n<\/li>\n<li><strong>IZMAI\u0145AS PRIV\u0100TUMA POLITIK\u0100<\/strong>\n<ol>\n<li>M\u0113s paturam ties\u012bbas main\u012bt \u0161o konfidencialit\u0101tes politiku jebkur\u0101 laik\u0101 bez iepriek\u0161\u0113ja br\u012bdin\u0101juma. Jebkuras jaunas izmai\u0146as st\u0101jas sp\u0113k\u0101 ar br\u012bdi, kad t\u0101s tiek public\u0113tas E-past\u0101. veikal\u0101, t\u0101p\u0113c jums tas regul\u0101ri j\u0101p\u0101rskata.<\/li>\n<li>Ja \u0161\u012b konfidencialit\u0101tes politika tiks atjaunin\u0101ta, m\u0113s jums nos\u016bt\u012bsim e-pasta pazi\u0146ojumu. Amats.<\/li>\n<li>Ja m\u0113s cen\u0161amies izmantot j\u016bsu personas datus jaunam m\u0113r\u0137im, uz kuru neattiecas \u0161\u012b konfidencialit\u0101tes politika, pirms jaunu apstr\u0101des darb\u012bbu uzs\u0101k\u0161anas m\u0113s iesniegsim zi\u0146ojumu, kur\u0101 izskaidrots \u0161is jaunais lietojums, nor\u0101d\u012bti attiec\u012bgie nol\u016bki un apstr\u0101des nosac\u012bjumi. Gad\u012bjumos, kad tas b\u016bs nepiecie\u0161ams, m\u0113s cent\u012bsimies ieg\u016bt j\u016bsu iepriek\u0161\u0113ju piekri\u0161anu jaunai personas datu izmanto\u0161anai.\n<\/li>\n<\/ol>\n<\/li>\n<li><strong><strong>STR\u012aDU RISIN\u0100\u0160ANA  <\/strong><\/strong>\n<ol>\n<li>Jebkur\u0161 str\u012bds, kas saist\u012bts ar P\u0101rzini, t\u0101 Pakalpojumiem un e-pastiem. veikala darb\u012bbas, kas tiek atrisin\u0101tas p\u0101rrunu ce\u013c\u0101 starp Jums un P\u0101rzini, sazinoties pa e-pastu. pa pastu <a href=\"mailto:info@mamaterra.lt\" target=\"_blank\" rel=\"noopener\">info@mamaterra.lt<\/a>.<\/li>\n<li>Sakar\u0101 ar to, ka datu apstr\u0101de tiek veikta Lietuv\u0101, Lietuvas Republikas Valsts datu aizsardz\u012bbas inspekcija tiek uzskat\u012bta par atbild\u012bgo uzraudz\u012bbas iest\u0101di.<\/li>\n<li>Ja str\u012bds non\u0101ktu ties\u0101, tiktu piem\u0113roti Lietuvas Republikas ties\u012bbu akti, un str\u012bdu izskat\u012btu Lietuvas Republikas kompetent\u0101 tiesa.\n<\/li>\n<\/ol>\n<\/li>\n<li><strong style=\"font-size: 16px;\">KONTAKTINFORM\u0100CIJA<\/strong><\/li>\n<\/ol>\n<p style=\"padding-left: 40px;\"><span style=\"font-size: 16px;\">Reg\u012bna Rainiene, Krant 12. st., 18, Kau\u0146a, Lietuva.<\/span><\/p>\n<p style=\"text-align: left; padding-left: 40px;\"><strong style=\"font-style: inherit;\"><i>Vad\u012bt\u0101ja e-pasts <\/i>. e-pasta adrese datu aizsardz\u012bbas jaut\u0101jumiem<\/strong><strong> <a href=\"mailto:info@mamaterra.lt\" target=\"_blank\" rel=\"noopener\">info@mamaterra.lt<\/a><\/strong><\/p>\n<p style=\"text-align: left; padding-left: 40px;\">\n\t\t\t\t\t\t\t\t<\/div>\n\t\t\t\t<\/div>\n\t\t\t\t\t<\/div>\n\t\t<\/div>\n\t\t\t\t\t<\/div>\n\t\t<\/section>\n\t\t\t\t<\/div>\n\t\t","protected":false},"excerpt":{"rendered":"<p>Priv\u0101tuma politika Priv\u0101tuma politika P\u0113d\u0113j\u0101s atjaunin\u0101\u0161anas datums 01\/01\/2022 K\u0100P\u0112C M\u0112S APKOPOJAM INFORM\u0100CIJU PAR JUMS? P\u0101rzinis pilda savus pien\u0101kumus saska\u0146\u0101 ar Visp\u0101r\u012bgo datu aizsardz\u012bbas regulu (turpm\u0101k \u2013 VDAR), v\u0101cot un apstr\u0101d\u0101jot J\u016bsu personas datus tikai skaidri defin\u0113tiem m\u0113r\u0137iem un le\u0123it\u012bmu iemeslu d\u0113\u013c, atjauninot personas datus, dro\u0161i tos glab\u0101jot un izn\u012bcinot, nev\u0101cot un neuzglab\u0101jot p\u0101r\u0101k daudz datu [&hellip;]<\/p>\n","protected":false},"author":1,"featured_media":0,"parent":0,"menu_order":0,"comment_status":"closed","ping_status":"closed","template":"","meta":{"site-sidebar-layout":"no-sidebar","site-content-layout":"page-builder","ast-site-content-layout":"default","site-content-style":"default","site-sidebar-style":"default","ast-global-header-display":"","ast-banner-title-visibility":"","ast-main-header-display":"","ast-hfb-above-header-display":"","ast-hfb-below-header-display":"","ast-hfb-mobile-header-display":"","site-post-title":"disabled","ast-breadcrumbs-content":"","ast-featured-img":"disabled","footer-sml-layout":"","ast-disable-related-posts":"","theme-transparent-header-meta":"enabled","adv-header-id-meta":"","stick-header-meta":"","header-above-stick-meta":"","header-main-stick-meta":"","header-below-stick-meta":"","astra-migrate-meta-layouts":"default","ast-page-background-enabled":"default","ast-page-background-meta":{"desktop":{"background-color":"","background-image":"","background-repeat":"repeat","background-position":"center center","background-size":"auto","background-attachment":"scroll","background-type":"","background-media":"","overlay-type":"","overlay-color":"","overlay-opacity":"","overlay-gradient":""},"tablet":{"background-color":"","background-image":"","background-repeat":"repeat","background-position":"center center","background-size":"auto","background-attachment":"scroll","background-type":"","background-media":"","overlay-type":"","overlay-color":"","overlay-opacity":"","overlay-gradient":""},"mobile":{"background-color":"","background-image":"","background-repeat":"repeat","background-position":"center center","background-size":"auto","background-attachment":"scroll","background-type":"","background-media":"","overlay-type":"","overlay-color":"","overlay-opacity":"","overlay-gradient":""}},"ast-content-background-meta":{"desktop":{"background-color":"var(--ast-global-color-5)","background-image":"","background-repeat":"repeat","background-position":"center center","background-size":"auto","background-attachment":"scroll","background-type":"","background-media":"","overlay-type":"","overlay-color":"","overlay-opacity":"","overlay-gradient":""},"tablet":{"background-color":"var(--ast-global-color-5)","background-image":"","background-repeat":"repeat","background-position":"center center","background-size":"auto","background-attachment":"scroll","background-type":"","background-media":"","overlay-type":"","overlay-color":"","overlay-opacity":"","overlay-gradient":""},"mobile":{"background-color":"var(--ast-global-color-5)","background-image":"","background-repeat":"repeat","background-position":"center center","background-size":"auto","background-attachment":"scroll","background-type":"","background-media":"","overlay-type":"","overlay-color":"","overlay-opacity":"","overlay-gradient":""}},"footnotes":""},"class_list":["post-12268","page","type-page","status-publish","hentry"],"_links":{"self":[{"href":"https:\/\/mamaterra.lt\/lv\/wp-json\/wp\/v2\/pages\/12268","targetHints":{"allow":["GET"]}}],"collection":[{"href":"https:\/\/mamaterra.lt\/lv\/wp-json\/wp\/v2\/pages"}],"about":[{"href":"https:\/\/mamaterra.lt\/lv\/wp-json\/wp\/v2\/types\/page"}],"author":[{"embeddable":true,"href":"https:\/\/mamaterra.lt\/lv\/wp-json\/wp\/v2\/users\/1"}],"replies":[{"embeddable":true,"href":"https:\/\/mamaterra.lt\/lv\/wp-json\/wp\/v2\/comments?post=12268"}],"version-history":[{"count":0,"href":"https:\/\/mamaterra.lt\/lv\/wp-json\/wp\/v2\/pages\/12268\/revisions"}],"wp:attachment":[{"href":"https:\/\/mamaterra.lt\/lv\/wp-json\/wp\/v2\/media?parent=12268"}],"curies":[{"name":"wp","href":"https:\/\/api.w.org\/{rel}","templated":true}]}}