{"id":26032,"date":"2023-06-22T19:28:00","date_gmt":"2023-06-22T18:28:00","guid":{"rendered":"https:\/\/mamaterra.lt\/parduotuve\/non class\u00e9\/doterra-neshama-soulful-blend\/"},"modified":"2023-06-22T19:28:00","modified_gmt":"2023-06-22T18:28:00","slug":"doterra-neshama-soulful-blend","status":"publish","type":"product","link":"https:\/\/mamaterra.lt\/fr\/parduotuve\/huiles-essentielles\/melanges-dhuiles-essentielles\/doterra-neshama-soulful-blend\/","title":{"rendered":"doTERRA Neshama Soulful Blend"},"content":{"rendered":"<h6>Neshama mi\u0161inys 10 ml roleryje<\/h6>\n<p>&nbsp;<\/p>\n<div dir=\"auto\">Neshama kil\u0119s i\u0161 hebraj\u0173 kalbos \u017eod\u017eio, rei\u0161kian\u010dio \u201esiela\u201c, ir buvo sukurtas pad\u0117ti mums priminti apie kas mes i\u0161 tikr\u0173j\u0173 esame ir kaip mes visi esame susij\u0119 vienas su kitu ir mus supan\u010diu pasauliu.<\/div>\n<div dir=\"auto\">\n<p>Istori\u0161kai tiek augalai, tiek eteriniai aliejai buvo \u0161lovinami d\u0117l j\u0173 teikiamos naudos ir panaudojimo \u017emonijai, o tai rodo \u017emogaus ir gamtos ry\u0161\u012f.<\/p>\n<p>Daugelis eterini\u0173 aliej\u0173, atrinkt\u0173 \u00ab\u00a0Neshama Soulful Blend\u00a0\u00bb mi\u0161iniui, buvo laikomi \u0161ventais ir minimi senov\u0117s \u0161ventra\u0161\u010diuose, naudojami tada ir dabar, kad pad\u0117t\u0173 mums u\u017emegzti ry\u0161\u012f su auk\u0161tesniu sav\u0119s suvokimu. Ypating\u0173 sunkum\u0173 metu \u00ab\u00a0Neshama\u00a0\u00bb naudojimas gali priminti, kad j\u016bs\u0173 siela turi gil\u0173 ry\u0161\u012f su jus supan\u010diu pasauliu ir kad i\u0161gijimas ateis su laiku.<\/p>\n<p>\u012e \u0161\u012f \u012fkvepiant\u012f mi\u0161in\u012f \u012feina vieni i\u0161 labiausiai vertinam\u0173 ir brangiausi\u0173 CPTG eterini\u0173 aliej\u0173: smilkal\u0173, levand\u0173, kedr\u0173, kiparis\u0173, miros, spikenard\u0173, laukini\u0173 apelsin\u0173, kasijos ir cinamono. Ypating\u0173 sunkum\u0173 metu \u00ab\u00a0Neshama\u00a0\u00bb naudojimas gali priminti, kad j\u016bs\u0173 siela turi gil\u0173 ry\u0161\u012f su jus supan\u010diu pasauliu ir kad ateis laikas pad\u0117ti.<\/p>\n<\/div>\n","protected":false},"excerpt":{"rendered":"<p>Pakyl\u0117jantis ir suteikiantis energijos<br \/>\nPalaiko nuotaik\u0105<br \/>\nSujungia<br \/>\nNaudokite kaip asmenin\u012f aromat\u0105 dienos metu, kad u\u017emegztum\u0117te ry\u0161\u012f su \u017eeme<br \/>\nVis\u0105 dien\u0105 jauskit\u0117s sustipr\u0117j\u0119 ir d\u0117kingi, nes jums primins, kas esate<br \/>\nKai kartais jau\u010diat\u0117s neramiai, u\u017etepkite ant pulso ta\u0161k\u0173, kad atsipalaiduotum\u0117te ir prisijaukintum\u0117te nuotaik\u0105.<\/p>\n","protected":false},"featured_media":26033,"template":"","meta":{"site-sidebar-layout":"default","site-content-layout":"default","ast-site-content-layout":"default","site-content-style":"default","site-sidebar-style":"default","ast-global-header-display":"","ast-banner-title-visibility":"","ast-main-header-display":"","ast-hfb-above-header-display":"","ast-hfb-below-header-display":"","ast-hfb-mobile-header-display":"","site-post-title":"","ast-breadcrumbs-content":"","ast-featured-img":"","footer-sml-layout":"","ast-disable-related-posts":"","theme-transparent-header-meta":"default","adv-header-id-meta":"","stick-header-meta":"","header-above-stick-meta":"","header-main-stick-meta":"","header-below-stick-meta":"","astra-migrate-meta-layouts":"default","ast-page-background-enabled":"default","ast-page-background-meta":{"desktop":{"background-color":"","background-image":"","background-repeat":"repeat","background-position":"center center","background-size":"auto","background-attachment":"scroll","background-type":"","background-media":"","overlay-type":"","overlay-color":"","overlay-opacity":"","overlay-gradient":""},"tablet":{"background-color":"","background-image":"","background-repeat":"repeat","background-position":"center center","background-size":"auto","background-attachment":"scroll","background-type":"","background-media":"","overlay-type":"","overlay-color":"","overlay-opacity":"","overlay-gradient":""},"mobile":{"background-color":"","background-image":"","background-repeat":"repeat","background-position":"center center","background-size":"auto","background-attachment":"scroll","background-type":"","background-media":"","overlay-type":"","overlay-color":"","overlay-opacity":"","overlay-gradient":""}},"ast-content-background-meta":{"desktop":{"background-color":"var(--ast-global-color-5)","background-image":"","background-repeat":"repeat","background-position":"center center","background-size":"auto","background-attachment":"scroll","background-type":"","background-media":"","overlay-type":"","overlay-color":"","overlay-opacity":"","overlay-gradient":""},"tablet":{"background-color":"var(--ast-global-color-5)","background-image":"","background-repeat":"repeat","background-position":"center center","background-size":"auto","background-attachment":"scroll","background-type":"","background-media":"","overlay-type":"","overlay-color":"","overlay-opacity":"","overlay-gradient":""},"mobile":{"background-color":"var(--ast-global-color-5)","background-image":"","background-repeat":"repeat","background-position":"center center","background-size":"auto","background-attachment":"scroll","background-type":"","background-media":"","overlay-type":"","overlay-color":"","overlay-opacity":"","overlay-gradient":""}}},"product_brand":[],"product_cat":[2040,1945],"product_tag":[],"class_list":{"0":"post-26032","1":"product","2":"type-product","3":"status-publish","4":"has-post-thumbnail","6":"product_cat-la-gestion-du-stress","7":"product_cat-melanges-dhuiles-essentielles","8":"desktop-align-left","9":"tablet-align-left","10":"mobile-align-left","12":"first","13":"instock","14":"taxable","15":"shipping-taxable","16":"purchasable","17":"product-type-simple"},"_links":{"self":[{"href":"https:\/\/mamaterra.lt\/fr\/wp-json\/wp\/v2\/product\/26032","targetHints":{"allow":["GET"]}}],"collection":[{"href":"https:\/\/mamaterra.lt\/fr\/wp-json\/wp\/v2\/product"}],"about":[{"href":"https:\/\/mamaterra.lt\/fr\/wp-json\/wp\/v2\/types\/product"}],"wp:featuredmedia":[{"embeddable":true,"href":"https:\/\/mamaterra.lt\/fr\/wp-json\/wp\/v2\/media\/26033"}],"wp:attachment":[{"href":"https:\/\/mamaterra.lt\/fr\/wp-json\/wp\/v2\/media?parent=26032"}],"wp:term":[{"taxonomy":"product_brand","embeddable":true,"href":"https:\/\/mamaterra.lt\/fr\/wp-json\/wp\/v2\/product_brand?post=26032"},{"taxonomy":"product_cat","embeddable":true,"href":"https:\/\/mamaterra.lt\/fr\/wp-json\/wp\/v2\/product_cat?post=26032"},{"taxonomy":"product_tag","embeddable":true,"href":"https:\/\/mamaterra.lt\/fr\/wp-json\/wp\/v2\/product_tag?post=26032"}],"curies":[{"name":"wp","href":"https:\/\/api.w.org\/{rel}","templated":true}]}}