{"id":25985,"date":"2025-11-11T19:41:40","date_gmt":"2025-11-11T18:41:40","guid":{"rendered":"https:\/\/mamaterra.lt\/parduotuve\/non%20class\u00e9\/lumist-bubble-diffuser-bergamot-15-ml\/"},"modified":"2025-11-11T19:51:15","modified_gmt":"2025-11-11T18:51:15","slug":"lumist-bubble-diffuser-bergamot-15-ml","status":"publish","type":"product","link":"https:\/\/mamaterra.lt\/fr\/parduotuve\/cadeaux\/cadeaux-pour-femmes\/lumist-bubble-diffuser-bergamot-15-ml\/","title":{"rendered":"Lumist bubble diffuser + Bergamot 15 ml"},"content":{"rendered":"<p>Laissez Lumist illuminer votre chemin vers de petits moments de tranquillit\u00e9 bien m\u00e9rit\u00e9s. Ce petit diffuseur activ\u00e9 par le mouvement diffuse un jet silencieux et doux qui remplit une pi\u00e8ce de 10 m\u00e8tres carr\u00e9s. Il s&rsquo;agit d&rsquo;un appareil compact et tr\u00e8s puissant. Gr\u00e2ce \u00e0 ses deux modes de diffusion (normal et long), vous pouvez modifier l&rsquo;atmosph\u00e8re de n&rsquo;importe quelle pi\u00e8ce en fonction de votre humeur. \u00c9conomique, ce diffuseur est compatible avec les flacons d&rsquo;huiles essentielles doTERRA de 5 ml et 15 ml. Il ne n\u00e9cessite pas d&rsquo;eau, seulement la b\u00e9n\u00e9diction des huiles essentielles pures !<\/p>\n<p>Dimensions : 7,25 x 4,62 cm. Vous trouverez les instructions de nettoyage dans le manuel d&rsquo;utilisation du diffuseur.<\/p>\n<p><strong>Utilisation<\/strong><br \/>\nMode de pulv\u00e9risation normal : pulv\u00e9risation pendant 7 secondes. Passage en mode veille pendant 3 minutes. Apr\u00e8s 3 minutes, pulv\u00e9risation \u00e0 chaque d\u00e9tection de mouvement, puis passage en mode veille pendant 3 minutes.<br \/>\nMode longue pulv\u00e9risation : la lumi\u00e8re clignote trois fois. Pulv\u00e9risation pendant 10 secondes. Passage en mode veille pendant 3 minutes. Apr\u00e8s 3 minutes, pulv\u00e9risation pendant 7 secondes \u00e0 chaque d\u00e9tection de mouvement, puis passage en mode veille pendant 3 minutes.<\/p>\n<p><strong>Mode d&#8217;emploi<\/strong><\/p>\n<p>Pour \u00e9teindre la lumi\u00e8re, appuyez deux fois sur le bouton d&rsquo;alimentation.<br \/>\nPour \u00e9teindre l&rsquo;appareil, appuyez trois fois sur le bouton d&rsquo;alimentation.<\/p>\n<div class=\"spotlight__foot-block-content\">\n<p>&nbsp;<\/p>\n<\/div>\n","protected":false},"excerpt":{"rendered":"<ul class=\"spotlight__list-custom custom-list\">\n<li>Ce petit diffuseur activ\u00e9 par le mouvement fonctionne sans eau.<\/li>\n<li>Il reste en veille jusqu&rsquo;\u00e0 ce qu&rsquo;il d\u00e9tecte un mouvement.<\/li>\n<li>Il int\u00e8gre un capteur de mouvement \u00e0 infrarouge d&rsquo;une port\u00e9e de quatre m\u00e8tres et d&rsquo;un champ de vision de 120 degr\u00e9s.<\/li>\n<li>Deux modes : normal et puissant, pour cr\u00e9er l&rsquo;ambiance parfaite dans n&rsquo;importe quelle pi\u00e8ce.<\/li>\n<li>Avec chargeur filaire USB de type C.<\/li>\n<\/ul>\n","protected":false},"featured_media":25979,"template":"","meta":{"site-sidebar-layout":"default","site-content-layout":"","ast-site-content-layout":"default","site-content-style":"default","site-sidebar-style":"default","ast-global-header-display":"","ast-banner-title-visibility":"","ast-main-header-display":"","ast-hfb-above-header-display":"","ast-hfb-below-header-display":"","ast-hfb-mobile-header-display":"","site-post-title":"","ast-breadcrumbs-content":"","ast-featured-img":"","footer-sml-layout":"","ast-disable-related-posts":"","theme-transparent-header-meta":"default","adv-header-id-meta":"","stick-header-meta":"","header-above-stick-meta":"","header-main-stick-meta":"","header-below-stick-meta":"","astra-migrate-meta-layouts":"set","ast-page-background-enabled":"default","ast-page-background-meta":{"desktop":{"background-color":"","background-image":"","background-repeat":"repeat","background-position":"center center","background-size":"auto","background-attachment":"scroll","background-type":"","background-media":"","overlay-type":"","overlay-color":"","overlay-opacity":"","overlay-gradient":""},"tablet":{"background-color":"","background-image":"","background-repeat":"repeat","background-position":"center center","background-size":"auto","background-attachment":"scroll","background-type":"","background-media":"","overlay-type":"","overlay-color":"","overlay-opacity":"","overlay-gradient":""},"mobile":{"background-color":"","background-image":"","background-repeat":"repeat","background-position":"center center","background-size":"auto","background-attachment":"scroll","background-type":"","background-media":"","overlay-type":"","overlay-color":"","overlay-opacity":"","overlay-gradient":""}},"ast-content-background-meta":{"desktop":{"background-color":"var(--ast-global-color-5)","background-image":"","background-repeat":"repeat","background-position":"center center","background-size":"auto","background-attachment":"scroll","background-type":"","background-media":"","overlay-type":"","overlay-color":"","overlay-opacity":"","overlay-gradient":""},"tablet":{"background-color":"var(--ast-global-color-5)","background-image":"","background-repeat":"repeat","background-position":"center center","background-size":"auto","background-attachment":"scroll","background-type":"","background-media":"","overlay-type":"","overlay-color":"","overlay-opacity":"","overlay-gradient":""},"mobile":{"background-color":"var(--ast-global-color-5)","background-image":"","background-repeat":"repeat","background-position":"center center","background-size":"auto","background-attachment":"scroll","background-type":"","background-media":"","overlay-type":"","overlay-color":"","overlay-opacity":"","overlay-gradient":""}}},"product_brand":[],"product_cat":[1923,1930,1935,1918,1940],"product_tag":[],"class_list":{"0":"post-25985","1":"product","2":"type-product","3":"status-publish","4":"has-post-thumbnail","6":"product_cat-cadeaux","7":"product_cat-cadeaux-pour-femmes","8":"product_cat-cadeaux-pour-hommes","9":"product_cat-diffuseurs","10":"product_cat-huiles-essentielles","11":"desktop-align-left","12":"tablet-align-left","13":"mobile-align-left","15":"first","16":"instock","17":"sale","18":"taxable","19":"shipping-taxable","20":"purchasable","21":"product-type-simple"},"_links":{"self":[{"href":"https:\/\/mamaterra.lt\/fr\/wp-json\/wp\/v2\/product\/25985","targetHints":{"allow":["GET"]}}],"collection":[{"href":"https:\/\/mamaterra.lt\/fr\/wp-json\/wp\/v2\/product"}],"about":[{"href":"https:\/\/mamaterra.lt\/fr\/wp-json\/wp\/v2\/types\/product"}],"wp:featuredmedia":[{"embeddable":true,"href":"https:\/\/mamaterra.lt\/fr\/wp-json\/wp\/v2\/media\/25979"}],"wp:attachment":[{"href":"https:\/\/mamaterra.lt\/fr\/wp-json\/wp\/v2\/media?parent=25985"}],"wp:term":[{"taxonomy":"product_brand","embeddable":true,"href":"https:\/\/mamaterra.lt\/fr\/wp-json\/wp\/v2\/product_brand?post=25985"},{"taxonomy":"product_cat","embeddable":true,"href":"https:\/\/mamaterra.lt\/fr\/wp-json\/wp\/v2\/product_cat?post=25985"},{"taxonomy":"product_tag","embeddable":true,"href":"https:\/\/mamaterra.lt\/fr\/wp-json\/wp\/v2\/product_tag?post=25985"}],"curies":[{"name":"wp","href":"https:\/\/api.w.org\/{rel}","templated":true}]}}