{"id":25704,"date":"2025-08-02T16:21:37","date_gmt":"2025-08-02T15:21:37","guid":{"rendered":"https:\/\/mamaterra.lt\/parduotuve\/non%20class\u00e9\/frankincense-hydrosol-mist\/"},"modified":"2025-08-02T16:30:55","modified_gmt":"2025-08-02T15:30:55","slug":"frankincense-hydrosol-mist","status":"publish","type":"product","link":"https:\/\/mamaterra.lt\/fr\/parduotuve\/cadeaux\/cadeaux-pour-femmes\/frankincense-hydrosol-mist\/","title":{"rendered":"Frankincense Hydrosol Mist"},"content":{"rendered":"<h3 class=\"spotlight__head-title\">d\u014dTERRA\u2122 Frankincense Hydrosol Mist<\/h3>\n<h3 class=\"spotlight__head-latin-title\"><\/h3>\n<div class=\"spotlight__head-copy\">\n<p>Tonifie. Nourrit. Rafra\u00eechit. Des si\u00e8cles de sagesse ancestrale et une formulation prolifique s&rsquo;allient \u00e0 l&rsquo;opulence quotidienne avec la brume hydrosol d&rsquo;encens. Gr\u00e2ce au pouvoir rajeunissant de l&rsquo;huile essentielle d&rsquo;encens CPTG\u2122 de doTERRA, cet hydrosol lib\u00e8re des bouff\u00e9es l\u00e9g\u00e8res, douces et absorbables de fra\u00eecheur revitalisante, emprisonnant un \u00e9clat embellissant dans une brume ultra-hydratante. L&rsquo;huile d&rsquo;encens est r\u00e9put\u00e9e pour sa capacit\u00e9 \u00e0 r\u00e9duire les imperfections de la peau. Chaque brume ultra-fine diffuse l&rsquo;essence d\u00e9licate, embl\u00e9matique et r\u00e9sineuse connue pour favoriser les sentiments de satisfaction, de paix, de d\u00e9tente et de bien-\u00eatre g\u00e9n\u00e9ral. Rayonnez chaque jour d&rsquo;une beaut\u00e9 royale et d&rsquo;un teint impeccable gr\u00e2ce \u00e0 la brume hydrosol d&rsquo;encens.<\/p>\n<\/div>\n","protected":false},"excerpt":{"rendered":"<ul class=\"custom-list\">\n<li>Utilisez sur le visage, le corps et les cheveux pour une hydratation fra\u00eeche, pure et profond\u00e9ment \u00e9clatante.<\/li>\n<li>Appliquez dans le cadre de votre routine de soins de la peau pour laisser votre peau fra\u00eeche et pr\u00eate pour la journ\u00e9e \u00e0 venir.<\/li>\n<li>Utilisez en association avec l&rsquo;huile essentielle d&rsquo;encens pour profiter de tous ses bienfaits.<\/li>\n<li>Vaporisez \u00e0 20-25 cm du visage, du corps et des cheveux selon vos besoins. Peut \u00eatre utilis\u00e9 comme tonique avant et apr\u00e8s l&rsquo;application du maquillage.<\/li>\n<\/ul>\n","protected":false},"featured_media":25698,"template":"","meta":{"site-sidebar-layout":"default","site-content-layout":"","ast-site-content-layout":"default","site-content-style":"default","site-sidebar-style":"default","ast-global-header-display":"","ast-banner-title-visibility":"","ast-main-header-display":"","ast-hfb-above-header-display":"","ast-hfb-below-header-display":"","ast-hfb-mobile-header-display":"","site-post-title":"","ast-breadcrumbs-content":"","ast-featured-img":"","footer-sml-layout":"","ast-disable-related-posts":"","theme-transparent-header-meta":"default","adv-header-id-meta":"","stick-header-meta":"","header-above-stick-meta":"","header-main-stick-meta":"","header-below-stick-meta":"","astra-migrate-meta-layouts":"set","ast-page-background-enabled":"default","ast-page-background-meta":{"desktop":{"background-color":"","background-image":"","background-repeat":"repeat","background-position":"center center","background-size":"auto","background-attachment":"scroll","background-type":"","background-media":"","overlay-type":"","overlay-color":"","overlay-opacity":"","overlay-gradient":""},"tablet":{"background-color":"","background-image":"","background-repeat":"repeat","background-position":"center center","background-size":"auto","background-attachment":"scroll","background-type":"","background-media":"","overlay-type":"","overlay-color":"","overlay-opacity":"","overlay-gradient":""},"mobile":{"background-color":"","background-image":"","background-repeat":"repeat","background-position":"center center","background-size":"auto","background-attachment":"scroll","background-type":"","background-media":"","overlay-type":"","overlay-color":"","overlay-opacity":"","overlay-gradient":""}},"ast-content-background-meta":{"desktop":{"background-color":"var(--ast-global-color-5)","background-image":"","background-repeat":"repeat","background-position":"center center","background-size":"auto","background-attachment":"scroll","background-type":"","background-media":"","overlay-type":"","overlay-color":"","overlay-opacity":"","overlay-gradient":""},"tablet":{"background-color":"var(--ast-global-color-5)","background-image":"","background-repeat":"repeat","background-position":"center center","background-size":"auto","background-attachment":"scroll","background-type":"","background-media":"","overlay-type":"","overlay-color":"","overlay-opacity":"","overlay-gradient":""},"mobile":{"background-color":"var(--ast-global-color-5)","background-image":"","background-repeat":"repeat","background-position":"center center","background-size":"auto","background-attachment":"scroll","background-type":"","background-media":"","overlay-type":"","overlay-color":"","overlay-opacity":"","overlay-gradient":""}}},"product_brand":[],"product_cat":[1923,1930,1935,1940,1960],"product_tag":[],"class_list":{"0":"post-25704","1":"product","2":"type-product","3":"status-publish","4":"has-post-thumbnail","6":"product_cat-cadeaux","7":"product_cat-cadeaux-pour-femmes","8":"product_cat-cadeaux-pour-hommes","9":"product_cat-huiles-essentielles","10":"product_cat-hygiene-et-soins-de-la-peau","11":"desktop-align-left","12":"tablet-align-left","13":"mobile-align-left","15":"first","16":"instock","17":"taxable","18":"shipping-taxable","19":"purchasable","20":"product-type-simple"},"_links":{"self":[{"href":"https:\/\/mamaterra.lt\/fr\/wp-json\/wp\/v2\/product\/25704","targetHints":{"allow":["GET"]}}],"collection":[{"href":"https:\/\/mamaterra.lt\/fr\/wp-json\/wp\/v2\/product"}],"about":[{"href":"https:\/\/mamaterra.lt\/fr\/wp-json\/wp\/v2\/types\/product"}],"wp:featuredmedia":[{"embeddable":true,"href":"https:\/\/mamaterra.lt\/fr\/wp-json\/wp\/v2\/media\/25698"}],"wp:attachment":[{"href":"https:\/\/mamaterra.lt\/fr\/wp-json\/wp\/v2\/media?parent=25704"}],"wp:term":[{"taxonomy":"product_brand","embeddable":true,"href":"https:\/\/mamaterra.lt\/fr\/wp-json\/wp\/v2\/product_brand?post=25704"},{"taxonomy":"product_cat","embeddable":true,"href":"https:\/\/mamaterra.lt\/fr\/wp-json\/wp\/v2\/product_cat?post=25704"},{"taxonomy":"product_tag","embeddable":true,"href":"https:\/\/mamaterra.lt\/fr\/wp-json\/wp\/v2\/product_tag?post=25704"}],"curies":[{"name":"wp","href":"https:\/\/api.w.org\/{rel}","templated":true}]}}