{"id":25497,"date":"2025-05-24T18:24:18","date_gmt":"2025-05-24T17:24:18","guid":{"rendered":"https:\/\/mamaterra.lt\/parduotuve\/non%20class\u00e9\/frankincense-stick-piestukas-su-naio-wood-aliejumi\/"},"modified":"2025-05-24T18:43:51","modified_gmt":"2025-05-24T17:43:51","slug":"frankincense-stick-crayon-avec-huile-de-bois-de-naio","status":"publish","type":"product","link":"https:\/\/mamaterra.lt\/fr\/parduotuve\/huiles-essentielles\/frankincense-stick-crayon-avec-huile-de-bois-de-naio\/","title":{"rendered":"Frankincense Stick (Crayon) avec huile de bois de Naio"},"content":{"rendered":"<h6>Frankincense Stick (Crayon) avec huile de bois de Naio<\/h6>\n<p>&nbsp;<\/p>\n<p>D\u00e9couvrez le pouvoir de l&rsquo;encens comme jamais auparavant. Les avantages extraordinaires de ce stick facile \u00e0 utiliser r\u00e9volutionnent l&rsquo;huile essentielle d&rsquo;encens, en apportant une toute nouvelle innovation dans l&rsquo;application de ses propri\u00e9t\u00e9s r\u00e9novatrices et embellissantes. D\u00e9velopp\u00e9 \u00e0 partir de l&rsquo;huile essentielle de bois de Naio, avec des niveaux optimis\u00e9s d&rsquo;alpha-bisabolol, ce stick incroyable est formul\u00e9 avec des \u00e9mollients et des ingr\u00e9dients de conditionnement de la peau pour fixer l&rsquo;humidit\u00e9, avec un ar\u00f4me apaisant et r\u00e9confortant. Il restaure et soutient la barri\u00e8re naturelle de la peau pour favoriser une peau d&rsquo;apparence saine gr\u00e2ce \u00e0 une absorption rapide, une application douce et la puissante synergie de l&rsquo;encens et du bois de Naio.<\/p>\n","protected":false},"excerpt":{"rendered":"<ul class=\"spotlight__list-custom custom-list\">\n<li>Favorise une peau douce, soign\u00e9e et nourrie gr\u00e2ce aux \u00e9mollients que sont l&rsquo;huile de coco et la cire de graines de tournesol.<\/li>\n<li>Sensation non grasse dans un applicateur en b\u00e2ton, offrant un ar\u00f4me apaisant et r\u00e9confortant \u00e0 chaque utilisation.<\/li>\n<li>Sans danger pour les peaux sensibles, non com\u00e9dog\u00e8ne, sans phtalates ni parfums synth\u00e9tiques.<\/li>\n<\/ul>\n","protected":false},"featured_media":25491,"template":"","meta":{"site-sidebar-layout":"default","site-content-layout":"","ast-site-content-layout":"default","site-content-style":"default","site-sidebar-style":"default","ast-global-header-display":"","ast-banner-title-visibility":"","ast-main-header-display":"","ast-hfb-above-header-display":"","ast-hfb-below-header-display":"","ast-hfb-mobile-header-display":"","site-post-title":"","ast-breadcrumbs-content":"","ast-featured-img":"","footer-sml-layout":"","ast-disable-related-posts":"","theme-transparent-header-meta":"default","adv-header-id-meta":"","stick-header-meta":"","header-above-stick-meta":"","header-main-stick-meta":"","header-below-stick-meta":"","astra-migrate-meta-layouts":"set","ast-page-background-enabled":"default","ast-page-background-meta":{"desktop":{"background-color":"","background-image":"","background-repeat":"repeat","background-position":"center center","background-size":"auto","background-attachment":"scroll","background-type":"","background-media":"","overlay-type":"","overlay-color":"","overlay-opacity":"","overlay-gradient":""},"tablet":{"background-color":"","background-image":"","background-repeat":"repeat","background-position":"center center","background-size":"auto","background-attachment":"scroll","background-type":"","background-media":"","overlay-type":"","overlay-color":"","overlay-opacity":"","overlay-gradient":""},"mobile":{"background-color":"","background-image":"","background-repeat":"repeat","background-position":"center center","background-size":"auto","background-attachment":"scroll","background-type":"","background-media":"","overlay-type":"","overlay-color":"","overlay-opacity":"","overlay-gradient":""}},"ast-content-background-meta":{"desktop":{"background-color":"var(--ast-global-color-5)","background-image":"","background-repeat":"repeat","background-position":"center center","background-size":"auto","background-attachment":"scroll","background-type":"","background-media":"","overlay-type":"","overlay-color":"","overlay-opacity":"","overlay-gradient":""},"tablet":{"background-color":"var(--ast-global-color-5)","background-image":"","background-repeat":"repeat","background-position":"center center","background-size":"auto","background-attachment":"scroll","background-type":"","background-media":"","overlay-type":"","overlay-color":"","overlay-opacity":"","overlay-gradient":""},"mobile":{"background-color":"var(--ast-global-color-5)","background-image":"","background-repeat":"repeat","background-position":"center center","background-size":"auto","background-attachment":"scroll","background-type":"","background-media":"","overlay-type":"","overlay-color":"","overlay-opacity":"","overlay-gradient":""}}},"product_brand":[],"product_cat":[1940],"product_tag":[],"class_list":{"0":"post-25497","1":"product","2":"type-product","3":"status-publish","4":"has-post-thumbnail","6":"product_cat-huiles-essentielles","7":"desktop-align-left","8":"tablet-align-left","9":"mobile-align-left","11":"first","12":"instock","13":"taxable","14":"shipping-taxable","15":"purchasable","16":"product-type-simple"},"_links":{"self":[{"href":"https:\/\/mamaterra.lt\/fr\/wp-json\/wp\/v2\/product\/25497","targetHints":{"allow":["GET"]}}],"collection":[{"href":"https:\/\/mamaterra.lt\/fr\/wp-json\/wp\/v2\/product"}],"about":[{"href":"https:\/\/mamaterra.lt\/fr\/wp-json\/wp\/v2\/types\/product"}],"wp:featuredmedia":[{"embeddable":true,"href":"https:\/\/mamaterra.lt\/fr\/wp-json\/wp\/v2\/media\/25491"}],"wp:attachment":[{"href":"https:\/\/mamaterra.lt\/fr\/wp-json\/wp\/v2\/media?parent=25497"}],"wp:term":[{"taxonomy":"product_brand","embeddable":true,"href":"https:\/\/mamaterra.lt\/fr\/wp-json\/wp\/v2\/product_brand?post=25497"},{"taxonomy":"product_cat","embeddable":true,"href":"https:\/\/mamaterra.lt\/fr\/wp-json\/wp\/v2\/product_cat?post=25497"},{"taxonomy":"product_tag","embeddable":true,"href":"https:\/\/mamaterra.lt\/fr\/wp-json\/wp\/v2\/product_tag?post=25497"}],"curies":[{"name":"wp","href":"https:\/\/api.w.org\/{rel}","templated":true}]}}