{"id":25476,"date":"2025-05-24T17:40:29","date_gmt":"2025-05-24T16:40:29","guid":{"rendered":"https:\/\/mamaterra.lt\/parduotuve\/non%20class\u00e9\/frankincense-bosveliju-mikrozirniuku-kapsules\/"},"modified":"2025-05-24T17:56:00","modified_gmt":"2025-05-24T16:56:00","slug":"frankincense-microbead-capsules","status":"publish","type":"product","link":"https:\/\/mamaterra.lt\/fr\/parduotuve\/huiles-essentielles\/melanges-dhuiles-essentielles\/frankincense-microbead-capsules\/","title":{"rendered":"Frankincense Microbead Capsules"},"content":{"rendered":"<h6 class=\"spotlight__head-title\">\nG\u00e9lules de microbilles d&rsquo;encens<\/h6>\n<p class=\"spotlight__head-title\">\nCompl\u00e9ment alimentaire avec AKBA de l&rsquo;extrait d&rsquo;encens et de l&rsquo;huile essentielle d&rsquo;encens<br \/>\nLib\u00e9rez le pouvoir de l&rsquo;encens comme jamais auparavant&#8230;. Dans un format innovant, cette formule combine la sagesse ancestrale de l&rsquo;huile essentielle d&rsquo;encens et de la r\u00e9sine d&rsquo;encens dans une \u00e9tonnante capsule de microbilles \u00e0 base de liquide. Avec une puissante concentration de 60 % d&rsquo;AKBA (acide ac\u00e9tyl-11-c\u00e9to-b\u00eata-boswellique) provenant de la r\u00e9sine de Boswellia, il s&rsquo;agit d&rsquo;une dose compl\u00e8te, facile \u00e0 avaler, qui s&rsquo;int\u00e8gre parfaitement \u00e0 toute routine de bien-\u00eatre. Ce produit essentiel pour le bien-\u00eatre s&rsquo;int\u00e8gre sans effort dans votre journ\u00e9e, vous apportant les bienfaits de l&rsquo;encens de la mani\u00e8re la plus pratique et la plus puissante que l&rsquo;on puisse imaginer.<\/p>\n","protected":false},"excerpt":{"rendered":"<ul class=\"spotlight__list-custom custom-list\">\n<li>Cette solution quotidienne de bien-\u00eatre vous apportera le pouvoir de l&rsquo;encens (Boswellia) dans votre routine.<\/li>\n<li>Produit v\u00e9g\u00e9talien, sans OGM et sans gluten.<\/li>\n<li>30 capsules de micro pois | 17 g.<\/li>\n<\/ul>\n","protected":false},"featured_media":25470,"template":"","meta":{"site-sidebar-layout":"default","site-content-layout":"","ast-site-content-layout":"default","site-content-style":"default","site-sidebar-style":"default","ast-global-header-display":"","ast-banner-title-visibility":"","ast-main-header-display":"","ast-hfb-above-header-display":"","ast-hfb-below-header-display":"","ast-hfb-mobile-header-display":"","site-post-title":"","ast-breadcrumbs-content":"","ast-featured-img":"","footer-sml-layout":"","ast-disable-related-posts":"","theme-transparent-header-meta":"default","adv-header-id-meta":"","stick-header-meta":"","header-above-stick-meta":"","header-main-stick-meta":"","header-below-stick-meta":"","astra-migrate-meta-layouts":"set","ast-page-background-enabled":"default","ast-page-background-meta":{"desktop":{"background-color":"","background-image":"","background-repeat":"repeat","background-position":"center center","background-size":"auto","background-attachment":"scroll","background-type":"","background-media":"","overlay-type":"","overlay-color":"","overlay-opacity":"","overlay-gradient":""},"tablet":{"background-color":"","background-image":"","background-repeat":"repeat","background-position":"center center","background-size":"auto","background-attachment":"scroll","background-type":"","background-media":"","overlay-type":"","overlay-color":"","overlay-opacity":"","overlay-gradient":""},"mobile":{"background-color":"","background-image":"","background-repeat":"repeat","background-position":"center center","background-size":"auto","background-attachment":"scroll","background-type":"","background-media":"","overlay-type":"","overlay-color":"","overlay-opacity":"","overlay-gradient":""}},"ast-content-background-meta":{"desktop":{"background-color":"var(--ast-global-color-5)","background-image":"","background-repeat":"repeat","background-position":"center center","background-size":"auto","background-attachment":"scroll","background-type":"","background-media":"","overlay-type":"","overlay-color":"","overlay-opacity":"","overlay-gradient":""},"tablet":{"background-color":"var(--ast-global-color-5)","background-image":"","background-repeat":"repeat","background-position":"center center","background-size":"auto","background-attachment":"scroll","background-type":"","background-media":"","overlay-type":"","overlay-color":"","overlay-opacity":"","overlay-gradient":""},"mobile":{"background-color":"var(--ast-global-color-5)","background-image":"","background-repeat":"repeat","background-position":"center center","background-size":"auto","background-attachment":"scroll","background-type":"","background-media":"","overlay-type":"","overlay-color":"","overlay-opacity":"","overlay-gradient":""}}},"product_brand":[],"product_cat":[1945],"product_tag":[],"class_list":{"0":"post-25476","1":"product","2":"type-product","3":"status-publish","4":"has-post-thumbnail","6":"product_cat-melanges-dhuiles-essentielles","7":"desktop-align-left","8":"tablet-align-left","9":"mobile-align-left","11":"first","12":"instock","13":"taxable","14":"shipping-taxable","15":"purchasable","16":"product-type-simple"},"_links":{"self":[{"href":"https:\/\/mamaterra.lt\/fr\/wp-json\/wp\/v2\/product\/25476","targetHints":{"allow":["GET"]}}],"collection":[{"href":"https:\/\/mamaterra.lt\/fr\/wp-json\/wp\/v2\/product"}],"about":[{"href":"https:\/\/mamaterra.lt\/fr\/wp-json\/wp\/v2\/types\/product"}],"wp:featuredmedia":[{"embeddable":true,"href":"https:\/\/mamaterra.lt\/fr\/wp-json\/wp\/v2\/media\/25470"}],"wp:attachment":[{"href":"https:\/\/mamaterra.lt\/fr\/wp-json\/wp\/v2\/media?parent=25476"}],"wp:term":[{"taxonomy":"product_brand","embeddable":true,"href":"https:\/\/mamaterra.lt\/fr\/wp-json\/wp\/v2\/product_brand?post=25476"},{"taxonomy":"product_cat","embeddable":true,"href":"https:\/\/mamaterra.lt\/fr\/wp-json\/wp\/v2\/product_cat?post=25476"},{"taxonomy":"product_tag","embeddable":true,"href":"https:\/\/mamaterra.lt\/fr\/wp-json\/wp\/v2\/product_tag?post=25476"}],"curies":[{"name":"wp","href":"https:\/\/api.w.org\/{rel}","templated":true}]}}