{"id":25458,"date":"2025-05-24T14:36:57","date_gmt":"2025-05-24T13:36:57","guid":{"rendered":"https:\/\/mamaterra.lt\/parduotuve\/non%20class\u00e9\/doterra-vmg\/"},"modified":"2025-05-24T14:46:24","modified_gmt":"2025-05-24T13:46:24","slug":"doterra-vmg","status":"publish","type":"product","link":"https:\/\/mamaterra.lt\/fr\/parduotuve\/immunite\/doterra-vmg\/","title":{"rendered":"doTERRA VMG+"},"content":{"rendered":"<p>VMG+<\/p>\n<p>VMG+ &#8211; une nouvelle approche des vitamines quotidiennes<\/p>\n<p>Le complexe nutritif complet VMG+ est une boisson en poudre nutritive quotidienne avanc\u00e9e, tout compris, con\u00e7ue pour soutenir les processus vitaux essentiels de votre organisme. Et, oui, elle a vraiment bon go\u00fbt ! \ud83d\ude0b<\/p>\n<p>\ud83e\uddec Contient plus de 90 ingr\u00e9dients de premi\u00e8re qualit\u00e9 :<br \/>\n&#8211; Vitamines et min\u00e9raux naturels provenant de plantes<br \/>\n&#8211; Fruits, l\u00e9gumes, enzymes digestives<br \/>\n&#8211; Probiotiques<br \/>\n&#8211; Huiles essentielles CPTG\u00ae<br \/>\n&#8211; Autres oligo-\u00e9l\u00e9ments b\u00e9n\u00e9fiques<\/p>\n<p>\u2705 Vegan<br \/>\n\u2705 Sans gluten<br \/>\n\u2705 Convient pour un usage quotidien<\/p>\n<p>\u2728 Principaux avantages pour votre corps :<\/p>\n<p>\ud83d\udd39 Soutien \u00e9nerg\u00e9tique<br \/>\n\ud83d\udd39 Syst\u00e8me immunitaire<br \/>\n\ud83d\udd39 Sant\u00e9 intestinale et digestion<br \/>\n\ud83d\udd39 Fonction h\u00e9patique<br \/>\n\ud83d\udd39 \u00c9quilibre hormonal<br \/>\n\ud83d\udd39 Fonction c\u00e9r\u00e9brale<\/p>\n<p>3 produits en un :<\/p>\n<p>VMG+ associe Alpha CRS+\u00ae, Microplex VMz\u00ae (version v\u00e9g\u00e9talienne) et un m\u00e9lange de super-aliments verts.<\/p>\n<p>\ud83e\uddea Contient 5 complexes brevet\u00e9s :<\/p>\n<p>Complexe nutritionnel &#8211; vitamines d&rsquo;origine v\u00e9g\u00e9tale, min\u00e9raux, cofacteurs.<\/p>\n<p>Superfood Blend &#8211; antioxydants, phytonutriments<\/p>\n<p>Cell Support Blend &#8211; protection des cellules<\/p>\n<p>M\u00e9lange de biotransformation &#8211; am\u00e9lioration de l&rsquo;absorption<\/p>\n<p>Am\u00e9liorateur de biodisponibilit\u00e9 &#8211; am\u00e9liore l&rsquo;absorption des nutriments<\/p>\n<p>Sac de tous les jours = base solide pour la sant\u00e9.<br \/>\nPratique, savoureux, tout en un. Un mode de vie sain n&rsquo;a jamais \u00e9t\u00e9 aussi facile !<\/p>\n","protected":false},"excerpt":{"rendered":"<p class=\"\" data-start=\"944\" data-end=\"1063\">Con\u00e7u pour \u00eatre utilis\u00e9 comme une solution simple de bien-\u00eatre tout-en-un avec EO Mega+\u2122 et d\u014dTERRA PB Restore\u2122.<br \/>\nLes vitamines et min\u00e9raux \u00e0 base de plantes et d&rsquo;aliments entiers sont d\u00e9livr\u00e9s \u00e0 l&rsquo;organisme par le biais d&rsquo;une nouvelle technologie de liposomes afin d&rsquo;assurer une absorption et une r\u00e9tention optimales.<br \/>\nContient plus de 75 ingr\u00e9dients de haute qualit\u00e9 ayant fait l&rsquo;objet de recherches scientifiques, notamment des fruits, des l\u00e9gumes, des enzymes digestives, des probiotiques, des huiles essentielles et d&rsquo;autres nutriments b\u00e9n\u00e9fiques.<br \/>\nAvec les avantages de Microplex VMZ\u2122, Alpha CRS\u2122, TerraGreens et d&rsquo;autres suppl\u00e9ments.<br \/>\nVegan, sans OGM, sans soja et sans gluten.<br \/>\n30 sachets | 282 g | un sachet = 9,4 g.<\/p>\n","protected":false},"featured_media":25452,"template":"","meta":{"site-sidebar-layout":"default","site-content-layout":"","ast-site-content-layout":"default","site-content-style":"default","site-sidebar-style":"default","ast-global-header-display":"","ast-banner-title-visibility":"","ast-main-header-display":"","ast-hfb-above-header-display":"","ast-hfb-below-header-display":"","ast-hfb-mobile-header-display":"","site-post-title":"","ast-breadcrumbs-content":"","ast-featured-img":"","footer-sml-layout":"","ast-disable-related-posts":"","theme-transparent-header-meta":"default","adv-header-id-meta":"","stick-header-meta":"","header-above-stick-meta":"","header-main-stick-meta":"","header-below-stick-meta":"","astra-migrate-meta-layouts":"set","ast-page-background-enabled":"default","ast-page-background-meta":{"desktop":{"background-color":"","background-image":"","background-repeat":"repeat","background-position":"center center","background-size":"auto","background-attachment":"scroll","background-type":"","background-media":"","overlay-type":"","overlay-color":"","overlay-opacity":"","overlay-gradient":""},"tablet":{"background-color":"","background-image":"","background-repeat":"repeat","background-position":"center center","background-size":"auto","background-attachment":"scroll","background-type":"","background-media":"","overlay-type":"","overlay-color":"","overlay-opacity":"","overlay-gradient":""},"mobile":{"background-color":"","background-image":"","background-repeat":"repeat","background-position":"center center","background-size":"auto","background-attachment":"scroll","background-type":"","background-media":"","overlay-type":"","overlay-color":"","overlay-opacity":"","overlay-gradient":""}},"ast-content-background-meta":{"desktop":{"background-color":"var(--ast-global-color-5)","background-image":"","background-repeat":"repeat","background-position":"center center","background-size":"auto","background-attachment":"scroll","background-type":"","background-media":"","overlay-type":"","overlay-color":"","overlay-opacity":"","overlay-gradient":""},"tablet":{"background-color":"var(--ast-global-color-5)","background-image":"","background-repeat":"repeat","background-position":"center center","background-size":"auto","background-attachment":"scroll","background-type":"","background-media":"","overlay-type":"","overlay-color":"","overlay-opacity":"","overlay-gradient":""},"mobile":{"background-color":"var(--ast-global-color-5)","background-image":"","background-repeat":"repeat","background-position":"center center","background-size":"auto","background-attachment":"scroll","background-type":"","background-media":"","overlay-type":"","overlay-color":"","overlay-opacity":"","overlay-gradient":""}}},"product_brand":[],"product_cat":[1990],"product_tag":[],"class_list":{"0":"post-25458","1":"product","2":"type-product","3":"status-publish","4":"has-post-thumbnail","6":"product_cat-immunite","7":"desktop-align-left","8":"tablet-align-left","9":"mobile-align-left","11":"first","12":"instock","13":"taxable","14":"shipping-taxable","15":"purchasable","16":"product-type-simple"},"_links":{"self":[{"href":"https:\/\/mamaterra.lt\/fr\/wp-json\/wp\/v2\/product\/25458","targetHints":{"allow":["GET"]}}],"collection":[{"href":"https:\/\/mamaterra.lt\/fr\/wp-json\/wp\/v2\/product"}],"about":[{"href":"https:\/\/mamaterra.lt\/fr\/wp-json\/wp\/v2\/types\/product"}],"wp:featuredmedia":[{"embeddable":true,"href":"https:\/\/mamaterra.lt\/fr\/wp-json\/wp\/v2\/media\/25452"}],"wp:attachment":[{"href":"https:\/\/mamaterra.lt\/fr\/wp-json\/wp\/v2\/media?parent=25458"}],"wp:term":[{"taxonomy":"product_brand","embeddable":true,"href":"https:\/\/mamaterra.lt\/fr\/wp-json\/wp\/v2\/product_brand?post=25458"},{"taxonomy":"product_cat","embeddable":true,"href":"https:\/\/mamaterra.lt\/fr\/wp-json\/wp\/v2\/product_cat?post=25458"},{"taxonomy":"product_tag","embeddable":true,"href":"https:\/\/mamaterra.lt\/fr\/wp-json\/wp\/v2\/product_tag?post=25458"}],"curies":[{"name":"wp","href":"https:\/\/api.w.org\/{rel}","templated":true}]}}