{"id":25422,"date":"2025-05-01T09:59:37","date_gmt":"2025-05-01T08:59:37","guid":{"rendered":"https:\/\/mamaterra.lt\/parduotuve\/non%20class\u00e9\/doterra-sun-lip-balm-lupu-balzamas\/"},"modified":"2025-05-01T10:10:55","modified_gmt":"2025-05-01T09:10:55","slug":"baume-a-levres-solaire-doterra","status":"publish","type":"product","link":"https:\/\/mamaterra.lt\/fr\/parduotuve\/huiles-essentielles\/baume-a-levres-solaire-doterra\/","title":{"rendered":"Baume \u00e0 l\u00e8vres solaire d\u014dTERRA"},"content":{"rendered":"<h6 class=\"spotlight__head-title\">Baume \u00e0 l\u00e8vres solaire d\u014dTERRA<\/h6>\n<p>&nbsp;<\/p>\n<p>Aimez vos l\u00e8vres au quotidien avec doTERRA sun. Offrant une protection FPS 15 contre les UVA et les UVB, cette formule \u00e0 base de min\u00e9raux apaise, adoucit et aide \u00e0 prot\u00e9ger les l\u00e8vres contre la chaleur, le froid et le vent. Formul\u00e9 avec de l&rsquo;oxyde de zinc non nano qui reste sur la peau sans l&rsquo;absorber, le baume \u00e0 l\u00e8vres doTERRA sun est enrichi d&rsquo;ingr\u00e9dients d&rsquo;origine v\u00e9g\u00e9tale tels que le beurre de karit\u00e9 et l&rsquo;huile de mongongo pour une alimentation riche et hydratante, ainsi que d&rsquo;huiles essentielles d&rsquo;encens, d&rsquo;h\u00e9lichryse, de citronnelle, de menthe verte et de manuka.<\/p>\n<h6 class=\"spotlight__foot-block-title\">Avantages principaux<\/h6>\n<p class=\"spotlight__foot-block-title\">\nD\u00e9velopp\u00e9 avec de l&rsquo;oxyde de zinc non nano, du beurre de karit\u00e9, de l&rsquo;huile de mongongo et des huiles essentielles CPTG\u2122.<br \/>\nHydratant, apaisant, test\u00e9 par des dermatologues, sans danger pour les peaux sensibles.<br \/>\nExempt de phtalates, d&rsquo;oxybenzone et de parfums synth\u00e9tiques.<br \/>\nSans cruaut\u00e9 et sans danger pour les r\u00e9cifs.<\/p>\n","protected":false},"excerpt":{"rendered":"<ul>\n<li>D\u00e9velopp\u00e9 avec de l&rsquo;oxyde de zinc non nano, du beurre de karit\u00e9, de l&rsquo;huile de mongongo et des huiles essentielles CPTG\u2122.<\/li>\n<li>Hydratant, apaisant, test\u00e9 par des dermatologues, sans danger pour les peaux sensibles.<\/li>\n<li>Exempt de phtalates, d&rsquo;oxybenzone et de parfums synth\u00e9tiques.<br \/>\nSans cruaut\u00e9 et sans danger pour les r\u00e9cifs.<\/li>\n<\/ul>\n","protected":false},"featured_media":25416,"template":"","meta":{"site-sidebar-layout":"default","site-content-layout":"","ast-site-content-layout":"default","site-content-style":"default","site-sidebar-style":"default","ast-global-header-display":"","ast-banner-title-visibility":"","ast-main-header-display":"","ast-hfb-above-header-display":"","ast-hfb-below-header-display":"","ast-hfb-mobile-header-display":"","site-post-title":"","ast-breadcrumbs-content":"","ast-featured-img":"","footer-sml-layout":"","ast-disable-related-posts":"","theme-transparent-header-meta":"default","adv-header-id-meta":"","stick-header-meta":"","header-above-stick-meta":"","header-main-stick-meta":"","header-below-stick-meta":"","astra-migrate-meta-layouts":"set","ast-page-background-enabled":"default","ast-page-background-meta":{"desktop":{"background-color":"","background-image":"","background-repeat":"repeat","background-position":"center center","background-size":"auto","background-attachment":"scroll","background-type":"","background-media":"","overlay-type":"","overlay-color":"","overlay-opacity":"","overlay-gradient":""},"tablet":{"background-color":"","background-image":"","background-repeat":"repeat","background-position":"center center","background-size":"auto","background-attachment":"scroll","background-type":"","background-media":"","overlay-type":"","overlay-color":"","overlay-opacity":"","overlay-gradient":""},"mobile":{"background-color":"","background-image":"","background-repeat":"repeat","background-position":"center center","background-size":"auto","background-attachment":"scroll","background-type":"","background-media":"","overlay-type":"","overlay-color":"","overlay-opacity":"","overlay-gradient":""}},"ast-content-background-meta":{"desktop":{"background-color":"var(--ast-global-color-5)","background-image":"","background-repeat":"repeat","background-position":"center center","background-size":"auto","background-attachment":"scroll","background-type":"","background-media":"","overlay-type":"","overlay-color":"","overlay-opacity":"","overlay-gradient":""},"tablet":{"background-color":"var(--ast-global-color-5)","background-image":"","background-repeat":"repeat","background-position":"center center","background-size":"auto","background-attachment":"scroll","background-type":"","background-media":"","overlay-type":"","overlay-color":"","overlay-opacity":"","overlay-gradient":""},"mobile":{"background-color":"var(--ast-global-color-5)","background-image":"","background-repeat":"repeat","background-position":"center center","background-size":"auto","background-attachment":"scroll","background-type":"","background-media":"","overlay-type":"","overlay-color":"","overlay-opacity":"","overlay-gradient":""}}},"product_brand":[],"product_cat":[3580,1940],"product_tag":[],"class_list":{"0":"post-25422","1":"product","2":"type-product","3":"status-publish","4":"has-post-thumbnail","6":"product_cat-doterra-saules-linija-fr","7":"product_cat-huiles-essentielles","8":"desktop-align-left","9":"tablet-align-left","10":"mobile-align-left","12":"first","13":"instock","14":"taxable","15":"shipping-taxable","16":"purchasable","17":"product-type-simple"},"_links":{"self":[{"href":"https:\/\/mamaterra.lt\/fr\/wp-json\/wp\/v2\/product\/25422","targetHints":{"allow":["GET"]}}],"collection":[{"href":"https:\/\/mamaterra.lt\/fr\/wp-json\/wp\/v2\/product"}],"about":[{"href":"https:\/\/mamaterra.lt\/fr\/wp-json\/wp\/v2\/types\/product"}],"wp:featuredmedia":[{"embeddable":true,"href":"https:\/\/mamaterra.lt\/fr\/wp-json\/wp\/v2\/media\/25416"}],"wp:attachment":[{"href":"https:\/\/mamaterra.lt\/fr\/wp-json\/wp\/v2\/media?parent=25422"}],"wp:term":[{"taxonomy":"product_brand","embeddable":true,"href":"https:\/\/mamaterra.lt\/fr\/wp-json\/wp\/v2\/product_brand?post=25422"},{"taxonomy":"product_cat","embeddable":true,"href":"https:\/\/mamaterra.lt\/fr\/wp-json\/wp\/v2\/product_cat?post=25422"},{"taxonomy":"product_tag","embeddable":true,"href":"https:\/\/mamaterra.lt\/fr\/wp-json\/wp\/v2\/product_tag?post=25422"}],"curies":[{"name":"wp","href":"https:\/\/api.w.org\/{rel}","templated":true}]}}