{"id":25375,"date":"2025-04-04T19:05:54","date_gmt":"2025-04-04T18:05:54","guid":{"rendered":"https:\/\/mamaterra.lt\/?post_type=product&#038;p=25375"},"modified":"2025-04-04T19:32:35","modified_gmt":"2025-04-04T18:32:35","slug":"copaiba-gelules-cp-complement-alimentaire-a-lhuile-dolive","status":"publish","type":"product","link":"https:\/\/mamaterra.lt\/fr\/parduotuve\/huiles-essentielles\/huiles-essentielles-pures\/copaiba-gelules-cp-complement-alimentaire-a-lhuile-dolive\/","title":{"rendered":"COPAIBA G\u00e9lules CP+ Compl\u00e9ment alimentaire \u00e0 l\u2019huile d\u2019olive"},"content":{"rendered":"<h6>COPAIBA G\u00e9lules CP+ Compl\u00e9ment alimentaire \u00e0 l\u2019huile d\u2019olive<\/h6>\n<p>Copaifera reticulata, officinalis, coriacea, langsdorffii | 60pcs<\/p>\n<p>&nbsp;<\/p>\n<p>Les g\u00e9lules CP+ sont formul\u00e9es avec de l\u2019ar\u00f4me de Copaiba dans une base d\u2019huile d\u2019olive. Le format en g\u00e9lule v\u00e9g\u00e9tale est un moyen pratique de profiter de ses multiples bienfaits. Cette association unique peut permettre d\u2019apaiser et de soulager le syst\u00e8me digestif.<\/p>\n<h3 class=\"spotlight__foot-block-title\">Principaux Bienfaits<\/h3>\n<div class=\"spotlight__foot-block-content\">\n<ul class=\"spotlight__list-custom custom-list\">\n<li>Contient du b\u00eata-caryophyll\u00e8ne, r\u00e9put\u00e9 contribuer \u00e0 apaiser le syst\u00e8me digestif.<\/li>\n<li>Cette formule est une exclusivit\u00e9 doTERRA.<\/li>\n<li>Votre dose quotidienne de bien-\u00eatre dans une g\u00e9lule facile \u00e0 avaler !<\/li>\n<li>Id\u00e9al \u00e0 utiliser en association avec la vaste gamme de compl\u00e9ments doTERRA.<\/li>\n<\/ul>\n<h3 class=\"product-uses__block-title\">Utilisations<\/h3>\n<div class=\"product-uses__block-list\">\n<ul class=\"custom-list\">\n<li>Bien qu&rsquo;ils accompagnent id\u00e9alement votre routine quotidienne, les compl\u00e9ments alimentaires ne remplacent pas un r\u00e9gime alimentaire vari\u00e9 et \u00e9quilibr\u00e9 et un mode de vie sain.<\/li>\n<li>Lisez toutes les pr\u00e9cautions d&#8217;emploi et les avertissements avant utilisation.<\/li>\n<li>Ne d\u00e9passez pas la dose recommand\u00e9e.<\/li>\n<\/ul>\n<\/div>\n<h3 class=\"product-uses__block-title\">Conseils d\u2019utilisation<\/h3>\n<div class=\"product-uses__directions-for-use\">\n<div class=\"product-uses__directions-for-use-item\">\n<div class=\"product-uses__directions-for-use-icon\">\n<div class=\"icon--internally icon--xxl\"><\/div>\n<\/div>\n<div class=\"product-uses__directions-for-use-copy\">Prenez 1 g\u00e9lule par jour.<\/div>\n<\/div>\n<\/div>\n<div class=\"product-uses__cautions\">\n<h3 class=\"product-uses__block-title\">Pr\u00e9cautions d\u2019emploi<\/h3>\n<div class=\"product-uses__cautions-body\">\n<p>Conserver hors de port\u00e9e des enfants. Ne pas d\u00e9passer la dose quotidienne recommand\u00e9e. Les compl\u00e9ments alimentaires ne remplacent pas un r\u00e9gime alimentaire vari\u00e9 et \u00e9quilibr\u00e9 et un mode de vie sain. Nous recommandons aux femmes enceintes ou qui allaitent et aux personnes ayant des probl\u00e8mes de sant\u00e9 de consulter un m\u00e9decin au pr\u00e9alable. Conserver dans un endroit frais et sec. Date \u00e0 consommer de pr\u00e9f\u00e9rence avant fin et n\u00b0 de lot\u00a0: Voir le dessous du flacon.<\/p>\n<\/div>\n<\/div>\n<\/div>\n<p><iframe title=\"Discovering Copaiba Oil: Learn More About the Benefits of doTERRA Copaiba Essential Oil\" src=\"https:\/\/www.youtube.com\/embed\/VtQtsM4qs-0\" width=\"853\" height=\"480\" frameborder=\"0\" allowfullscreen=\"allowfullscreen\"><\/iframe><\/p>\n","protected":false},"excerpt":{"rendered":"<p>CLes g\u00e9lules CP+ sont formul\u00e9es avec de l\u2019ar\u00f4me de Copaiba dans une base d\u2019huile d\u2019olive. Le format en g\u00e9lule v\u00e9g\u00e9tale est un moyen pratique de profiter de ses multiples bienfaits.<\/p>\n","protected":false},"featured_media":25387,"template":"","meta":{"site-sidebar-layout":"default","site-content-layout":"default","ast-site-content-layout":"default","site-content-style":"default","site-sidebar-style":"default","ast-global-header-display":"","ast-banner-title-visibility":"","ast-main-header-display":"","ast-hfb-above-header-display":"","ast-hfb-below-header-display":"","ast-hfb-mobile-header-display":"","site-post-title":"","ast-breadcrumbs-content":"","ast-featured-img":"","footer-sml-layout":"","ast-disable-related-posts":"","theme-transparent-header-meta":"default","adv-header-id-meta":"","stick-header-meta":"","header-above-stick-meta":"","header-main-stick-meta":"","header-below-stick-meta":"","astra-migrate-meta-layouts":"set","ast-page-background-enabled":"default","ast-page-background-meta":{"desktop":{"background-color":"","background-image":"","background-repeat":"repeat","background-position":"center center","background-size":"auto","background-attachment":"scroll","background-type":"","background-media":"","overlay-type":"","overlay-color":"","overlay-opacity":"","overlay-gradient":""},"tablet":{"background-color":"","background-image":"","background-repeat":"repeat","background-position":"center center","background-size":"auto","background-attachment":"scroll","background-type":"","background-media":"","overlay-type":"","overlay-color":"","overlay-opacity":"","overlay-gradient":""},"mobile":{"background-color":"","background-image":"","background-repeat":"repeat","background-position":"center center","background-size":"auto","background-attachment":"scroll","background-type":"","background-media":"","overlay-type":"","overlay-color":"","overlay-opacity":"","overlay-gradient":""}},"ast-content-background-meta":{"desktop":{"background-color":"var(--ast-global-color-5)","background-image":"","background-repeat":"repeat","background-position":"center center","background-size":"auto","background-attachment":"scroll","background-type":"","background-media":"","overlay-type":"","overlay-color":"","overlay-opacity":"","overlay-gradient":""},"tablet":{"background-color":"var(--ast-global-color-5)","background-image":"","background-repeat":"repeat","background-position":"center center","background-size":"auto","background-attachment":"scroll","background-type":"","background-media":"","overlay-type":"","overlay-color":"","overlay-opacity":"","overlay-gradient":""},"mobile":{"background-color":"var(--ast-global-color-5)","background-image":"","background-repeat":"repeat","background-position":"center center","background-size":"auto","background-attachment":"scroll","background-type":"","background-media":"","overlay-type":"","overlay-color":"","overlay-opacity":"","overlay-gradient":""}}},"product_brand":[],"product_cat":[2050,2005,1940,1950,2040,2000],"product_tag":[2094,2846,3232,3292],"class_list":{"0":"post-25375","1":"product","2":"type-product","3":"status-publish","4":"has-post-thumbnail","6":"product_cat-digestion-fr","7":"product_cat-dormir-fr","8":"product_cat-huiles-essentielles","9":"product_cat-huiles-essentielles-pures","10":"product_cat-la-gestion-du-stress","11":"product_cat-massage-fr","12":"product_tag-15-ml-fr","13":"product_tag-copaiba-fr","14":"product_tag-huiles-essentielles","15":"product_tag-populaire","16":"desktop-align-left","17":"tablet-align-left","18":"mobile-align-left","20":"first","21":"instock","22":"featured","23":"taxable","24":"shipping-taxable","25":"purchasable","26":"product-type-simple"},"_links":{"self":[{"href":"https:\/\/mamaterra.lt\/fr\/wp-json\/wp\/v2\/product\/25375","targetHints":{"allow":["GET"]}}],"collection":[{"href":"https:\/\/mamaterra.lt\/fr\/wp-json\/wp\/v2\/product"}],"about":[{"href":"https:\/\/mamaterra.lt\/fr\/wp-json\/wp\/v2\/types\/product"}],"wp:featuredmedia":[{"embeddable":true,"href":"https:\/\/mamaterra.lt\/fr\/wp-json\/wp\/v2\/media\/25387"}],"wp:attachment":[{"href":"https:\/\/mamaterra.lt\/fr\/wp-json\/wp\/v2\/media?parent=25375"}],"wp:term":[{"taxonomy":"product_brand","embeddable":true,"href":"https:\/\/mamaterra.lt\/fr\/wp-json\/wp\/v2\/product_brand?post=25375"},{"taxonomy":"product_cat","embeddable":true,"href":"https:\/\/mamaterra.lt\/fr\/wp-json\/wp\/v2\/product_cat?post=25375"},{"taxonomy":"product_tag","embeddable":true,"href":"https:\/\/mamaterra.lt\/fr\/wp-json\/wp\/v2\/product_tag?post=25375"}],"curies":[{"name":"wp","href":"https:\/\/api.w.org\/{rel}","templated":true}]}}