{"id":25336,"date":"2025-03-12T20:27:34","date_gmt":"2025-03-12T19:27:34","guid":{"rendered":"https:\/\/mamaterra.lt\/parduotuve\/non%20class\u00e9\/doterra-turmeric-dual-chamber-capsules\/"},"modified":"2025-03-12T20:35:33","modified_gmt":"2025-03-12T19:35:33","slug":"doterra-capsules-de-curcuma-a-double-chambre","status":"publish","type":"product","link":"https:\/\/mamaterra.lt\/fr\/parduotuve\/huiles-essentielles\/doterra-capsules-de-curcuma-a-double-chambre\/","title":{"rendered":"doTERRA Capsules de curcuma \u00e0 double chambre"},"content":{"rendered":"<h6 class=\"spotlight__head-title\">doTERRA Capsules de curcuma \u00e0 double chambre<\/h6>\n<p>doTERRA est le premier \u00e0 combiner l&rsquo;huile essentielle de curcuma et l&rsquo;extrait de curcuma dans une capsule \u00e0 double chambre sp\u00e9cialement con\u00e7ue. En r\u00e9unissant l&rsquo;huile essentielle de curcuma et l&rsquo;extrait de curcuma, l&rsquo;efficacit\u00e9 de chaque composant est maximis\u00e9e. Il en r\u00e9sulte un produit r\u00e9volutionnaire de compos\u00e9s v\u00e9g\u00e9taux bioactifs, cr\u00e9ant une synergie puissante et unique de turm\u00e9rones et de curcumino\u00efdes. Chaque capsule contient 2 gouttes d&rsquo;huile essentielle de curcuma.<\/p>\n<ul class=\"spotlight__list-custom custom-list\">\n<li>Extrait de curcuma (rhizome) avec curcumino\u00efdes<br \/>\nContient des antioxydants naturels. *<br \/>\nAide \u00e0 maintenir la sant\u00e9 des articulations et des os. *<br \/>\nAide \u00e0 maintenir une peau saine. *<br \/>\nFavorise la production et la qualit\u00e9 du sang. *<br \/>\nFavorise la fonction cardiaque. *<br \/>\nFavorise la circulation sanguine. *<br \/>\nFavorise la digestion.*<br \/>\nContribue \u00e0 une fonction gastro-intestinale normale*.<br \/>\nContribue \u00e0 une s\u00e9cr\u00e9tion biliaire normale. *<br \/>\nAide \u00e0 maintenir l&rsquo;efficacit\u00e9 du syst\u00e8me immunitaire. *<br \/>\nContribue \u00e0 maintenir la r\u00e9sistance aux allergies. *<br \/>\n* Ces all\u00e9gations de sant\u00e9 sont encore en cours d&rsquo;examen par l&rsquo;UE et l&rsquo;EFSA.<\/li>\n<\/ul>\n<p>Prendre 2 g\u00e9lules par jour.<br \/>\nPr\u00e9cautions<br \/>\nTenir hors de port\u00e9e des enfants. Ne pas d\u00e9passer la dose journali\u00e8re recommand\u00e9e. Les compl\u00e9ments alimentaires ne doivent pas remplacer un r\u00e9gime alimentaire vari\u00e9 et \u00e9quilibr\u00e9 et un mode de vie sain. Les femmes enceintes ou allaitantes et les personnes ayant des probl\u00e8mes de sant\u00e9 connus doivent consulter un m\u00e9decin avant d&rsquo;utiliser ce produit. D\u00e9conseill\u00e9 aux enfants de moins de 12 ans. Consultez votre m\u00e9decin ou votre pharmacien en cas de prise concomitante de m\u00e9dicaments anticoagulants. Si vous prenez des m\u00e9dicaments, vous devez demander l&rsquo;avis de votre m\u00e9decin. En cas d&rsquo;alt\u00e9ration de la fonction h\u00e9patique, de la fonction biliaire ou de calculs biliaires, l&rsquo;utilisation du produit est d\u00e9conseill\u00e9e. Conserver dans un endroit frais et sec.<\/p>\n","protected":false},"excerpt":{"rendered":"<ul class=\"spotlight__list-custom custom-list\">\n<li>Extrait de curcuma (rhizome) avec curcumino\u00efdes<br \/>\nContient des antioxydants naturels. *<br \/>\nAide \u00e0 maintenir la sant\u00e9 des articulations et des os. *<br \/>\nAide \u00e0 maintenir une peau saine. *<br \/>\nFavorise la production et la qualit\u00e9 du sang. *<br \/>\nFavorise la fonction cardiaque. *<br \/>\nFavorise la circulation sanguine. *<br \/>\nFavorise la digestion.*<br \/>\nContribue \u00e0 une fonction gastro-intestinale normale*.<br \/>\nContribue \u00e0 une s\u00e9cr\u00e9tion biliaire normale. *<br \/>\nAide \u00e0 maintenir l&rsquo;efficacit\u00e9 du syst\u00e8me immunitaire. *<br \/>\nContribue \u00e0 maintenir la r\u00e9sistance aux allergies. *<br \/>\n* Ces all\u00e9gations de sant\u00e9 sont encore en cours d&rsquo;examen par l&rsquo;UE et l&rsquo;EFSA.<\/li>\n<\/ul>\n","protected":false},"featured_media":25330,"template":"","meta":{"site-sidebar-layout":"default","site-content-layout":"","ast-site-content-layout":"default","site-content-style":"default","site-sidebar-style":"default","ast-global-header-display":"","ast-banner-title-visibility":"","ast-main-header-display":"","ast-hfb-above-header-display":"","ast-hfb-below-header-display":"","ast-hfb-mobile-header-display":"","site-post-title":"","ast-breadcrumbs-content":"","ast-featured-img":"","footer-sml-layout":"","ast-disable-related-posts":"","theme-transparent-header-meta":"default","adv-header-id-meta":"","stick-header-meta":"","header-above-stick-meta":"","header-main-stick-meta":"","header-below-stick-meta":"","astra-migrate-meta-layouts":"set","ast-page-background-enabled":"default","ast-page-background-meta":{"desktop":{"background-color":"","background-image":"","background-repeat":"repeat","background-position":"center center","background-size":"auto","background-attachment":"scroll","background-type":"","background-media":"","overlay-type":"","overlay-color":"","overlay-opacity":"","overlay-gradient":""},"tablet":{"background-color":"","background-image":"","background-repeat":"repeat","background-position":"center center","background-size":"auto","background-attachment":"scroll","background-type":"","background-media":"","overlay-type":"","overlay-color":"","overlay-opacity":"","overlay-gradient":""},"mobile":{"background-color":"","background-image":"","background-repeat":"repeat","background-position":"center center","background-size":"auto","background-attachment":"scroll","background-type":"","background-media":"","overlay-type":"","overlay-color":"","overlay-opacity":"","overlay-gradient":""}},"ast-content-background-meta":{"desktop":{"background-color":"var(--ast-global-color-5)","background-image":"","background-repeat":"repeat","background-position":"center center","background-size":"auto","background-attachment":"scroll","background-type":"","background-media":"","overlay-type":"","overlay-color":"","overlay-opacity":"","overlay-gradient":""},"tablet":{"background-color":"var(--ast-global-color-5)","background-image":"","background-repeat":"repeat","background-position":"center center","background-size":"auto","background-attachment":"scroll","background-type":"","background-media":"","overlay-type":"","overlay-color":"","overlay-opacity":"","overlay-gradient":""},"mobile":{"background-color":"var(--ast-global-color-5)","background-image":"","background-repeat":"repeat","background-position":"center center","background-size":"auto","background-attachment":"scroll","background-type":"","background-media":"","overlay-type":"","overlay-color":"","overlay-opacity":"","overlay-gradient":""}}},"product_brand":[],"product_cat":[2050,1940,1990],"product_tag":[],"class_list":{"0":"post-25336","1":"product","2":"type-product","3":"status-publish","4":"has-post-thumbnail","6":"product_cat-digestion-fr","7":"product_cat-huiles-essentielles","8":"product_cat-immunite","9":"desktop-align-left","10":"tablet-align-left","11":"mobile-align-left","13":"first","14":"instock","15":"taxable","16":"shipping-taxable","17":"purchasable","18":"product-type-simple"},"_links":{"self":[{"href":"https:\/\/mamaterra.lt\/fr\/wp-json\/wp\/v2\/product\/25336","targetHints":{"allow":["GET"]}}],"collection":[{"href":"https:\/\/mamaterra.lt\/fr\/wp-json\/wp\/v2\/product"}],"about":[{"href":"https:\/\/mamaterra.lt\/fr\/wp-json\/wp\/v2\/types\/product"}],"wp:featuredmedia":[{"embeddable":true,"href":"https:\/\/mamaterra.lt\/fr\/wp-json\/wp\/v2\/media\/25330"}],"wp:attachment":[{"href":"https:\/\/mamaterra.lt\/fr\/wp-json\/wp\/v2\/media?parent=25336"}],"wp:term":[{"taxonomy":"product_brand","embeddable":true,"href":"https:\/\/mamaterra.lt\/fr\/wp-json\/wp\/v2\/product_brand?post=25336"},{"taxonomy":"product_cat","embeddable":true,"href":"https:\/\/mamaterra.lt\/fr\/wp-json\/wp\/v2\/product_cat?post=25336"},{"taxonomy":"product_tag","embeddable":true,"href":"https:\/\/mamaterra.lt\/fr\/wp-json\/wp\/v2\/product_tag?post=25336"}],"curies":[{"name":"wp","href":"https:\/\/api.w.org\/{rel}","templated":true}]}}