{"id":25298,"date":"2021-04-18T17:37:27","date_gmt":"2021-04-18T16:37:27","guid":{"rendered":"https:\/\/mamaterra.lt\/parduotuve\/non%20class\u00e9\/doterra-serenity-raminamasis-eteriniu-alieju-misinys-15ml\/"},"modified":"2025-02-28T19:51:00","modified_gmt":"2025-02-28T18:51:00","slug":"doterra-serenity-melange-dhuiles-essentielles-apaisant-15ml","status":"publish","type":"product","link":"https:\/\/mamaterra.lt\/fr\/parduotuve\/huiles-essentielles\/melanges-dhuiles-essentielles\/doterra-serenity-melange-dhuiles-essentielles-apaisant-15ml\/","title":{"rendered":"doTERRA SERENITY M\u00e9lange d&rsquo;huiles essentielles apaisant 15ml"},"content":{"rendered":"<p><strong>doTERRA SERENITY\u2122<\/strong><\/p>\n<p>doTERRA Serenity est un m\u00e9lange d&rsquo;huiles essentielles apaisantes qui vous aide \u00e0 oublier vos soucis et \u00e0 vous d\u00e9tendre. Ce m\u00e9lange calmant vous plongera imm\u00e9diatement dans un \u00e9tat de relaxation bienheureux.<\/p>\n<p>Apaise les sens<br \/>\nAide \u00e0 soulager les tensions<br \/>\nAide \u00e0 cr\u00e9er une atmosph\u00e8re relaxante<\/p>\n<p>doTERRA SERENITY\u2122 M\u00e9lange d&rsquo;huiles essentielles apaisantes Ingr\u00e9dients :<\/p>\n<p>Lavande, bois de c\u00e8dre, ylang-ylang, marjolaine, camomille romaine, v\u00e9tiver, absolu de vanille, bois de santal hawa\u00efen.<\/p>\n<p>Appliquez une ou deux gouttes dans la paume de vos mains et inhalez plusieurs fois par jour pour soulager le stress quotidien.<br \/>\nVaporiser le soir pour aider \u00e0 calmer un b\u00e9b\u00e9 ou un enfant agit\u00e9.<br \/>\nAppliquez sur la plante des pieds au coucher pour vous aider \u00e0 vous d\u00e9tendre.<br \/>\nUtiliser en combinaison avec les g\u00e9lules doTERRA Serenity Restful Complex pour maximiser l&rsquo;effet.<br \/>\nAjoutez deux ou trois gouttes aux sels d&rsquo;Epsom pour un bain relaxant et rafra\u00eechissant.<br \/>\nAppliquez deux ou trois gouttes sur la nuque ou le c\u0153ur pour un sentiment de calme.<\/p>\n<p><iframe title=\"d\u014dTERRA SERENITY \ud83c\udf1cTop 4 uses for Serenity restful oil blend\" src=\"https:\/\/www.youtube.com\/embed\/6YqnbFB6wHs\" width=\"853\" height=\"480\" frameborder=\"0\" allowfullscreen=\"allowfullscreen\"><\/iframe><\/p>\n","protected":false},"excerpt":{"rendered":"<ul>\n<li>Apaise les sens<\/li>\n<li>Aide \u00e0 soulager les tensions<\/li>\n<li>Aide \u00e0 cr\u00e9er une atmosph\u00e8re relaxante<\/li>\n<\/ul>\n","protected":false},"featured_media":25299,"template":"","meta":{"site-sidebar-layout":"default","site-content-layout":"default","ast-site-content-layout":"default","site-content-style":"default","site-sidebar-style":"default","ast-global-header-display":"","ast-banner-title-visibility":"","ast-main-header-display":"","ast-hfb-above-header-display":"","ast-hfb-below-header-display":"","ast-hfb-mobile-header-display":"","site-post-title":"","ast-breadcrumbs-content":"","ast-featured-img":"","footer-sml-layout":"","ast-disable-related-posts":"","theme-transparent-header-meta":"default","adv-header-id-meta":"","stick-header-meta":"","header-above-stick-meta":"","header-main-stick-meta":"","header-below-stick-meta":"","astra-migrate-meta-layouts":"set","ast-page-background-enabled":"default","ast-page-background-meta":{"desktop":{"background-color":"","background-image":"","background-repeat":"repeat","background-position":"center center","background-size":"auto","background-attachment":"scroll","background-type":"","background-media":"","overlay-type":"","overlay-color":"","overlay-opacity":"","overlay-gradient":""},"tablet":{"background-color":"","background-image":"","background-repeat":"repeat","background-position":"center center","background-size":"auto","background-attachment":"scroll","background-type":"","background-media":"","overlay-type":"","overlay-color":"","overlay-opacity":"","overlay-gradient":""},"mobile":{"background-color":"","background-image":"","background-repeat":"repeat","background-position":"center center","background-size":"auto","background-attachment":"scroll","background-type":"","background-media":"","overlay-type":"","overlay-color":"","overlay-opacity":"","overlay-gradient":""}},"ast-content-background-meta":{"desktop":{"background-color":"var(--ast-global-color-5)","background-image":"","background-repeat":"repeat","background-position":"center center","background-size":"auto","background-attachment":"scroll","background-type":"","background-media":"","overlay-type":"","overlay-color":"","overlay-opacity":"","overlay-gradient":""},"tablet":{"background-color":"var(--ast-global-color-5)","background-image":"","background-repeat":"repeat","background-position":"center center","background-size":"auto","background-attachment":"scroll","background-type":"","background-media":"","overlay-type":"","overlay-color":"","overlay-opacity":"","overlay-gradient":""},"mobile":{"background-color":"var(--ast-global-color-5)","background-image":"","background-repeat":"repeat","background-position":"center center","background-size":"auto","background-attachment":"scroll","background-type":"","background-media":"","overlay-type":"","overlay-color":"","overlay-opacity":"","overlay-gradient":""}}},"product_brand":[],"product_cat":[2005,1940,2040,1945,2045],"product_tag":[2094,3237,3292,3062],"class_list":{"0":"post-25298","1":"product","2":"type-product","3":"status-publish","4":"has-post-thumbnail","6":"product_cat-dormir-fr","7":"product_cat-huiles-essentielles","8":"product_cat-la-gestion-du-stress","9":"product_cat-melanges-dhuiles-essentielles","10":"product_cat-pour-les-enfants","11":"product_tag-15-ml-fr","12":"product_tag-melanges-dhuiles-essentielles","13":"product_tag-populaire","14":"product_tag-serenity-fr","15":"desktop-align-left","16":"tablet-align-left","17":"mobile-align-left","19":"first","20":"instock","21":"sale","22":"featured","23":"taxable","24":"shipping-taxable","25":"purchasable","26":"product-type-simple"},"_links":{"self":[{"href":"https:\/\/mamaterra.lt\/fr\/wp-json\/wp\/v2\/product\/25298","targetHints":{"allow":["GET"]}}],"collection":[{"href":"https:\/\/mamaterra.lt\/fr\/wp-json\/wp\/v2\/product"}],"about":[{"href":"https:\/\/mamaterra.lt\/fr\/wp-json\/wp\/v2\/types\/product"}],"wp:featuredmedia":[{"embeddable":true,"href":"https:\/\/mamaterra.lt\/fr\/wp-json\/wp\/v2\/media\/25299"}],"wp:attachment":[{"href":"https:\/\/mamaterra.lt\/fr\/wp-json\/wp\/v2\/media?parent=25298"}],"wp:term":[{"taxonomy":"product_brand","embeddable":true,"href":"https:\/\/mamaterra.lt\/fr\/wp-json\/wp\/v2\/product_brand?post=25298"},{"taxonomy":"product_cat","embeddable":true,"href":"https:\/\/mamaterra.lt\/fr\/wp-json\/wp\/v2\/product_cat?post=25298"},{"taxonomy":"product_tag","embeddable":true,"href":"https:\/\/mamaterra.lt\/fr\/wp-json\/wp\/v2\/product_tag?post=25298"}],"curies":[{"name":"wp","href":"https:\/\/api.w.org\/{rel}","templated":true}]}}