{"id":25206,"date":"2025-02-09T17:18:59","date_gmt":"2025-02-09T16:18:59","guid":{"rendered":"https:\/\/mamaterra.lt\/?post_type=product&#038;p=25206"},"modified":"2025-02-09T17:28:19","modified_gmt":"2025-02-09T16:28:19","slug":"citrus-bloom-touch","status":"publish","type":"product","link":"https:\/\/mamaterra.lt\/fr\/parduotuve\/huiles-essentielles\/citrus-bloom-touch\/","title":{"rendered":"Citrus bloom touch"},"content":{"rendered":"<p>Le m\u00e9lange d&rsquo;huiles essentielles Citrus Bloom\u2122 \u00e9voque les souvenirs du printemps dans une fusion magnifiquement \u00e9labor\u00e9e d&rsquo;agrumes brillants et de fleurs parfum\u00e9es. Les huiles essentielles d&rsquo;orange sauvage et de pamplemousse apportent des notes aromatiques ensoleill\u00e9es et sucr\u00e9es \u00e0 Citrus Bloom, tandis que les ar\u00f4mes fleuris des huiles de lavande, de camomille romaine et de magnolia ajoutent un parfum floral plus doux. Le m\u00e9lange offre un ar\u00f4me positif et joyeux qui peut \u00eatre diffus\u00e9, port\u00e9 sur la peau pour un parfum magnifique, ou incorpor\u00e9 dans une soir\u00e9e luxueuse o\u00f9 l&rsquo;on se dorlote.<\/p>\n<p>Les huiles essentielles<br \/>\nL&rsquo;huile d&rsquo;orange sauvage est connue pour son ar\u00f4me doux et vif. Comme les autres huiles d&rsquo;agrumes, elle nettoie efficacement les surfaces.<br \/>\nL&rsquo;huile de pamplemousse est connue pour son parfum vif et p\u00e9tillant, et est fr\u00e9quemment utilis\u00e9e dans les soins de la peau en raison de ses propri\u00e9t\u00e9s nettoyantes topiques.<br \/>\nL&rsquo;ar\u00f4me floral de l&rsquo;huile de lavande est unique et appr\u00e9ci\u00e9. Elle est \u00e9galement apaisante pour la peau.<br \/>\nLa camomille romaine et le magnolia sont des ar\u00f4mes d\u00e9cadents et apaisants que l&rsquo;on trouve couramment dans les parfums. Les huiles essentielles de camomille romaine et de magnolia ont des ar\u00f4mes qui aident \u00e0 cr\u00e9er des environnements calmes.<\/p>\n<p>&nbsp;<\/p>\n","protected":false},"excerpt":{"rendered":"<p>Le m\u00e9lange \u00ab Citrus Bloom \u00bb offre un ar\u00f4me positif et joyeux qui peut \u00eatre diffus\u00e9, port\u00e9 sur la peau pour un parfum magnifique, ou incorpor\u00e9 dans une soir\u00e9e luxueuse de chouchoutage de soi.<\/p>\n","protected":false},"featured_media":25213,"template":"","meta":{"site-sidebar-layout":"default","site-content-layout":"","ast-site-content-layout":"default","site-content-style":"default","site-sidebar-style":"default","ast-global-header-display":"","ast-banner-title-visibility":"","ast-main-header-display":"","ast-hfb-above-header-display":"","ast-hfb-below-header-display":"","ast-hfb-mobile-header-display":"","site-post-title":"","ast-breadcrumbs-content":"","ast-featured-img":"","footer-sml-layout":"","ast-disable-related-posts":"","theme-transparent-header-meta":"default","adv-header-id-meta":"","stick-header-meta":"","header-above-stick-meta":"","header-main-stick-meta":"","header-below-stick-meta":"","astra-migrate-meta-layouts":"set","ast-page-background-enabled":"default","ast-page-background-meta":{"desktop":{"background-color":"","background-image":"","background-repeat":"repeat","background-position":"center center","background-size":"auto","background-attachment":"scroll","background-type":"","background-media":"","overlay-type":"","overlay-color":"","overlay-opacity":"","overlay-gradient":""},"tablet":{"background-color":"","background-image":"","background-repeat":"repeat","background-position":"center center","background-size":"auto","background-attachment":"scroll","background-type":"","background-media":"","overlay-type":"","overlay-color":"","overlay-opacity":"","overlay-gradient":""},"mobile":{"background-color":"","background-image":"","background-repeat":"repeat","background-position":"center center","background-size":"auto","background-attachment":"scroll","background-type":"","background-media":"","overlay-type":"","overlay-color":"","overlay-opacity":"","overlay-gradient":""}},"ast-content-background-meta":{"desktop":{"background-color":"var(--ast-global-color-5)","background-image":"","background-repeat":"repeat","background-position":"center center","background-size":"auto","background-attachment":"scroll","background-type":"","background-media":"","overlay-type":"","overlay-color":"","overlay-opacity":"","overlay-gradient":""},"tablet":{"background-color":"var(--ast-global-color-5)","background-image":"","background-repeat":"repeat","background-position":"center center","background-size":"auto","background-attachment":"scroll","background-type":"","background-media":"","overlay-type":"","overlay-color":"","overlay-opacity":"","overlay-gradient":""},"mobile":{"background-color":"var(--ast-global-color-5)","background-image":"","background-repeat":"repeat","background-position":"center center","background-size":"auto","background-attachment":"scroll","background-type":"","background-media":"","overlay-type":"","overlay-color":"","overlay-opacity":"","overlay-gradient":""}}},"product_brand":[],"product_cat":[1940],"product_tag":[],"class_list":{"0":"post-25206","1":"product","2":"type-product","3":"status-publish","4":"has-post-thumbnail","6":"product_cat-huiles-essentielles","7":"desktop-align-left","8":"tablet-align-left","9":"mobile-align-left","11":"first","12":"outofstock","13":"taxable","14":"shipping-taxable","15":"purchasable","16":"product-type-simple"},"_links":{"self":[{"href":"https:\/\/mamaterra.lt\/fr\/wp-json\/wp\/v2\/product\/25206","targetHints":{"allow":["GET"]}}],"collection":[{"href":"https:\/\/mamaterra.lt\/fr\/wp-json\/wp\/v2\/product"}],"about":[{"href":"https:\/\/mamaterra.lt\/fr\/wp-json\/wp\/v2\/types\/product"}],"wp:featuredmedia":[{"embeddable":true,"href":"https:\/\/mamaterra.lt\/fr\/wp-json\/wp\/v2\/media\/25213"}],"wp:attachment":[{"href":"https:\/\/mamaterra.lt\/fr\/wp-json\/wp\/v2\/media?parent=25206"}],"wp:term":[{"taxonomy":"product_brand","embeddable":true,"href":"https:\/\/mamaterra.lt\/fr\/wp-json\/wp\/v2\/product_brand?post=25206"},{"taxonomy":"product_cat","embeddable":true,"href":"https:\/\/mamaterra.lt\/fr\/wp-json\/wp\/v2\/product_cat?post=25206"},{"taxonomy":"product_tag","embeddable":true,"href":"https:\/\/mamaterra.lt\/fr\/wp-json\/wp\/v2\/product_tag?post=25206"}],"curies":[{"name":"wp","href":"https:\/\/api.w.org\/{rel}","templated":true}]}}