{"id":24948,"date":"2025-01-04T18:41:11","date_gmt":"2025-01-04T17:41:11","guid":{"rendered":"https:\/\/mamaterra.lt\/parduotuve\/non%20class\u00e9\/doterra-yarrow-pom-paakiu-kaukes-yarrowpom-revitalizing-eye-mask\/"},"modified":"2025-01-04T18:56:11","modified_gmt":"2025-01-04T17:56:11","slug":"doterra-masque-revitalisant-pour-les-yeux","status":"publish","type":"product","link":"https:\/\/mamaterra.lt\/fr\/parduotuve\/hygiene-et-soins-de-la-peau\/doterra-soleil-fr\/doterra-masque-revitalisant-pour-les-yeux\/","title":{"rendered":"doTERRA Masque revitalisant pour les yeux"},"content":{"rendered":"<h6>doTERRA Masque revitalisant pour les yeux (8 paires)<\/h6>\n<p>&nbsp;<\/p>\n<p>Le masque pour les yeux \u00e0 l&rsquo;achill\u00e9e millefeuille est un nouveau produit de soin sp\u00e9cialement con\u00e7u pour le contour des yeux, qui apporte des bienfaits cibl\u00e9s pour lisser et raffermir la peau. Un autre avantage de ce produit est qu&rsquo;il aide \u00e0 r\u00e9duire les rides et ridules. Il contient \u00e9galement de nombreux compos\u00e9s bioactifs puissants et est infus\u00e9 avec les bienfaits de l&rsquo;achill\u00e9e millefeuille.<br \/>\nJe tiens \u00e9galement \u00e0 souligner que ce masque est \u00e9galement infus\u00e9 d&rsquo;Argireline\u00ae. Il s&rsquo;agit d&rsquo;un peptide unique connu pour ses r\u00e9sultats \u00e9tonnants, d&rsquo;apr\u00e8s les recherches pr\u00e9cliniques effectu\u00e9es \u00e0 ce sujet. Il contient \u00e9galement de la caf\u00e9ine, qui aide \u00e0 r\u00e9duire les poches et les cernes. Il contient \u00e9galement de l&rsquo;extrait de rose, qui contribue \u00e0 augmenter l&rsquo;\u00e9lasticit\u00e9 de la peau.<\/p>\n<p>L&rsquo;argireline &#8211; et c&rsquo;est vraiment g\u00e9nial &#8211; est un moyen naturel d&rsquo;envoyer des messages \u00e0 la peau pour l&rsquo;aider \u00e0 para\u00eetre plus jeune, \u00e0 agir plus jeune et \u00e0 r\u00e9duire les rides et ridules. Nous adorons donc cet ingr\u00e9dient.<\/p>\n","protected":false},"excerpt":{"rendered":"<p>Le masque pour les yeux \u00e0 l&rsquo;achill\u00e9e millefeuille est un nouveau produit de soin sp\u00e9cialement con\u00e7u pour le contour des yeux, qui apporte des bienfaits cibl\u00e9s pour lisser et raffermir la peau. Un autre avantage de ce produit est qu&rsquo;il aide \u00e0 r\u00e9duire les rides et ridules<\/p>\n","protected":false},"featured_media":24942,"template":"","meta":{"site-sidebar-layout":"default","site-content-layout":"","ast-site-content-layout":"default","site-content-style":"default","site-sidebar-style":"default","ast-global-header-display":"","ast-banner-title-visibility":"","ast-main-header-display":"","ast-hfb-above-header-display":"","ast-hfb-below-header-display":"","ast-hfb-mobile-header-display":"","site-post-title":"","ast-breadcrumbs-content":"","ast-featured-img":"","footer-sml-layout":"","ast-disable-related-posts":"","theme-transparent-header-meta":"default","adv-header-id-meta":"","stick-header-meta":"","header-above-stick-meta":"","header-main-stick-meta":"","header-below-stick-meta":"","astra-migrate-meta-layouts":"set","ast-page-background-enabled":"default","ast-page-background-meta":{"desktop":{"background-color":"","background-image":"","background-repeat":"repeat","background-position":"center center","background-size":"auto","background-attachment":"scroll","background-type":"","background-media":"","overlay-type":"","overlay-color":"","overlay-opacity":"","overlay-gradient":""},"tablet":{"background-color":"","background-image":"","background-repeat":"repeat","background-position":"center center","background-size":"auto","background-attachment":"scroll","background-type":"","background-media":"","overlay-type":"","overlay-color":"","overlay-opacity":"","overlay-gradient":""},"mobile":{"background-color":"","background-image":"","background-repeat":"repeat","background-position":"center center","background-size":"auto","background-attachment":"scroll","background-type":"","background-media":"","overlay-type":"","overlay-color":"","overlay-opacity":"","overlay-gradient":""}},"ast-content-background-meta":{"desktop":{"background-color":"var(--ast-global-color-5)","background-image":"","background-repeat":"repeat","background-position":"center center","background-size":"auto","background-attachment":"scroll","background-type":"","background-media":"","overlay-type":"","overlay-color":"","overlay-opacity":"","overlay-gradient":""},"tablet":{"background-color":"var(--ast-global-color-5)","background-image":"","background-repeat":"repeat","background-position":"center center","background-size":"auto","background-attachment":"scroll","background-type":"","background-media":"","overlay-type":"","overlay-color":"","overlay-opacity":"","overlay-gradient":""},"mobile":{"background-color":"var(--ast-global-color-5)","background-image":"","background-repeat":"repeat","background-position":"center center","background-size":"auto","background-attachment":"scroll","background-type":"","background-media":"","overlay-type":"","overlay-color":"","overlay-opacity":"","overlay-gradient":""}}},"product_brand":[],"product_cat":[1923,1930,3580,3579,1960,2010],"product_tag":[],"class_list":{"0":"post-24948","1":"product","2":"type-product","3":"status-publish","4":"has-post-thumbnail","6":"product_cat-cadeaux","7":"product_cat-cadeaux-pour-femmes","8":"product_cat-doterra-saules-linija-fr","9":"product_cat-doterra-soleil-fr","10":"product_cat-hygiene-et-soins-de-la-peau","11":"product_cat-pour-femme","12":"desktop-align-left","13":"tablet-align-left","14":"mobile-align-left","16":"first","17":"instock","18":"taxable","19":"shipping-taxable","20":"purchasable","21":"product-type-simple"},"_links":{"self":[{"href":"https:\/\/mamaterra.lt\/fr\/wp-json\/wp\/v2\/product\/24948","targetHints":{"allow":["GET"]}}],"collection":[{"href":"https:\/\/mamaterra.lt\/fr\/wp-json\/wp\/v2\/product"}],"about":[{"href":"https:\/\/mamaterra.lt\/fr\/wp-json\/wp\/v2\/types\/product"}],"wp:featuredmedia":[{"embeddable":true,"href":"https:\/\/mamaterra.lt\/fr\/wp-json\/wp\/v2\/media\/24942"}],"wp:attachment":[{"href":"https:\/\/mamaterra.lt\/fr\/wp-json\/wp\/v2\/media?parent=24948"}],"wp:term":[{"taxonomy":"product_brand","embeddable":true,"href":"https:\/\/mamaterra.lt\/fr\/wp-json\/wp\/v2\/product_brand?post=24948"},{"taxonomy":"product_cat","embeddable":true,"href":"https:\/\/mamaterra.lt\/fr\/wp-json\/wp\/v2\/product_cat?post=24948"},{"taxonomy":"product_tag","embeddable":true,"href":"https:\/\/mamaterra.lt\/fr\/wp-json\/wp\/v2\/product_tag?post=24948"}],"curies":[{"name":"wp","href":"https:\/\/api.w.org\/{rel}","templated":true}]}}