{"id":24928,"date":"2025-01-04T17:42:50","date_gmt":"2025-01-04T16:42:50","guid":{"rendered":"https:\/\/mamaterra.lt\/parduotuve\/non%20class\u00e9\/tropical-cuisine-blend\/"},"modified":"2025-01-04T17:53:57","modified_gmt":"2025-01-04T16:53:57","slug":"tropical-cuisine-blend","status":"publish","type":"product","link":"https:\/\/mamaterra.lt\/fr\/parduotuve\/huiles-essentielles\/melanges-dhuiles-essentielles\/tropical-cuisine-blend\/","title":{"rendered":"Tropical cuisine blend"},"content":{"rendered":"<h6>Tropical cuisine blend 15 ml<\/h6>\n<p>&nbsp;<\/p>\n<p>R\u00eavez &#8211; laissez-vous emporter sur une belle plage chaude avec une mer claire et azur\u00e9e. Appr\u00e9ciez les images, les sons et les odeurs d&rsquo;une \u00eele paradisiaque. Laissez le m\u00e9lange Cuisine tropicale vous y emmener.<br \/>\nNous avons infus\u00e9 de l&rsquo;huile de coco aromatique avec des huiles essentielles tropicales inspirantes : CPTG\u00ae Orange sauvage, Citron, Lime, Pamplemousse, Mandarine verte, Bergamote, Yuzu, et Ylang Ylang pour un go\u00fbt et une odeur s\u00e9duisants.<br \/>\npour un go\u00fbt et une odeur s\u00e9duisants.<\/p>\n<p>Parfait pour les marinades, les sauces, les smoothies ou vos boissons tropicales pr\u00e9f\u00e9r\u00e9es.<\/p>\n","protected":false},"excerpt":{"rendered":"<ul>\n<li>Obtenez la saveur d\u00e9licieuse que vous voulez, en commen\u00e7ant par une \u00e0 deux<br \/>\ngouttes selon votre go\u00fbt<\/li>\n<li>\u00a0Ajoutez quelques gouttes dans les boissons et les smoothies pour une tropicale unique<\/li>\n<li>\u00a0Cr\u00e9er une marinade ou une sauce sp\u00e9ciale<\/li>\n<li>Utiliser dans une vinaigrette maison<\/li>\n<li>\u00a0Inclure apr\u00e8s la cuisson pour de meilleurs r\u00e9sultats<\/li>\n<\/ul>\n","protected":false},"featured_media":24922,"template":"","meta":{"site-sidebar-layout":"default","site-content-layout":"","ast-site-content-layout":"default","site-content-style":"default","site-sidebar-style":"default","ast-global-header-display":"","ast-banner-title-visibility":"","ast-main-header-display":"","ast-hfb-above-header-display":"","ast-hfb-below-header-display":"","ast-hfb-mobile-header-display":"","site-post-title":"","ast-breadcrumbs-content":"","ast-featured-img":"","footer-sml-layout":"","ast-disable-related-posts":"","theme-transparent-header-meta":"default","adv-header-id-meta":"","stick-header-meta":"","header-above-stick-meta":"","header-main-stick-meta":"","header-below-stick-meta":"","astra-migrate-meta-layouts":"set","ast-page-background-enabled":"default","ast-page-background-meta":{"desktop":{"background-color":"","background-image":"","background-repeat":"repeat","background-position":"center center","background-size":"auto","background-attachment":"scroll","background-type":"","background-media":"","overlay-type":"","overlay-color":"","overlay-opacity":"","overlay-gradient":""},"tablet":{"background-color":"","background-image":"","background-repeat":"repeat","background-position":"center center","background-size":"auto","background-attachment":"scroll","background-type":"","background-media":"","overlay-type":"","overlay-color":"","overlay-opacity":"","overlay-gradient":""},"mobile":{"background-color":"","background-image":"","background-repeat":"repeat","background-position":"center center","background-size":"auto","background-attachment":"scroll","background-type":"","background-media":"","overlay-type":"","overlay-color":"","overlay-opacity":"","overlay-gradient":""}},"ast-content-background-meta":{"desktop":{"background-color":"var(--ast-global-color-5)","background-image":"","background-repeat":"repeat","background-position":"center center","background-size":"auto","background-attachment":"scroll","background-type":"","background-media":"","overlay-type":"","overlay-color":"","overlay-opacity":"","overlay-gradient":""},"tablet":{"background-color":"var(--ast-global-color-5)","background-image":"","background-repeat":"repeat","background-position":"center center","background-size":"auto","background-attachment":"scroll","background-type":"","background-media":"","overlay-type":"","overlay-color":"","overlay-opacity":"","overlay-gradient":""},"mobile":{"background-color":"var(--ast-global-color-5)","background-image":"","background-repeat":"repeat","background-position":"center center","background-size":"auto","background-attachment":"scroll","background-type":"","background-media":"","overlay-type":"","overlay-color":"","overlay-opacity":"","overlay-gradient":""}}},"product_brand":[],"product_cat":[1940,1945],"product_tag":[],"class_list":{"0":"post-24928","1":"product","2":"type-product","3":"status-publish","4":"has-post-thumbnail","6":"product_cat-huiles-essentielles","7":"product_cat-melanges-dhuiles-essentielles","8":"desktop-align-left","9":"tablet-align-left","10":"mobile-align-left","12":"first","13":"instock","14":"taxable","15":"shipping-taxable","16":"purchasable","17":"product-type-simple"},"_links":{"self":[{"href":"https:\/\/mamaterra.lt\/fr\/wp-json\/wp\/v2\/product\/24928","targetHints":{"allow":["GET"]}}],"collection":[{"href":"https:\/\/mamaterra.lt\/fr\/wp-json\/wp\/v2\/product"}],"about":[{"href":"https:\/\/mamaterra.lt\/fr\/wp-json\/wp\/v2\/types\/product"}],"wp:featuredmedia":[{"embeddable":true,"href":"https:\/\/mamaterra.lt\/fr\/wp-json\/wp\/v2\/media\/24922"}],"wp:attachment":[{"href":"https:\/\/mamaterra.lt\/fr\/wp-json\/wp\/v2\/media?parent=24928"}],"wp:term":[{"taxonomy":"product_brand","embeddable":true,"href":"https:\/\/mamaterra.lt\/fr\/wp-json\/wp\/v2\/product_brand?post=24928"},{"taxonomy":"product_cat","embeddable":true,"href":"https:\/\/mamaterra.lt\/fr\/wp-json\/wp\/v2\/product_cat?post=24928"},{"taxonomy":"product_tag","embeddable":true,"href":"https:\/\/mamaterra.lt\/fr\/wp-json\/wp\/v2\/product_tag?post=24928"}],"curies":[{"name":"wp","href":"https:\/\/api.w.org\/{rel}","templated":true}]}}